{"id":10027,"date":"2021-10-07T12:17:31","date_gmt":"2021-10-07T09:17:31","guid":{"rendered":"https:\/\/www.pernova.ee\/huvikool\/?page_id=10027"},"modified":"2022-04-05T11:15:09","modified_gmt":"2022-04-05T08:15:09","slug":"roheline-kool","status":"publish","type":"page","link":"https:\/\/www.pernova.ee\/huvikool\/roheline-kool\/","title":{"rendered":"Roheline kool"},"content":{"rendered":"\t\t<div data-elementor-type=\"wp-page\" data-elementor-id=\"10027\" class=\"elementor elementor-10027\" data-elementor-post-type=\"page\">\n\t\t\t\t\t\t<section class=\" elementor-section elementor-top-section elementor-element elementor-element-1a57b369 elementor-section-boxed elementor-section-height-default elementor-section-height-default smart-sticky-default\" data-id=\"1a57b369\" data-element_type=\"section\" data-e-type=\"section\">\r\n\t\t\t\t\t\t\t\t<div class=\"elementor-container elementor-column-gap-default\">\r\n\t\t\t\t\r\n\t\t\t\t\t\t\t\t<div class=\" elementor-column elementor-col-50 elementor-top-column elementor-element elementor-element-cf04f12 \" data-id=\"cf04f12\" data-element_type=\"column\" data-e-type=\"column\">\r\n\r\n\t\t\t\t\r\n\t\t\t\t<div class=\"elementor-widget-wrap elementor-element-populated\">\r\n\t\t\t\t\t\t\t\t\t\t\r\n\t\t\t\t\t\t<div class=\"elementor-element elementor-element-8de559d elementor-widget elementor-widget-text-editor\" data-id=\"8de559d\" data-element_type=\"widget\" data-e-type=\"widget\" data-widget_type=\"text-editor.default\">\n\t\t\t\t<div class=\"elementor-widget-container\">\n\t\t\t\t\t\t\t\t\t<p><\/p>\n\n<figure class=\"wp-block-image size-full\"><a href=\"https:\/\/www.tartuloodusmaja.ee\/roheline-kool\/\" target=\"_blank\" rel=\"noopener\"><img decoding=\"async\" class=\"alignleft wp-image-10102\" src=\"https:\/\/www.pernova.ee\/huvikool\/wp-content\/uploads\/2021\/10\/roheline_kool_logo_est.png\" alt=\"\" width=\"176\" height=\"220\" \/><\/a><\/figure>\n<p>S\u00fcgisel 2021 liitus Pernova Hariduskeskus rahvusvahelise haridusprogrammiga \u201cRoheline kool\u201d, mille sisuks on \u00f5pilaste ja kogukonna kaasamine keskkonnateemalistesse aruteludesse ning tegevustesse. <br \/><a href=\"https:\/\/www.tartuloodusmaja.ee\/roheline-kool\/\" target=\"_blank\" rel=\"noopener\"><strong>Roheline kool<\/strong><\/a> on tuntuim \u00fclemaailmne haridusasutustele m\u00f5eldud keskkonnaharidusprogramm, mille ingliskeelseks nimeks on Eco-Schools Global. Eestis koordineerib programmi tegevusi Tartu loodusmaja.<br \/>Programmi eesm\u00e4rgiks on keskkonnahoidlike tegevuste rakendamine \u00f5ppeasutuse igap\u00e4evaelus ning vastutustundlike, keskkonda v\u00e4\u00e4rtustavate hoiakute kujundamine k\u00f5igi kooliga seotud inimeste seas.<\/p>\n<p>Programmi fookuses on lapsed ja noored, sest just nemad on meediast, sotsiaalmeediast ja seal levivast valeinfost k\u00f5ige rohkem m\u00f5jutatavad. Keskkonnateemadega kursis olevad noored oskavad tulevikus teha oma elus teadlikumaid valikuid ning \u00fchiskondlikes aruteludes kaasa r\u00e4\u00e4kida. <br \/>Rohelise kooli eesm\u00e4rgid sobivad h\u00e4sti kokku Pernova Hariduskeskuse sihtidega, milleks on muuhulgas \u00f5pilaste iseseisvuse, omaalgatuse ning loodus- ja keskkonnas\u00e4\u00e4stlikku m\u00f5tte- ja eluviisi kujundamine.<\/p>\n<p>Rohelise kooliga seoses on sel aastal hariduskeskuse k\u00f5igis kolmes majas fookusteemaks pr\u00fcgimajandus: soovime j\u00e4\u00e4tmeteket v\u00e4hendada, pr\u00fcgi liigiti koguda ning seda rohkem taaskasutusse suunata.<br \/>Tehnika- ja motomajas keskendutakse lisaks tervise- ja heaoluteemadele, tehnika- ja loodusmajas v\u00f5etakse fookusesse elurikkus ja loodus ning loodusmajas \u00f5ueala. <br \/>Plaanis on neil teemadel korraldada huviringide \u00f5pilastele \u00fchiseid seminare ja t\u00f6\u00f6tubasid, kus praktiliste t\u00f6\u00f6de v\u00f5i r\u00fchmaarutelude k\u00e4igus t\u00f6\u00f6tatakse v\u00e4lja Pernova hariduskeskuse keskkonnap\u00f5him\u00f5tted. \u00d5pilased saavad teadmisi j\u00e4\u00e4tmek\u00e4itlusest, loodus- ja maavaradest, tervislikust toidust, liikumisest, elurikkusest l\u00e4bi mere ja rannaniidu \u00f6kos\u00fcsteemide jne. Praktiliste tegevustena saavad \u00f5pilased kevadel loodusmaja juurde rajada oma peenraid, ehitada putukahotelli, osaleda tiigi ja ranna koristustalgutel jne.<br \/>Kaasame oma programmidesse ja \u00fcritustesse v\u00f5imalikult palju linnarahvast, et loodust s\u00e4\u00e4stvaid v\u00e4\u00e4rtusi kogukonnas levitada.<\/p>\n<p>Kevadeks 2022 loodame saada programmi rohelise lipu tiitli, mis n\u00e4itab, et \u00f5ppeasutus on teinud keskkonna\u00fclevaatuse, koostanud tegevuskava erinevate valdkondade parendamiseks ning tegeleb aktiivselt nende eesm\u00e4rkide suunas liikumisega.<\/p>\n<p>Teise p\u00f5neva algatusena soovib Pernova Hariduskeskus sel aastal liituda <b>UNESCO \u00fchendkoolide v\u00f5rgustikuga<\/b> (UNESCO Associated Schools Network). Tegu on samuti rahvusvahelise, 1953. aastast alanud programmiga, kuhu kuuluvad koolid (\u00fcle 11 000 \u00f5ppeasutuse 181 riigist) l\u00e4htuvad UNESCO ja \u00dcRO p\u00f5hikirja kesksetest v\u00e4\u00e4rtustest ja p\u00f5him\u00f5tetest.<\/p>\n<p>\u00dchendkoolid annavad oma tegevuste kaudu hoogu parema ja j\u00e4tkusuutlikuma maailma loomisele, viivad ellu uuenduslikke pilootprojekte ning panustavad kestlikku arengut ja maailmakodanikuks kasvamist toetavasse haridusse.<\/p>\n<p>Eesti UNESCO \u00fchendkoolide v\u00f5rgustiku t\u00f6\u00f6d koordineerib MT\u00dc Mondo koost\u00f6\u00f6s SA Tartu Keskkonnahariduse Keskusega.<\/p>\n<p>Pernova Hariduskeskusesse toob v\u00f5rgustikuga liitumine kaasa mitmeid uusi koolitusi ja ettev\u00f5tmisi huviringide \u00f5pilastele ja \u00f5petajatele. Sel \u00f5ppeaastal on fookuses Maa \u00f6kos\u00fcsteemi, ookeani ja mereressursside ning s\u00e4\u00e4stva tootmise ja tarbimise teemad &#8211; n\u00e4iteks osaleme kevadvaatluste programmis , mis keskendub j\u00f5e, mere ja ranniku \u00f6kos\u00fcsteemide heaolu uurimisele. Kestliku arengu eesm\u00e4rkidega On v\u00f5imalus tutvuda siin &#8211; <a href=\"https:\/\/maailmakool.ee\/kae\/\" target=\"_blank\" rel=\"noopener\">KAE<\/a><\/p>\n<p><\/p>\t\t\t\t\t\t\t\t<\/div>\n\t\t\t\t<\/div>\n\t\t\t\t\t\t<\/div>\r\n\t\t\t\t<\/div>\r\n\t\t\t\t\t\t\t\t\t<div class=\" elementor-column elementor-col-50 elementor-top-column elementor-element elementor-element-5248e1a9 \" data-id=\"5248e1a9\" data-element_type=\"column\" data-e-type=\"column\">\r\n\r\n\t\t\t\t\r\n\t\t\t\t<div class=\"elementor-widget-wrap elementor-element-populated\">\r\n\t\t\t\t\t\t\t\t\t\t\r\n\t\t\t\t\t\t<div class=\"elementor-element elementor-element-6f8fd44 elementor-widget elementor-widget-udesign_widget_menu\" data-id=\"6f8fd44\" data-element_type=\"widget\" data-e-type=\"widget\" data-widget_type=\"udesign_widget_menu.default\">\n\t\t\t\t<div class=\"elementor-widget-container\">\n\t\t\t\t\t<nav class=\" roheline-kool-kuljemenuu\"><ul id=\"menu-roheline-kool-kuljemenuu\" class=\"menu  vertical-menu\"><li id=\"menu-item-10215\" class=\"menu-item menu-item-type-post_type menu-item-object-page menu-item-10215\"><a href=\"https:\/\/www.pernova.ee\/huvikool\/roheline-kool\/\">Roheline kool<\/a><\/li>\n<li id=\"menu-item-13579\" class=\"menu-item menu-item-type-custom menu-item-object-custom menu-item-13579\"><a target=\"_blank\" rel=\"noopener noreferrer\" href=\"https:\/\/docs.google.com\/forms\/d\/1M4Y1vQe7maJW__RY5YOG6HRWNxqHRlO4rfZrVBbdfBI\/viewform?edit_requested=true\">Keskkonna\u00fclevaatuse k\u00fcsimustik<\/a><\/li>\n<li id=\"menu-item-13977\" class=\"menu-item menu-item-type-post_type menu-item-object-page menu-item-13977\"><a href=\"https:\/\/www.pernova.ee\/huvikool\/tegevuskava-2024-2025\/\">Tegevuskava 2024\/2025<\/a><\/li>\n<li id=\"menu-item-13573\" class=\"menu-item menu-item-type-post_type menu-item-object-page menu-item-13573\"><a href=\"https:\/\/www.pernova.ee\/huvikool\/keskkonnategevuskava-2023-2024\/\">Tegevuskava 2023\/2024<\/a><\/li>\n<li id=\"menu-item-12621\" class=\"menu-item menu-item-type-post_type menu-item-object-page menu-item-12621\"><a href=\"https:\/\/www.pernova.ee\/huvikool\/tegevuskava-2022-2023\/\">Tegevuskava 2022\/2023<\/a><\/li>\n<li id=\"menu-item-13602\" class=\"menu-item menu-item-type-post_type menu-item-object-page menu-item-13602\"><a href=\"https:\/\/www.pernova.ee\/huvikool\/keskkonnatooruhma-liikmed-2023-2024\/\">Keskkonnat\u00f6\u00f6r\u00fchma liikmed 2023\/2024<\/a><\/li>\n<li id=\"menu-item-10219\" class=\"menu-item menu-item-type-post_type menu-item-object-page menu-item-10219\"><a href=\"https:\/\/www.pernova.ee\/huvikool\/roheline-kool\/liikmed\/\">Keskkonnat\u00f6\u00f6r\u00fchma liikmed 2022\/2023<\/a><\/li>\n<li id=\"menu-item-10222\" class=\"menu-item menu-item-type-post_type menu-item-object-page menu-item-10222\"><a href=\"https:\/\/www.pernova.ee\/huvikool\/roheline-kool\/koosolekuprotokollid\/\">Koosolekuprotokollid<\/a><\/li>\n<li id=\"menu-item-10411\" class=\"menu-item menu-item-type-post_type menu-item-object-page menu-item-10411\"><a href=\"https:\/\/www.pernova.ee\/huvikool\/keskkonnapohimotted\/\">Keskkonnap\u00f5him\u00f5tted<\/a><\/li>\n<li id=\"menu-item-10798\" class=\"menu-item menu-item-type-post_type menu-item-object-page menu-item-10798\"><a href=\"https:\/\/www.pernova.ee\/huvikool\/unesco-uhendkoolide-vorgustik\/\">UNESCO \u00fchendkoolide v\u00f5rgustik<\/a><\/li>\n<li id=\"menu-item-13628\" class=\"menu-item menu-item-type-custom menu-item-object-custom menu-item-13628\"><a target=\"_blank\" rel=\"noopener noreferrer\" href=\"https:\/\/www.pernova.ee\/huvikool\/wp-content\/uploads\/2024\/04\/Pernova_HK_ressurssikulu-analuus_2023.pdf\">Ressurssikulu anal\u00fc\u00fcs 2023<\/a><\/li>\n<li id=\"menu-item-13169\" class=\"menu-item menu-item-type-custom menu-item-object-custom menu-item-13169\"><a target=\"_blank\" rel=\"noopener noreferrer\" href=\"https:\/\/www.pernova.ee\/huvikool\/wp-content\/uploads\/2023\/10\/Pernova-_HK_ressursikulu-analuus_2022.pdf\">Ressurssikulu anal\u00fc\u00fcs 2022<\/a><\/li>\n<li id=\"menu-item-13168\" class=\"menu-item menu-item-type-custom menu-item-object-custom menu-item-13168\"><a target=\"_blank\" rel=\"noopener noreferrer\" href=\"https:\/\/www.pernova.ee\/huvikool\/wp-content\/uploads\/2023\/10\/Pernova_HK_ressurssikulu-analuus_2021.pdf\">Ressurssikulu anal\u00fc\u00fcs 2021<\/a><\/li>\n<\/ul><\/nav>\t\t\t\t<\/div>\n\t\t\t\t<\/div>\n\t\t\t\t\t\t<\/div>\r\n\t\t\t\t<\/div>\r\n\t\t\t\t\t\t\t\t<\/div>\r\n\t\t\t<\/section>\r\n\t\t\t\t\t<\/div>\n\t\t","protected":false},"excerpt":{"rendered":"<p>S\u00fcgisel 2021 liitus Pernova Hariduskeskus rahvusvahelise haridusprogrammiga \u201cRoheline kool\u201d, mille sisuks on \u00f5pilaste ja kogukonna kaasamine keskkonnateemalistesse aruteludesse ning tegevustesse. Roheline kool on tuntuim \u00fclemaailmne haridusasutustele m\u00f5eldud keskkonnaharidusprogramm, mille ingliskeelseks nimeks on Eco-Schools Global. Eestis koordineerib programmi tegevusi Tartu loodusmaja.Programmi eesm\u00e4rgiks on keskkonnahoidlike tegevuste rakendamine \u00f5ppeasutuse igap\u00e4evaelus ning vastutustundlike, keskkonda v\u00e4\u00e4rtustavate hoiakute kujundamine k\u00f5igi kooliga [&hellip;]<\/p>\n","protected":false},"author":1,"featured_media":0,"parent":0,"menu_order":0,"comment_status":"closed","ping_status":"closed","template":"","meta":{"_acf_changed":false,"_exactmetrics_skip_tracking":false,"_exactmetrics_sitenote_active":false,"_exactmetrics_sitenote_note":"","_exactmetrics_sitenote_category":0,"ngg_post_thumbnail":0,"footnotes":""},"class_list":["post-10027","page","type-page","status-publish","hentry"],"acf":false,"_links":{"self":[{"href":"https:\/\/www.pernova.ee\/huvikool\/wp-json\/wp\/v2\/pages\/10027","targetHints":{"allow":["GET"]}}],"collection":[{"href":"https:\/\/www.pernova.ee\/huvikool\/wp-json\/wp\/v2\/pages"}],"about":[{"href":"https:\/\/www.pernova.ee\/huvikool\/wp-json\/wp\/v2\/types\/page"}],"author":[{"embeddable":true,"href":"https:\/\/www.pernova.ee\/huvikool\/wp-json\/wp\/v2\/users\/1"}],"replies":[{"embeddable":true,"href":"https:\/\/www.pernova.ee\/huvikool\/wp-json\/wp\/v2\/comments?post=10027"}],"version-history":[{"count":20,"href":"https:\/\/www.pernova.ee\/huvikool\/wp-json\/wp\/v2\/pages\/10027\/revisions"}],"predecessor-version":[{"id":11521,"href":"https:\/\/www.pernova.ee\/huvikool\/wp-json\/wp\/v2\/pages\/10027\/revisions\/11521"}],"wp:attachment":[{"href":"https:\/\/www.pernova.ee\/huvikool\/wp-json\/wp\/v2\/media?parent=10027"}],"curies":[{"name":"wp","href":"https:\/\/api.w.org\/{rel}","templated":true}]}}