{"id":10267,"date":"2021-11-08T15:33:33","date_gmt":"2021-11-08T13:33:33","guid":{"rendered":"https:\/\/www.pernova.ee\/huvikool\/?page_id=10267"},"modified":"2021-11-22T22:46:44","modified_gmt":"2021-11-22T20:46:44","slug":"loodusmaja-huviringid","status":"publish","type":"page","link":"https:\/\/www.pernova.ee\/huvikool\/huviringide-nimekiri\/loodusmaja-huviringid\/","title":{"rendered":"Loodusmaja huviringid"},"content":{"rendered":"<div class=\"wpb-content-wrapper\"><p>[vc_row][vc_column][vc_column_text]<img decoding=\"async\" class=\" wp-image-10113 alignright\" src=\"https:\/\/www.pernova.ee\/huvikool\/wp-content\/uploads\/2021\/10\/loodusmaja-ymar-1-300x300.png\" alt=\"\" width=\"152\" height=\"152\" \/><span style=\"font-weight: 400;\">Siin on \u00f5ige koht lapsele, kelle silmad paneb s\u00e4rama k\u00f5ik, mis meie \u00fcmber elab, kasvab ja avastamist ootab.<br \/>\n<\/span><span style=\"font-weight: 400;\">Loodusmaja huviringides saab teada, kuidas toimib Universum, millised taimed ja loomad looduses tegutsevad, kuidas looduses matkata, miks on vaja tunda keemiat jne.<br \/>\n<\/span><span style=\"font-weight: 400;\">Meie maja lapsed k\u00e4ivad \u00f5ppek\u00e4ikudel loodust avastamas ning saavad ise praktiliste t\u00f6\u00f6de ja miniuurimuste kaudu esimesed teaduslikku t\u00f6\u00f6 kogemused.<br \/>\n<\/span><span style=\"font-weight: 400;\">Loodusmaja \u00f5ppekeskkonna muudavad p\u00f5nevaks talveaed, planetaarium, t\u00e4hetorn, akvaariumid ning mitmesugused loodusega seotud \u00f5ppekogud.<\/span><\/p>\n<p><span style=\"font-weight: 400;\">Pernova Loodusmaja asub P\u00e4rnu linnas Tammsaare pst 57.<\/span><\/p>\n<p><a href=\"https:\/\/www.pernova.ee\/loodusmaja\/korralda-uritus\/\" target=\"_blank\" rel=\"noopener\"><strong><img decoding=\"async\" class=\"alignnone wp-image-10771\" src=\"https:\/\/www.pernova.ee\/huvikool\/wp-content\/uploads\/2021\/11\/pernova-loodusmaja-logo-150x150.png\" alt=\"\" width=\"52\" height=\"25\" \/>\u00a0\u00a0 Korralda \u00fcritus Loodusmajas!<\/strong><\/a>[\/vc_column_text][vc_basic_grid post_type=&#8221;huviringid&#8221; max_items=&#8221;0&#8243; gap=&#8221;10&#8243; item=&#8221;10090&#8243; grid_id=&#8221;vc_gid:1637613932410-cb61578c-6812-5&#8243; taxonomies=&#8221;6&#8243; el_id=&#8221;loodusmaja-huviringid&#8221; css=&#8221;.vc_custom_1636378480407{margin-top: 10px !important;}&#8221;][\/vc_column][\/vc_row]<\/p>\n<\/div>","protected":false},"excerpt":{"rendered":"<p>[vc_row][vc_column][vc_column_text]Siin on \u00f5ige koht lapsele, kelle silmad paneb s\u00e4rama k\u00f5ik, mis meie \u00fcmber elab, kasvab ja avastamist ootab. Loodusmaja huviringides saab teada, kuidas toimib Universum, millised taimed ja loomad looduses tegutsevad, kuidas looduses matkata, miks on vaja tunda keemiat jne. Meie maja lapsed k\u00e4ivad \u00f5ppek\u00e4ikudel loodust avastamas ning saavad ise praktiliste t\u00f6\u00f6de ja miniuurimuste kaudu [&hellip;]<\/p>\n","protected":false},"author":7,"featured_media":0,"parent":10063,"menu_order":0,"comment_status":"closed","ping_status":"closed","template":"page-FullWidth.php","meta":{"_acf_changed":false,"_exactmetrics_skip_tracking":false,"_exactmetrics_sitenote_active":false,"_exactmetrics_sitenote_note":"","_exactmetrics_sitenote_category":0,"ngg_post_thumbnail":0,"footnotes":""},"class_list":["post-10267","page","type-page","status-publish","hentry"],"acf":false,"_links":{"self":[{"href":"https:\/\/www.pernova.ee\/huvikool\/wp-json\/wp\/v2\/pages\/10267","targetHints":{"allow":["GET"]}}],"collection":[{"href":"https:\/\/www.pernova.ee\/huvikool\/wp-json\/wp\/v2\/pages"}],"about":[{"href":"https:\/\/www.pernova.ee\/huvikool\/wp-json\/wp\/v2\/types\/page"}],"author":[{"embeddable":true,"href":"https:\/\/www.pernova.ee\/huvikool\/wp-json\/wp\/v2\/users\/7"}],"replies":[{"embeddable":true,"href":"https:\/\/www.pernova.ee\/huvikool\/wp-json\/wp\/v2\/comments?post=10267"}],"version-history":[{"count":7,"href":"https:\/\/www.pernova.ee\/huvikool\/wp-json\/wp\/v2\/pages\/10267\/revisions"}],"predecessor-version":[{"id":11002,"href":"https:\/\/www.pernova.ee\/huvikool\/wp-json\/wp\/v2\/pages\/10267\/revisions\/11002"}],"up":[{"embeddable":true,"href":"https:\/\/www.pernova.ee\/huvikool\/wp-json\/wp\/v2\/pages\/10063"}],"wp:attachment":[{"href":"https:\/\/www.pernova.ee\/huvikool\/wp-json\/wp\/v2\/media?parent=10267"}],"curies":[{"name":"wp","href":"https:\/\/api.w.org\/{rel}","templated":true}]}}