{"id":10271,"date":"2021-11-08T15:35:08","date_gmt":"2021-11-08T13:35:08","guid":{"rendered":"https:\/\/www.pernova.ee\/huvikool\/?page_id=10271"},"modified":"2021-11-08T15:35:59","modified_gmt":"2021-11-08T13:35:59","slug":"motomaja-huviringid","status":"publish","type":"page","link":"https:\/\/www.pernova.ee\/huvikool\/huviringide-nimekiri\/motomaja-huviringid\/","title":{"rendered":"Motomaja huviringid"},"content":{"rendered":"<div class=\"wpb-content-wrapper\"><p>[vc_row][vc_column][vc_column_text]<img decoding=\"async\" class=\" wp-image-10116 alignright\" src=\"https:\/\/www.pernova.ee\/huvikool\/wp-content\/uploads\/2021\/10\/motomaja-ring-300x300.png\" alt=\"\" width=\"145\" height=\"145\" \/><span style=\"font-weight: 400;\">Motomaja on parim koht neile lastele-noortele, kes armastavad mootorim\u00fcrinat, kihutamist ja adrenaliini. Meil saavad rallif\u00e4nnid tegeleda motokrossiga, teha ise n\u00e4pud \u00f5liseks\u00a0 ning \u00f5ppida selgeks turvalise s\u00f5idu p\u00f5him\u00f5tted.<\/span><\/p>\n<p><span style=\"font-weight: 400;\">T\u00e4nu heale koost\u00f6\u00f6le P\u00e4rnu Motoclub-iga saame kasutada \u00fchistreeninguteks k\u00f5iki P\u00e4rnu krossiradasid ja osaleda v\u00f5istlustel.\u00a0<\/span><\/p>\n<p><span style=\"font-weight: 400;\">Pernova Motomaja asub Nurme tee 13, Audru vald.<\/span>[\/vc_column_text][vc_basic_grid post_type=&#8221;huviringid&#8221; max_items=&#8221;0&#8243; gap=&#8221;10&#8243; item=&#8221;10093&#8243; grid_id=&#8221;vc_gid:1636378540468-939edd30-3248-7&#8243; taxonomies=&#8221;8&#8243; el_id=&#8221;motomaja-huviringid&#8221;][\/vc_column][\/vc_row]<\/p>\n<\/div>","protected":false},"excerpt":{"rendered":"<p>[vc_row][vc_column][vc_column_text]Motomaja on parim koht neile lastele-noortele, kes armastavad mootorim\u00fcrinat, kihutamist ja adrenaliini. Meil saavad rallif\u00e4nnid tegeleda motokrossiga, teha ise n\u00e4pud \u00f5liseks\u00a0 ning \u00f5ppida selgeks turvalise s\u00f5idu p\u00f5him\u00f5tted. T\u00e4nu heale koost\u00f6\u00f6le P\u00e4rnu Motoclub-iga saame kasutada \u00fchistreeninguteks k\u00f5iki P\u00e4rnu krossiradasid ja osaleda v\u00f5istlustel.\u00a0 Pernova Motomaja asub Nurme tee 13, Audru vald.[\/vc_column_text][vc_basic_grid post_type=&#8221;huviringid&#8221; max_items=&#8221;0&#8243; gap=&#8221;10&#8243; item=&#8221;10093&#8243; grid_id=&#8221;vc_gid:1636378540468-939edd30-3248-7&#8243; taxonomies=&#8221;8&#8243; [&hellip;]<\/p>\n","protected":false},"author":7,"featured_media":0,"parent":10063,"menu_order":0,"comment_status":"closed","ping_status":"closed","template":"page-FullWidth.php","meta":{"_acf_changed":false,"_exactmetrics_skip_tracking":false,"_exactmetrics_sitenote_active":false,"_exactmetrics_sitenote_note":"","_exactmetrics_sitenote_category":0,"ngg_post_thumbnail":0,"footnotes":""},"class_list":["post-10271","page","type-page","status-publish","hentry"],"acf":false,"_links":{"self":[{"href":"https:\/\/www.pernova.ee\/huvikool\/wp-json\/wp\/v2\/pages\/10271","targetHints":{"allow":["GET"]}}],"collection":[{"href":"https:\/\/www.pernova.ee\/huvikool\/wp-json\/wp\/v2\/pages"}],"about":[{"href":"https:\/\/www.pernova.ee\/huvikool\/wp-json\/wp\/v2\/types\/page"}],"author":[{"embeddable":true,"href":"https:\/\/www.pernova.ee\/huvikool\/wp-json\/wp\/v2\/users\/7"}],"replies":[{"embeddable":true,"href":"https:\/\/www.pernova.ee\/huvikool\/wp-json\/wp\/v2\/comments?post=10271"}],"version-history":[{"count":4,"href":"https:\/\/www.pernova.ee\/huvikool\/wp-json\/wp\/v2\/pages\/10271\/revisions"}],"predecessor-version":[{"id":10275,"href":"https:\/\/www.pernova.ee\/huvikool\/wp-json\/wp\/v2\/pages\/10271\/revisions\/10275"}],"up":[{"embeddable":true,"href":"https:\/\/www.pernova.ee\/huvikool\/wp-json\/wp\/v2\/pages\/10063"}],"wp:attachment":[{"href":"https:\/\/www.pernova.ee\/huvikool\/wp-json\/wp\/v2\/media?parent=10271"}],"curies":[{"name":"wp","href":"https:\/\/api.w.org\/{rel}","templated":true}]}}