{"id":10279,"date":"2021-11-09T12:16:53","date_gmt":"2021-11-09T10:16:53","guid":{"rendered":"https:\/\/www.pernova.ee\/huvikool\/?page_id=10279"},"modified":"2023-12-28T14:24:54","modified_gmt":"2023-12-28T12:24:54","slug":"avaldused-2","status":"publish","type":"page","link":"https:\/\/www.pernova.ee\/huvikool\/avaldused-2\/","title":{"rendered":"Avaldused"},"content":{"rendered":"<h5>HUVIRINGIDE AVALDUSED 2023\/2024 \u00d5PPEAASTAKS!<\/h5>\n<p>Avalduste esitamine&nbsp;toimub AINULT elektroonselt l\u00e4bi ARNO programmi&nbsp;<a href=\"https:\/\/arno.parnu.ee\/ctrl\/ee\/Huvikoolid\/vaata\/159\" target=\"_blank\" rel=\"noopener\">www.arno.parnu.ee<\/a><br \/>\n<a href=\"https:\/\/parnu.ee\/failid\/haridus\/ARNO_kasutusjuhend_lapsevanemale2016.pdf\" target=\"_blank\" rel=\"noopener\">ARNO kasutusjuhend<\/a><br \/>\nAvalduse esitamiseks logige s\u00fcsteemi ja vajutage nuppu \u201cHUVIKOOLI TAOTLUS\u201d oma lapse nime juures.<br \/>\nLaps on huvikooli \u00f5pilane kui nii lapsevanem kui ka huvikool on lepingu kinnitanud.<br \/>\n\u00d5ppetasu tasumine on v\u00f5imalik pangalingi kaudu.<br \/>\nElektroonse registreerimiseaudentimise v\u00f5imalused: ID-kaarti, Smart-ID, Mobiil-ID v\u00f5i<br \/>\npangalink (LHV pank,Swedbank ja SEB pank).<br \/>\nK\u00fcsimuste tekkimisel palume p\u00f6\u00f6rduda kooli sekret\u00e4ri poole tel: 4435875 v\u00f5i e-post:&nbsp;<a href=\"mailto:info@pernova.ee\">info@pernova.ee<\/a><\/p>\n<p><a href=\"https:\/\/www.pernova.ee\/huvikool\/wp-content\/uploads\/2023\/01\/Munitsipaalharidusasutuste-2023.-aasta-oppekoha-tegevuskulu-ja-amortisatsioonikulu-maksumuste-kinnitamine.pdf\" target=\"_blank\" rel=\"noopener\">\u00d5ppetasum\u00e4\u00e4rad 2023<\/a><\/p>\n<h5><a href=\"https:\/\/parnu-lv.maps.arcgis.com\/apps\/MapJournal\/index.html?appid=a2bd89ae375b463689c34c2ac94a7aeb\" target=\"_blank\" rel=\"noopener\"><strong>P\u00e4rnu linna kaart<\/strong><\/a><\/h5>\n<div class=\"content\">\n<p>P\u00e4rnu linna koosseisu kuuluvad:<\/p>\n<ul>\n<li><a href=\"https:\/\/parnu-lv.maps.arcgis.com\/apps\/MapJournal\/index.html?appid=a2bd89ae375b463689c34c2ac94a7aeb#\" target=\"_blank\" rel=\"noopener\" data-storymaps=\"MJ-ACTION-1613644045101\" data-storymaps-type=\"navigate\">P\u00e4rnu keskuslinn<\/a><\/li>\n<li><a href=\"https:\/\/parnu-lv.maps.arcgis.com\/apps\/MapJournal\/index.html?appid=a2bd89ae375b463689c34c2ac94a7aeb#\" target=\"_blank\" rel=\"noopener\" data-storymaps=\"MJ-ACTION-1613644051827\" data-storymaps-type=\"navigate\">Audru osavald<\/a><\/li>\n<li><a href=\"https:\/\/parnu-lv.maps.arcgis.com\/apps\/MapJournal\/index.html?appid=a2bd89ae375b463689c34c2ac94a7aeb#\" target=\"_blank\" rel=\"noopener\" data-storymaps=\"MJ-ACTION-1613644058861\" data-storymaps-type=\"navigate\">Paikuse osavald<\/a><\/li>\n<li><a href=\"https:\/\/parnu-lv.maps.arcgis.com\/apps\/MapJournal\/index.html?appid=a2bd89ae375b463689c34c2ac94a7aeb#\" target=\"_blank\" rel=\"noopener\" data-storymaps=\"MJ-ACTION-1613644065573\" data-storymaps-type=\"navigate\">T\u00f5stamaa osavald<\/a><\/li>\n<\/ul>\n<div id='gallery-1' class='gallery galleryid-10279 gallery-columns-1 gallery-size-full'><figure class='gallery-item'>\n\t\t\t<div class='gallery-icon landscape'>\n\t\t\t\t<img fetchpriority=\"high\" decoding=\"async\" width=\"2048\" height=\"1151\" src=\"https:\/\/www.pernova.ee\/huvikool\/wp-content\/uploads\/2022\/09\/Parnu-linn.jpg\" class=\"attachment-full size-full\" alt=\"\" srcset=\"https:\/\/www.pernova.ee\/huvikool\/wp-content\/uploads\/2022\/09\/Parnu-linn.jpg 2048w, https:\/\/www.pernova.ee\/huvikool\/wp-content\/uploads\/2022\/09\/Parnu-linn-1024x576.jpg 1024w, https:\/\/www.pernova.ee\/huvikool\/wp-content\/uploads\/2022\/09\/Parnu-linn-768x432.jpg 768w, https:\/\/www.pernova.ee\/huvikool\/wp-content\/uploads\/2022\/09\/Parnu-linn-1536x863.jpg 1536w\" sizes=\"(max-width: 2048px) 100vw, 2048px\" \/>\n\t\t\t<\/div><\/figure>\n\t\t<\/div>\n\n<\/div>\n","protected":false},"excerpt":{"rendered":"<p>HUVIRINGIDE AVALDUSED 2023\/2024 \u00d5PPEAASTAKS! Avalduste esitamine&nbsp;toimub AINULT elektroonselt l\u00e4bi ARNO programmi&nbsp;www.arno.parnu.ee ARNO kasutusjuhend Avalduse esitamiseks logige s\u00fcsteemi ja vajutage nuppu \u201cHUVIKOOLI TAOTLUS\u201d oma lapse nime juures. Laps on huvikooli \u00f5pilane kui nii lapsevanem kui ka huvikool on lepingu kinnitanud. \u00d5ppetasu tasumine on v\u00f5imalik pangalingi kaudu. Elektroonse registreerimiseaudentimise v\u00f5imalused: ID-kaarti, Smart-ID, Mobiil-ID v\u00f5i pangalink (LHV pank,Swedbank [&hellip;]<\/p>\n","protected":false},"author":3,"featured_media":0,"parent":0,"menu_order":0,"comment_status":"closed","ping_status":"closed","template":"","meta":{"_acf_changed":false,"_exactmetrics_skip_tracking":false,"_exactmetrics_sitenote_active":false,"_exactmetrics_sitenote_note":"","_exactmetrics_sitenote_category":0,"ngg_post_thumbnail":0,"footnotes":""},"class_list":["post-10279","page","type-page","status-publish","hentry"],"acf":false,"_links":{"self":[{"href":"https:\/\/www.pernova.ee\/huvikool\/wp-json\/wp\/v2\/pages\/10279","targetHints":{"allow":["GET"]}}],"collection":[{"href":"https:\/\/www.pernova.ee\/huvikool\/wp-json\/wp\/v2\/pages"}],"about":[{"href":"https:\/\/www.pernova.ee\/huvikool\/wp-json\/wp\/v2\/types\/page"}],"author":[{"embeddable":true,"href":"https:\/\/www.pernova.ee\/huvikool\/wp-json\/wp\/v2\/users\/3"}],"replies":[{"embeddable":true,"href":"https:\/\/www.pernova.ee\/huvikool\/wp-json\/wp\/v2\/comments?post=10279"}],"version-history":[{"count":10,"href":"https:\/\/www.pernova.ee\/huvikool\/wp-json\/wp\/v2\/pages\/10279\/revisions"}],"predecessor-version":[{"id":13463,"href":"https:\/\/www.pernova.ee\/huvikool\/wp-json\/wp\/v2\/pages\/10279\/revisions\/13463"}],"wp:attachment":[{"href":"https:\/\/www.pernova.ee\/huvikool\/wp-json\/wp\/v2\/media?parent=10279"}],"curies":[{"name":"wp","href":"https:\/\/api.w.org\/{rel}","templated":true}]}}