{"id":10519,"date":"2021-11-16T23:15:31","date_gmt":"2021-11-16T21:15:31","guid":{"rendered":"https:\/\/www.pernova.ee\/huvikool\/?page_id=10519"},"modified":"2021-11-23T13:52:37","modified_gmt":"2021-11-23T11:52:37","slug":"meist-meedias-2020","status":"publish","type":"page","link":"https:\/\/www.pernova.ee\/huvikool\/meist-meedias-2020\/","title":{"rendered":"Meist meedias 2020"},"content":{"rendered":"<p>* 06. detsember 2020 &#8211; <a href=\"https:\/\/parnu.postimees.ee\/7126654\/loodusmaja-joulumaa-avati-tulesou-tantsu-ja-murtsu-saatel\" target=\"_blank\" rel=\"noopener\">Loodusmaja j\u00f5ulumaa avati tules\u00f5u, tantsu ja m\u00fcrtsu saatel<\/a><\/p>\n<p>* 11. september 2020 &#8211; <a href=\"https:\/\/parnu.postimees.ee\/7060450\/seenekubarad-ja-tint-loodusmaja-sugispidu-on-taies-hoos\" target=\"_blank\" rel=\"noopener\">Seenek\u00fcbarad ja -tint: loodusmaja s\u00fcgispidu on t\u00e4ies hoos<\/a><\/p>\n<p>* 05. september 2020 &#8211; <a href=\"https:\/\/parnu.postimees.ee\/7055749\/loodusmaja-ouel-tutvustati-pernova-huviringe\" target=\"_blank\" rel=\"noopener\">Loodusmaja \u00f5uel tutvustati Pernova huviringe<\/a><\/p>\n<p>* 21. august 2020 &#8211; <a href=\"https:\/\/parnu.postimees.ee\/7044499\/pernova-loodusmaja-ullatab-uudsete-lahendustega\" target=\"_blank\" rel=\"noopener\">Pernova loodusmaja \u00fcllatab uudsete lahendustega<\/a><\/p>\n<p>* 13. august 2020 &#8211; <a href=\"https:\/\/parnu.postimees.ee\/7038743\/parnu-rannaliival-vottis-koha-sisse-hiiglaslik-prugikala\" target=\"_blank\" rel=\"noopener\">P\u00e4rnu rannaliival v\u00f5ttis koha sisse hiiglaslik pr\u00fcgikala<\/a><\/p>\n<p>* 26. juuni 2020 &#8211; <a href=\"https:\/\/parnu.postimees.ee\/7003820\/pernova-hariduskeskus-juhib-tahelepanu-laanemere-keskkonnaprobleemidele\" target=\"_blank\" rel=\"noopener\">Pernova hariduskeskus juhib t\u00e4helepanu L\u00e4\u00e4nemere keskkonnaprobleemidele<\/a><\/p>\n<p>* 17. juuni 2020 &#8211; <a href=\"https:\/\/parnu.postimees.ee\/6998893\/pernova-hariduskeskus-kutsub-lapsi-suvekooli\" target=\"_blank\" rel=\"noopener\">Pernova hariduskeskus kutsub lapsi suvekooli<\/a><\/p>\n<p>* 30. aprill 2020 &#8211; <a href=\"https:\/\/parnu.postimees.ee\/6962625\/video-vaadake-kuidas-naevad-minecraftis-valja-eliisabeti-kirik-tallinna-varav-ja-teised-parnu-tuntud-hooned\" target=\"_blank\" rel=\"noopener\">Ehitusv\u00f5istlus arvutim\u00e4ngus Minecraft<\/a><\/p>\n<p>* 22. aprill 2020 &#8211; <a href=\"https:\/\/parnu.postimees.ee\/6955927\/pernova-keskus-pakub-koolivaheajal-ponevaid-ulesandeid-kogu-perele\" target=\"_blank\" rel=\"noopener\">Pernova keskus pakub koolivaheajal p\u00f5nevaid \u00fclesandeid kogu perele<\/a><\/p>\n<p>* 28. veebruar 2020 &#8211; <a href=\"https:\/\/parnu.postimees.ee\/6910232\/kelguroomu-lisanud-koolivaheaeg-jatkub-sisukalt\" target=\"_blank\" rel=\"noopener\">Kelgur\u00f5\u00f5mu lisanud koolivaheaeg j\u00e4tkub sisukalt<\/a><\/p>\n<p>* 06. veebruar 2020 &#8211; <a href=\"https:\/\/www.youtube.com\/watch?v=FJCmBjs-n_I&amp;feature=youtu.be\" target=\"_blank\" rel=\"noopener\">AK uudistes Pernova mudellennu ringist<\/a><\/p>\n<p>* 18. jaanuar 2020 &#8211; <a href=\"https:\/\/parnu.postimees.ee\/6875365\/parnu-observatooriumi-kolm-katset\" target=\"_blank\" rel=\"noopener\">P\u00e4rnu observatooriumi kolm katset<\/a><\/p>\n","protected":false},"excerpt":{"rendered":"<p>* 06. detsember 2020 &#8211; Loodusmaja j\u00f5ulumaa avati tules\u00f5u, tantsu ja m\u00fcrtsu saatel * 11. september 2020 &#8211; Seenek\u00fcbarad ja -tint: loodusmaja s\u00fcgispidu on t\u00e4ies hoos * 05. september 2020 &#8211; Loodusmaja \u00f5uel tutvustati Pernova huviringe * 21. august 2020 &#8211; Pernova loodusmaja \u00fcllatab uudsete lahendustega * 13. august 2020 &#8211; P\u00e4rnu rannaliival v\u00f5ttis koha [&hellip;]<\/p>\n","protected":false},"author":3,"featured_media":0,"parent":0,"menu_order":0,"comment_status":"closed","ping_status":"closed","template":"","meta":{"_acf_changed":false,"_exactmetrics_skip_tracking":false,"_exactmetrics_sitenote_active":false,"_exactmetrics_sitenote_note":"","_exactmetrics_sitenote_category":0,"ngg_post_thumbnail":0,"footnotes":""},"class_list":["post-10519","page","type-page","status-publish","hentry"],"acf":false,"_links":{"self":[{"href":"https:\/\/www.pernova.ee\/huvikool\/wp-json\/wp\/v2\/pages\/10519","targetHints":{"allow":["GET"]}}],"collection":[{"href":"https:\/\/www.pernova.ee\/huvikool\/wp-json\/wp\/v2\/pages"}],"about":[{"href":"https:\/\/www.pernova.ee\/huvikool\/wp-json\/wp\/v2\/types\/page"}],"author":[{"embeddable":true,"href":"https:\/\/www.pernova.ee\/huvikool\/wp-json\/wp\/v2\/users\/3"}],"replies":[{"embeddable":true,"href":"https:\/\/www.pernova.ee\/huvikool\/wp-json\/wp\/v2\/comments?post=10519"}],"version-history":[{"count":3,"href":"https:\/\/www.pernova.ee\/huvikool\/wp-json\/wp\/v2\/pages\/10519\/revisions"}],"predecessor-version":[{"id":10785,"href":"https:\/\/www.pernova.ee\/huvikool\/wp-json\/wp\/v2\/pages\/10519\/revisions\/10785"}],"wp:attachment":[{"href":"https:\/\/www.pernova.ee\/huvikool\/wp-json\/wp\/v2\/media?parent=10519"}],"curies":[{"name":"wp","href":"https:\/\/api.w.org\/{rel}","templated":true}]}}