{"id":10529,"date":"2021-11-17T09:23:07","date_gmt":"2021-11-17T07:23:07","guid":{"rendered":"https:\/\/www.pernova.ee\/huvikool\/?page_id=10529"},"modified":"2021-11-17T23:00:20","modified_gmt":"2021-11-17T21:00:20","slug":"meist-meedias-2017","status":"publish","type":"page","link":"https:\/\/www.pernova.ee\/huvikool\/meist-meedias-2017\/","title":{"rendered":"Meist meedias 2017"},"content":{"rendered":"<p>* 10. detsember 2017 &#8211; <a href=\"https:\/\/parnu.postimees.ee\/4339421\/galerii-eile-avati-parnus-talvevalguse-promenaad\" target=\"_blank\" rel=\"noopener\">Eile avati P\u00e4rnus talvevalguse promenaad<\/a><\/p>\n<p>* 08. detsember 2017 &#8211; <a href=\"https:\/\/parnu.postimees.ee\/4336959\/murumutsiga-maja-ouel-sarab-muinasjutumaa\" target=\"_blank\" rel=\"noopener\">Murum\u00fctsiga maja \u00f5uel s\u00e4rab muinasjutumaa<\/a><\/p>\n<p>* 20. oktoober 2017 &#8211; <a href=\"https:\/\/parnu.postimees.ee\/4283387\/noorteuhing-eesti-4h-pidas-pernova-loodusmajas-loikuspidu\" target=\"_blank\" rel=\"noopener\">Noorte\u00fching Eesti 4H pidas Pernova loodusmajas l\u00f5ikuspidu<\/a><\/p>\n<p>* 29. september 2017 &#8211; <a href=\"http:\/\/parnu.postimees.ee\/4261105\/galerii-loodusmaja-taitus-teadlaste-murtsu-ja-droonidega?gallery=109637&amp;image=7156667\" target=\"_blank\" rel=\"noopener\">Loodusmaja t\u00e4itus teadlaste, m\u00fcrtsu ja droonidega<\/a><\/p>\n<p>* 19. september 2017 &#8211; <a href=\"http:\/\/parnu.postimees.ee\/4248891\/galerii-loodusmaja-hoovis-naeb-umbes-100-liiki-seeni\" target=\"_blank\" rel=\"noopener\">Loodusmaja hoovis n\u00e4eb umbes 100 liiki seeni<\/a><\/p>\n<p>* 18. september 2017 &#8211; <a href=\"http:\/\/parnu.postimees.ee\/4247389\/pernova-tehnikamajas-peeti-aardejahti\" target=\"_blank\" rel=\"noopener\">Pernova tehnikamajas peeti aardejahti<\/a><\/p>\n<p>* 13. september 2017 &#8211; <a href=\"http:\/\/parnu.postimees.ee\/4242245\/galerii-kooliopilased-lustisid-tehnikamajas\" target=\"_blank\" rel=\"noopener\">Galerii: kooli\u00f5pilased lustisid tehnikamajas<\/a><\/p>\n<p>* 12. september 2017 &#8211; <a href=\"http:\/\/parnu.postimees.ee\/4240719\/tehnikamajas-kohtuvad-huvi-ja-kutseharidus\" target=\"_blank\" rel=\"noopener\">Tehnikamajas kohtuvad huvi- ja kutseharidus<\/a><\/p>\n<p>* 18. mai 2017 &#8211; <a href=\"http:\/\/parnu.postimees.ee\/4116045\/keemiahuvilised-panid-end-proovile\" target=\"_blank\" rel=\"noopener\">Keemiahuvilised panid end proovile<\/a><\/p>\n<p>* 04. mai 2017 &#8211; <a href=\"http:\/\/parnu.postimees.ee\/4099975\/euroopa-paeva-loodusretked-ja-reisijutud\" target=\"_blank\" rel=\"noopener\">Euroopa p\u00e4eva loodusretked ja reisijutud<\/a><\/p>\n<p>* 02. mai 2017 &#8211; <a href=\"http:\/\/parnu.postimees.ee\/4098795\/euroopa-paev-toob-loodusretked-ja-reisijutud\" target=\"_blank\" rel=\"noopener\">Euroopa p\u00e4ev toob loodusretked ja reisijutud<\/a><\/p>\n<p>* 21. aprill 2017 &#8211; <a href=\"http:\/\/parnu.postimees.ee\/4086343\/parnu-astronoom-pildistas-maast-moodunud-kosmosekivi\" target=\"_blank\" rel=\"noopener\">P\u00e4rnu astronoom pildistas Maast m\u00f6\u00f6dunud kosmosekivi<\/a><\/p>\n<p>* 20. aprill 2017 &#8211; <a href=\"http:\/\/parnu.postimees.ee\/4085723\/parnu-astronoom-pildistas-maa-lahedalt-moodunud-suurt-kosmosekivi\" target=\"_blank\" rel=\"noopener\">P\u00e4rnu astronoom pildistas Maa l\u00e4hedalt m\u00f6\u00f6dunud suurt kosmosekivi<\/a><\/p>\n<p>* 18. aprill 2017 &#8211; <a href=\"http:\/\/parnu.postimees.ee\/4082423\/parnumaal-avati-viis-avastusrada\" target=\"_blank\" rel=\"noopener\">P\u00e4rnumaal avati viis avastusrada<\/a><\/p>\n<p>* 13. aprill 2017 &#8211; <a href=\"http:\/\/parnu.postimees.ee\/4079623\/parnumaal-avatakse-viis-avastusrada\" target=\"_blank\" rel=\"noopener\">P\u00e4rnumaal avatakse viis avastusrada<\/a><\/p>\n<p>* 12. aprill 2017 &#8211; <a href=\"http:\/\/parnu.postimees.ee\/4076659\/loodusmaja-kutsub-linnupesi-uurima-ja-tibudega-tutvuma\" target=\"_blank\" rel=\"noopener\">Loodusmaja kutsub linnupesi uurima ja tibudega tutvuma<\/a><\/p>\n<p>* 30. m\u00e4rts 2017 &#8211; <a href=\"http:\/\/parnu.postimees.ee\/4062647\/lustlik-mink-valgerannas\" target=\"_blank\" rel=\"noopener\">Lustlik mink Valgerannas<\/a><\/p>\n<p>* 12. m\u00e4rts 2017 &#8211; <a href=\"http:\/\/parnu.postimees.ee\/4043037\/maakonna-projektid-ootavad-7-5-miljoni-eurost-susti\" target=\"_blank\" rel=\"noopener\">Maakonna projektid ootavad 7,5 miljoni eurost s\u00fcsti<\/a><\/p>\n<p>* 18. veebruar 2017 &#8211; <a href=\"http:\/\/parnu.postimees.ee\/4019729\/seiklushimulised-soitsid-uiskudel-umber-kihnu\" target=\"_blank\" rel=\"noopener\">Seiklushimulised s\u00f5itsid uiskudel \u00fcmber Kihnu<\/a><\/p>\n<p>* 16. veebruar 2017 &#8211; <a href=\"http:\/\/parnu.postimees.ee\/4016009\/loodusmaja-kohvikust-friikartuleid-ei-saa\" target=\"_blank\" rel=\"noopener\">Loodusmaja kohvikust friikartuleid ei saa<\/a><\/p>\n<p>* 15. veebruar 2017 &#8211; <a href=\"http:\/\/parnu.postimees.ee\/4015387\/loodusmaja-kohvik-seob-maitseelamused-monusa-ajaveetmisega\" target=\"_blank\" rel=\"noopener\">Loodusmaja kohvik seob maitseelamused m\u00f5nusa ajaveetmisega<\/a><\/p>\n<p>* 09. veebruar 2017 &#8211; <a href=\"http:\/\/parnu.postimees.ee\/4008949\/pernovas-toimub-teemaohtu-amatoorastronoomiga\" target=\"_blank\" rel=\"noopener\">Pernovas toimub teema\u00f5htu amat\u00f6\u00f6rastronoomiga<\/a><\/p>\n<p>* 16. jaanuar 2017 &#8211; <a href=\"http:\/\/parnu.postimees.ee\/3980991\/dokumentaalfilmid-argitavad-keskkonnast-motlema\" target=\"_blank\" rel=\"noopener\">Dokumentaalfilmid \u00e4rgitavad keskkonnast m\u00f5tlema<\/a><\/p>\n","protected":false},"excerpt":{"rendered":"<p>* 10. detsember 2017 &#8211; Eile avati P\u00e4rnus talvevalguse promenaad * 08. detsember 2017 &#8211; Murum\u00fctsiga maja \u00f5uel s\u00e4rab muinasjutumaa * 20. oktoober 2017 &#8211; Noorte\u00fching Eesti 4H pidas Pernova loodusmajas l\u00f5ikuspidu * 29. september 2017 &#8211; Loodusmaja t\u00e4itus teadlaste, m\u00fcrtsu ja droonidega * 19. september 2017 &#8211; Loodusmaja hoovis n\u00e4eb umbes 100 liiki seeni [&hellip;]<\/p>\n","protected":false},"author":3,"featured_media":0,"parent":0,"menu_order":0,"comment_status":"closed","ping_status":"closed","template":"","meta":{"_acf_changed":false,"_exactmetrics_skip_tracking":false,"_exactmetrics_sitenote_active":false,"_exactmetrics_sitenote_note":"","_exactmetrics_sitenote_category":0,"ngg_post_thumbnail":0,"footnotes":""},"class_list":["post-10529","page","type-page","status-publish","hentry"],"acf":false,"_links":{"self":[{"href":"https:\/\/www.pernova.ee\/huvikool\/wp-json\/wp\/v2\/pages\/10529","targetHints":{"allow":["GET"]}}],"collection":[{"href":"https:\/\/www.pernova.ee\/huvikool\/wp-json\/wp\/v2\/pages"}],"about":[{"href":"https:\/\/www.pernova.ee\/huvikool\/wp-json\/wp\/v2\/types\/page"}],"author":[{"embeddable":true,"href":"https:\/\/www.pernova.ee\/huvikool\/wp-json\/wp\/v2\/users\/3"}],"replies":[{"embeddable":true,"href":"https:\/\/www.pernova.ee\/huvikool\/wp-json\/wp\/v2\/comments?post=10529"}],"version-history":[{"count":3,"href":"https:\/\/www.pernova.ee\/huvikool\/wp-json\/wp\/v2\/pages\/10529\/revisions"}],"predecessor-version":[{"id":10596,"href":"https:\/\/www.pernova.ee\/huvikool\/wp-json\/wp\/v2\/pages\/10529\/revisions\/10596"}],"wp:attachment":[{"href":"https:\/\/www.pernova.ee\/huvikool\/wp-json\/wp\/v2\/media?parent=10529"}],"curies":[{"name":"wp","href":"https:\/\/api.w.org\/{rel}","templated":true}]}}