{"id":10531,"date":"2021-11-17T09:23:36","date_gmt":"2021-11-17T07:23:36","guid":{"rendered":"https:\/\/www.pernova.ee\/huvikool\/?page_id=10531"},"modified":"2021-11-17T23:02:38","modified_gmt":"2021-11-17T21:02:38","slug":"meist-meedias-2016","status":"publish","type":"page","link":"https:\/\/www.pernova.ee\/huvikool\/meist-meedias-2016\/","title":{"rendered":"Meist meedias 2016"},"content":{"rendered":"<p>* 16. jaanuar 2016 &#8211; <a href=\"http:\/\/www.parnupostimees.ee\/3470655\/abiturient-uuris-valge-kaabuse-sundi\" target=\"_blank\" rel=\"noopener\">Abiturient uuris valge k\u00e4\u00e4buse s\u00fcndi<\/a><\/p>\n<p>* 16. jaanuar 2016 &#8211; <a href=\"http:\/\/www.parnupostimees.ee\/3470659\/millal-tabab-meid-jargmine-katastroof\" target=\"_blank\" rel=\"noopener\">Millal tabab meid j\u00e4rgmine katastroof<\/a><\/p>\n","protected":false},"excerpt":{"rendered":"<p>* 16. jaanuar 2016 &#8211; Abiturient uuris valge k\u00e4\u00e4buse s\u00fcndi * 16. jaanuar 2016 &#8211; Millal tabab meid j\u00e4rgmine katastroof<\/p>\n","protected":false},"author":3,"featured_media":0,"parent":0,"menu_order":0,"comment_status":"closed","ping_status":"closed","template":"","meta":{"_acf_changed":false,"_exactmetrics_skip_tracking":false,"_exactmetrics_sitenote_active":false,"_exactmetrics_sitenote_note":"","_exactmetrics_sitenote_category":0,"ngg_post_thumbnail":0,"footnotes":""},"class_list":["post-10531","page","type-page","status-publish","hentry"],"acf":false,"_links":{"self":[{"href":"https:\/\/www.pernova.ee\/huvikool\/wp-json\/wp\/v2\/pages\/10531","targetHints":{"allow":["GET"]}}],"collection":[{"href":"https:\/\/www.pernova.ee\/huvikool\/wp-json\/wp\/v2\/pages"}],"about":[{"href":"https:\/\/www.pernova.ee\/huvikool\/wp-json\/wp\/v2\/types\/page"}],"author":[{"embeddable":true,"href":"https:\/\/www.pernova.ee\/huvikool\/wp-json\/wp\/v2\/users\/3"}],"replies":[{"embeddable":true,"href":"https:\/\/www.pernova.ee\/huvikool\/wp-json\/wp\/v2\/comments?post=10531"}],"version-history":[{"count":3,"href":"https:\/\/www.pernova.ee\/huvikool\/wp-json\/wp\/v2\/pages\/10531\/revisions"}],"predecessor-version":[{"id":10599,"href":"https:\/\/www.pernova.ee\/huvikool\/wp-json\/wp\/v2\/pages\/10531\/revisions\/10599"}],"wp:attachment":[{"href":"https:\/\/www.pernova.ee\/huvikool\/wp-json\/wp\/v2\/media?parent=10531"}],"curies":[{"name":"wp","href":"https:\/\/api.w.org\/{rel}","templated":true}]}}