{"id":10533,"date":"2021-11-17T09:23:47","date_gmt":"2021-11-17T07:23:47","guid":{"rendered":"https:\/\/www.pernova.ee\/huvikool\/?page_id=10533"},"modified":"2021-11-17T23:04:44","modified_gmt":"2021-11-17T21:04:44","slug":"meist-meedias-2015","status":"publish","type":"page","link":"https:\/\/www.pernova.ee\/huvikool\/meist-meedias-2015\/","title":{"rendered":"Meist meedias 2015"},"content":{"rendered":"<p>* 18. detsember 2015 &#8211; <a href=\"http:\/\/www.parnupostimees.ee\/3439741\/huviringid-tutvustavad-opilastele-tehnilisi-erialasid\" target=\"_blank\" rel=\"noopener\">Huviringid tutvustavad \u00f5pilastele tehnilisi erialasid<\/a><\/p>\n<p>* 26. september 2015 &#8211; <a href=\"http:\/\/www.parnupostimees.ee\/3340823\/kabinet-vahetus-koogiga-ja-sundis-murumaja\" target=\"_blank\" rel=\"noopener\">Pernova Loodusmaja kohvik ehk MURUMAJA KOHVIK sai Teadlaste \u00d6\u00f6l korralikud ristsed<\/a><\/p>\n","protected":false},"excerpt":{"rendered":"<p>* 18. detsember 2015 &#8211; Huviringid tutvustavad \u00f5pilastele tehnilisi erialasid * 26. september 2015 &#8211; Pernova Loodusmaja kohvik ehk MURUMAJA KOHVIK sai Teadlaste \u00d6\u00f6l korralikud ristsed<\/p>\n","protected":false},"author":3,"featured_media":0,"parent":0,"menu_order":0,"comment_status":"closed","ping_status":"closed","template":"","meta":{"_acf_changed":false,"_exactmetrics_skip_tracking":false,"_exactmetrics_sitenote_active":false,"_exactmetrics_sitenote_note":"","_exactmetrics_sitenote_category":0,"ngg_post_thumbnail":0,"footnotes":""},"class_list":["post-10533","page","type-page","status-publish","hentry"],"acf":false,"_links":{"self":[{"href":"https:\/\/www.pernova.ee\/huvikool\/wp-json\/wp\/v2\/pages\/10533","targetHints":{"allow":["GET"]}}],"collection":[{"href":"https:\/\/www.pernova.ee\/huvikool\/wp-json\/wp\/v2\/pages"}],"about":[{"href":"https:\/\/www.pernova.ee\/huvikool\/wp-json\/wp\/v2\/types\/page"}],"author":[{"embeddable":true,"href":"https:\/\/www.pernova.ee\/huvikool\/wp-json\/wp\/v2\/users\/3"}],"replies":[{"embeddable":true,"href":"https:\/\/www.pernova.ee\/huvikool\/wp-json\/wp\/v2\/comments?post=10533"}],"version-history":[{"count":3,"href":"https:\/\/www.pernova.ee\/huvikool\/wp-json\/wp\/v2\/pages\/10533\/revisions"}],"predecessor-version":[{"id":10602,"href":"https:\/\/www.pernova.ee\/huvikool\/wp-json\/wp\/v2\/pages\/10533\/revisions\/10602"}],"wp:attachment":[{"href":"https:\/\/www.pernova.ee\/huvikool\/wp-json\/wp\/v2\/media?parent=10533"}],"curies":[{"name":"wp","href":"https:\/\/api.w.org\/{rel}","templated":true}]}}