{"id":10795,"date":"2021-11-24T14:05:31","date_gmt":"2021-11-24T12:05:31","guid":{"rendered":"https:\/\/www.pernova.ee\/huvikool\/?page_id=10795"},"modified":"2022-04-05T11:21:39","modified_gmt":"2022-04-05T08:21:39","slug":"unesco-uhendkoolide-vorgustik","status":"publish","type":"page","link":"https:\/\/www.pernova.ee\/huvikool\/unesco-uhendkoolide-vorgustik\/","title":{"rendered":"UNESCO \u00fchendkoolide v\u00f5rgustik"},"content":{"rendered":"\t\t<div data-elementor-type=\"wp-page\" data-elementor-id=\"10795\" class=\"elementor elementor-10795\" data-elementor-post-type=\"page\">\n\t\t\t\t\t\t<section class=\" elementor-section elementor-top-section elementor-element elementor-element-7905390a elementor-section-boxed elementor-section-height-default elementor-section-height-default smart-sticky-default\" data-id=\"7905390a\" data-element_type=\"section\" data-e-type=\"section\">\r\n\t\t\t\t\t\t\t\t<div class=\"elementor-container elementor-column-gap-default\">\r\n\t\t\t\t\r\n\t\t\t\t\t\t\t\t<div class=\" elementor-column elementor-col-50 elementor-top-column elementor-element elementor-element-65d12cb6 \" data-id=\"65d12cb6\" data-element_type=\"column\" data-e-type=\"column\">\r\n\r\n\t\t\t\t\r\n\t\t\t\t<div class=\"elementor-widget-wrap elementor-element-populated\">\r\n\t\t\t\t\t\t\t\t\t\t\r\n\t\t\t\t\t\t<div class=\"elementor-element elementor-element-5831d5d1 elementor-widget elementor-widget-text-editor\" data-id=\"5831d5d1\" data-element_type=\"widget\" data-e-type=\"widget\" data-widget_type=\"text-editor.default\">\n\t\t\t\t<div class=\"elementor-widget-container\">\n\t\t\t\t\t\t\t\t\t&nbsp;\r\n\r\n<a href=\"https:\/\/maailmakool.ee\/eesti-unesco-uhendkoolide-vorgustik\/\" target=\"_blank\" rel=\"noopener\">\u00a0 \u00a0 \u00a0 \u00a0 \u00a0 \u00a0 \u00a0 \u00a0 \u00a0 \u00a0\u00a0 \u00a0 \u00a0 \u00a0 \u00a0 \u00a0 \u00a0\u00a0 <img fetchpriority=\"high\" decoding=\"async\" class=\"wp-image-10791 alignnone\" src=\"https:\/\/www.pernova.ee\/huvikool\/wp-content\/uploads\/2021\/11\/EE-LIIKMED-asp_memberBSP_EE-300x115.png\" alt=\"\" width=\"400\" height=\"154\" \/><\/a>\r\n\r\n&nbsp;\r\n\r\n<a href=\"https:\/\/www.pernova.ee\/huvikool\/wp-content\/uploads\/2021\/11\/UNESCO-aastaplaan.pdf\" class=\"pdfemb-viewer\" style=\"\" data-width=\"max\" data-height=\"max\" data-toolbar=\"top\" data-toolbar-fixed=\"off\">UNESCO aastaplaan<\/a>\t\t\t\t\t\t\t\t<\/div>\n\t\t\t\t<\/div>\n\t\t\t\t\t\t<\/div>\r\n\t\t\t\t<\/div>\r\n\t\t\t\t\t\t\t\t\t<div class=\" elementor-column elementor-col-50 elementor-top-column elementor-element elementor-element-b41a8b4 \" data-id=\"b41a8b4\" data-element_type=\"column\" data-e-type=\"column\">\r\n\r\n\t\t\t\t\r\n\t\t\t\t<div class=\"elementor-widget-wrap elementor-element-populated\">\r\n\t\t\t\t\t\t\t\t\t\t\r\n\t\t\t\t\t\t<div class=\"elementor-element elementor-element-2181a6a elementor-widget elementor-widget-udesign_widget_menu\" data-id=\"2181a6a\" data-element_type=\"widget\" data-e-type=\"widget\" data-widget_type=\"udesign_widget_menu.default\">\n\t\t\t\t<div class=\"elementor-widget-container\">\n\t\t\t\t\t<nav class=\" roheline-kool-kuljemenuu\"><ul id=\"menu-roheline-kool-kuljemenuu\" class=\"menu  vertical-menu\"><li id=\"menu-item-10215\" class=\"menu-item menu-item-type-post_type menu-item-object-page menu-item-10215\"><a href=\"https:\/\/www.pernova.ee\/huvikool\/roheline-kool\/\">Roheline kool<\/a><\/li>\n<li id=\"menu-item-13579\" class=\"menu-item menu-item-type-custom menu-item-object-custom menu-item-13579\"><a target=\"_blank\" rel=\"noopener noreferrer\" href=\"https:\/\/docs.google.com\/forms\/d\/1M4Y1vQe7maJW__RY5YOG6HRWNxqHRlO4rfZrVBbdfBI\/viewform?edit_requested=true\">Keskkonna\u00fclevaatuse k\u00fcsimustik<\/a><\/li>\n<li id=\"menu-item-13977\" class=\"menu-item menu-item-type-post_type menu-item-object-page menu-item-13977\"><a href=\"https:\/\/www.pernova.ee\/huvikool\/tegevuskava-2024-2025\/\">Tegevuskava 2024\/2025<\/a><\/li>\n<li id=\"menu-item-13573\" class=\"menu-item menu-item-type-post_type menu-item-object-page menu-item-13573\"><a href=\"https:\/\/www.pernova.ee\/huvikool\/keskkonnategevuskava-2023-2024\/\">Tegevuskava 2023\/2024<\/a><\/li>\n<li id=\"menu-item-12621\" class=\"menu-item menu-item-type-post_type menu-item-object-page menu-item-12621\"><a href=\"https:\/\/www.pernova.ee\/huvikool\/tegevuskava-2022-2023\/\">Tegevuskava 2022\/2023<\/a><\/li>\n<li id=\"menu-item-13602\" class=\"menu-item menu-item-type-post_type menu-item-object-page menu-item-13602\"><a href=\"https:\/\/www.pernova.ee\/huvikool\/keskkonnatooruhma-liikmed-2023-2024\/\">Keskkonnat\u00f6\u00f6r\u00fchma liikmed 2023\/2024<\/a><\/li>\n<li id=\"menu-item-10219\" class=\"menu-item menu-item-type-post_type menu-item-object-page menu-item-10219\"><a href=\"https:\/\/www.pernova.ee\/huvikool\/roheline-kool\/liikmed\/\">Keskkonnat\u00f6\u00f6r\u00fchma liikmed 2022\/2023<\/a><\/li>\n<li id=\"menu-item-10222\" class=\"menu-item menu-item-type-post_type menu-item-object-page menu-item-10222\"><a href=\"https:\/\/www.pernova.ee\/huvikool\/roheline-kool\/koosolekuprotokollid\/\">Koosolekuprotokollid<\/a><\/li>\n<li id=\"menu-item-10411\" class=\"menu-item menu-item-type-post_type menu-item-object-page menu-item-10411\"><a href=\"https:\/\/www.pernova.ee\/huvikool\/keskkonnapohimotted\/\">Keskkonnap\u00f5him\u00f5tted<\/a><\/li>\n<li id=\"menu-item-10798\" class=\"menu-item menu-item-type-post_type menu-item-object-page menu-item-10798\"><a href=\"https:\/\/www.pernova.ee\/huvikool\/unesco-uhendkoolide-vorgustik\/\">UNESCO \u00fchendkoolide v\u00f5rgustik<\/a><\/li>\n<li id=\"menu-item-13628\" class=\"menu-item menu-item-type-custom menu-item-object-custom menu-item-13628\"><a target=\"_blank\" rel=\"noopener noreferrer\" href=\"https:\/\/www.pernova.ee\/huvikool\/wp-content\/uploads\/2024\/04\/Pernova_HK_ressurssikulu-analuus_2023.pdf\">Ressurssikulu anal\u00fc\u00fcs 2023<\/a><\/li>\n<li id=\"menu-item-13169\" class=\"menu-item menu-item-type-custom menu-item-object-custom menu-item-13169\"><a target=\"_blank\" rel=\"noopener noreferrer\" href=\"https:\/\/www.pernova.ee\/huvikool\/wp-content\/uploads\/2023\/10\/Pernova-_HK_ressursikulu-analuus_2022.pdf\">Ressurssikulu anal\u00fc\u00fcs 2022<\/a><\/li>\n<li id=\"menu-item-13168\" class=\"menu-item menu-item-type-custom menu-item-object-custom menu-item-13168\"><a target=\"_blank\" rel=\"noopener noreferrer\" href=\"https:\/\/www.pernova.ee\/huvikool\/wp-content\/uploads\/2023\/10\/Pernova_HK_ressurssikulu-analuus_2021.pdf\">Ressurssikulu anal\u00fc\u00fcs 2021<\/a><\/li>\n<\/ul><\/nav>\t\t\t\t<\/div>\n\t\t\t\t<\/div>\n\t\t\t\t\t\t<\/div>\r\n\t\t\t\t<\/div>\r\n\t\t\t\t\t\t\t\t<\/div>\r\n\t\t\t<\/section>\r\n\t\t\t\t\t<\/div>\n\t\t","protected":false},"excerpt":{"rendered":"<p>&nbsp; \u00a0 \u00a0 \u00a0 \u00a0 \u00a0 \u00a0 \u00a0 \u00a0 \u00a0 \u00a0\u00a0 \u00a0 \u00a0 \u00a0 \u00a0 \u00a0 \u00a0\u00a0 &nbsp; Roheline kool Tegevuskava 2021\/2022 Keskkonnat\u00f6\u00f6r\u00fchma t\u00f6\u00f6tajad, \u00f5pilased ja lapsevanemad Koosolekuprotokollid Keskkonnap\u00f5him\u00f5tted Keskkonna\u00fclevaatuse k\u00fcsimustik UNESCO \u00fchendkoolide v\u00f5rgustik<\/p>\n","protected":false},"author":3,"featured_media":0,"parent":0,"menu_order":0,"comment_status":"closed","ping_status":"closed","template":"","meta":{"_acf_changed":false,"_exactmetrics_skip_tracking":false,"_exactmetrics_sitenote_active":false,"_exactmetrics_sitenote_note":"","_exactmetrics_sitenote_category":0,"ngg_post_thumbnail":0,"footnotes":""},"class_list":["post-10795","page","type-page","status-publish","hentry"],"acf":false,"_links":{"self":[{"href":"https:\/\/www.pernova.ee\/huvikool\/wp-json\/wp\/v2\/pages\/10795","targetHints":{"allow":["GET"]}}],"collection":[{"href":"https:\/\/www.pernova.ee\/huvikool\/wp-json\/wp\/v2\/pages"}],"about":[{"href":"https:\/\/www.pernova.ee\/huvikool\/wp-json\/wp\/v2\/types\/page"}],"author":[{"embeddable":true,"href":"https:\/\/www.pernova.ee\/huvikool\/wp-json\/wp\/v2\/users\/3"}],"replies":[{"embeddable":true,"href":"https:\/\/www.pernova.ee\/huvikool\/wp-json\/wp\/v2\/comments?post=10795"}],"version-history":[{"count":17,"href":"https:\/\/www.pernova.ee\/huvikool\/wp-json\/wp\/v2\/pages\/10795\/revisions"}],"predecessor-version":[{"id":11542,"href":"https:\/\/www.pernova.ee\/huvikool\/wp-json\/wp\/v2\/pages\/10795\/revisions\/11542"}],"wp:attachment":[{"href":"https:\/\/www.pernova.ee\/huvikool\/wp-json\/wp\/v2\/media?parent=10795"}],"curies":[{"name":"wp","href":"https:\/\/api.w.org\/{rel}","templated":true}]}}