{"id":10980,"date":"2022-02-07T13:25:34","date_gmt":"2022-02-07T11:25:34","guid":{"rendered":"https:\/\/www.pernova.ee\/huvikool\/?page_id=10980"},"modified":"2025-03-04T22:12:15","modified_gmt":"2025-03-04T20:12:15","slug":"skatepark-huviringid","status":"publish","type":"page","link":"https:\/\/www.pernova.ee\/huvikool\/huviringide-nimekiri\/skatepark-huviringid\/","title":{"rendered":"Skatepark huviringid"},"content":{"rendered":"<div class=\"wpb-content-wrapper\"><p>[vc_row][vc_column][vc_column_text css=&#8221;&#8221;]<\/p>\n<h4><img fetchpriority=\"high\" decoding=\"async\" class=\"alignright wp-image-10979 size-medium\" src=\"https:\/\/www.pernova.ee\/huvikool\/wp-content\/uploads\/2022\/02\/Skate_logo2-300x300.png\" alt=\"\" width=\"300\" height=\"300\">Skatepark on parim koht neile noortele, kellele meeldib kiirus, t\u00e4psus ja vastupidavus.<\/h4>\n<p>Endise Raba ujula asemele rajatud siserulapark sai teoks P\u00e4rnu Kaasava Eelarve Rahvah\u00e4\u00e4letuse konkurssi v\u00f5idule ning t\u00e4nu erinevatele sponsoritele.<\/p>\n<p>Alates 14.02 2022 aastast kannab siserulapark uut nime&nbsp; <strong>Pernova Skatepark<\/strong> ja on taas k\u00f5igile avatud.<\/p>\n<p><strong><span style=\"color: #ff0000;\">Skatepark avatud vabas\u00f5itudeks&nbsp;&nbsp; <\/span><\/strong><\/p>\n<ul>\n<li><strong>T&nbsp; 15.00-21.00<\/strong><\/li>\n<li><strong>R, L, P&nbsp; 14.00-20.00<\/strong><\/li>\n<li>NB! Vabas\u00f5idul palume esita \u00f5pilaspilet v\u00f5i iskut t\u00f5endav dokument.<\/li>\n<\/ul>\n<p><strong><span style=\"color: #ff0000;\">Skatepargi treeningud<\/span><\/strong><\/p>\n<ul>\n<li><strong>T\u00f5ukeratas &#8211; <\/strong>neljap\u00e4ev&nbsp; &#8211; juhendaja Deeno Lippand<\/li>\n<li><strong>Rula &#8211;<\/strong> kolmap\u00e4ev&nbsp; &#8211; juhendaja Riimo Mesila<\/li>\n<li><strong>Rulluisutamine &#8211;<\/strong> esmasp\u00e4ev &#8211; juhendaja Laura Toomast<\/li>\n<\/ul>\n<p>vt tunniplaani <a href=\"https:\/\/docs.google.com\/spreadsheets\/d\/e\/2PACX-1vQ7DWSrg0cFkrSuZcrZL-NWWi5jN-unUtE-rzwSqvHDR7g-iS1khS5o5bQeHioBZ0mH-uZwKM5NQL-0\/pubhtml\">siit<\/a><\/p>\n<p><strong><span style=\"color: #ff0000;\">Lisainfo<\/span><\/strong><\/p>\n<ul>\n<li>Treeningute p\u00e4evadel vabas\u00f5ite&nbsp; ei toimu.<\/li>\n<li>Koolivaheaegadel ja&nbsp; riiklikelp\u00fchadel treeninguid ei toimu.<\/li>\n<li>Koolivaheaegadel toimuvate \u00fcrituste ja vabas\u00f5itude kohta leiate info <a href=\"https:\/\/www.facebook.com\/profile.php?id=100077817834610\">siit<\/a><\/li>\n<\/ul>\n<p>Administraator: tel. 5863 9012<br \/>\nKogukonnajuht: tel. 5863 9838<br \/>\nE-post: <a href=\"mailto:skate@pernova.ee\">skate@pernova.ee<\/a><\/p>\n<p><strong>Tule ja teosta end!<\/strong><\/p>\n<p>Esmasel Skatepargi sisenemisel on vajalik t\u00e4ita ja allkirjastada Skatepargi kasutamise tingimuste dokument, mis m\u00e4\u00e4rab \u00e4ra keskuse haldaja Pernova Hariduskeskuse ja keskuse k\u00fclastaja \u00f5igused, kohustused ja vastutuse keskuse kasutamisel.<\/p>\n<p><strong>NB!<\/strong> Skatepargis rajal olles on k\u00f5ikidel (ka \u00fcle 18-aastastel) kiivri kandmine kohustuslik.<\/p>\n<ol>\n<li>Laadi tingimused alla.<\/li>\n<\/ol>\n<ul>\n<li>Alla 18-aastase laps\/noor: lapsevanema n\u00f5usolek Skatepargi kasutamiseks, lae alla <a href=\"https:\/\/www.pernova.ee\/huvikool\/wp-content\/uploads\/2022\/02\/Tingimused-lapsevanem.pdf\" target=\"_blank\" rel=\"noopener\"><strong>SIIT<\/strong><\/a><\/li>\n<li>\u00dcle 18-aastane noor\/t\u00e4iskasvanu: Skatepargi kasutamise tingimused, lae alla <a href=\"https:\/\/www.pernova.ee\/huvikool\/wp-content\/uploads\/2022\/02\/Tingimused-taiskasvanud-ule-18.pdf\" target=\"_blank\" rel=\"noopener\"><strong>SIIT<\/strong><\/a><\/li>\n<\/ul>\n<ol start=\"2\">\n<li>Loe tingimused hoolikalt l\u00e4bi.<\/li>\n<li>T\u00e4ida andmed ja allkirjasta digitaalselt*<\/li>\n<li>Saada dokument e-mailile: <a href=\"mailto:skate@pernova.ee\">skate@pernova.ee<\/a><\/li>\n<li>NB! Kindlasti tutvu Skatepargi sisekorraeeskirjadega.<\/li>\n<li>Kui oled lapsevanem siis tutvusta neid eeskirju kindlasti keskust k\u00fclastavale t\u00fctrele v\u00f5i pojale.<\/li>\n<\/ol>\n<p>*<em>K\u00e4sitsi allkirjastatud dokument v\u00f5ta esimesel k\u00fclastusel kaasa ja anna keskuse administraatorile.<\/em><\/p>\n<p>Treeningutele (T\u00f5ux, Rula, Rulluisutamine) saab registreeruda P\u00e4rnu hariduss\u00fcsteemis <a href=\"https:\/\/arno.parnu.ee\/ctrl\/ee\/Huvikoolid\/vaata\/159\" target=\"_blank\" rel=\"noopener\"><strong>ARNO<\/strong><\/a><\/p>\n<p>Treeningute tutvustus, hind ja vajalik info on <a href=\"https:\/\/www.pernova.ee\/huvikool\/huviringide-nimekiri\/\" target=\"_blank\" rel=\"noopener\">Skatepargi huviringide<\/a> all.[\/vc_column_text][vc_basic_grid post_type=&#8221;huviringid&#8221; max_items=&#8221;10&#8243; orderby=&#8221;title&#8221; order=&#8221;ASC&#8221; item=&#8221;11024&#8243; grid_id=&#8221;vc_gid:1741119055121-d6477a54-4385-0&#8243; el_id=&#8221;skatepark-ringid&#8221; taxonomies=&#8221;47&#8243;][\/vc_column][\/vc_row][vc_row][vc_column][vc_column_text css=&#8221;&#8221;]Treeningute ja vabas\u00f5idu aegu vaata <a href=\"https:\/\/docs.google.com\/spreadsheets\/d\/e\/2PACX-1vQ7DWSrg0cFkrSuZcrZL-NWWi5jN-unUtE-rzwSqvHDR7g-iS1khS5o5bQeHioBZ0mH-uZwKM5NQL-0\/pubhtml\" target=\"_blank\" rel=\"noopener\"><strong>SIIT<\/strong><\/a><\/p>\n<p>NB! Treeningutele saavad registreeruda ainult P\u00e4rnu linna ja maakonna \u00fcldhariduskoolide \u00f5pilased.<\/p>\n<p>Teistel k\u00fclastajatele kehtivad hinnad hinnakirja alusel, piletite hindu vaata <a href=\"https:\/\/www.pernova.ee\/huvikool\/wp-content\/uploads\/2025\/03\/hinnakiri_01.11.2023.pdf\" target=\"_blank\" rel=\"noopener\"><strong>SIIT<\/strong><\/a><\/p>\n<p>Pernova Skatepark asub P\u00e4rnu linnas, Turba 5.<\/p>\n<p><iframe style=\"border: 0;\" src=\"https:\/\/www.google.com\/maps\/embed?pb=!1m18!1m12!1m3!1d2090.0799492295146!2d24.49992372043257!3d58.40891231053181!2m3!1f0!2f0!3f0!3m2!1i1024!2i768!4f13.1!3m3!1m2!1s0x46ece2b53811f989%3A0xb9c9fd803662c45!2sTurba%205%2C%20P%C3%A4rnu%2C%2080041%20P%C3%A4rnu%20maakond!5e0!3m2!1set!2see!4v1644520202346!5m2!1set!2see\" width=\"570\" height=\"300\" allowfullscreen=\"allowfullscreen\"><\/iframe> <iframe style=\"border: 0;\" src=\"https:\/\/www.google.com\/maps\/embed?pb=!4v1644520636693!6m8!1m7!1sKoybsY4VyM-RP7xrUGJ7aA!2m2!1d58.40939371029237!2d24.50064439696184!3f98.22746486599597!4f-9.857246306219267!5f1.3716576781184293\" width=\"570\" height=\"300\" allowfullscreen=\"allowfullscreen\"><\/iframe>[\/vc_column_text][\/vc_column][\/vc_row]<\/p>\n<\/div>","protected":false},"excerpt":{"rendered":"<p>[vc_row][vc_column][vc_column_text css=&#8221;&#8221;] Skatepark on parim koht neile noortele, kellele meeldib kiirus, t\u00e4psus ja vastupidavus. Endise Raba ujula asemele rajatud siserulapark sai teoks P\u00e4rnu Kaasava Eelarve Rahvah\u00e4\u00e4letuse konkurssi v\u00f5idule ning t\u00e4nu erinevatele sponsoritele. Alates 14.02 2022 aastast kannab siserulapark uut nime&nbsp; Pernova Skatepark ja on taas k\u00f5igile avatud. Skatepark avatud vabas\u00f5itudeks&nbsp;&nbsp; T&nbsp; 15.00-21.00 R, L, P&nbsp; [&hellip;]<\/p>\n","protected":false},"author":3,"featured_media":0,"parent":10063,"menu_order":0,"comment_status":"closed","ping_status":"closed","template":"","meta":{"_acf_changed":false,"_exactmetrics_skip_tracking":false,"_exactmetrics_sitenote_active":false,"_exactmetrics_sitenote_note":"","_exactmetrics_sitenote_category":0,"ngg_post_thumbnail":0,"footnotes":""},"class_list":["post-10980","page","type-page","status-publish","hentry"],"acf":false,"_links":{"self":[{"href":"https:\/\/www.pernova.ee\/huvikool\/wp-json\/wp\/v2\/pages\/10980","targetHints":{"allow":["GET"]}}],"collection":[{"href":"https:\/\/www.pernova.ee\/huvikool\/wp-json\/wp\/v2\/pages"}],"about":[{"href":"https:\/\/www.pernova.ee\/huvikool\/wp-json\/wp\/v2\/types\/page"}],"author":[{"embeddable":true,"href":"https:\/\/www.pernova.ee\/huvikool\/wp-json\/wp\/v2\/users\/3"}],"replies":[{"embeddable":true,"href":"https:\/\/www.pernova.ee\/huvikool\/wp-json\/wp\/v2\/comments?post=10980"}],"version-history":[{"count":62,"href":"https:\/\/www.pernova.ee\/huvikool\/wp-json\/wp\/v2\/pages\/10980\/revisions"}],"predecessor-version":[{"id":14044,"href":"https:\/\/www.pernova.ee\/huvikool\/wp-json\/wp\/v2\/pages\/10980\/revisions\/14044"}],"up":[{"embeddable":true,"href":"https:\/\/www.pernova.ee\/huvikool\/wp-json\/wp\/v2\/pages\/10063"}],"wp:attachment":[{"href":"https:\/\/www.pernova.ee\/huvikool\/wp-json\/wp\/v2\/media?parent=10980"}],"curies":[{"name":"wp","href":"https:\/\/api.w.org\/{rel}","templated":true}]}}