{"id":11964,"date":"2022-07-15T11:55:48","date_gmt":"2022-07-15T08:55:48","guid":{"rendered":"https:\/\/www.pernova.ee\/huvikool\/?page_id=11964"},"modified":"2022-07-15T23:25:46","modified_gmt":"2022-07-15T20:25:46","slug":"tookuulutused","status":"publish","type":"page","link":"https:\/\/www.pernova.ee\/huvikool\/tookuulutused\/","title":{"rendered":"T\u00f6\u00f6kuulutused"},"content":{"rendered":"<h4>T\u00f6\u00f6kuulutused<\/h4>\n<p><strong>Kirjuta v\u00f5i helista:\u00a0\u00a0 info@pernova.ee\u00a0\u00a0 v\u00f5i\u00a0\u00a0 443 5875 \/ 5345 5319<\/strong><\/p>\n<h5><strong>Pernova Skatepark \u2013 KOGUKONNAJUHT<br \/>\n<\/strong><\/h5>\n<div id='gallery-1' class='gallery galleryid-11964 gallery-columns-4 gallery-size-medium'><figure class='gallery-item'>\n\t\t\t<div class='gallery-icon landscape'>\n\t\t\t\t<img fetchpriority=\"high\" decoding=\"async\" width=\"300\" height=\"169\" src=\"https:\/\/www.pernova.ee\/huvikool\/wp-content\/uploads\/2022\/02\/SPy_06-300x169.jpg\" class=\"attachment-medium size-medium\" alt=\"\" \/>\n\t\t\t<\/div><\/figure><figure class='gallery-item'>\n\t\t\t<div class='gallery-icon landscape'>\n\t\t\t\t<img decoding=\"async\" width=\"300\" height=\"169\" src=\"https:\/\/www.pernova.ee\/huvikool\/wp-content\/uploads\/2022\/02\/SPy_05-300x169.jpg\" class=\"attachment-medium size-medium\" alt=\"\" \/>\n\t\t\t<\/div><\/figure><figure class='gallery-item'>\n\t\t\t<div class='gallery-icon landscape'>\n\t\t\t\t<img decoding=\"async\" width=\"300\" height=\"169\" src=\"https:\/\/www.pernova.ee\/huvikool\/wp-content\/uploads\/2022\/02\/SPy_04-300x169.jpg\" class=\"attachment-medium size-medium\" alt=\"\" \/>\n\t\t\t<\/div><\/figure><figure class='gallery-item'>\n\t\t\t<div class='gallery-icon landscape'>\n\t\t\t\t<img loading=\"lazy\" decoding=\"async\" width=\"300\" height=\"169\" src=\"https:\/\/www.pernova.ee\/huvikool\/wp-content\/uploads\/2022\/02\/SPy_03-300x169.jpg\" class=\"attachment-medium size-medium\" alt=\"\" \/>\n\t\t\t<\/div><\/figure>\n\t\t<\/div>\n\n<p>Kogukonnajuhi t\u00f6\u00f6 eesm\u00e4rk on liimina \u00fchendada t\u00e4nava- ja ekstreemspordi kogukonda. Selleks toob ta kokku erinevad osapooled, korraldab tegevusi ja \u00fchis\u00fcritusi, toetab ja koordineerib Skatepargi igap\u00e4evast t\u00f6\u00f6d ning osaleb Pernova arendustegevustes.<\/p>\n<p><strong>Pernova Skatepargis ootab Sind:<\/strong><\/p>\n<ul>\n<li>huvitav ja vaheldusrikas t\u00f6\u00f6;<\/li>\n<li>s\u00f5bralik meeskond ja toetav t\u00f6\u00f6kultuur;<\/li>\n<li>\u00e4gedad, andekad ja aktiivsed noored;<\/li>\n<li>v\u00f5imalus kutsuda ellu p\u00f6\u00f6raselt \u00e4gedaid projekte\/ideid;<\/li>\n<li>v\u00f5imalus luua t\u00f6\u00f6koht, mis sobib just Sulle!<\/li>\n<\/ul>\n<p><strong>Sobival kandidaadil on:<\/strong><\/p>\n<ul>\n<li>k\u00f5rgharidus ja eesti keele oskus k\u00f5rgtasemel;<\/li>\n<li>kogemus \u00fcrituste korraldamises ning t\u00f6\u00f6s noortega;<\/li>\n<li>oskus n\u00e4ha suurt pilti ja mitte unustada detaile;<\/li>\n<li>koost\u00f6isus ja v\u00e4ga hea suhtlemisoskus;<\/li>\n<li>soov olla k\u00e4ivitaja.<\/li>\n<\/ul>\n<h5><strong>Pernova Hariduskeskus &#8211;\u00a0 PROJEKTI- JA HUVIJUHT <\/strong><\/h5>\n<div id='gallery-2' class='gallery galleryid-11964 gallery-columns-4 gallery-size-medium'><figure class='gallery-item'>\n\t\t\t<div class='gallery-icon landscape'>\n\t\t\t\t<img loading=\"lazy\" decoding=\"async\" width=\"300\" height=\"169\" src=\"https:\/\/www.pernova.ee\/huvikool\/wp-content\/uploads\/2021\/11\/HR_01-300x169.jpg\" class=\"attachment-medium size-medium\" alt=\"\" \/>\n\t\t\t<\/div><\/figure><figure class='gallery-item'>\n\t\t\t<div class='gallery-icon landscape'>\n\t\t\t\t<img loading=\"lazy\" decoding=\"async\" width=\"300\" height=\"169\" src=\"https:\/\/www.pernova.ee\/huvikool\/wp-content\/uploads\/2021\/11\/HR_05-300x169.jpg\" class=\"attachment-medium size-medium\" alt=\"\" \/>\n\t\t\t<\/div><\/figure><figure class='gallery-item'>\n\t\t\t<div class='gallery-icon landscape'>\n\t\t\t\t<img loading=\"lazy\" decoding=\"async\" width=\"300\" height=\"169\" src=\"https:\/\/www.pernova.ee\/huvikool\/wp-content\/uploads\/2021\/11\/HR_07-300x169.jpg\" class=\"attachment-medium size-medium\" alt=\"\" \/>\n\t\t\t<\/div><\/figure><figure class='gallery-item'>\n\t\t\t<div class='gallery-icon landscape'>\n\t\t\t\t<img loading=\"lazy\" decoding=\"async\" width=\"300\" height=\"169\" src=\"https:\/\/www.pernova.ee\/huvikool\/wp-content\/uploads\/2021\/11\/HR_10-300x169.jpg\" class=\"attachment-medium size-medium\" alt=\"\" \/>\n\t\t\t<\/div><\/figure>\n\t\t<\/div>\n\n<p>Huvijuhi t\u00f6\u00f6 eesm\u00e4rk on l\u00f5imida \u00fchtseks pereks Pernova erineva \u00f5ppesuuna \u00f5pilased ja l\u00e4bi s\u00fcndmuste\/\u00fcrituste pakkuda mitmek\u00fclgseid tegevusi k\u00f5igile P\u00e4rnu linna lastele\/noortele, mis aitaks kaasa noorte suuremale kaasatusele huviringide tegevustes.<\/p>\n<p>Oma t\u00f6\u00f6s oled partner huviringi \u00f5petajale ning h\u00e4\u00e4lekaja noorte soovidele ja vajadustele. Selleks koordineerid huviringide \u00fcleseid \u00fcritusi\/s\u00fcndmusi, lood Pernova huvikooli s\u00f5bralikku vabaaja keskkonda ning osaled Pernova arendustegevuses.<\/p>\n<p><strong>Pernovas ootab Sind:<\/strong><\/p>\n<ul>\n<li>v\u00e4ga mitmek\u00fclgne ja v\u00e4ljakutseid pakkuv t\u00f6\u00f6<\/li>\n<li>p\u00f6\u00f6raselt aktiivne ja eesm\u00e4rkidele p\u00fchendunud meeskond<\/li>\n<li>pidevalt arenev t\u00f6\u00f6- ja \u00f5pikeskkond<\/li>\n<li>v\u00f5imalus panustada LTT valdkonna noorte arengusse<\/li>\n<li>v\u00f5imalus olla uute ideede\/projektide ellukutsuja.<\/li>\n<\/ul>\n<p><strong>Sobival kandidaadil on:<\/strong><\/p>\n<ul>\n<li>erialane k\u00f5rgharidus v\u00f5i noorsoot\u00f6\u00f6 kutse tase 6<\/li>\n<li>kogemus \u00fcrituste korraldamises ning t\u00f6\u00f6s noortega<\/li>\n<li>oskus n\u00e4ha suurt pilti ja mitte unustada detaile<\/li>\n<li>oled meeskonnam\u00e4ngija ja hea pingetaluvusega<\/li>\n<li>orienteerud kiiretes muutustes ja oled hea kohaneja<\/li>\n<li>v\u00e4ga hea eesti ja inglise keele oskus<\/li>\n<\/ul>\n<h5><strong>Pernova Hariduseksus &#8211; HUVIRINGI \u00d5PETAJA\u00a0 <\/strong><\/h5>\n<p><strong><em>Loodus- ja tehnika \u00f5ppesuundadel<\/em><\/strong><\/p>\n<div id='gallery-3' class='gallery galleryid-11964 gallery-columns-4 gallery-size-medium'><figure class='gallery-item'>\n\t\t\t<div class='gallery-icon landscape'>\n\t\t\t\t<img loading=\"lazy\" decoding=\"async\" width=\"300\" height=\"225\" src=\"https:\/\/www.pernova.ee\/huvikool\/wp-content\/uploads\/2022\/01\/RB1221_05_cr-300x225.jpg\" class=\"attachment-medium size-medium\" alt=\"\" \/>\n\t\t\t<\/div><\/figure><figure class='gallery-item'>\n\t\t\t<div class='gallery-icon landscape'>\n\t\t\t\t<img loading=\"lazy\" decoding=\"async\" width=\"300\" height=\"225\" src=\"https:\/\/www.pernova.ee\/huvikool\/wp-content\/uploads\/2022\/01\/RB1221_03_cr-300x225.jpg\" class=\"attachment-medium size-medium\" alt=\"\" \/>\n\t\t\t<\/div><\/figure><figure class='gallery-item'>\n\t\t\t<div class='gallery-icon landscape'>\n\t\t\t\t<img loading=\"lazy\" decoding=\"async\" width=\"300\" height=\"225\" src=\"https:\/\/www.pernova.ee\/huvikool\/wp-content\/uploads\/2018\/09\/71379568_1521781997961620_977065339982446592_o-300x225.jpg\" class=\"attachment-medium size-medium\" alt=\"\" \/>\n\t\t\t<\/div><\/figure><figure class='gallery-item'>\n\t\t\t<div class='gallery-icon landscape'>\n\t\t\t\t<img loading=\"lazy\" decoding=\"async\" width=\"300\" height=\"225\" src=\"https:\/\/www.pernova.ee\/huvikool\/wp-content\/uploads\/2016\/01\/43788699_2046589215406949_3556979506663129088_o-300x225.jpg\" class=\"attachment-medium size-medium\" alt=\"\" \/>\n\t\t\t<\/div><\/figure>\n\t\t<\/div>\n\n<p>Huviringi \u00f5petaja t\u00f6\u00f6 eesm\u00e4rk on jagada noortele oskusi ja teadmisi LTT valdkonnas. Huviringe viiakse l\u00e4bi \u00f5ppeaasta jooksul huvikooli \u00f5ppekava alusel ning huviringi tegevuse eesm\u00e4rkidest l\u00e4htuvalt. Oma t\u00f6\u00f6s oled innustaja, mentor ja juhendaja loodus- v\u00f5i tehnikasuuna huvilistele noortele.<\/p>\n<p>Juhendaja\/\u00f5petaja t\u00f6\u00f6s l\u00e4htud tegevuste ellu viimisel oma hobist ja sellest valdkonnast, mida iseendale k\u00f5ige s\u00fcdamel\u00e4hedasemaks pead. Olgu selleks putukateadus, maailmaruum, erinevad loodusvaldkonnad, arvutiteadus, elektroonika, robootika v\u00f5i hoopis leiutamine. Tutvu meie huviringide valikuga, mida juba t\u00e4na noortele pakume ja loo huviring, mis pakuks edu ning teadmiste jagamise v\u00f5imalust just Sulle!<\/p>\n<p><strong>Pernovas ootab sind:<\/strong><\/p>\n<ul>\n<li>v\u00f5imalus teha s\u00fcdamega ning oma huvidest\/hobidest l\u00e4htuvat t\u00f6\u00f6d;<\/li>\n<li>kogeda toetavat ning eesm\u00e4rkidele p\u00fchendunud meeskonnat\u00f6\u00f6d;<\/li>\n<li>tugi uue huviala ellu \u00e4ratamisel;<\/li>\n<li>alustava huviringi juhendaja koolitus (vajadusel);<\/li>\n<li>mentor\u00f5petaja, kes aitab Sul uude keskkonda sisse elada ja uue v\u00e4ljakutsega kohaneda;<\/li>\n<li>hea \u00f5pikeskkond ja \u00f5ppet\u00f6\u00f6ks vajalikud vahendid;<\/li>\n<li>v\u00f5imalus olla ennast juhtiv \u00f5petaja \u2013 iga huviring on \u00f5petaja\/juhendaja n\u00e4gu J<\/li>\n<li>toetav ja innustav juhtkond.<\/li>\n<\/ul>\n<p><strong>Sobival kandidaadil on:<\/strong><\/p>\n<ul>\n<li>erialane valdkondlik haridus ja valmisolek ennast pidevalt t\u00e4iendada, \u00f5ppida;<\/li>\n<li>julgus ja tahe oma kogemusi\/teadmisi jagada;<\/li>\n<li>teadmised ja oskused valitud valdkonnas;<\/li>\n<li>head suhtlemisoskused;<\/li>\n<li>arvuti on pigem s\u00f5ber kui vaenlane;<\/li>\n<li>v\u00e4ga hea eesti keele oskus.<\/li>\n<\/ul>\n<h5><strong>Pernova Loodusmaja &#8211; AKVARIST<br \/>\n<\/strong><\/h5>\n<p>Otsime kohusetundlikku ja t\u00f6\u00f6kat akvaristi, kelle t\u00f6\u00f6 sisuks on igap\u00e4evane akvaariumite hooldus ja kalade toitmine.<br \/>\nKandidaadilt eeldame eelnevat hobiakvaristika kogemust.<\/p>\n<div style=\"width: 3840px;\" class=\"wp-video\"><video class=\"wp-video-shortcode\" id=\"video-11964-1\" width=\"3840\" height=\"2160\" preload=\"metadata\" controls=\"controls\"><source type=\"video\/mp4\" src=\"https:\/\/www.pernova.ee\/huvikool\/wp-content\/uploads\/2022\/07\/Kala.mp4?_=1\" \/><a href=\"https:\/\/www.pernova.ee\/huvikool\/wp-content\/uploads\/2022\/07\/Kala.mp4\">https:\/\/www.pernova.ee\/huvikool\/wp-content\/uploads\/2022\/07\/Kala.mp4<\/a><\/video><\/div>\n","protected":false},"excerpt":{"rendered":"<p>T\u00f6\u00f6kuulutused Kirjuta v\u00f5i helista:\u00a0\u00a0 info@pernova.ee\u00a0\u00a0 v\u00f5i\u00a0\u00a0 443 5875 \/ 5345 5319 Pernova Skatepark \u2013 KOGUKONNAJUHT Kogukonnajuhi t\u00f6\u00f6 eesm\u00e4rk on liimina \u00fchendada t\u00e4nava- ja ekstreemspordi kogukonda. Selleks toob ta kokku erinevad osapooled, korraldab tegevusi ja \u00fchis\u00fcritusi, toetab ja koordineerib Skatepargi igap\u00e4evast t\u00f6\u00f6d ning osaleb Pernova arendustegevustes. Pernova Skatepargis ootab Sind: huvitav ja vaheldusrikas t\u00f6\u00f6; s\u00f5bralik meeskond [&hellip;]<\/p>\n","protected":false},"author":1,"featured_media":11963,"parent":0,"menu_order":0,"comment_status":"closed","ping_status":"closed","template":"","meta":{"_acf_changed":false,"_exactmetrics_skip_tracking":false,"_exactmetrics_sitenote_active":false,"_exactmetrics_sitenote_note":"","_exactmetrics_sitenote_category":0,"ngg_post_thumbnail":0,"footnotes":""},"class_list":["post-11964","page","type-page","status-publish","has-post-thumbnail","hentry"],"acf":false,"_links":{"self":[{"href":"https:\/\/www.pernova.ee\/huvikool\/wp-json\/wp\/v2\/pages\/11964","targetHints":{"allow":["GET"]}}],"collection":[{"href":"https:\/\/www.pernova.ee\/huvikool\/wp-json\/wp\/v2\/pages"}],"about":[{"href":"https:\/\/www.pernova.ee\/huvikool\/wp-json\/wp\/v2\/types\/page"}],"author":[{"embeddable":true,"href":"https:\/\/www.pernova.ee\/huvikool\/wp-json\/wp\/v2\/users\/1"}],"replies":[{"embeddable":true,"href":"https:\/\/www.pernova.ee\/huvikool\/wp-json\/wp\/v2\/comments?post=11964"}],"version-history":[{"count":10,"href":"https:\/\/www.pernova.ee\/huvikool\/wp-json\/wp\/v2\/pages\/11964\/revisions"}],"predecessor-version":[{"id":11980,"href":"https:\/\/www.pernova.ee\/huvikool\/wp-json\/wp\/v2\/pages\/11964\/revisions\/11980"}],"wp:featuredmedia":[{"embeddable":true,"href":"https:\/\/www.pernova.ee\/huvikool\/wp-json\/wp\/v2\/media\/11963"}],"wp:attachment":[{"href":"https:\/\/www.pernova.ee\/huvikool\/wp-json\/wp\/v2\/media?parent=11964"}],"curies":[{"name":"wp","href":"https:\/\/api.w.org\/{rel}","templated":true}]}}