{"id":12355,"date":"2022-12-02T11:25:53","date_gmt":"2022-12-02T09:25:53","guid":{"rendered":"https:\/\/www.pernova.ee\/huvikool\/?page_id=12355"},"modified":"2025-03-04T22:49:27","modified_gmt":"2025-03-04T20:49:27","slug":"skate-uritus","status":"publish","type":"page","link":"https:\/\/www.pernova.ee\/huvikool\/skate-uritus\/","title":{"rendered":"Skate \u00fcritus"},"content":{"rendered":"<h5><b>S\u00fcnnip\u00e4evapakett&nbsp; vabas\u00f5iduga (kuni 15 noort)<\/b><\/h5>\n<p>Hind 150 eurot<\/p>\n<p>Hind sisaldab: keskuse broneeringut 3 tundi, raja kasutamist koos varustusega ning noortetoa kasutust (toitlustus- ja m\u00e4nguala).<\/p>\n<p>T\u00e4iendav info ja broneerimine: tel. 58639012 v\u00f5i <a href=\"mailto:skate@pernova.ee\">skate@pernova.ee<\/a><\/p>\n<p>&nbsp;<\/p>\n<h5><b>S\u00fcnnip\u00e4evapakett&nbsp; p\u00f5genemistoaga (kuni 15 noort)<\/b><\/h5>\n<p>Hind 200 eurot<\/p>\n<p>Hind sisaldab: keskuse broneeringut 3 tundi, sealhulgas p\u00f5genemistoa seiklust, raja kasutamist koos varustusega ning noortetoa kasutust (toitlustus- ja m\u00e4nguala).<\/p>\n<p>T\u00e4iendav info ja broneerimine: tel. 58639012 v\u00f5i <a href=\"mailto:skate@pernova.ee\">skate@pernova.ee<\/a><\/p>\n<p>&nbsp;<\/p>\n<p><strong>NB! Skatepargis rajal olles on k\u00f5ikidel (ka \u00fcle 18-aastastel) kiivri kandmine kohustuslik.<\/strong><\/p>\n<p><img fetchpriority=\"high\" decoding=\"async\" class=\"alignnone size-full wp-image-12354\" src=\"https:\/\/www.pernova.ee\/huvikool\/wp-content\/uploads\/2022\/12\/Skate_lapsed.jpg\" alt=\"\" width=\"1920\" height=\"1080\" srcset=\"https:\/\/www.pernova.ee\/huvikool\/wp-content\/uploads\/2022\/12\/Skate_lapsed.jpg 1920w, https:\/\/www.pernova.ee\/huvikool\/wp-content\/uploads\/2022\/12\/Skate_lapsed-1024x576.jpg 1024w, https:\/\/www.pernova.ee\/huvikool\/wp-content\/uploads\/2022\/12\/Skate_lapsed-768x432.jpg 768w, https:\/\/www.pernova.ee\/huvikool\/wp-content\/uploads\/2022\/12\/Skate_lapsed-1536x864.jpg 1536w, https:\/\/www.pernova.ee\/huvikool\/wp-content\/uploads\/2022\/12\/Skate_lapsed-780x440.jpg 780w\" sizes=\"(max-width: 1920px) 100vw, 1920px\" \/><\/p>\n","protected":false},"excerpt":{"rendered":"<p>S\u00fcnnip\u00e4evapakett&nbsp; vabas\u00f5iduga (kuni 15 noort) Hind 150 eurot Hind sisaldab: keskuse broneeringut 3 tundi, raja kasutamist koos varustusega ning noortetoa kasutust (toitlustus- ja m\u00e4nguala). T\u00e4iendav info ja broneerimine: tel. 58639012 v\u00f5i skate@pernova.ee &nbsp; S\u00fcnnip\u00e4evapakett&nbsp; p\u00f5genemistoaga (kuni 15 noort) Hind 200 eurot Hind sisaldab: keskuse broneeringut 3 tundi, sealhulgas p\u00f5genemistoa seiklust, raja kasutamist koos varustusega ning [&hellip;]<\/p>\n","protected":false},"author":1,"featured_media":0,"parent":0,"menu_order":0,"comment_status":"closed","ping_status":"closed","template":"","meta":{"_acf_changed":false,"_exactmetrics_skip_tracking":false,"_exactmetrics_sitenote_active":false,"_exactmetrics_sitenote_note":"","_exactmetrics_sitenote_category":0,"ngg_post_thumbnail":0,"footnotes":""},"class_list":["post-12355","page","type-page","status-publish","hentry"],"acf":false,"_links":{"self":[{"href":"https:\/\/www.pernova.ee\/huvikool\/wp-json\/wp\/v2\/pages\/12355","targetHints":{"allow":["GET"]}}],"collection":[{"href":"https:\/\/www.pernova.ee\/huvikool\/wp-json\/wp\/v2\/pages"}],"about":[{"href":"https:\/\/www.pernova.ee\/huvikool\/wp-json\/wp\/v2\/types\/page"}],"author":[{"embeddable":true,"href":"https:\/\/www.pernova.ee\/huvikool\/wp-json\/wp\/v2\/users\/1"}],"replies":[{"embeddable":true,"href":"https:\/\/www.pernova.ee\/huvikool\/wp-json\/wp\/v2\/comments?post=12355"}],"version-history":[{"count":5,"href":"https:\/\/www.pernova.ee\/huvikool\/wp-json\/wp\/v2\/pages\/12355\/revisions"}],"predecessor-version":[{"id":14056,"href":"https:\/\/www.pernova.ee\/huvikool\/wp-json\/wp\/v2\/pages\/12355\/revisions\/14056"}],"wp:attachment":[{"href":"https:\/\/www.pernova.ee\/huvikool\/wp-json\/wp\/v2\/media?parent=12355"}],"curies":[{"name":"wp","href":"https:\/\/api.w.org\/{rel}","templated":true}]}}