{"id":13596,"date":"2024-04-28T22:29:15","date_gmt":"2024-04-28T19:29:15","guid":{"rendered":"https:\/\/www.pernova.ee\/huvikool\/?page_id=13596"},"modified":"2024-04-28T22:38:46","modified_gmt":"2024-04-28T19:38:46","slug":"keskkonnatooruhma-liikmed-2023-2024","status":"publish","type":"page","link":"https:\/\/www.pernova.ee\/huvikool\/keskkonnatooruhma-liikmed-2023-2024\/","title":{"rendered":"Keskkonnat\u00f6\u00f6r\u00fchma liikmed 2023\/2024"},"content":{"rendered":"<a href=\"https:\/\/www.pernova.ee\/huvikool\/wp-content\/uploads\/2024\/04\/Pernova-Hariduskeskuse-Rohelise-kooli-keskkonnatooruhma-liikmed-2023.pdf\" class=\"pdfemb-viewer\" style=\"\" data-width=\"max\" data-height=\"max\" data-toolbar=\"top\" data-toolbar-fixed=\"off\">Pernova-Hariduskeskuse-Rohelise-kooli-keskkonnatooruhma-liikmed-2023<\/a>\n","protected":false},"excerpt":{"rendered":"Pernova-Hariduskeskuse-Rohelise-kooli-keskkonnatooruhma-liikmed-2023","protected":false},"author":1,"featured_media":0,"parent":0,"menu_order":0,"comment_status":"closed","ping_status":"closed","template":"","meta":{"_acf_changed":false,"_exactmetrics_skip_tracking":false,"_exactmetrics_sitenote_active":false,"_exactmetrics_sitenote_note":"","_exactmetrics_sitenote_category":0,"ngg_post_thumbnail":0,"footnotes":""},"class_list":["post-13596","page","type-page","status-publish","hentry"],"acf":false,"_links":{"self":[{"href":"https:\/\/www.pernova.ee\/huvikool\/wp-json\/wp\/v2\/pages\/13596","targetHints":{"allow":["GET"]}}],"collection":[{"href":"https:\/\/www.pernova.ee\/huvikool\/wp-json\/wp\/v2\/pages"}],"about":[{"href":"https:\/\/www.pernova.ee\/huvikool\/wp-json\/wp\/v2\/types\/page"}],"author":[{"embeddable":true,"href":"https:\/\/www.pernova.ee\/huvikool\/wp-json\/wp\/v2\/users\/1"}],"replies":[{"embeddable":true,"href":"https:\/\/www.pernova.ee\/huvikool\/wp-json\/wp\/v2\/comments?post=13596"}],"version-history":[{"count":3,"href":"https:\/\/www.pernova.ee\/huvikool\/wp-json\/wp\/v2\/pages\/13596\/revisions"}],"predecessor-version":[{"id":13599,"href":"https:\/\/www.pernova.ee\/huvikool\/wp-json\/wp\/v2\/pages\/13596\/revisions\/13599"}],"wp:attachment":[{"href":"https:\/\/www.pernova.ee\/huvikool\/wp-json\/wp\/v2\/media?parent=13596"}],"curies":[{"name":"wp","href":"https:\/\/api.w.org\/{rel}","templated":true}]}}