{"id":324,"date":"2016-01-29T10:29:36","date_gmt":"2016-01-29T10:29:36","guid":{"rendered":"http:\/\/tasku.co\/pern\/?page_id=324"},"modified":"2024-05-21T16:36:17","modified_gmt":"2024-05-21T13:36:17","slug":"projektitoo","status":"publish","type":"page","link":"https:\/\/www.pernova.ee\/huvikool\/projektitoo\/","title":{"rendered":"Projektit\u00f6\u00f6"},"content":{"rendered":"<div class=\"wpb-content-wrapper\"><p>[vc_row][vc_column width=&#8221;1\/6&#8243;][vc_column_text]<a href=\"https:\/\/kik.ee\/et\" target=\"_blank\" rel=\"noopener\"><img decoding=\"async\" class=\"wp-image-10347 alignnone\" src=\"https:\/\/www.pernova.ee\/huvikool\/wp-content\/uploads\/2021\/11\/kik_est_logo.png\" alt=\"\" width=\"301\" height=\"42\"><\/a>[\/vc_column_text][\/vc_column][vc_column width=&#8221;1\/6&#8243;][vc_column_text]<a href=\"https:\/\/www.innove.ee\/organisatsioonist\/\" target=\"_blank\" rel=\"noopener\"><img decoding=\"async\" class=\"aligncenter wp-image-10350\" src=\"https:\/\/www.pernova.ee\/huvikool\/wp-content\/uploads\/2021\/11\/innove_logo.png\" alt=\"\" width=\"138\" height=\"42\"><\/a>[\/vc_column_text][\/vc_column][vc_column width=&#8221;1\/6&#8243;][vc_column_text]<a href=\"https:\/\/www.eas.ee\/\" target=\"_blank\" rel=\"noopener\"><img decoding=\"async\" class=\"wp-image-10352 aligncenter\" src=\"https:\/\/www.pernova.ee\/huvikool\/wp-content\/uploads\/2021\/11\/EAS_SF_RGB_EST-1024x298.png\" alt=\"\" width=\"178\" height=\"52\"><\/a>[\/vc_column_text][\/vc_column][vc_column width=&#8221;1\/6&#8243;][vc_column_text]<a href=\"https:\/\/harno.ee\/\" target=\"_blank\" rel=\"noopener\"><img loading=\"lazy\" decoding=\"async\" class=\"wp-image-11867 aligncenter\" src=\"https:\/\/www.pernova.ee\/huvikool\/wp-content\/uploads\/2022\/06\/haridus-ja.png\" alt=\"\" width=\"161\" height=\"42\"><\/a>[\/vc_column_text][\/vc_column][vc_column width=&#8221;1\/6&#8243;][vc_column_text]<a href=\"https:\/\/entk.ee\/\" target=\"_blank\" rel=\"noopener\"><img loading=\"lazy\" decoding=\"async\" class=\"wp-image-11863 aligncenter\" src=\"https:\/\/www.pernova.ee\/huvikool\/wp-content\/uploads\/2022\/06\/NoorteHeaks-logo.png\" alt=\"\" width=\"126\" height=\"42\"><\/a>[\/vc_column_text][\/vc_column][vc_column width=&#8221;1\/6&#8243;][vc_column_text]<a href=\"https:\/\/eeagrants.org\/archive\/2014-2021\/projects\/EE-CLIMATE-0025\"><img loading=\"lazy\" decoding=\"async\" class=\"wp-image-13656 alignnone\" src=\"https:\/\/www.pernova.ee\/huvikool\/wp-content\/uploads\/2024\/05\/EEA_grants_logo1-300x210.png\" alt=\"\" width=\"60\" height=\"42\"><\/a>[\/vc_column_text][\/vc_column][\/vc_row][vc_row][vc_column width=&#8221;1\/3&#8243;][vc_tta_accordion active_section=&#8221;87543&#8243; collapsible_all=&#8221;true&#8221;][vc_tta_section title=&#8221;2019 projektid&#8221; tab_id=&#8221;2019&#8243;][vc_column_text]<\/p>\n<h5>&nbsp;<\/h5>\n<h5>KIK KESKKONNATEADLIKKUSE PROGRAMM <strong>\u201eLASTEAIA TEEMAKASTIDE METOODILISE MATERJALI V\u00c4LJAT\u00d6\u00d6TAMINE\u201c <\/strong><\/h5>\n<p>Loe kokkuv\u00f5tet <a href=\"https:\/\/www.pernova.ee\/huvikool\/wp-content\/uploads\/2019\/06\/Projekt-\u201eLasteaia-teemakastide-metoodilise-materjali-v\u00e4ljat\u00f6\u00f6tamine\u201c-.pdf\" target=\"_blank\" rel=\"noopener\"><strong>siit<\/strong><\/a>. Teemakastid on <a href=\"https:\/\/www.pernova.ee\/huvikool\/wp-content\/uploads\/2019\/06\/Teemakastid-projektile-\u201eLasteaia-teemakastide-metoodilise-materjali-v\u00e4ljat\u00f6\u00f6tamine\u201c-.pdf\" target=\"_blank\" rel=\"noopener\"><strong>siin<\/strong><\/a>.<\/p>\n<p>**********<\/p>\n<h5>PROGRAMM \u201cT\u00d5RJUTUSRISKIS NOORTE KAASAMINE JA NOORTE T\u00d6\u00d6H\u00d5IVEVALMIDUSE PARANDAMINE\u201d<\/h5>\n<p>Info on <a href=\"https:\/\/www.pernova.ee\/huvikool\/wp-content\/uploads\/2019\/09\/projekt_kl_2019.pdf\" target=\"_blank\" rel=\"noopener\"><strong>siin.<\/strong><\/a><\/p>\n<p>**********<\/p>\n<h5>VARAAIT VOL 15 \u2013 IKT PROJEKT (FORMAAL- JA MITTEFORMAAL\u00d5PPE KOOST\u00d6\u00d6) \u201eLOODUSHARIDUSE PAKKUMINE KAASAEGSETE LABORISEADMETE KAASABIL\u201c<\/h5>\n<p>Info on <a href=\"https:\/\/www.pernova.ee\/huvikool\/wp-content\/uploads\/2019\/11\/Varaait-vol-15-IKT-PROJEKT.pdf\" target=\"_blank\" rel=\"noopener\"><strong>siin.<\/strong><\/a><\/p>\n<p>**********<\/p>\n<h5>VARAAIT VOL 15 \u2013 TAVAPROJEKT (FORMAAL- JA MITTEFORMAAL\u00d5PPE KOOST\u00d6\u00d6) \u201eASTRONOOMIA HUVIRINGI \u00d5PPEVAHENDITE MITMEKESISTAMINE\u201c<\/h5>\n<p>Info on <a href=\"https:\/\/www.pernova.ee\/huvikool\/wp-content\/uploads\/2019\/11\/Varaait-vol-15-IKT-PROJEKT.pdf\" target=\"_blank\" rel=\"noopener\"><strong>siin.<\/strong><\/a><\/p>\n<p>**********<\/p>\n<h5>VARAAIT VOL 15 \u2013 TAVAPROJEKT (FORMAAL- JA MITTEFORMAAL\u00d5PPE KOOST\u00d6\u00d6) \u201e\u00dcHINE \u00d5PIRUUM \u2013 F\u00dc\u00dcSIKA- JA MATEMAATIKA LABORI KAASAJASTAMINE\u201c<\/h5>\n<p>Info on <a href=\"http:\/\/Varaait-vol-15-IKT-PROJEKT-.pdf\" target=\"_blank\" rel=\"noopener\"><strong>siin.<\/strong><\/a><\/p>\n<p>**********<\/p>\n<h5>TEAVITUSKAMPAANIA \u2013 HOIA MERD!<\/h5>\n<p>Loe kokkuv\u00f5tet <a href=\"https:\/\/www.pernova.ee\/huvikool\/wp-content\/uploads\/2019\/12\/Teavituskampaania_kokkuv\u00f5te.pdf\" target=\"_blank\" rel=\"noopener\"><strong>siit.<\/strong><\/a>[\/vc_column_text][\/vc_tta_section][vc_tta_section title=&#8221;2018 projektid&#8221; tab_id=&#8221;2018&#8243;][vc_column_text]<\/p>\n<h5>PERNOVA LOODUSMAJA TERVIKLIKU TURISMIATRAKTSIOONI V\u00c4LJAARENDAMINE, K\u00dcLASTUSKESKUSE ELAVDAMINE JA KOOST\u00d6\u00d6V\u00d5RGUSTIKU K\u00c4IVITAMINE<\/h5>\n<p>Loe kokkuv\u00f5tet <a href=\"https:\/\/www.pernova.ee\/huvikool\/wp-content\/uploads\/2019\/05\/Pernova-Loodusmaja-tervikliku-turismiatraktsiooni-v\u00e4ljaarendamine.pdf\" target=\"_blank\" rel=\"noopener\">siit.<\/a><\/p>\n<p>**********<\/p>\n<h5>\u00d5PPELAAGER OJAKOL: \u201eETTEV\u00d5TLIKKUS L\u00c4BI TURISMI JA K\u00c4SIT\u00d6\u00d6\u201c<\/h5>\n<p>Loe kokkuv\u00f5tet <a href=\"https:\/\/www.pernova.ee\/huvikool\/wp-content\/uploads\/2018\/04\/Innove-projekt-Ojako-o\u0303ppelaager.pdf\" target=\"_blank\" rel=\"noopener\">siit.<\/a><\/p>\n<p>**********<\/p>\n<h5>KIK KESKKONNATEADLIKKUSE PROJEKT: \u00d5PPELAAGER \u201cL\u00c4\u00c4NEMERE P\u00c4RL \u2013 HIIUMAA\u201d<\/h5>\n<p>T\u00f6\u00f6vihik on <a href=\"https:\/\/www.pernova.ee\/huvikool\/wp-content\/uploads\/2018\/06\/TV_Hiiumaa.pdf\" target=\"_blank\" rel=\"noopener\">siin.<\/a> Pilte saab vaadata <a href=\"https:\/\/www.flickr.com\/photos\/pernova\/albums\/72157692145595200\" target=\"_blank\" rel=\"noopener\">siin.<\/a> Loe kokkuv\u00f5tet <a href=\"https:\/\/www.pernova.ee\/huvikool\/wp-content\/uploads\/2018\/06\/Hiiumaa_laager_kokkuv\u00f5te.pdf\" target=\"_blank\" rel=\"noopener\">siit.&nbsp;<\/a><\/p>\n<p>**********<\/p>\n<h5 style=\"text-align: left;\">PROJEKT VARAAIT VOL 14 <b>\u201cLOODUSSUUNA \u00d5PPEVAHENDID \u00dcHISES \u00d5PIRUUMIS\u201d<\/b><\/h5>\n<p>Loe kokkuv\u00f5tet <a href=\"https:\/\/www.pernova.ee\/huvikool\/wp-content\/uploads\/2018\/11\/Projekt-Varaait-vol-14.pdf\" target=\"_blank\" rel=\"noopener\">siit.<\/a><\/p>\n<h5>PROJEKT VARAAIT VOL 14 <b>\u201cTEHNOLOOGIASUUNA \u00d5PPEVAHENDID \u00dcHISES \u00d5PIRUUMIS\u201d<\/b><\/h5>\n<p>Loe kokkuv\u00f5tet <a href=\"https:\/\/www.pernova.ee\/huvikool\/wp-content\/uploads\/2018\/11\/Projekt-Varaait-vol-14_2.pdf\" target=\"_blank\" rel=\"noopener\">siit.<\/a><\/p>\n<h5>PROJEKT VARAAIT VOL 14 <b>\u201cLENNUMUDELLISMI KAASAJASTAMINE\u201d<\/b><\/h5>\n<p>Loe kokkuv\u00f5tet <a href=\"https:\/\/www.pernova.ee\/huvikool\/wp-content\/uploads\/2018\/12\/Projekt-Varaait-vol-14_3..pdf\" target=\"_blank\" rel=\"noopener\">siit.<\/a><\/p>\n<p>**********[\/vc_column_text][\/vc_tta_section][vc_tta_section title=&#8221;2017 projektid&#8221; tab_id=&#8221;2017&#8243;][vc_column_text]<\/p>\n<h5>MITTEFORMAALSE KESKKONNAJUHTIMISS\u00dcSTEEMI RAKENDAMINE P\u00c4RNU LOODUS- JA TEHNIKAMAJAS KIK-I TOEL<\/h5>\n<p>Loe kokkuv\u00f5tet <a href=\"https:\/\/kik.ee\/et\/projektid\/mitteformaalse-keskkonnajuhtimissusteemi-rakendamine-parnu-loodus-ja-tehnikamajas\" target=\"_blank\" rel=\"noopener noreferrer\">siit<\/a>.<\/p>\n<p>**********<\/p>\n<h5>KIK PROJEKT \u201c\u00d5PPEVAHENDITE LOOMINE JA SOETAMINE PERNOVA LOODUSMAJJA \u00dcLDHARIDUSKOOLIDE \u00d5PILASTELE SUUNATUD \u00d5PPEPROGRAMMIDE L\u00c4BIVIIMISEKS\u201d<\/h5>\n<div class=\"ce-gallery\" data-ce-columns=\"3\" data-ce-images=\"6\">\n<div class=\"ce-row\">\n<div class=\"ce-column\">\n<div class=\"ce-media\">Loe kokkuv\u00f5tet <a href=\"https:\/\/www.pernova.ee\/huvikool\/wp-content\/uploads\/2017\/04\/KiK_\u00d5ppevahendite-loomine-ja-soetamine-Pernova-Loodusmajja.pdf\" target=\"_blank\" rel=\"noopener noreferrer\">siit<\/a>.<\/div>\n<\/div>\n<\/div>\n<\/div>\n<p>[\/vc_column_text][\/vc_tta_section][vc_tta_section title=&#8221;2016 projektid&#8221; tab_id=&#8221;2016&#8243;][vc_column_text]<\/p>\n<h5>PROJEKT \u201cMERE JA RANNA LOODUSV\u00c4\u00c4RTUSED\u201d<\/h5>\n<p class=\"article-headline\">Pernova \u00f5pilased tuvastasid uue v\u00f5\u00f5rliigi!<\/p>\n<p class=\"article-headline\" style=\"text-align: left;\">Loe kokkuv\u00f5tet <a href=\"https:\/\/www.pernova.ee\/huvikool\/wp-content\/uploads\/2017\/04\/Pernova-\u00f5pilased-tuvastasid-uue-v\u00f5\u00f5rliigi.pdf\" target=\"_blank\" rel=\"noopener noreferrer\">siit<\/a>.<\/p>\n<p>[\/vc_column_text][\/vc_tta_section][vc_tta_section title=&#8221;2015 projektid&#8221; tab_id=&#8221;2015&#8243;][vc_column_text]<\/p>\n<div class=\"ce-textpic ce-right ce-intext\">\n<div class=\"ce-bodytext\">\n<p><img loading=\"lazy\" decoding=\"async\" class=\"alignnone size-medium wp-image-10347\" src=\"https:\/\/www.pernova.ee\/huvikool\/wp-content\/uploads\/2021\/11\/kik_est_logo-300x42.png\" alt=\"\" width=\"300\" height=\"42\"><\/p>\n<ul>\n<li>\u00d5ppelaager \u201cLoodusvarad Eesti maap\u00f5ues- minevik ja s\u00e4\u00e4stev tulevik\u201d<\/li>\n<li>\u00dcldhariduskoolide \u00f5pilastele suunatud \u00f5ppeprogrammide l\u00e4biviimiseks \u00f5ppematerjalide-, vahendite soetamine, loomine<\/li>\n<li>\u00d5ppeprogramm\/praktikum lasteaedadele \u201cElurikkus linnakeskkonnas- bioloogilise mitmekesisuse otsingul\u201d<\/li>\n<li>\u00d5ppevahendite loomine ja soetamine \u00f5ppeprogrammide l\u00e4biviimiseks<\/li>\n<li>Mitteformaalse keskkonnajuhtimiss\u00fcsteemi rakendamine P\u00e4rnu Loodus- ja Tehnikamajas<\/li>\n<li>\u00d5ppelaager g\u00fcmnasistidele \u201cBioloogiline mitmekesisus \u00f6kos\u00fcsteemides\u201d<\/li>\n<li>Keskkonnakeemia \u00f5ppepraktikumid P\u00e4rnu linna ja maakonna 8 ja 9 klasside \u00f5pilastele<\/li>\n<li>P\u00e4rnu Loodus- ja Tehnikamaja \u00f5ppelaager TT\u00dc S\u00e4rghaua \u00f5ppekeskuses -\u201cLoodusvarad Eesti maap\u00f5ues \u2013 minevik ja s\u00e4\u00e4stev tulevik\u201d<\/li>\n<\/ul>\n<\/div>\n<\/div>\n<div class=\"fb-like fb_iframe_widget\" data-href=\"https:\/\/www.pernova.ee\/huvi\/projektitoo\/2015-projektid\/\" data-layout=\"standard\" data-action=\"like\" data-show-faces=\"true\" data-share=\"true\">&nbsp;<\/div>\n<p>[\/vc_column_text][\/vc_tta_section][\/vc_tta_accordion][\/vc_column][vc_column width=&#8221;1\/3&#8243;][vc_tta_accordion active_section=&#8221;87543&#8243; collapsible_all=&#8221;true&#8221;][vc_tta_section title=&#8221;2023 projektid&#8221; tab_id=&#8221;1688380442779-51d724eb-7081&#8243;][vc_column_text]<img loading=\"lazy\" decoding=\"async\" class=\"alignnone size-medium wp-image-10347\" src=\"https:\/\/www.pernova.ee\/huvikool\/wp-content\/uploads\/2021\/11\/kik_est_logo-300x42.png\" alt=\"\" width=\"300\" height=\"42\"><\/p>\n<h5>KIK KESKKONNATEADLIKKUSE PROJEKT NR. RE.4.04.22-0018 &#8211; \u00d5ppelaager &#8220;Loodusega koos &#8211; mets kui \u00f6kos\u00fcsteem&#8221;<\/h5>\n<p>Loe kokkuv\u00f5tet <strong><a href=\"https:\/\/www.pernova.ee\/huvikool\/wp-content\/uploads\/2023\/06\/Kokkuvote_Loodusega-koos.pdf\" target=\"_blank\" rel=\"noopener\">siit.<\/a> &nbsp;&nbsp; <\/strong>Vaata pilte <a href=\"https:\/\/flic.kr\/s\/aHBqjAJLxE\" target=\"_blank\" rel=\"noopener\"><strong>siin.<\/strong><\/a><\/p>\n<p>**********<\/p>\n<h5><strong><img loading=\"lazy\" decoding=\"async\" class=\"alignleft wp-image-13531\" src=\"https:\/\/www.pernova.ee\/huvikool\/wp-content\/uploads\/2024\/03\/EEA_grants_logo2-300x225.png\" alt=\"\" width=\"133\" height=\"100\"><\/strong><\/h5>\n<h5>&nbsp;<\/h5>\n<h5>&nbsp;<\/h5>\n<h5>&nbsp;<\/h5>\n<h5><strong>Projekt<\/strong> <strong>\u201cPernova kliimahariduse n\u00e4idisala SMARTPARK loomine\u201d<\/strong><\/h5>\n<p>Koduleht on <a href=\"https:\/\/www.pernova.ee\/smartpark\/\" target=\"_blank\" rel=\"noopener\"><strong>siin.<\/strong><\/a> Pilte saab vaadata <a href=\"https:\/\/www.pernova.ee\/smartpark\/pildid\/\" target=\"_blank\" rel=\"noopener\"><strong>siin.<\/strong><\/a> Loe tutvustust <a href=\"https:\/\/www.pernova.ee\/huvikool\/wp-content\/uploads\/2024\/03\/Projekt-SmartPark.pdf\" target=\"_blank\" rel=\"noopener\"><strong>siit.&nbsp;<\/strong><\/a><\/p>\n<p>**********[\/vc_column_text][\/vc_tta_section][vc_tta_section title=&#8221;2022 projektid&#8221; tab_id=&#8221;1688380442803-d0e57141-6aea&#8221;][vc_column_text]<img loading=\"lazy\" decoding=\"async\" class=\"alignnone size-medium wp-image-10347\" src=\"https:\/\/www.pernova.ee\/huvikool\/wp-content\/uploads\/2021\/11\/kik_est_logo-300x42.png\" alt=\"\" width=\"300\" height=\"42\"><\/p>\n<h5>KIK KESKKONNATEADLIKKUSE PROJEKT NR. 18696 &#8211; \u00d5ppelaager &#8220;Elurikkus meie \u00fcmber &#8211; Metsast mereni&#8221;<\/h5>\n<p>Loe kokkuv\u00f5tet <strong><a href=\"https:\/\/www.pernova.ee\/huvikool\/wp-content\/uploads\/2022\/06\/Kokkuvote_Kabli_2022.pdf\" target=\"_blank\" rel=\"noopener\">siit.<\/a>&nbsp;&nbsp;&nbsp;&nbsp; <\/strong>Vaata pilte <a href=\"https:\/\/flic.kr\/s\/aHBqjzWeDR\" target=\"_blank\" rel=\"noopener\"><strong>siin.<\/strong><\/a>[\/vc_column_text][\/vc_tta_section][vc_tta_section title=&#8221;2021 projektid&#8221; tab_id=&#8221;1688380442827-4d21c34a-c5c1&#8243;][vc_column_text]<\/p>\n<h5><img loading=\"lazy\" decoding=\"async\" class=\"alignleft wp-image-11867\" src=\"https:\/\/www.pernova.ee\/huvikool\/wp-content\/uploads\/2022\/06\/haridus-ja-300x78.png\" alt=\"\" width=\"161\" height=\"42\"><img loading=\"lazy\" decoding=\"async\" class=\"alignnone wp-image-11863\" src=\"https:\/\/www.pernova.ee\/huvikool\/wp-content\/uploads\/2022\/06\/NoorteHeaks-logo-300x100.png\" alt=\"\" width=\"126\" height=\"42\"><\/h5>\n<h5>&nbsp;<\/h5>\n<h5>HARIDUS- JA NOORTEAMET PROJEKTIKONKURSS \u201eNOORTE HEAKS\u201c 2021 a. \u00dcLDPROJEKT \u201eLOODUSES LIIKUMINE DISTANTS\u00d5PPEL &#8211; NOORE VAIMSE&nbsp;&nbsp;&nbsp; JA F\u00dc\u00dcSILISE TERVISE ALUS\u201c<\/h5>\n<p>Loe kokkuv\u00f5tet <strong><a href=\"https:\/\/www.pernova.ee\/huvikool\/wp-content\/uploads\/2022\/01\/Kokkuvote-norteheaks-2021.pdf\" target=\"_blank\" rel=\"noopener\">siit.<\/a>&nbsp; <\/strong><\/p>\n<p>Loe kokkuv\u00f5tet <a href=\"https:\/\/www.pernova.ee\/huvikool\/wp-content\/uploads\/2022\/01\/Kokkuvote-noorteheaks-2021-Noored-ellujaajad.pdf\" target=\"_blank\" rel=\"noopener\"><strong>\u201cLooduses liikumine distants\u00f5ppel on vaimse ja f\u00fc\u00fcsilise tervise alus\u201d<\/strong><\/a>.<\/p>\n<p>Loe kokkuv\u00f5tet <a href=\"https:\/\/www.pernova.ee\/huvikool\/wp-content\/uploads\/2022\/01\/Kokkuvo\u0303te-noorteheaks-2021-Filmimeistrid.pdf\" target=\"_blank\" rel=\"noopener\"><strong>&#8220;P\u00e4rnu noorte televisiooni loomine&#8221;<\/strong><\/a>.<\/p>\n<p>**********<\/p>\n<p><img loading=\"lazy\" decoding=\"async\" class=\"alignnone size-medium wp-image-10347\" src=\"https:\/\/www.pernova.ee\/huvikool\/wp-content\/uploads\/2021\/11\/kik_est_logo-300x42.png\" alt=\"\" width=\"300\" height=\"42\"><\/p>\n<h5>KIK KESKKONNATEADLIKKUSE PROJEKT NR. 16046 &#8211; \u201cPERNOVA HARIDUSKESKUSE AUDIOVISUAALNE \u00d5PPEMATERJAL \u2013 LINDUDE JA LOOMADE SALADUSED\u201c<\/h5>\n<p>Loe kokkuv\u00f5tet <a href=\"http:\/\/www.pernova.ee\/huvikool\/wp-content\/uploads\/2021\/03\/Kokkuv\u00f5te_linnud-ja-loomad.pdf\" target=\"_blank\" rel=\"noopener\"><strong>siit.<\/strong><\/a><\/p>\n<p>**********<\/p>\n<p><img loading=\"lazy\" decoding=\"async\" class=\"alignnone size-medium wp-image-10347\" src=\"https:\/\/www.pernova.ee\/huvikool\/wp-content\/uploads\/2021\/11\/kik_est_logo-300x42.png\" alt=\"\" width=\"300\" height=\"42\"><\/p>\n<h5>KIK KESKKONNATEADLIKKUSE PROJEKT NR. 15563 &#8211; \u00d5ppelaager &#8220;Imeline loodus- Maa ja mere piiril&#8221;<\/h5>\n<p>Loe kokkuv\u00f5tet <a href=\"https:\/\/www.pernova.ee\/huvikool\/wp-content\/uploads\/2022\/06\/Kokkuvote_Kabli_2021.pdf\" target=\"_blank\" rel=\"noopener\"><strong>siit.<\/strong><\/a>&nbsp;&nbsp;&nbsp;&nbsp; Vaata pilte <a href=\"https:\/\/flic.kr\/s\/aHsmWAhQqe\" target=\"_blank\" rel=\"noopener\"><strong>siin.<\/strong><\/a>[\/vc_column_text][\/vc_tta_section][vc_tta_section title=&#8221;2020 projektid&#8221; tab_id=&#8221;1688380442848-4492bf3f-e45b&#8221;][vc_column_text]<img loading=\"lazy\" decoding=\"async\" class=\"alignnone size-medium wp-image-10347\" src=\"https:\/\/www.pernova.ee\/huvikool\/wp-content\/uploads\/2021\/11\/kik_est_logo-300x42.png\" alt=\"\" width=\"300\" height=\"42\"><\/p>\n<h5>KIK KESKKONNATEADLIKKUSE PROJEKT&nbsp; PERNOVA HARIDUSKESKUSE AUDIOVISUAALNE \u00d5PPEMATERJAL \u2013 &#8220;KUI TAIMED R\u00c4\u00c4GIKSID\u201c<\/h5>\n<p>Loe kokkuv\u00f5tet <a href=\"https:\/\/www.pernova.ee\/huvikool\/wp-content\/uploads\/2020\/04\/KIK-projekt_kui-taimed-ra\u0308a\u0308giksid.pdf\" target=\"_blank\" rel=\"noopener\"><strong>siit<\/strong>.<\/a><\/p>\n<p>**********<\/p>\n<p><img loading=\"lazy\" decoding=\"async\" class=\"alignnone size-medium wp-image-10347\" src=\"https:\/\/www.pernova.ee\/huvikool\/wp-content\/uploads\/2021\/11\/kik_est_logo-300x42.png\" alt=\"\" width=\"300\" height=\"42\"><\/p>\n<h5>KIK KESKKONNATEADLIKKUSE PROJEKT NR. 4519 &#8211; \u00d5PPELAAGER \u201cL\u00c4\u00c4NEMERE P\u00c4RL \u2013 HIIUMAA VOL 2\u201d<\/h5>\n<p>T\u00f6\u00f6vihik on <a href=\"https:\/\/www.pernova.ee\/huvikool\/wp-content\/uploads\/2020\/08\/HIIUMAA_TV_2020.pdf\" target=\"_blank\" rel=\"noopener\"><strong>siin.<\/strong><\/a> Pilte saab vaadata <strong><a href=\"https:\/\/flic.kr\/s\/aHsmQfqcnk\" target=\"_blank\" rel=\"noopener\">siin<\/a>.<\/strong> Loe kokkuv\u00f5tet <a href=\"https:\/\/www.pernova.ee\/huvikool\/wp-content\/uploads\/2020\/08\/HIIUMAA-PROJEKTI-KOKKUV\u00d5TE_2020.pdf\" target=\"_blank\" rel=\"noopener\"><strong>siit.&nbsp;<\/strong><\/a><\/p>\n<p>**********<\/p>\n<h5><img loading=\"lazy\" decoding=\"async\" class=\"alignnone wp-image-11863\" src=\"https:\/\/www.pernova.ee\/huvikool\/wp-content\/uploads\/2022\/06\/NoorteHeaks-logo-300x100.png\" alt=\"\" width=\"126\" height=\"42\"><\/h5>\n<h5>VARAAIT VOL 16<\/h5>\n<p>Info on <a href=\"https:\/\/www.pernova.ee\/huvikool\/wp-content\/uploads\/2021\/01\/Varaait_vol-16.pdf\" target=\"_blank\" rel=\"noopener\"><strong>siin.<\/strong><\/a>[\/vc_column_text][\/vc_tta_section][\/vc_tta_accordion][\/vc_column][vc_column width=&#8221;1\/3&#8243;][\/vc_column][\/vc_row]<\/p>\n<\/div>","protected":false},"excerpt":{"rendered":"<p>[vc_row][vc_column width=&#8221;1\/6&#8243;][vc_column_text][\/vc_column_text][\/vc_column][vc_column width=&#8221;1\/6&#8243;][vc_column_text][\/vc_column_text][\/vc_column][vc_column width=&#8221;1\/6&#8243;][vc_column_text][\/vc_column_text][\/vc_column][vc_column width=&#8221;1\/6&#8243;][vc_column_text][\/vc_column_text][\/vc_column][vc_column width=&#8221;1\/6&#8243;][vc_column_text][\/vc_column_text][\/vc_column][vc_column width=&#8221;1\/6&#8243;][vc_column_text][\/vc_column_text][\/vc_column][\/vc_row][vc_row][vc_column width=&#8221;1\/3&#8243;][vc_tta_accordion active_section=&#8221;87543&#8243; collapsible_all=&#8221;true&#8221;][vc_tta_section title=&#8221;2019 projektid&#8221; tab_id=&#8221;2019&#8243;][vc_column_text] &nbsp; KIK KESKKONNATEADLIKKUSE PROGRAMM \u201eLASTEAIA TEEMAKASTIDE METOODILISE MATERJALI V\u00c4LJAT\u00d6\u00d6TAMINE\u201c Loe kokkuv\u00f5tet siit. Teemakastid on siin. ********** PROGRAMM \u201cT\u00d5RJUTUSRISKIS NOORTE KAASAMINE JA NOORTE T\u00d6\u00d6H\u00d5IVEVALMIDUSE PARANDAMINE\u201d Info on siin. ********** VARAAIT VOL 15 \u2013 IKT PROJEKT (FORMAAL- JA MITTEFORMAAL\u00d5PPE KOOST\u00d6\u00d6) \u201eLOODUSHARIDUSE PAKKUMINE KAASAEGSETE LABORISEADMETE [&hellip;]<\/p>\n","protected":false},"author":1,"featured_media":0,"parent":0,"menu_order":0,"comment_status":"closed","ping_status":"closed","template":"","meta":{"_acf_changed":false,"_exactmetrics_skip_tracking":false,"_exactmetrics_sitenote_active":false,"_exactmetrics_sitenote_note":"","_exactmetrics_sitenote_category":0,"ngg_post_thumbnail":0,"footnotes":""},"class_list":["post-324","page","type-page","status-publish","hentry"],"acf":false,"_links":{"self":[{"href":"https:\/\/www.pernova.ee\/huvikool\/wp-json\/wp\/v2\/pages\/324","targetHints":{"allow":["GET"]}}],"collection":[{"href":"https:\/\/www.pernova.ee\/huvikool\/wp-json\/wp\/v2\/pages"}],"about":[{"href":"https:\/\/www.pernova.ee\/huvikool\/wp-json\/wp\/v2\/types\/page"}],"author":[{"embeddable":true,"href":"https:\/\/www.pernova.ee\/huvikool\/wp-json\/wp\/v2\/users\/1"}],"replies":[{"embeddable":true,"href":"https:\/\/www.pernova.ee\/huvikool\/wp-json\/wp\/v2\/comments?post=324"}],"version-history":[{"count":136,"href":"https:\/\/www.pernova.ee\/huvikool\/wp-json\/wp\/v2\/pages\/324\/revisions"}],"predecessor-version":[{"id":13662,"href":"https:\/\/www.pernova.ee\/huvikool\/wp-json\/wp\/v2\/pages\/324\/revisions\/13662"}],"wp:attachment":[{"href":"https:\/\/www.pernova.ee\/huvikool\/wp-json\/wp\/v2\/media?parent=324"}],"curies":[{"name":"wp","href":"https:\/\/api.w.org\/{rel}","templated":true}]}}