{"id":4457,"date":"2018-04-22T13:44:16","date_gmt":"2018-04-22T11:44:16","guid":{"rendered":"http:\/\/www.pernova.ee\/huvi\/?page_id=4457"},"modified":"2023-08-22T14:26:19","modified_gmt":"2023-08-22T11:26:19","slug":"meist","status":"publish","type":"page","link":"https:\/\/www.pernova.ee\/huvikool\/meist\/","title":{"rendered":"Pernovast"},"content":{"rendered":"<h3>Uus p\u00f5lvkond &#8211; teadlik tulevik!<\/h3>\n<p><span style=\"font-weight: 400;\">Ootame lapsi ja noori Pernova Hariduskeskuse loodusmaja, tehnikamaja, motomaja ja skatepargi huviringidesse!&nbsp;<\/span><\/p>\n<p><span style=\"font-weight: 400;\">Pernovas tegutseb \u00fcle 30 huviringi, kus jagame uusi teadmisi&nbsp; loodusteadusest, keemiast ja astronoomiast, \u00f5pime&nbsp; matkatarkusi ja elluj\u00e4\u00e4mist, lennumodellismi, filmide loomist, fotograafiat, arvutit ja multimeediat, robootikat ja programmeerimist, k\u00e4sit\u00f6\u00f6d, kokandust ja puidut\u00f6\u00f6d, motokrossi ja ekstreemsporti jpm huvitavat.<\/span><\/p>\n<p><span style=\"font-weight: 400;\">Huviharidust pakume eelkoolile, 1.-9. klassi noortele ja g\u00fcmnasistidele. Lisaks&nbsp; on mel keelek\u00fcmblus\u00f5pe lastele, kelle emakeel ei ole eesti keel.<\/span><\/p>\n<p><span style=\"font-weight: 400;\">Meie huviringid populariseerivad loodus-, t\u00e4ppisteaduste ja tehnoloogia valdkondi l\u00e4bi loomise, avastamise ja kogemise, isikliku teadmiste ning&nbsp; kogemuste jagamise.&nbsp;<\/span><\/p>\n<p>&nbsp;<br \/>\n<\/p>\n","protected":false},"excerpt":{"rendered":"<p>Uus p\u00f5lvkond &#8211; teadlik tulevik! Ootame lapsi ja noori Pernova Hariduskeskuse loodusmaja, tehnikamaja, motomaja ja skatepargi huviringidesse!&nbsp; Pernovas tegutseb \u00fcle 30 huviringi, kus jagame uusi teadmisi&nbsp; loodusteadusest, keemiast ja astronoomiast, \u00f5pime&nbsp; matkatarkusi ja elluj\u00e4\u00e4mist, lennumodellismi, filmide loomist, fotograafiat, arvutit ja multimeediat, robootikat ja programmeerimist, k\u00e4sit\u00f6\u00f6d, kokandust ja puidut\u00f6\u00f6d, motokrossi ja ekstreemsporti jpm huvitavat. Huviharidust pakume [&hellip;]<\/p>\n","protected":false},"author":1,"featured_media":0,"parent":0,"menu_order":0,"comment_status":"closed","ping_status":"closed","template":"","meta":{"_acf_changed":false,"_exactmetrics_skip_tracking":false,"_exactmetrics_sitenote_active":false,"_exactmetrics_sitenote_note":"","_exactmetrics_sitenote_category":0,"ngg_post_thumbnail":0,"footnotes":""},"class_list":["post-4457","page","type-page","status-publish","hentry"],"acf":false,"_links":{"self":[{"href":"https:\/\/www.pernova.ee\/huvikool\/wp-json\/wp\/v2\/pages\/4457","targetHints":{"allow":["GET"]}}],"collection":[{"href":"https:\/\/www.pernova.ee\/huvikool\/wp-json\/wp\/v2\/pages"}],"about":[{"href":"https:\/\/www.pernova.ee\/huvikool\/wp-json\/wp\/v2\/types\/page"}],"author":[{"embeddable":true,"href":"https:\/\/www.pernova.ee\/huvikool\/wp-json\/wp\/v2\/users\/1"}],"replies":[{"embeddable":true,"href":"https:\/\/www.pernova.ee\/huvikool\/wp-json\/wp\/v2\/comments?post=4457"}],"version-history":[{"count":19,"href":"https:\/\/www.pernova.ee\/huvikool\/wp-json\/wp\/v2\/pages\/4457\/revisions"}],"predecessor-version":[{"id":13033,"href":"https:\/\/www.pernova.ee\/huvikool\/wp-json\/wp\/v2\/pages\/4457\/revisions\/13033"}],"wp:attachment":[{"href":"https:\/\/www.pernova.ee\/huvikool\/wp-json\/wp\/v2\/media?parent=4457"}],"curies":[{"name":"wp","href":"https:\/\/api.w.org\/{rel}","templated":true}]}}