{"id":9771,"date":"2021-05-17T12:58:22","date_gmt":"2021-05-17T09:58:22","guid":{"rendered":"https:\/\/www.pernova.ee\/huvikool\/?page_id=9771"},"modified":"2022-09-08T12:04:34","modified_gmt":"2022-09-08T09:04:34","slug":"keelekumblus","status":"publish","type":"page","link":"https:\/\/www.pernova.ee\/huvikool\/keelekumblus\/","title":{"rendered":"Keelek\u00fcmblus"},"content":{"rendered":"<div class=\"wpb-content-wrapper\"><p>[vc_row][vc_column][vc_column_text]<span style=\"font-weight: 400;\">Pernova Hariduskeskus on tegelenud keelek\u00fcmblusega 6 aastat. Keelek\u00fcmbluse v\u00f5rgustikuga liitusime 2016 aastal. Huvi keelek\u00fcmbluse huviringide vastu on aasta-aastalt kasvanud. Kuue aastaga kokku on meie huviringides saanud eesti keelt omandada \u00fcle 212 eesti keelt emakeelena mitte k\u00f5nelevat \u00f5pilast.<\/span><\/p>\n<p><span style=\"font-weight: 400;\">Hetkeseisuga on avatud 3 keelek\u00fcmbluse huviringi, kus \u00f5petajad viivad l\u00e4bi huviringe eesti keelt emakeelena mitte r\u00e4\u00e4kivatele \u00f5pilastele.<\/span>[\/vc_column_text][\/vc_column][\/vc_row][vc_row][vc_column][vc_column_text]<span style=\"font-weight: 400;\">Tutvu meie keelek\u00fcmblus huviringidega siin:<\/span><\/p>\n<ul>\n<li><a href=\"https:\/\/www.pernova.ee\/huvikool\/huviringid\/superkokad-keelekumblus\/\">Superkokad<\/a><\/li>\n<li><a href=\"https:\/\/www.pernova.ee\/huvikool\/huviringid\/noored-avastajad-ja-sarasilmsed-uurijad-i-ja-ii-2\/\">P\u00e4ikeselapsed (eelkool keelek\u00fcmblus)<\/a><\/li>\n<li><a href=\"https:\/\/www.pernova.ee\/huvikool\/huviringid\/tarkuseterad-keelekumblus\/\">Tarkuseterad<\/a><\/li>\n<\/ul>\n<p>[\/vc_column_text][\/vc_column][\/vc_row][vc_row][vc_column][vc_gallery type=&#8221;image_grid&#8221; images=&#8221;9982,9984,9985,9986&#8243; img_size=&#8221;&#8221;][\/vc_column][\/vc_row]<\/p>\n<\/div>","protected":false},"excerpt":{"rendered":"<p>[vc_row][vc_column][vc_column_text]Pernova Hariduskeskus on tegelenud keelek\u00fcmblusega 6 aastat. Keelek\u00fcmbluse v\u00f5rgustikuga liitusime 2016 aastal. Huvi keelek\u00fcmbluse huviringide vastu on aasta-aastalt kasvanud. Kuue aastaga kokku on meie huviringides saanud eesti keelt omandada \u00fcle 212 eesti keelt emakeelena mitte k\u00f5nelevat \u00f5pilast. Hetkeseisuga on avatud 3 keelek\u00fcmbluse huviringi, kus \u00f5petajad viivad l\u00e4bi huviringe eesti keelt emakeelena mitte r\u00e4\u00e4kivatele \u00f5pilastele.[\/vc_column_text][\/vc_column][\/vc_row][vc_row][vc_column][vc_column_text]Tutvu meie [&hellip;]<\/p>\n","protected":false},"author":7,"featured_media":0,"parent":0,"menu_order":0,"comment_status":"closed","ping_status":"closed","template":"","meta":{"_acf_changed":false,"_exactmetrics_skip_tracking":false,"_exactmetrics_sitenote_active":false,"_exactmetrics_sitenote_note":"","_exactmetrics_sitenote_category":0,"ngg_post_thumbnail":0,"footnotes":""},"class_list":["post-9771","page","type-page","status-publish","hentry"],"acf":false,"_links":{"self":[{"href":"https:\/\/www.pernova.ee\/huvikool\/wp-json\/wp\/v2\/pages\/9771","targetHints":{"allow":["GET"]}}],"collection":[{"href":"https:\/\/www.pernova.ee\/huvikool\/wp-json\/wp\/v2\/pages"}],"about":[{"href":"https:\/\/www.pernova.ee\/huvikool\/wp-json\/wp\/v2\/types\/page"}],"author":[{"embeddable":true,"href":"https:\/\/www.pernova.ee\/huvikool\/wp-json\/wp\/v2\/users\/7"}],"replies":[{"embeddable":true,"href":"https:\/\/www.pernova.ee\/huvikool\/wp-json\/wp\/v2\/comments?post=9771"}],"version-history":[{"count":29,"href":"https:\/\/www.pernova.ee\/huvikool\/wp-json\/wp\/v2\/pages\/9771\/revisions"}],"predecessor-version":[{"id":12207,"href":"https:\/\/www.pernova.ee\/huvikool\/wp-json\/wp\/v2\/pages\/9771\/revisions\/12207"}],"wp:attachment":[{"href":"https:\/\/www.pernova.ee\/huvikool\/wp-json\/wp\/v2\/media?parent=9771"}],"curies":[{"name":"wp","href":"https:\/\/api.w.org\/{rel}","templated":true}]}}