{"id":9901,"date":"2021-05-17T13:49:41","date_gmt":"2021-05-17T10:49:41","guid":{"rendered":"https:\/\/www.pernova.ee\/huvikool\/?page_id=9901"},"modified":"2022-09-25T20:05:17","modified_gmt":"2022-09-25T17:05:17","slug":"meie-vaartused","status":"publish","type":"page","link":"https:\/\/www.pernova.ee\/huvikool\/meie-vaartused\/","title":{"rendered":"Meie v\u00e4\u00e4rtused"},"content":{"rendered":"\r\n<p><strong>VISIOON<\/strong><\/p>\r\n\r\n\r\n\r\n<p>Pernova on Eestis ja rahvusvaheliselt tuntud uuenduslik loodus-, tehnoloogia- ja tehnikavaldkonda l\u00f5imiv teedrajav hariduskeskus, mis kujundab j\u00e4tkusuutlikku m\u00f5tteviisi ja keskkonnateadlikku k\u00e4itumist.<\/p>\r\n\r\n\r\n\r\n<p><strong>MISSIOON<\/strong><\/p>\r\n\r\n\r\n\r\n<p>Toetada haritud ja keskkonnateadlike \u00fchiskonnaliikmete kujunemist, luues mitmek\u00fclgse formaal- ja mitteformaalhariduse omandamise v\u00f5imalused loodus-, tehnika- ja tehnoloogiavaldkonnas. Innustada huvihariduse baasil omandama erialast rakenduslikku v\u00f5i akadeemilist haridust ning kujundada valmisolekut elukestvaks \u00f5ppeks.<\/p>\r\n\r\n<p><iframe src=\"https:\/\/www.youtube.com\/embed\/gXmpNqKzBds?controls=0\" width=\"1160\" height=\"635\" frameborder=\"0\" allowfullscreen=\"allowfullscreen\"><\/iframe><\/p>\r\n<p><iframe title=\"YouTube video player\" src=\"https:\/\/www.youtube.com\/embed\/8SE-98KJrgA\" width=\"1160\" height=\"635\" frameborder=\"0\" allowfullscreen=\"allowfullscreen\"><span style=\"display: inline-block; width: 0px; overflow: hidden; line-height: 0;\" data-mce-type=\"bookmark\" class=\"mce_SELRES_start\">\ufeff<\/span><\/iframe><\/p>\r\n<p>&nbsp;<\/p>\r\n<p><strong>Kuulumine organisatsioonidesse:<\/strong><\/p>\r\n<h2 class=\"elementor-heading-title elementor-size-large\"><a href=\"https:\/\/teadushuvi.ee\/\">\u00a0\u00a0\u00a0\u00a0 <\/a><a href=\"https:\/\/teadushuvi.ee\/\" target=\"_blank\" rel=\"noopener\"><img decoding=\"async\" class=\"alignnone wp-image-10761 size-medium\" src=\"https:\/\/www.pernova.ee\/huvikool\/wp-content\/uploads\/2021\/11\/teadushuvi_logo-300x113.png\" alt=\"\" width=\"300\" height=\"113\" \/><\/a>\u00a0 \u00a0\u00a0 \u00a0\u00a0 \u00a0\u00a0<a href=\"https:\/\/huvikoolideliit.ee\/\" target=\"_blank\" rel=\"noopener\"><img decoding=\"async\" class=\"alignnone wp-image-10766\" src=\"https:\/\/www.pernova.ee\/huvikool\/wp-content\/uploads\/2021\/11\/Huvikoolide-liidu-logo-01-s-300x102.png\" alt=\"\" width=\"333\" height=\"113\" \/><\/a><\/h2>","protected":false},"excerpt":{"rendered":"<p>VISIOON Pernova on Eestis ja rahvusvaheliselt tuntud uuenduslik loodus-, tehnoloogia- ja tehnikavaldkonda l\u00f5imiv teedrajav hariduskeskus, mis kujundab j\u00e4tkusuutlikku m\u00f5tteviisi ja keskkonnateadlikku k\u00e4itumist. MISSIOON Toetada haritud ja keskkonnateadlike \u00fchiskonnaliikmete kujunemist, luues mitmek\u00fclgse formaal- ja mitteformaalhariduse omandamise v\u00f5imalused loodus-, tehnika- ja tehnoloogiavaldkonnas. Innustada huvihariduse baasil omandama erialast rakenduslikku v\u00f5i akadeemilist haridust ning kujundada valmisolekut elukestvaks \u00f5ppeks. \ufeff [&hellip;]<\/p>\n","protected":false},"author":7,"featured_media":0,"parent":0,"menu_order":0,"comment_status":"closed","ping_status":"closed","template":"","meta":{"_acf_changed":false,"_exactmetrics_skip_tracking":false,"_exactmetrics_sitenote_active":false,"_exactmetrics_sitenote_note":"","_exactmetrics_sitenote_category":0,"ngg_post_thumbnail":0,"footnotes":""},"class_list":["post-9901","page","type-page","status-publish","hentry"],"acf":false,"_links":{"self":[{"href":"https:\/\/www.pernova.ee\/huvikool\/wp-json\/wp\/v2\/pages\/9901","targetHints":{"allow":["GET"]}}],"collection":[{"href":"https:\/\/www.pernova.ee\/huvikool\/wp-json\/wp\/v2\/pages"}],"about":[{"href":"https:\/\/www.pernova.ee\/huvikool\/wp-json\/wp\/v2\/types\/page"}],"author":[{"embeddable":true,"href":"https:\/\/www.pernova.ee\/huvikool\/wp-json\/wp\/v2\/users\/7"}],"replies":[{"embeddable":true,"href":"https:\/\/www.pernova.ee\/huvikool\/wp-json\/wp\/v2\/comments?post=9901"}],"version-history":[{"count":18,"href":"https:\/\/www.pernova.ee\/huvikool\/wp-json\/wp\/v2\/pages\/9901\/revisions"}],"predecessor-version":[{"id":12281,"href":"https:\/\/www.pernova.ee\/huvikool\/wp-json\/wp\/v2\/pages\/9901\/revisions\/12281"}],"wp:attachment":[{"href":"https:\/\/www.pernova.ee\/huvikool\/wp-json\/wp\/v2\/media?parent=9901"}],"curies":[{"name":"wp","href":"https:\/\/api.w.org\/{rel}","templated":true}]}}