{"id":1029,"date":"2020-04-03T12:26:21","date_gmt":"2020-04-03T09:26:21","guid":{"rendered":"https:\/\/www.pernova.ee\/loodusmaja\/?page_id=1029"},"modified":"2025-11-28T16:34:19","modified_gmt":"2025-11-28T14:34:19","slug":"tootoad-ning-paketid-seltskondadele-ja-gruppidele","status":"publish","type":"page","link":"https:\/\/www.pernova.ee\/loodusmaja\/korralda-uritus\/tootoad-ning-paketid-seltskondadele-ja-gruppidele\/","title":{"rendered":"T\u00f6\u00f6toad ning paketid seltskondadele ja gruppidele"},"content":{"rendered":"<div class=\"wpb-content-wrapper\"><p>[vc_row][vc_column][vc_column_text]<\/p>\n<h5>Tule veeda seltskonna, s\u00f5pruskonna v\u00f5i kollektiiviga m\u00f5nusalt aega Loodusmaja hubases atmosf\u00e4\u00e4ris!<\/h5>\n<h4><b><span style=\"color: #008000;\">Inspiratsioonipakett<\/span><\/b><\/h4>\n<p>Pange end proovile majam\u00e4ngus, kus Loodusmaja avastatakse v\u00f5istkonniti l\u00e4bi huvitavate k\u00fcsimuste.<br \/>\nPeale \u00fclesannete lahendamist on m\u00f5nus l\u00f5\u00f5gastuda ja kerakino 360\u00b0 kuppelekraanil sukelduda universumi avarustesse v\u00f5i veealusesse maailma.<br \/>\nGaranteeritud on meeldej\u00e4\u00e4v \u00fchine aeg ja uued teadmised!<\/p>\n<p><img decoding=\"async\" class=\"alignleft wp-image-11048\" src=\"https:\/\/www.pernova.ee\/loodusmaja\/wp-content\/uploads\/2024\/04\/clock_g.png\" alt=\"\" width=\"24\" height=\"24\">&nbsp;Kestus orienteeruvalt 1,5 h<\/p>\n<p><img decoding=\"async\" class=\"alignleft wp-image-11032\" src=\"https:\/\/www.pernova.ee\/loodusmaja\/wp-content\/uploads\/2024\/04\/euro_g.png\" alt=\"\" width=\"24\" height=\"24\">&nbsp;Hind on 17.-\/in<\/p>\n<p><img decoding=\"async\" class=\"alignleft wp-image-11040\" src=\"https:\/\/www.pernova.ee\/loodusmaja\/wp-content\/uploads\/2024\/04\/people_g.png\" alt=\"\" width=\"46\" height=\"24\">&nbsp;Osalejate arv 10-30<\/p>\n<p>Paketi tellimiseks saada oma soov&nbsp;<a class=\"moz-txt-link-abbreviated moz-txt-link-freetext\" href=\"mailto:admin@pernova.ee\">admin@pernova.ee<\/a><\/p>\n<p>&nbsp;<\/p>\n<h4><b><span style=\"color: #008000;\">P\u00f5nevuspakett<\/span><\/b><\/h4>\n<p>Pernova Loodusmaja ning P\u00e4rnu P\u00f5genemistubade koost\u00f6\u00f6pakett &#8211; kaks eriilmelist kogemust \u00fche korraga!<br \/>\nEsmalt saab v\u00e4rskendada oma teadmisi ja tutvuda Loodusmajaga. Ekskursioon koos giidiga n\u00e4itusealal viib k\u00fclastajad nii Eesti metsadesse-rabadesse kui troopikasse ning kuulata saab p\u00f5nevaid looduse lugusid. Peale tuuri pakub vaatamiselamust kerakino, mille 360\u00b0 kuppelekraanil avaneb universum v\u00f5i veealune maailm.<br \/>\nEdasi ootab gruppi P\u00e4rnu vangla, kus saab tunnetuse, milline oli kinnipeetava igap\u00e4evane elu v\u00e4ljaspool vabadust. Kongid on suuresti j\u00e4etud oma algup\u00e4rasesse &#8220;hiilgusesse&#8221;. Kas Teis on piisavalt nutikust ja osavust, et p\u00f5geneda vangla m\u00fc\u00fcride vahelt? Teid ootavad siseinfot taga ajavad vangivalvurid, p\u00fcrotehnika ning eri- ja heliefektid.<\/p>\n<p><img decoding=\"async\" class=\"alignleft wp-image-11048\" src=\"https:\/\/www.pernova.ee\/loodusmaja\/wp-content\/uploads\/2024\/04\/clock_g.png\" alt=\"\" width=\"24\" height=\"24\">&nbsp;Kestus orienteeruvalt 3,5 h<\/p>\n<p><img decoding=\"async\" class=\"alignleft wp-image-11032\" src=\"https:\/\/www.pernova.ee\/loodusmaja\/wp-content\/uploads\/2024\/04\/euro_g.png\" alt=\"\" width=\"24\" height=\"24\">&nbsp;Hind on 35.-\/in<\/p>\n<p><img decoding=\"async\" class=\"alignleft wp-image-11040\" src=\"https:\/\/www.pernova.ee\/loodusmaja\/wp-content\/uploads\/2024\/04\/people_g.png\" alt=\"\" width=\"46\" height=\"24\">&nbsp;Osalejate arv 8-30<\/p>\n<p>Paketi tellimiseks saada oma soov&nbsp;<a class=\"moz-txt-link-abbreviated moz-txt-link-freetext\" href=\"mailto:admin@pernova.ee\">admin@pernova.ee<\/a><\/p>\n<p>&nbsp;<\/p>\n<h4><b><span style=\"color: #008000;\">Zen-pakett<\/span><\/b><\/h4>\n<p>Tule, v\u00f5ta aeg maha ning naudi Loodusmaja rohelust ning unikaalset atmosf\u00e4\u00e4ri.<br \/>\nJaluta murukatusega maja kolmel korrusel &#8211; kuula helidekoopas erinevate lindude laulu v\u00f5i loomade h\u00e4\u00e4litsusi, naudi talveaia lopsakust ning j\u00e4lgi viirpapagoide askeldamist, rahusta meeli akvaariumite juures kalu j\u00e4lgides.<br \/>\nPeale omal k\u00e4el ringk\u00e4iku algab kerakinos meditatsiooniseanss, mis kestab u 25 minutit. Selle jooksul on v\u00f5imalik l\u00f5\u00f5gastuda imetledes kuvatavat p\u00e4ikeseloojangut ning j\u00e4rgides juhiseid.<br \/>\nSoovi korral saab kohvikualale tellida suupisteid (lisatasu eest), mida hiljem seltskonnaga nautida koos imelise vaatega Loodusmaja \u00f5uealale.<\/p>\n<p><img decoding=\"async\" class=\"alignleft wp-image-11048\" src=\"https:\/\/www.pernova.ee\/loodusmaja\/wp-content\/uploads\/2024\/04\/clock_g.png\" alt=\"\" width=\"24\" height=\"24\">&nbsp;Kestus orienteeruvalt 1 h<\/p>\n<p><img decoding=\"async\" class=\"alignleft wp-image-11032\" src=\"https:\/\/www.pernova.ee\/loodusmaja\/wp-content\/uploads\/2024\/04\/euro_g.png\" alt=\"\" width=\"24\" height=\"24\">&nbsp;Hind on 9.-\/in<\/p>\n<p><img decoding=\"async\" class=\"alignleft wp-image-11040\" src=\"https:\/\/www.pernova.ee\/loodusmaja\/wp-content\/uploads\/2024\/04\/people_g.png\" alt=\"\" width=\"46\" height=\"24\">&nbsp;Osalejate arv 5-25<\/p>\n<p>Paketi tellimiseks saada oma soov&nbsp;<a class=\"moz-txt-link-abbreviated moz-txt-link-freetext\" href=\"mailto:admin@pernova.ee\">admin@pernova.ee<\/a><\/p>\n<p>&nbsp;<\/p>\n<h4><span style=\"color: #008000;\"><em>Oshibana<\/em> \u2013 lillekaartide t\u00f6\u00f6tuba<\/span><\/h4>\n<p><em>Oshibana<\/em> on pressitud lillede seadmise kunst. See ilus ja meditatiivne kunstiliik p\u00e4rineb Jaapanist ja seda harrastatakse mitmel pool maailmas,<br \/>\nn\u00fc\u00fcd \u00fcha rohkem ka Eestis.<br \/>\nSelleks, et luua lillekaarte ja -pilte, tuleb ehtsad lilled ja taimed k\u00f5igepealt korjata, siis pressi all kuivatada ning alles seej\u00e4rel v\u00f5ib loomet\u00f6\u00f6 alata. See osa t\u00f6\u00f6protsessist on juba eelnevalt tehtud ning t\u00f6\u00f6toas on ootamas suur valik pressitud ja kuivatatud lilli, et saaksime kohe kaartide loomisele keskenduda. K\u00f5ik taimed on kohalikud, korjatud Eestimaa loodusest. Saame nendega tuttavaks ja valime kaardi jaoks meile sobivad kombinatsioonid. T\u00f6\u00f6vahenditeks on paber, pintsetid ja liim.<\/p>\n<p>T\u00f6\u00f6toa viib l\u00e4bi Kai Tomasberg<\/p>\n<p><a href=\"https:\/\/www.pernova.ee\/loodusmaja\/wp-content\/uploads\/2024\/04\/Oshibana.png\"><img loading=\"lazy\" decoding=\"async\" class=\"size-full wp-image-11064 alignleft\" src=\"https:\/\/www.pernova.ee\/loodusmaja\/wp-content\/uploads\/2024\/04\/Oshibana.png\" alt=\"\" width=\"265\" height=\"265\"><\/a><\/p>\n<p>&nbsp;<\/p>\n<p>&nbsp;<\/p>\n<p>&nbsp;<\/p>\n<p>&nbsp;<\/p>\n<p>&nbsp;<\/p>\n<p>&nbsp;<\/p>\n<p>&nbsp;<\/p>\n<p>&nbsp;<\/p>\n<p><img decoding=\"async\" class=\"alignleft wp-image-11048\" src=\"https:\/\/www.pernova.ee\/loodusmaja\/wp-content\/uploads\/2024\/04\/clock_g.png\" alt=\"\" width=\"24\" height=\"24\"><\/p>\n<p>&nbsp;Kestus orienteeruvalt 2 h<\/p>\n<p><img decoding=\"async\" class=\"alignleft wp-image-11032\" src=\"https:\/\/www.pernova.ee\/loodusmaja\/wp-content\/uploads\/2024\/04\/euro_g.png\" alt=\"\" width=\"24\" height=\"24\"> Hind on 29.-\/in<\/p>\n<p><img decoding=\"async\" class=\"alignleft wp-image-11040\" src=\"https:\/\/www.pernova.ee\/loodusmaja\/wp-content\/uploads\/2024\/04\/people_g.png\" alt=\"\" width=\"46\" height=\"24\">&nbsp;Osalejate arv 5-15<\/p>\n<p>&nbsp;<\/p>\n<p>T\u00f6\u00f6toa tellimiseks saada oma soov <span style=\"color: #008000;\"><a class=\"moz-txt-link-abbreviated\" href=\"mailto:admin@pernova.ee\">admin@pernova.ee<\/a><\/span><\/p>\n<p>&nbsp;<\/p>\n<h4><span style=\"color: #008000;\">Hapendaja argip\u00e4ev &#8211; hapendatud toidu valmistamise t\u00f6\u00f6tuba<\/span><\/h4>\n<p>T\u00e4nase kiirtoidu \u00fclek\u00fclluses v\u00f5iksime pakkuda organismile, hoopis \u201eaeglast toitu\u201c. K\u00e4\u00e4ritamine on viis, kuidas teha toit seedimisele vastuv\u00f5etavamaks ja s\u00e4ilitada toitu lihtsal viisil, ilma k\u00fclmikuta. K\u00e4\u00e4rituskultuuri on kasutanud meie esivanemad ja k\u00e4\u00e4ritamine on inimkultuuri alus. Kui peamiselt on levinud meie kultuuriruumis seente, kurgi ja hapukapsa hapendamine, siis \u00f5pitoas hapendame hoopis peeti, porgandit, lillkapsast jms. Meie eesm\u00e4rgiks on pigem igap\u00e4evane tervistav suut\u00e4is kui toidu s\u00e4ilitamine.<\/p>\n<p>Sa pead seda n\u00e4gema!<br \/>\nEsmalt on t\u00e4htis oma mikrobioomi rikastamine ja teiseks maitseelamused, aga ka hapendatud toidu valmistamine ja visuaal on \u00e4\u00e4rmiselt \u201ezen\u201c.<br \/>\nKuidas seda k\u00f5ike teha ja kes kellega purki k\u00e4ib?, seda saad teada \u00f5pitoas.<br \/>\nKaasa saad maitsva purgit\u00e4ie hapendatud aiasaadustega ja teadmised protsessiga j\u00e4tkamiseks.<\/p>\n<p>Juhendab Lagle Suursild<\/p>\n<p><img loading=\"lazy\" decoding=\"async\" class=\"alignleft wp-image-11072 size-medium\" src=\"https:\/\/www.pernova.ee\/loodusmaja\/wp-content\/uploads\/2024\/04\/Hapendaja-300x300.png\" alt=\"\" width=\"300\" height=\"300\"><\/p>\n<p>&nbsp;<\/p>\n<p>&nbsp;<\/p>\n<p>&nbsp;<\/p>\n<p>&nbsp;<\/p>\n<p>&nbsp;<\/p>\n<p>&nbsp;<\/p>\n<p>&nbsp;<\/p>\n<p>&nbsp;<\/p>\n<p>&nbsp;<\/p>\n<p><img decoding=\"async\" class=\"alignleft wp-image-11048\" src=\"https:\/\/www.pernova.ee\/loodusmaja\/wp-content\/uploads\/2024\/04\/clock_g.png\" alt=\"\" width=\"24\" height=\"24\"> Kestus orienteeruvalt 1 h 15 min<\/p>\n<p><img decoding=\"async\" class=\"alignleft wp-image-11032\" src=\"https:\/\/www.pernova.ee\/loodusmaja\/wp-content\/uploads\/2024\/04\/euro_g.png\" alt=\"\" width=\"24\" height=\"24\"> Hind kuni 8 inimesele 200 \u20ac, iga lisanduv inimene 25 \u20ac\/in<\/p>\n<p><img decoding=\"async\" class=\"alignleft wp-image-11040\" src=\"https:\/\/www.pernova.ee\/loodusmaja\/wp-content\/uploads\/2024\/04\/people_g.png\" alt=\"\" width=\"46\" height=\"24\">&nbsp;Osalejate arv 5-15<\/p>\n<p>&nbsp;<\/p>\n<p>T\u00f6\u00f6toa tellimiseks saada oma soov <span style=\"color: #008000;\"><a class=\"moz-txt-link-abbreviated\" href=\"mailto:admin@pernova.ee\">admin@pernova.ee<\/a><\/span>[\/vc_column_text][\/vc_column][\/vc_row]<\/p>\n<\/div>","protected":false},"excerpt":{"rendered":"<p>[vc_row][vc_column][vc_column_text] Tule veeda seltskonna, s\u00f5pruskonna v\u00f5i kollektiiviga m\u00f5nusalt aega Loodusmaja hubases atmosf\u00e4\u00e4ris! Inspiratsioonipakett Pange end proovile majam\u00e4ngus, kus Loodusmaja avastatakse v\u00f5istkonniti l\u00e4bi huvitavate k\u00fcsimuste. Peale \u00fclesannete lahendamist on m\u00f5nus l\u00f5\u00f5gastuda [&hellip;]<\/p>\n","protected":false},"author":1,"featured_media":1031,"parent":856,"menu_order":0,"comment_status":"closed","ping_status":"closed","template":"","meta":{"ngg_post_thumbnail":0,"footnotes":""},"class_list":["post-1029","page","type-page","status-publish","has-post-thumbnail","hentry"],"yoast_head":"<!-- This site is optimized with the Yoast SEO plugin v26.6 - https:\/\/yoast.com\/wordpress\/plugins\/seo\/ -->\n<title>T\u00f6\u00f6toad ning paketid seltskondadele ja gruppidele - Pernova Loodusmaja - kogupere k&uuml;lastuskeskus P&auml;rnus<\/title>\n<meta name=\"robots\" content=\"index, follow, max-snippet:-1, max-image-preview:large, max-video-preview:-1\" \/>\n<link rel=\"canonical\" href=\"https:\/\/www.pernova.ee\/loodusmaja\/korralda-uritus\/tootoad-ning-paketid-seltskondadele-ja-gruppidele\/\" \/>\n<meta property=\"og:locale\" content=\"et_EE\" \/>\n<meta property=\"og:type\" content=\"article\" \/>\n<meta property=\"og:title\" content=\"T\u00f6\u00f6toad ning paketid seltskondadele ja gruppidele - Pernova Loodusmaja - kogupere k&uuml;lastuskeskus P&auml;rnus\" \/>\n<meta property=\"og:description\" content=\"[vc_row][vc_column][vc_column_text] Tule veeda seltskonna, s\u00f5pruskonna v\u00f5i kollektiiviga m\u00f5nusalt aega Loodusmaja hubases atmosf\u00e4\u00e4ris! Inspiratsioonipakett Pange end proovile majam\u00e4ngus, kus Loodusmaja avastatakse v\u00f5istkonniti l\u00e4bi huvitavate k\u00fcsimuste. Peale \u00fclesannete lahendamist on m\u00f5nus l\u00f5\u00f5gastuda [&hellip;]\" \/>\n<meta property=\"og:url\" content=\"https:\/\/www.pernova.ee\/loodusmaja\/korralda-uritus\/tootoad-ning-paketid-seltskondadele-ja-gruppidele\/\" \/>\n<meta property=\"og:site_name\" content=\"Pernova Loodusmaja - kogupere k&uuml;lastuskeskus P&auml;rnus\" \/>\n<meta property=\"article:modified_time\" content=\"2025-11-28T14:34:19+00:00\" \/>\n<meta property=\"og:image\" content=\"https:\/\/www.pernova.ee\/loodusmaja\/wp-content\/uploads\/2020\/04\/s\u00fcnnip\u00e4evad-t\u00e4iskasvanutele.jpg\" \/>\n\t<meta property=\"og:image:width\" content=\"1795\" \/>\n\t<meta property=\"og:image:height\" content=\"1205\" \/>\n\t<meta property=\"og:image:type\" content=\"image\/jpeg\" \/>\n<meta name=\"twitter:card\" content=\"summary_large_image\" \/>\n<meta name=\"twitter:label1\" content=\"Est. reading time\" \/>\n\t<meta name=\"twitter:data1\" content=\"7 minutit\" \/>\n<script type=\"application\/ld+json\" class=\"yoast-schema-graph\">{\"@context\":\"https:\/\/schema.org\",\"@graph\":[{\"@type\":\"WebPage\",\"@id\":\"https:\/\/www.pernova.ee\/loodusmaja\/korralda-uritus\/tootoad-ning-paketid-seltskondadele-ja-gruppidele\/\",\"url\":\"https:\/\/www.pernova.ee\/loodusmaja\/korralda-uritus\/tootoad-ning-paketid-seltskondadele-ja-gruppidele\/\",\"name\":\"T\u00f6\u00f6toad ning paketid seltskondadele ja gruppidele - Pernova Loodusmaja - kogupere k&uuml;lastuskeskus P&auml;rnus\",\"isPartOf\":{\"@id\":\"https:\/\/www.pernova.ee\/loodusmaja\/#website\"},\"primaryImageOfPage\":{\"@id\":\"https:\/\/www.pernova.ee\/loodusmaja\/korralda-uritus\/tootoad-ning-paketid-seltskondadele-ja-gruppidele\/#primaryimage\"},\"image\":{\"@id\":\"https:\/\/www.pernova.ee\/loodusmaja\/korralda-uritus\/tootoad-ning-paketid-seltskondadele-ja-gruppidele\/#primaryimage\"},\"thumbnailUrl\":\"https:\/\/www.pernova.ee\/loodusmaja\/wp-content\/uploads\/2020\/04\/s\u00fcnnip\u00e4evad-t\u00e4iskasvanutele.jpg\",\"datePublished\":\"2020-04-03T09:26:21+00:00\",\"dateModified\":\"2025-11-28T14:34:19+00:00\",\"breadcrumb\":{\"@id\":\"https:\/\/www.pernova.ee\/loodusmaja\/korralda-uritus\/tootoad-ning-paketid-seltskondadele-ja-gruppidele\/#breadcrumb\"},\"inLanguage\":\"et\",\"potentialAction\":[{\"@type\":\"ReadAction\",\"target\":[\"https:\/\/www.pernova.ee\/loodusmaja\/korralda-uritus\/tootoad-ning-paketid-seltskondadele-ja-gruppidele\/\"]}]},{\"@type\":\"ImageObject\",\"inLanguage\":\"et\",\"@id\":\"https:\/\/www.pernova.ee\/loodusmaja\/korralda-uritus\/tootoad-ning-paketid-seltskondadele-ja-gruppidele\/#primaryimage\",\"url\":\"https:\/\/www.pernova.ee\/loodusmaja\/wp-content\/uploads\/2020\/04\/s\u00fcnnip\u00e4evad-t\u00e4iskasvanutele.jpg\",\"contentUrl\":\"https:\/\/www.pernova.ee\/loodusmaja\/wp-content\/uploads\/2020\/04\/s\u00fcnnip\u00e4evad-t\u00e4iskasvanutele.jpg\",\"width\":1795,\"height\":1205},{\"@type\":\"BreadcrumbList\",\"@id\":\"https:\/\/www.pernova.ee\/loodusmaja\/korralda-uritus\/tootoad-ning-paketid-seltskondadele-ja-gruppidele\/#breadcrumb\",\"itemListElement\":[{\"@type\":\"ListItem\",\"position\":1,\"name\":\"Home\",\"item\":\"https:\/\/www.pernova.ee\/loodusmaja\/\"},{\"@type\":\"ListItem\",\"position\":2,\"name\":\"Korralda \u00fcritus\",\"item\":\"https:\/\/www.pernova.ee\/loodusmaja\/korralda-uritus\/\"},{\"@type\":\"ListItem\",\"position\":3,\"name\":\"T\u00f6\u00f6toad ning paketid seltskondadele ja gruppidele\"}]},{\"@type\":\"WebSite\",\"@id\":\"https:\/\/www.pernova.ee\/loodusmaja\/#website\",\"url\":\"https:\/\/www.pernova.ee\/loodusmaja\/\",\"name\":\"Pernova Loodusmaja - kogupere k&uuml;lastuskeskus P&auml;rnus\",\"description\":\"Pernova Loodusmaja - Kogupere k&uuml;lastuskeskus P&auml;rnu linnas.\",\"publisher\":{\"@id\":\"https:\/\/www.pernova.ee\/loodusmaja\/#organization\"},\"potentialAction\":[{\"@type\":\"SearchAction\",\"target\":{\"@type\":\"EntryPoint\",\"urlTemplate\":\"https:\/\/www.pernova.ee\/loodusmaja\/?s={search_term_string}\"},\"query-input\":{\"@type\":\"PropertyValueSpecification\",\"valueRequired\":true,\"valueName\":\"search_term_string\"}}],\"inLanguage\":\"et\"},{\"@type\":\"Organization\",\"@id\":\"https:\/\/www.pernova.ee\/loodusmaja\/#organization\",\"name\":\"Pernova Loodusmaja - kogupere k&uuml;lastuskeskus P&auml;rnus\",\"url\":\"https:\/\/www.pernova.ee\/loodusmaja\/\",\"logo\":{\"@type\":\"ImageObject\",\"inLanguage\":\"et\",\"@id\":\"https:\/\/www.pernova.ee\/loodusmaja\/#\/schema\/logo\/image\/\",\"url\":\"https:\/\/www.pernova.ee\/loodusmaja\/wp-content\/uploads\/2020\/04\/pernova-loodusmaja-logo.png\",\"contentUrl\":\"https:\/\/www.pernova.ee\/loodusmaja\/wp-content\/uploads\/2020\/04\/pernova-loodusmaja-logo.png\",\"width\":1416,\"height\":677,\"caption\":\"Pernova Loodusmaja - kogupere k&uuml;lastuskeskus P&auml;rnus\"},\"image\":{\"@id\":\"https:\/\/www.pernova.ee\/loodusmaja\/#\/schema\/logo\/image\/\"}}]}<\/script>\n<!-- \/ Yoast SEO plugin. -->","yoast_head_json":{"title":"T\u00f6\u00f6toad ning paketid seltskondadele ja gruppidele - Pernova Loodusmaja - kogupere k&uuml;lastuskeskus P&auml;rnus","robots":{"index":"index","follow":"follow","max-snippet":"max-snippet:-1","max-image-preview":"max-image-preview:large","max-video-preview":"max-video-preview:-1"},"canonical":"https:\/\/www.pernova.ee\/loodusmaja\/korralda-uritus\/tootoad-ning-paketid-seltskondadele-ja-gruppidele\/","og_locale":"et_EE","og_type":"article","og_title":"T\u00f6\u00f6toad ning paketid seltskondadele ja gruppidele - Pernova Loodusmaja - kogupere k&uuml;lastuskeskus P&auml;rnus","og_description":"[vc_row][vc_column][vc_column_text] Tule veeda seltskonna, s\u00f5pruskonna v\u00f5i kollektiiviga m\u00f5nusalt aega Loodusmaja hubases atmosf\u00e4\u00e4ris! Inspiratsioonipakett Pange end proovile majam\u00e4ngus, kus Loodusmaja avastatakse v\u00f5istkonniti l\u00e4bi huvitavate k\u00fcsimuste. Peale \u00fclesannete lahendamist on m\u00f5nus l\u00f5\u00f5gastuda [&hellip;]","og_url":"https:\/\/www.pernova.ee\/loodusmaja\/korralda-uritus\/tootoad-ning-paketid-seltskondadele-ja-gruppidele\/","og_site_name":"Pernova Loodusmaja - kogupere k&uuml;lastuskeskus P&auml;rnus","article_modified_time":"2025-11-28T14:34:19+00:00","og_image":[{"width":1795,"height":1205,"url":"https:\/\/www.pernova.ee\/loodusmaja\/wp-content\/uploads\/2020\/04\/s\u00fcnnip\u00e4evad-t\u00e4iskasvanutele.jpg","type":"image\/jpeg"}],"twitter_card":"summary_large_image","twitter_misc":{"Est. reading time":"7 minutit"},"schema":{"@context":"https:\/\/schema.org","@graph":[{"@type":"WebPage","@id":"https:\/\/www.pernova.ee\/loodusmaja\/korralda-uritus\/tootoad-ning-paketid-seltskondadele-ja-gruppidele\/","url":"https:\/\/www.pernova.ee\/loodusmaja\/korralda-uritus\/tootoad-ning-paketid-seltskondadele-ja-gruppidele\/","name":"T\u00f6\u00f6toad ning paketid seltskondadele ja gruppidele - Pernova Loodusmaja - kogupere k&uuml;lastuskeskus P&auml;rnus","isPartOf":{"@id":"https:\/\/www.pernova.ee\/loodusmaja\/#website"},"primaryImageOfPage":{"@id":"https:\/\/www.pernova.ee\/loodusmaja\/korralda-uritus\/tootoad-ning-paketid-seltskondadele-ja-gruppidele\/#primaryimage"},"image":{"@id":"https:\/\/www.pernova.ee\/loodusmaja\/korralda-uritus\/tootoad-ning-paketid-seltskondadele-ja-gruppidele\/#primaryimage"},"thumbnailUrl":"https:\/\/www.pernova.ee\/loodusmaja\/wp-content\/uploads\/2020\/04\/s\u00fcnnip\u00e4evad-t\u00e4iskasvanutele.jpg","datePublished":"2020-04-03T09:26:21+00:00","dateModified":"2025-11-28T14:34:19+00:00","breadcrumb":{"@id":"https:\/\/www.pernova.ee\/loodusmaja\/korralda-uritus\/tootoad-ning-paketid-seltskondadele-ja-gruppidele\/#breadcrumb"},"inLanguage":"et","potentialAction":[{"@type":"ReadAction","target":["https:\/\/www.pernova.ee\/loodusmaja\/korralda-uritus\/tootoad-ning-paketid-seltskondadele-ja-gruppidele\/"]}]},{"@type":"ImageObject","inLanguage":"et","@id":"https:\/\/www.pernova.ee\/loodusmaja\/korralda-uritus\/tootoad-ning-paketid-seltskondadele-ja-gruppidele\/#primaryimage","url":"https:\/\/www.pernova.ee\/loodusmaja\/wp-content\/uploads\/2020\/04\/s\u00fcnnip\u00e4evad-t\u00e4iskasvanutele.jpg","contentUrl":"https:\/\/www.pernova.ee\/loodusmaja\/wp-content\/uploads\/2020\/04\/s\u00fcnnip\u00e4evad-t\u00e4iskasvanutele.jpg","width":1795,"height":1205},{"@type":"BreadcrumbList","@id":"https:\/\/www.pernova.ee\/loodusmaja\/korralda-uritus\/tootoad-ning-paketid-seltskondadele-ja-gruppidele\/#breadcrumb","itemListElement":[{"@type":"ListItem","position":1,"name":"Home","item":"https:\/\/www.pernova.ee\/loodusmaja\/"},{"@type":"ListItem","position":2,"name":"Korralda \u00fcritus","item":"https:\/\/www.pernova.ee\/loodusmaja\/korralda-uritus\/"},{"@type":"ListItem","position":3,"name":"T\u00f6\u00f6toad ning paketid seltskondadele ja gruppidele"}]},{"@type":"WebSite","@id":"https:\/\/www.pernova.ee\/loodusmaja\/#website","url":"https:\/\/www.pernova.ee\/loodusmaja\/","name":"Pernova Loodusmaja - kogupere k&uuml;lastuskeskus P&auml;rnus","description":"Pernova Loodusmaja - Kogupere k&uuml;lastuskeskus P&auml;rnu linnas.","publisher":{"@id":"https:\/\/www.pernova.ee\/loodusmaja\/#organization"},"potentialAction":[{"@type":"SearchAction","target":{"@type":"EntryPoint","urlTemplate":"https:\/\/www.pernova.ee\/loodusmaja\/?s={search_term_string}"},"query-input":{"@type":"PropertyValueSpecification","valueRequired":true,"valueName":"search_term_string"}}],"inLanguage":"et"},{"@type":"Organization","@id":"https:\/\/www.pernova.ee\/loodusmaja\/#organization","name":"Pernova Loodusmaja - kogupere k&uuml;lastuskeskus P&auml;rnus","url":"https:\/\/www.pernova.ee\/loodusmaja\/","logo":{"@type":"ImageObject","inLanguage":"et","@id":"https:\/\/www.pernova.ee\/loodusmaja\/#\/schema\/logo\/image\/","url":"https:\/\/www.pernova.ee\/loodusmaja\/wp-content\/uploads\/2020\/04\/pernova-loodusmaja-logo.png","contentUrl":"https:\/\/www.pernova.ee\/loodusmaja\/wp-content\/uploads\/2020\/04\/pernova-loodusmaja-logo.png","width":1416,"height":677,"caption":"Pernova Loodusmaja - kogupere k&uuml;lastuskeskus P&auml;rnus"},"image":{"@id":"https:\/\/www.pernova.ee\/loodusmaja\/#\/schema\/logo\/image\/"}}]}},"_links":{"self":[{"href":"https:\/\/www.pernova.ee\/loodusmaja\/wp-json\/wp\/v2\/pages\/1029","targetHints":{"allow":["GET"]}}],"collection":[{"href":"https:\/\/www.pernova.ee\/loodusmaja\/wp-json\/wp\/v2\/pages"}],"about":[{"href":"https:\/\/www.pernova.ee\/loodusmaja\/wp-json\/wp\/v2\/types\/page"}],"author":[{"embeddable":true,"href":"https:\/\/www.pernova.ee\/loodusmaja\/wp-json\/wp\/v2\/users\/1"}],"replies":[{"embeddable":true,"href":"https:\/\/www.pernova.ee\/loodusmaja\/wp-json\/wp\/v2\/comments?post=1029"}],"version-history":[{"count":39,"href":"https:\/\/www.pernova.ee\/loodusmaja\/wp-json\/wp\/v2\/pages\/1029\/revisions"}],"predecessor-version":[{"id":14006,"href":"https:\/\/www.pernova.ee\/loodusmaja\/wp-json\/wp\/v2\/pages\/1029\/revisions\/14006"}],"up":[{"embeddable":true,"href":"https:\/\/www.pernova.ee\/loodusmaja\/wp-json\/wp\/v2\/pages\/856"}],"wp:featuredmedia":[{"embeddable":true,"href":"https:\/\/www.pernova.ee\/loodusmaja\/wp-json\/wp\/v2\/media\/1031"}],"wp:attachment":[{"href":"https:\/\/www.pernova.ee\/loodusmaja\/wp-json\/wp\/v2\/media?parent=1029"}],"curies":[{"name":"wp","href":"https:\/\/api.w.org\/{rel}","templated":true}]}}