{"id":1233,"date":"2020-04-21T14:30:20","date_gmt":"2020-04-21T11:30:20","guid":{"rendered":"https:\/\/www.pernova.ee\/loodusmaja\/?page_id=1233"},"modified":"2025-11-24T13:38:56","modified_gmt":"2025-11-24T11:38:56","slug":"meist","status":"publish","type":"page","link":"https:\/\/www.pernova.ee\/loodusmaja\/meist\/","title":{"rendered":"Meist"},"content":{"rendered":"<p><span style=\"font-weight: 400;\">Pernova Loodusmaja unikaalse arhitektuuriga k\u00fclastuskeskus jutustab lugusid kodukoha ja laiema maailma looduse elurikkusest.<\/span><\/p>\n<p><span style=\"font-weight: 400;\">Looduse tundmine v\u00f5imaldab inimesel s\u00fcgavamalt m\u00f5ista&nbsp; \u00fcmbritseva keskkonna mitmetahulist toimimist, ning milline osa on meil selle igip\u00f5lise elurikkuse kestmaj\u00e4\u00e4mises.<\/span><\/p>\n<p><span style=\"font-weight: 400;\">Ajastul, kui elu koondub aina rohkem linnadesse, peame&nbsp; oluliseks l\u00e4bi n\u00e4ituste, teemas\u00fcndmuste, huviringide ja koolidele pakutavate praktiliste&nbsp; \u00f5ppeprogrammide luua ja s\u00e4ilitada sidet loodusega, teadvustada keskkonna teemalisi muutumisi.<\/span><\/p>\n<p><span style=\"font-weight: 400;\">Soovime olla&nbsp; teejuhid t\u00e4nastele ja tulevastele noortele, ning peame oluliseks suunata m\u00e4rkama loodust ja selle vastu huvi tundma. T\u00e4nases muutuvas ajas pakub loodus- ja keskkonnavaldkond \u00fcha uusi teadmisi.&nbsp;<\/span><\/p>\n<p><span style=\"font-weight: 400;\">V\u00e4\u00e4rtustame koosveedetud aega, mis on oluline perele ja igale p\u00f5lvkonnale. \u00dchistel ringk\u00e4ikudel&nbsp; majas jagub uudistamist igas eas looduses\u00f5brale. Koosveedetud aeg ja uued teadmised loovad olulisi v\u00e4\u00e4rtusi.<\/span><\/p>\n<p><span style=\"font-weight: 400;\">Ootame teid &nbsp; loodusr\u00e4nnakule l\u00e4bi loodumaja kolme korruse ja osa saama Pernova k\u00fclastuskeskuse n\u00e4itustest, perehommikutest ja&nbsp; eris\u00fcndmustest! Meie erilise atmosf\u00e4\u00e4riga majas on v\u00f5imalus lisaks l\u00e4bi viia inspireerivaid seminare, meeskonna\u00fcritusi, ning t\u00e4histada meeldej\u00e4\u00e4vaid&nbsp; pidulike s\u00fcndmusi!<\/span><\/p>\n<p><span style=\"font-weight: 400;\">Tere tulemast Pernovasse!<\/span><\/p>\n<div style=\"width: 1920px;\" class=\"wp-video\"><video class=\"wp-video-shortcode\" id=\"video-1233-1\" width=\"1920\" height=\"1080\" preload=\"metadata\" controls=\"controls\"><source type=\"video\/mp4\" src=\"https:\/\/www.pernova.ee\/loodusmaja\/video\/Pernova-Loodusmaja_HD_est.mp4?_=1\" \/><a href=\"https:\/\/www.pernova.ee\/loodusmaja\/video\/Pernova-Loodusmaja_HD_est.mp4\">https:\/\/www.pernova.ee\/loodusmaja\/video\/Pernova-Loodusmaja_HD_est.mp4<\/a><\/video><\/div>\n","protected":false},"excerpt":{"rendered":"<p>Pernova Loodusmaja unikaalse arhitektuuriga k\u00fclastuskeskus jutustab lugusid kodukoha ja laiema maailma looduse elurikkusest. Looduse tundmine v\u00f5imaldab inimesel s\u00fcgavamalt m\u00f5ista&nbsp; \u00fcmbritseva keskkonna mitmetahulist toimimist, ning milline osa on meil selle igip\u00f5lise [&hellip;]<\/p>\n","protected":false},"author":1,"featured_media":0,"parent":0,"menu_order":0,"comment_status":"closed","ping_status":"closed","template":"","meta":{"ngg_post_thumbnail":0,"footnotes":""},"class_list":["post-1233","page","type-page","status-publish","hentry"],"yoast_head":"<!-- This site is optimized with the Yoast SEO plugin v26.6 - https:\/\/yoast.com\/wordpress\/plugins\/seo\/ -->\n<title>Meist - Pernova Loodusmaja - kogupere k&uuml;lastuskeskus P&auml;rnus<\/title>\n<meta name=\"robots\" content=\"index, follow, max-snippet:-1, max-image-preview:large, max-video-preview:-1\" \/>\n<link rel=\"canonical\" href=\"https:\/\/www.pernova.ee\/loodusmaja\/meist\/\" \/>\n<meta property=\"og:locale\" content=\"et_EE\" \/>\n<meta property=\"og:type\" content=\"article\" \/>\n<meta property=\"og:title\" content=\"Meist - Pernova Loodusmaja - kogupere k&uuml;lastuskeskus P&auml;rnus\" \/>\n<meta property=\"og:description\" content=\"Pernova Loodusmaja unikaalse arhitektuuriga k\u00fclastuskeskus jutustab lugusid kodukoha ja laiema maailma looduse elurikkusest. Looduse tundmine v\u00f5imaldab inimesel s\u00fcgavamalt m\u00f5ista&nbsp; \u00fcmbritseva keskkonna mitmetahulist toimimist, ning milline osa on meil selle igip\u00f5lise [&hellip;]\" \/>\n<meta property=\"og:url\" content=\"https:\/\/www.pernova.ee\/loodusmaja\/meist\/\" \/>\n<meta property=\"og:site_name\" content=\"Pernova Loodusmaja - kogupere k&uuml;lastuskeskus P&auml;rnus\" \/>\n<meta property=\"article:modified_time\" content=\"2025-11-24T11:38:56+00:00\" \/>\n<meta name=\"twitter:card\" content=\"summary_large_image\" \/>\n<meta name=\"twitter:label1\" content=\"Est. reading time\" \/>\n\t<meta name=\"twitter:data1\" content=\"1 minut\" \/>\n<script type=\"application\/ld+json\" class=\"yoast-schema-graph\">{\"@context\":\"https:\/\/schema.org\",\"@graph\":[{\"@type\":\"WebPage\",\"@id\":\"https:\/\/www.pernova.ee\/loodusmaja\/meist\/\",\"url\":\"https:\/\/www.pernova.ee\/loodusmaja\/meist\/\",\"name\":\"Meist - Pernova Loodusmaja - kogupere k&uuml;lastuskeskus P&auml;rnus\",\"isPartOf\":{\"@id\":\"https:\/\/www.pernova.ee\/loodusmaja\/#website\"},\"datePublished\":\"2020-04-21T11:30:20+00:00\",\"dateModified\":\"2025-11-24T11:38:56+00:00\",\"breadcrumb\":{\"@id\":\"https:\/\/www.pernova.ee\/loodusmaja\/meist\/#breadcrumb\"},\"inLanguage\":\"et\",\"potentialAction\":[{\"@type\":\"ReadAction\",\"target\":[\"https:\/\/www.pernova.ee\/loodusmaja\/meist\/\"]}]},{\"@type\":\"BreadcrumbList\",\"@id\":\"https:\/\/www.pernova.ee\/loodusmaja\/meist\/#breadcrumb\",\"itemListElement\":[{\"@type\":\"ListItem\",\"position\":1,\"name\":\"Home\",\"item\":\"https:\/\/www.pernova.ee\/loodusmaja\/\"},{\"@type\":\"ListItem\",\"position\":2,\"name\":\"Meist\"}]},{\"@type\":\"WebSite\",\"@id\":\"https:\/\/www.pernova.ee\/loodusmaja\/#website\",\"url\":\"https:\/\/www.pernova.ee\/loodusmaja\/\",\"name\":\"Pernova Loodusmaja - kogupere k&uuml;lastuskeskus P&auml;rnus\",\"description\":\"Pernova Loodusmaja - Kogupere k&uuml;lastuskeskus P&auml;rnu linnas.\",\"publisher\":{\"@id\":\"https:\/\/www.pernova.ee\/loodusmaja\/#organization\"},\"potentialAction\":[{\"@type\":\"SearchAction\",\"target\":{\"@type\":\"EntryPoint\",\"urlTemplate\":\"https:\/\/www.pernova.ee\/loodusmaja\/?s={search_term_string}\"},\"query-input\":{\"@type\":\"PropertyValueSpecification\",\"valueRequired\":true,\"valueName\":\"search_term_string\"}}],\"inLanguage\":\"et\"},{\"@type\":\"Organization\",\"@id\":\"https:\/\/www.pernova.ee\/loodusmaja\/#organization\",\"name\":\"Pernova Loodusmaja - kogupere k&uuml;lastuskeskus P&auml;rnus\",\"url\":\"https:\/\/www.pernova.ee\/loodusmaja\/\",\"logo\":{\"@type\":\"ImageObject\",\"inLanguage\":\"et\",\"@id\":\"https:\/\/www.pernova.ee\/loodusmaja\/#\/schema\/logo\/image\/\",\"url\":\"https:\/\/www.pernova.ee\/loodusmaja\/wp-content\/uploads\/2020\/04\/pernova-loodusmaja-logo.png\",\"contentUrl\":\"https:\/\/www.pernova.ee\/loodusmaja\/wp-content\/uploads\/2020\/04\/pernova-loodusmaja-logo.png\",\"width\":1416,\"height\":677,\"caption\":\"Pernova Loodusmaja - kogupere k&uuml;lastuskeskus P&auml;rnus\"},\"image\":{\"@id\":\"https:\/\/www.pernova.ee\/loodusmaja\/#\/schema\/logo\/image\/\"}}]}<\/script>\n<!-- \/ Yoast SEO plugin. -->","yoast_head_json":{"title":"Meist - Pernova Loodusmaja - kogupere k&uuml;lastuskeskus P&auml;rnus","robots":{"index":"index","follow":"follow","max-snippet":"max-snippet:-1","max-image-preview":"max-image-preview:large","max-video-preview":"max-video-preview:-1"},"canonical":"https:\/\/www.pernova.ee\/loodusmaja\/meist\/","og_locale":"et_EE","og_type":"article","og_title":"Meist - Pernova Loodusmaja - kogupere k&uuml;lastuskeskus P&auml;rnus","og_description":"Pernova Loodusmaja unikaalse arhitektuuriga k\u00fclastuskeskus jutustab lugusid kodukoha ja laiema maailma looduse elurikkusest. Looduse tundmine v\u00f5imaldab inimesel s\u00fcgavamalt m\u00f5ista&nbsp; \u00fcmbritseva keskkonna mitmetahulist toimimist, ning milline osa on meil selle igip\u00f5lise [&hellip;]","og_url":"https:\/\/www.pernova.ee\/loodusmaja\/meist\/","og_site_name":"Pernova Loodusmaja - kogupere k&uuml;lastuskeskus P&auml;rnus","article_modified_time":"2025-11-24T11:38:56+00:00","twitter_card":"summary_large_image","twitter_misc":{"Est. reading time":"1 minut"},"schema":{"@context":"https:\/\/schema.org","@graph":[{"@type":"WebPage","@id":"https:\/\/www.pernova.ee\/loodusmaja\/meist\/","url":"https:\/\/www.pernova.ee\/loodusmaja\/meist\/","name":"Meist - Pernova Loodusmaja - kogupere k&uuml;lastuskeskus P&auml;rnus","isPartOf":{"@id":"https:\/\/www.pernova.ee\/loodusmaja\/#website"},"datePublished":"2020-04-21T11:30:20+00:00","dateModified":"2025-11-24T11:38:56+00:00","breadcrumb":{"@id":"https:\/\/www.pernova.ee\/loodusmaja\/meist\/#breadcrumb"},"inLanguage":"et","potentialAction":[{"@type":"ReadAction","target":["https:\/\/www.pernova.ee\/loodusmaja\/meist\/"]}]},{"@type":"BreadcrumbList","@id":"https:\/\/www.pernova.ee\/loodusmaja\/meist\/#breadcrumb","itemListElement":[{"@type":"ListItem","position":1,"name":"Home","item":"https:\/\/www.pernova.ee\/loodusmaja\/"},{"@type":"ListItem","position":2,"name":"Meist"}]},{"@type":"WebSite","@id":"https:\/\/www.pernova.ee\/loodusmaja\/#website","url":"https:\/\/www.pernova.ee\/loodusmaja\/","name":"Pernova Loodusmaja - kogupere k&uuml;lastuskeskus P&auml;rnus","description":"Pernova Loodusmaja - Kogupere k&uuml;lastuskeskus P&auml;rnu linnas.","publisher":{"@id":"https:\/\/www.pernova.ee\/loodusmaja\/#organization"},"potentialAction":[{"@type":"SearchAction","target":{"@type":"EntryPoint","urlTemplate":"https:\/\/www.pernova.ee\/loodusmaja\/?s={search_term_string}"},"query-input":{"@type":"PropertyValueSpecification","valueRequired":true,"valueName":"search_term_string"}}],"inLanguage":"et"},{"@type":"Organization","@id":"https:\/\/www.pernova.ee\/loodusmaja\/#organization","name":"Pernova Loodusmaja - kogupere k&uuml;lastuskeskus P&auml;rnus","url":"https:\/\/www.pernova.ee\/loodusmaja\/","logo":{"@type":"ImageObject","inLanguage":"et","@id":"https:\/\/www.pernova.ee\/loodusmaja\/#\/schema\/logo\/image\/","url":"https:\/\/www.pernova.ee\/loodusmaja\/wp-content\/uploads\/2020\/04\/pernova-loodusmaja-logo.png","contentUrl":"https:\/\/www.pernova.ee\/loodusmaja\/wp-content\/uploads\/2020\/04\/pernova-loodusmaja-logo.png","width":1416,"height":677,"caption":"Pernova Loodusmaja - kogupere k&uuml;lastuskeskus P&auml;rnus"},"image":{"@id":"https:\/\/www.pernova.ee\/loodusmaja\/#\/schema\/logo\/image\/"}}]}},"_links":{"self":[{"href":"https:\/\/www.pernova.ee\/loodusmaja\/wp-json\/wp\/v2\/pages\/1233","targetHints":{"allow":["GET"]}}],"collection":[{"href":"https:\/\/www.pernova.ee\/loodusmaja\/wp-json\/wp\/v2\/pages"}],"about":[{"href":"https:\/\/www.pernova.ee\/loodusmaja\/wp-json\/wp\/v2\/types\/page"}],"author":[{"embeddable":true,"href":"https:\/\/www.pernova.ee\/loodusmaja\/wp-json\/wp\/v2\/users\/1"}],"replies":[{"embeddable":true,"href":"https:\/\/www.pernova.ee\/loodusmaja\/wp-json\/wp\/v2\/comments?post=1233"}],"version-history":[{"count":8,"href":"https:\/\/www.pernova.ee\/loodusmaja\/wp-json\/wp\/v2\/pages\/1233\/revisions"}],"predecessor-version":[{"id":13988,"href":"https:\/\/www.pernova.ee\/loodusmaja\/wp-json\/wp\/v2\/pages\/1233\/revisions\/13988"}],"wp:attachment":[{"href":"https:\/\/www.pernova.ee\/loodusmaja\/wp-json\/wp\/v2\/media?parent=1233"}],"curies":[{"name":"wp","href":"https:\/\/api.w.org\/{rel}","templated":true}]}}