{"id":3116,"date":"2020-05-27T11:27:06","date_gmt":"2020-05-27T08:27:06","guid":{"rendered":"https:\/\/www.pernova.ee\/loodusmaja\/?page_id=3116"},"modified":"2023-06-29T12:48:15","modified_gmt":"2023-06-29T09:48:15","slug":"meist-meedias","status":"publish","type":"page","link":"https:\/\/www.pernova.ee\/loodusmaja\/meist-meedias\/","title":{"rendered":"Meist meedias"},"content":{"rendered":"\t\t<div data-elementor-type=\"wp-page\" data-elementor-id=\"3116\" class=\"elementor elementor-3116\">\n\t\t\t\t\t\t<section class=\" elementor-section elementor-top-section elementor-element elementor-element-18ea72c elementor-section-boxed elementor-section-height-default elementor-section-height-default smart-sticky-default\" data-id=\"18ea72c\" data-element_type=\"section\">\n\t\t\t\t\t\t\t\t<div class=\"elementor-container elementor-column-gap-default\">\n\t\t\t\t\n\t\t\t\t\t\t\t\t<div class=\" elementor-column elementor-col-50 elementor-top-column elementor-element elementor-element-00358c9 \" data-id=\"00358c9\" data-element_type=\"column\">\n\n\t\t\t\t\n\t\t\t\t<div class=\"elementor-widget-wrap elementor-element-populated\">\n\t\t\t\t\t\t\t\t\t\t\n\t\t\t\t\t\t<div class=\"elementor-element elementor-element-54d651b elementor-widget elementor-widget-text-editor\" data-id=\"54d651b\" data-element_type=\"widget\" data-widget_type=\"text-editor.default\">\n\t\t\t\t<div class=\"elementor-widget-container\">\n\t\t\t\t\t\t\t\t\t<div style=\"position: relative; width: 100%; height: 0; padding-bottom: 56.25%;\"><iframe style=\"position: absolute; top: 0; left: 0; width: 100%; height: 100%; border: none;\" src=\"\/\/services.err.ee\/media\/embed\/f21eedd395912379750bab1bcbf2b66e\" frameborder=\"0\" allowfullscreen=\"allowfullscreen\"><\/iframe><\/div>\t\t\t\t\t\t\t\t<\/div>\n\t\t\t\t<\/div>\n\t\t\t\t\t\t<\/div>\n\t\t\t\t<\/div>\n\t\t\t\t\t\t\t\t\t<div class=\" elementor-column elementor-col-50 elementor-top-column elementor-element elementor-element-36f1dc3 \" data-id=\"36f1dc3\" data-element_type=\"column\">\n\n\t\t\t\t\n\t\t\t\t<div class=\"elementor-widget-wrap elementor-element-populated\">\n\t\t\t\t\t\t\t\t\t\t\n\t\t\t\t\t\t<div class=\"elementor-element elementor-element-baa1e20 elementor-widget elementor-widget-text-editor\" data-id=\"baa1e20\" data-element_type=\"widget\" data-widget_type=\"text-editor.default\">\n\t\t\t\t<div class=\"elementor-widget-container\">\n\t\t\t\t\t\t\t\t\t<iframe width=\"560\" height=\"315\" src=\"https:\/\/www.youtube.com\/embed\/t6JqIDZ20SY\" title=\"YouTube video player\" frameborder=\"0\" allow=\"accelerometer; autoplay; clipboard-write; encrypted-media; gyroscope; picture-in-picture; web-share\" allowfullscreen><\/iframe>\t\t\t\t\t\t\t\t<\/div>\n\t\t\t\t<\/div>\n\t\t\t\t\t\t<\/div>\n\t\t\t\t<\/div>\n\t\t\t\t\t\t\t\t<\/div>\n\t\t\t<\/section>\n\t\t\t\t\t<section class=\" elementor-section elementor-top-section elementor-element elementor-element-2751ad58 elementor-section-boxed elementor-section-height-default elementor-section-height-default smart-sticky-default\" data-id=\"2751ad58\" data-element_type=\"section\">\n\t\t\t\t\t\t\t\t<div class=\"elementor-container elementor-column-gap-default\">\n\t\t\t\t\n\t\t\t\t\t\t\t\t<div class=\" elementor-column elementor-col-100 elementor-top-column elementor-element elementor-element-2cfbd0ef \" data-id=\"2cfbd0ef\" data-element_type=\"column\">\n\n\t\t\t\t\n\t\t\t\t<div class=\"elementor-widget-wrap elementor-element-populated\">\n\t\t\t\t\t\t\t\t\t\t\n\t\t\t\t\t\t<div class=\"elementor-element elementor-element-3fd536df elementor-widget elementor-widget-text-editor\" data-id=\"3fd536df\" data-element_type=\"widget\" data-widget_type=\"text-editor.default\">\n\t\t\t\t<div class=\"elementor-widget-container\">\n\t\t\t\t\t\t\t\t\t<p>*\u00a0 <a href=\"https:\/\/parnu.postimees.ee\/7780133\/parnusse-rajatakse-riigi-esimene-kliimahariduse-naidisala\" target=\"_blank\" rel=\"noopener\">23. mai 2023 &#8211; P\u00e4rnusse rajatakse riigi esimene kliimahariduse n\u00e4idisala<\/a><\/p><p>*\u00a0 <a href=\"https:\/\/menu.err.ee\/1608932435\/pernova-loodusmaja-avas-uue-veemaailma\" target=\"_blank\" rel=\"noopener\">30. m\u00e4rts 2023 &#8211; Pernova loodusmaja avas uue veemaailma<\/a><\/p><p>*\u00a0 <a href=\"https:\/\/parnu.postimees.ee\/7695874\/video-pernova-motomaja-sai-esimese-sartsuratta\" target=\"_blank\" rel=\"noopener\">21. jaanuar 2023 &#8211; Pernova motomaja sai esimese s\u00e4rtsuratta<\/a><\/p><p>*\u00a0 <a href=\"https:\/\/parnu.postimees.ee\/7662733\/pernova-kutsub-pimedal-ajal-taas-valguskujude-paistel-promeneerima\" target=\"_blank\" rel=\"noopener\">04. detsember 2022 &#8211; Pernova kutsub pimedal ajal taas valguskujude paistel promeneerima<\/a><\/p><p>*\u00a0 <a href=\"https:\/\/jarvateataja.postimees.ee\/7642742\/jarvamaa-gumnasistid-kulastasid-parnumaa-ettevotteid\" target=\"_blank\" rel=\"noopener\">09. november 2022 &#8211; J\u00e4rvamaa g\u00fcmnasistid k\u00fclastasid P\u00e4rnumaa ettev\u00f5tteid<\/a><\/p><p>*\u00a0 <a href=\"https:\/\/parnu.postimees.ee\/7613738\/staarkukk-asendub-buldooseritega\" target=\"_blank\" rel=\"noopener\">27. september 2022 &#8211; Staarkukk asendub buldooseritega<\/a><\/p><p>*\u00a0 <a href=\"https:\/\/parnu.postimees.ee\/7610032\/naiskodukaitsjate-sunnipaev-algas-seentega\" target=\"_blank\" rel=\"noopener\">21. september 2022 &#8211; Naiskodukaitsjate s\u00fcnnip\u00e4ev algas seentega<\/a><\/p><p>*\u00a0 <a href=\"https:\/\/parnu.postimees.ee\/7592056\/akvaariumikalade-eest-hoolitsemine-nouab-teadmisi\" target=\"_blank\" rel=\"noopener\">26. august 2022 &#8211; Akvaariumikalade eest hoolitsemine n\u00f5uab teadmisi<\/a><\/p><p>*\u00a0 <a href=\"https:\/\/parnu.postimees.ee\/7582759\/taevalaotus-ullatab-taas-tahesajuga-tunnis-naeb-sadakonda-perseiide\" target=\"_blank\" rel=\"noopener\">12. august 2022 &#8211; Taevalaotus \u00fcllatab taas t\u00e4hesajuga: tunnis n\u00e4eb sadakonda perseiide<\/a><\/p><p>*\u00a0 <a href=\"https:\/\/parnu.postimees.ee\/7559915\/uusimas-parnu-einelas-valvab-kohvitegu-stopperkell\" target=\"_blank\" rel=\"noopener\">07. juuli 2022 &#8211; Uusimas P\u00e4rnu einelas valvab kohvitegu stopperkell<\/a><\/p><p>*\u00a0 <a href=\"https:\/\/parnu.postimees.ee\/7515771\/loodusmajas-koorusid-varvikirevad-tiivulised\" target=\"_blank\" rel=\"noopener\">5. mai 2022 &#8211; Loodusmajas koorusid v\u00e4rvikirevad tiivulised<\/a><\/p><p>*\u00a0 <a href=\"https:\/\/parnu.postimees.ee\/7401302\/pernova-loodusmaja-ou-taitus-tantsu-ja-tulesaraga\" target=\"_blank\" rel=\"noopener\">5. detsember 2021 &#8211; Pernova loodusmaja \u00f5u t\u00e4itus tantsu ja tules\u00e4raga<\/a><\/p><p>*\u00a0 <a href=\"https:\/\/parnu.postimees.ee\/7385480\/loodusmajas-opiti-isadepaeval-matkatarkusi-ja-uudistati-mototehnikat?fbclid=IwAR0XAMVUfHV0aUIKSH_osGX6xCuOnLeIt3Vi5813bUzC1R1LteK-aLnqH-Q\" target=\"_blank\" rel=\"noopener\">14. november 2021 &#8211; Loodusmajas \u00f5piti isadep\u00e4eval matkatarkusi ja uudistati mototehnikat<\/a><\/p><p>*\u00a0 <a href=\"https:\/\/parnu.postimees.ee\/7339842\/seenenaitusele-joudis-mitu-haruldast-metsaandi?fbclid=IwAR0WOuKO1M1YMXi3uvNYO2jILR8euH0ppxcB3JVyOhtWMJmyLHDlwkI2Y-k\" target=\"_blank\" rel=\"noopener\">16. september 2021 &#8211; Seenen\u00e4itusele j\u00f5udis mitu haruldast metsaandi<\/a><\/p><p>*\u00a0 <a href=\"https:\/\/parnu.postimees.ee\/7334336\/pernova-loodusmaja-kulastas-rekordarv-inimesi\" target=\"_blank\" rel=\"noopener\">9. september 2021 &#8211; Pernova loodusmaja k\u00fclastas rekordarv inimesi<\/a><\/p><p>*\u00a0 <a href=\"https:\/\/parnu.postimees.ee\/7206501\/loodusmajja-saabusid-piltilusad-liblikad-teiselt-poolt-maakera\" target=\"_blank\" rel=\"noopener\">21. m\u00e4rts 2021 &#8211; Loodusmajja saabusid piltilusad liblikad teiselt poolt maakera<\/a><\/p><p>*\u00a0 <a href=\"https:\/\/parnu.postimees.ee\/7126654\/loodusmaja-joulumaa-avati-tulesou-tantsu-ja-murtsu-saatel?fbclid=IwAR3JgGOq0ZVOEBiaj6HMBOAn4sSxsraE5R8WrT3nxnF4Drqx1ESXBsnGlgg\">6. detsember 2020 &#8211; Loodusmaja j\u00f5ulumaa avati tules\u00f5u, tantsu ja m\u00fcrtsu saatel<\/a><\/p><p>* <a href=\"https:\/\/parnu.postimees.ee\/7060450\/seenekubarad-ja-tint-loodusmaja-sugispidu-on-taies-hoos?fbclid=IwAR1_lDASbKGCP2OGJMqj42kIQs0mgO30Ep0FugPPiJATyHODAFPnxrgg8OI\" target=\"_blank\" rel=\"noopener noreferrer\">11. september 2020 &#8211; Seenek\u00fcbarad ja -tint: loodusmaja s\u00fcgispidu on t\u00e4ies hoos<\/a><\/p><p>* <a href=\"https:\/\/parnu.postimees.ee\/7044499\/pernova-loodusmaja-ullatab-uudsete-lahendustega\" target=\"_blank\" rel=\"noopener noreferrer\">21. august 2020 &#8211; Pernova loodusmaja \u00fcllatab uudsete lahendustega<\/a><\/p><p>* <a href=\"https:\/\/parnu.postimees.ee\/7038743\/parnu-rannaliival-vottis-koha-sisse-hiiglaslik-prugikala?fbclid=IwAR0jTRtNMaZlwSwTP6P-8da68EHtLXmosEq1WMhKqLa9mnSxAdxBUWJEVm0\" target=\"_blank\" rel=\"noopener noreferrer\">13. august 2020 &#8211; P\u00e4rnu rannaliival v\u00f5ttis koha sisse hiiglaslik pr\u00fcgikala<\/a><\/p><p>* <a href=\"https:\/\/parnu.postimees.ee\/7003820\/pernova-hariduskeskus-juhib-tahelepanu-laanemere-keskkonnaprobleemidele\" target=\"_blank\" rel=\"noopener noreferrer\"><span class=\"article__publish-date\">26. juuni 2020<\/span> &#8211; Pernova hariduskeskus juhib t\u00e4helepanu L\u00e4\u00e4nemere keskkonnaprobleemidele<\/a><\/p>\t\t\t\t\t\t\t\t<\/div>\n\t\t\t\t<\/div>\n\t\t\t\t\t\t<\/div>\n\t\t\t\t<\/div>\n\t\t\t\t\t\t\t\t<\/div>\n\t\t\t<\/section>\n\t\t\t\t\t<\/div>\n\t\t","protected":false},"excerpt":{"rendered":"<p>*\u00a0 23. mai 2023 &#8211; P\u00e4rnusse rajatakse riigi esimene kliimahariduse n\u00e4idisala *\u00a0 30. m\u00e4rts 2023 &#8211; Pernova loodusmaja avas uue veemaailma *\u00a0 21. jaanuar 2023 &#8211; Pernova motomaja sai esimese [&hellip;]<\/p>\n","protected":false},"author":1,"featured_media":0,"parent":0,"menu_order":0,"comment_status":"closed","ping_status":"closed","template":"","meta":{"ngg_post_thumbnail":0,"footnotes":""},"class_list":["post-3116","page","type-page","status-publish","hentry"],"yoast_head":"<!-- This site is optimized with the Yoast SEO plugin v26.6 - https:\/\/yoast.com\/wordpress\/plugins\/seo\/ -->\n<title>Meist meedias - Pernova Loodusmaja - kogupere k&uuml;lastuskeskus P&auml;rnus<\/title>\n<meta name=\"robots\" content=\"index, follow, max-snippet:-1, max-image-preview:large, max-video-preview:-1\" \/>\n<link rel=\"canonical\" href=\"https:\/\/www.pernova.ee\/loodusmaja\/meist-meedias\/\" \/>\n<meta property=\"og:locale\" content=\"et_EE\" \/>\n<meta property=\"og:type\" content=\"article\" \/>\n<meta property=\"og:title\" content=\"Meist meedias - Pernova Loodusmaja - kogupere k&uuml;lastuskeskus P&auml;rnus\" \/>\n<meta property=\"og:description\" content=\"*\u00a0 23. mai 2023 &#8211; P\u00e4rnusse rajatakse riigi esimene kliimahariduse n\u00e4idisala *\u00a0 30. m\u00e4rts 2023 &#8211; Pernova loodusmaja avas uue veemaailma *\u00a0 21. jaanuar 2023 &#8211; Pernova motomaja sai esimese [&hellip;]\" \/>\n<meta property=\"og:url\" content=\"https:\/\/www.pernova.ee\/loodusmaja\/meist-meedias\/\" \/>\n<meta property=\"og:site_name\" content=\"Pernova Loodusmaja - kogupere k&uuml;lastuskeskus P&auml;rnus\" \/>\n<meta property=\"article:modified_time\" content=\"2023-06-29T09:48:15+00:00\" \/>\n<meta name=\"twitter:card\" content=\"summary_large_image\" \/>\n<meta name=\"twitter:label1\" content=\"Est. reading time\" \/>\n\t<meta name=\"twitter:data1\" content=\"2 minutit\" \/>\n<script type=\"application\/ld+json\" class=\"yoast-schema-graph\">{\"@context\":\"https:\/\/schema.org\",\"@graph\":[{\"@type\":\"WebPage\",\"@id\":\"https:\/\/www.pernova.ee\/loodusmaja\/meist-meedias\/\",\"url\":\"https:\/\/www.pernova.ee\/loodusmaja\/meist-meedias\/\",\"name\":\"Meist meedias - Pernova Loodusmaja - kogupere k&uuml;lastuskeskus P&auml;rnus\",\"isPartOf\":{\"@id\":\"https:\/\/www.pernova.ee\/loodusmaja\/#website\"},\"datePublished\":\"2020-05-27T08:27:06+00:00\",\"dateModified\":\"2023-06-29T09:48:15+00:00\",\"breadcrumb\":{\"@id\":\"https:\/\/www.pernova.ee\/loodusmaja\/meist-meedias\/#breadcrumb\"},\"inLanguage\":\"et\",\"potentialAction\":[{\"@type\":\"ReadAction\",\"target\":[\"https:\/\/www.pernova.ee\/loodusmaja\/meist-meedias\/\"]}]},{\"@type\":\"BreadcrumbList\",\"@id\":\"https:\/\/www.pernova.ee\/loodusmaja\/meist-meedias\/#breadcrumb\",\"itemListElement\":[{\"@type\":\"ListItem\",\"position\":1,\"name\":\"Home\",\"item\":\"https:\/\/www.pernova.ee\/loodusmaja\/en\/\"},{\"@type\":\"ListItem\",\"position\":2,\"name\":\"Meist meedias\"}]},{\"@type\":\"WebSite\",\"@id\":\"https:\/\/www.pernova.ee\/loodusmaja\/#website\",\"url\":\"https:\/\/www.pernova.ee\/loodusmaja\/\",\"name\":\"Pernova Loodusmaja - kogupere k&uuml;lastuskeskus P&auml;rnus\",\"description\":\"Pernova Loodusmaja - Kogupere k&uuml;lastuskeskus P&auml;rnu linnas.\",\"publisher\":{\"@id\":\"https:\/\/www.pernova.ee\/loodusmaja\/#organization\"},\"potentialAction\":[{\"@type\":\"SearchAction\",\"target\":{\"@type\":\"EntryPoint\",\"urlTemplate\":\"https:\/\/www.pernova.ee\/loodusmaja\/?s={search_term_string}\"},\"query-input\":{\"@type\":\"PropertyValueSpecification\",\"valueRequired\":true,\"valueName\":\"search_term_string\"}}],\"inLanguage\":\"et\"},{\"@type\":\"Organization\",\"@id\":\"https:\/\/www.pernova.ee\/loodusmaja\/#organization\",\"name\":\"Pernova Loodusmaja - kogupere k&uuml;lastuskeskus P&auml;rnus\",\"url\":\"https:\/\/www.pernova.ee\/loodusmaja\/\",\"logo\":{\"@type\":\"ImageObject\",\"inLanguage\":\"et\",\"@id\":\"https:\/\/www.pernova.ee\/loodusmaja\/#\/schema\/logo\/image\/\",\"url\":\"https:\/\/www.pernova.ee\/loodusmaja\/wp-content\/uploads\/2020\/04\/pernova-loodusmaja-logo.png\",\"contentUrl\":\"https:\/\/www.pernova.ee\/loodusmaja\/wp-content\/uploads\/2020\/04\/pernova-loodusmaja-logo.png\",\"width\":1416,\"height\":677,\"caption\":\"Pernova Loodusmaja - kogupere k&uuml;lastuskeskus P&auml;rnus\"},\"image\":{\"@id\":\"https:\/\/www.pernova.ee\/loodusmaja\/#\/schema\/logo\/image\/\"}}]}<\/script>\n<!-- \/ Yoast SEO plugin. -->","yoast_head_json":{"title":"Meist meedias - Pernova Loodusmaja - kogupere k&uuml;lastuskeskus P&auml;rnus","robots":{"index":"index","follow":"follow","max-snippet":"max-snippet:-1","max-image-preview":"max-image-preview:large","max-video-preview":"max-video-preview:-1"},"canonical":"https:\/\/www.pernova.ee\/loodusmaja\/meist-meedias\/","og_locale":"et_EE","og_type":"article","og_title":"Meist meedias - Pernova Loodusmaja - kogupere k&uuml;lastuskeskus P&auml;rnus","og_description":"*\u00a0 23. mai 2023 &#8211; P\u00e4rnusse rajatakse riigi esimene kliimahariduse n\u00e4idisala *\u00a0 30. m\u00e4rts 2023 &#8211; Pernova loodusmaja avas uue veemaailma *\u00a0 21. jaanuar 2023 &#8211; Pernova motomaja sai esimese [&hellip;]","og_url":"https:\/\/www.pernova.ee\/loodusmaja\/meist-meedias\/","og_site_name":"Pernova Loodusmaja - kogupere k&uuml;lastuskeskus P&auml;rnus","article_modified_time":"2023-06-29T09:48:15+00:00","twitter_card":"summary_large_image","twitter_misc":{"Est. reading time":"2 minutit"},"schema":{"@context":"https:\/\/schema.org","@graph":[{"@type":"WebPage","@id":"https:\/\/www.pernova.ee\/loodusmaja\/meist-meedias\/","url":"https:\/\/www.pernova.ee\/loodusmaja\/meist-meedias\/","name":"Meist meedias - Pernova Loodusmaja - kogupere k&uuml;lastuskeskus P&auml;rnus","isPartOf":{"@id":"https:\/\/www.pernova.ee\/loodusmaja\/#website"},"datePublished":"2020-05-27T08:27:06+00:00","dateModified":"2023-06-29T09:48:15+00:00","breadcrumb":{"@id":"https:\/\/www.pernova.ee\/loodusmaja\/meist-meedias\/#breadcrumb"},"inLanguage":"et","potentialAction":[{"@type":"ReadAction","target":["https:\/\/www.pernova.ee\/loodusmaja\/meist-meedias\/"]}]},{"@type":"BreadcrumbList","@id":"https:\/\/www.pernova.ee\/loodusmaja\/meist-meedias\/#breadcrumb","itemListElement":[{"@type":"ListItem","position":1,"name":"Home","item":"https:\/\/www.pernova.ee\/loodusmaja\/en\/"},{"@type":"ListItem","position":2,"name":"Meist meedias"}]},{"@type":"WebSite","@id":"https:\/\/www.pernova.ee\/loodusmaja\/#website","url":"https:\/\/www.pernova.ee\/loodusmaja\/","name":"Pernova Loodusmaja - kogupere k&uuml;lastuskeskus P&auml;rnus","description":"Pernova Loodusmaja - Kogupere k&uuml;lastuskeskus P&auml;rnu linnas.","publisher":{"@id":"https:\/\/www.pernova.ee\/loodusmaja\/#organization"},"potentialAction":[{"@type":"SearchAction","target":{"@type":"EntryPoint","urlTemplate":"https:\/\/www.pernova.ee\/loodusmaja\/?s={search_term_string}"},"query-input":{"@type":"PropertyValueSpecification","valueRequired":true,"valueName":"search_term_string"}}],"inLanguage":"et"},{"@type":"Organization","@id":"https:\/\/www.pernova.ee\/loodusmaja\/#organization","name":"Pernova Loodusmaja - kogupere k&uuml;lastuskeskus P&auml;rnus","url":"https:\/\/www.pernova.ee\/loodusmaja\/","logo":{"@type":"ImageObject","inLanguage":"et","@id":"https:\/\/www.pernova.ee\/loodusmaja\/#\/schema\/logo\/image\/","url":"https:\/\/www.pernova.ee\/loodusmaja\/wp-content\/uploads\/2020\/04\/pernova-loodusmaja-logo.png","contentUrl":"https:\/\/www.pernova.ee\/loodusmaja\/wp-content\/uploads\/2020\/04\/pernova-loodusmaja-logo.png","width":1416,"height":677,"caption":"Pernova Loodusmaja - kogupere k&uuml;lastuskeskus P&auml;rnus"},"image":{"@id":"https:\/\/www.pernova.ee\/loodusmaja\/#\/schema\/logo\/image\/"}}]}},"_links":{"self":[{"href":"https:\/\/www.pernova.ee\/loodusmaja\/wp-json\/wp\/v2\/pages\/3116","targetHints":{"allow":["GET"]}}],"collection":[{"href":"https:\/\/www.pernova.ee\/loodusmaja\/wp-json\/wp\/v2\/pages"}],"about":[{"href":"https:\/\/www.pernova.ee\/loodusmaja\/wp-json\/wp\/v2\/types\/page"}],"author":[{"embeddable":true,"href":"https:\/\/www.pernova.ee\/loodusmaja\/wp-json\/wp\/v2\/users\/1"}],"replies":[{"embeddable":true,"href":"https:\/\/www.pernova.ee\/loodusmaja\/wp-json\/wp\/v2\/comments?post=3116"}],"version-history":[{"count":52,"href":"https:\/\/www.pernova.ee\/loodusmaja\/wp-json\/wp\/v2\/pages\/3116\/revisions"}],"predecessor-version":[{"id":10027,"href":"https:\/\/www.pernova.ee\/loodusmaja\/wp-json\/wp\/v2\/pages\/3116\/revisions\/10027"}],"wp:attachment":[{"href":"https:\/\/www.pernova.ee\/loodusmaja\/wp-json\/wp\/v2\/media?parent=3116"}],"curies":[{"name":"wp","href":"https:\/\/api.w.org\/{rel}","templated":true}]}}