{"id":3119,"date":"2020-05-27T11:27:25","date_gmt":"2020-05-27T08:27:25","guid":{"rendered":"https:\/\/www.pernova.ee\/loodusmaja\/?page_id=3119"},"modified":"2025-06-05T20:30:57","modified_gmt":"2025-06-05T17:30:57","slug":"piletiinfo","status":"publish","type":"page","link":"https:\/\/www.pernova.ee\/loodusmaja\/piletiinfo\/","title":{"rendered":"Piletiinfo"},"content":{"rendered":"<h3>Piletiinfo<\/h3>\n\n<table id=\"tablepress-7\" class=\"tablepress tablepress-id-7\">\n<thead>\n<tr class=\"row-1\">\n\t<th class=\"column-1\">Pernova Loodusmaja \u00fcksikpilet<\/th><th class=\"column-2\">P\u00e4evapilet. <br \/>\nKogu loodusmaja + n\u00e4itused + filmiseansid.<\/th>\n<\/tr>\n<\/thead>\n<tbody class=\"row-striping row-hover\">\n<tr class=\"row-2\">\n\t<td class=\"column-1\">Laps alla 3 a<\/td><td class=\"column-2\">tasuta<\/td>\n<\/tr>\n<tr class=\"row-3\">\n\t<td class=\"column-1\">Laps 4 - 7a<\/td><td class=\"column-2\">4.00 eur<\/td>\n<\/tr>\n<tr class=\"row-4\">\n\t<td class=\"column-1\">\u00d5pilane, \u00fcli\u00f5pilane, \u00f5petaja, pension\u00e4r<\/td><td class=\"column-2\">8.00 eur<\/td>\n<\/tr>\n<tr class=\"row-5\">\n\t<td class=\"column-1\">T\u00e4iskasvanu<\/td><td class=\"column-2\">11.00 eur<\/td>\n<\/tr>\n<tr class=\"row-6\">\n\t<td class=\"column-1\">Perepilet (2 t\u00e4iskasvanut ja pere alaealised lapsed)<\/td><td class=\"column-2\">30.00 eur<\/td>\n<\/tr>\n<tr class=\"row-7\">\n\t<td class=\"column-1\">S\u00fcgava puudega isik koos saatjaga<\/td><td class=\"column-2\">tasuta<\/td>\n<\/tr>\n<\/tbody>\n<\/table>\n<!-- #tablepress-7 from cache -->\n\n<table id=\"tablepress-3\" class=\"tablepress tablepress-id-3\">\n<thead>\n<tr class=\"row-1\">\n\t<th class=\"column-1\">Ekskursioon giidiga Pernova Loodusmajas (ettetellimisel)<\/th><td class=\"column-2\"><\/td>\n<\/tr>\n<\/thead>\n<tbody class=\"row-striping row-hover\">\n<tr class=\"row-2\">\n\t<td class=\"column-1\">Eestikeelne giidituur (grupp kuni 12 inimest)<\/td><td class=\"column-2\">40.00 eur\/tund<\/td>\n<\/tr>\n<tr class=\"row-3\">\n\t<td class=\"column-1\">Giidituur n\u00e4dalavahetusel v\u00f5i v\u00f5\u00f5rkeeles (grupp kuni 15 inimest)<\/td><td class=\"column-2\">Alates 50.00 eur\/tund<\/td>\n<\/tr>\n<\/tbody>\n<\/table>\n<!-- #tablepress-3 from cache -->\n<p><strong>*<\/strong>Suuremad grupid kokkuleppel, giidide olemasolul.<\/p>\n<p>Teenuste hinnad sisaldavad k\u00e4ibemaksu. Alla 12a lapsed k\u00fclastavad keskust ainult koos t\u00e4iskasvanuga.<\/p>\n<p><strong>Piletite m\u00fc\u00fck keskusesse l\u00f5petatakse 60 min enne maja sulgemist!<\/strong><\/p>\n<p><a href=\"https:\/\/muuseumikaart.ee\/\" target=\"_blank\" rel=\"noopener\">Muuseumikaardiga<\/a> sissep\u00e4\u00e4s Pernova Loodusmajja tasuta.<i><\/i><\/p>\n<p>&nbsp;<\/p>\n<h5><a href=\"https:\/\/www.endla.ee\/piletid\/piletiinfo\" target=\"_blank\" rel=\"noopener\">ENDLA TEATER<\/a><\/h5>\n<p>Pernova Loodusmaja piletiga saad 5 p\u00e4eva jooksul osta Endla Teatri kassast teatripileti <b>20%<\/b> soodsamalt.<br \/>\nEndla Teatri piletiga on 5 p\u00e4eva jooksul p\u00e4rast etendust Pernova Loodusmaja k\u00fclastus <b>20%<\/b>&nbsp;soodsama hinnaga.<\/p>\n","protected":false},"excerpt":{"rendered":"<p>Piletiinfo *Suuremad grupid kokkuleppel, giidide olemasolul. Teenuste hinnad sisaldavad k\u00e4ibemaksu. Alla 12a lapsed k\u00fclastavad keskust ainult koos t\u00e4iskasvanuga. Piletite m\u00fc\u00fck keskusesse l\u00f5petatakse 60 min enne maja sulgemist! Muuseumikaardiga sissep\u00e4\u00e4s Pernova [&hellip;]<\/p>\n","protected":false},"author":1,"featured_media":0,"parent":0,"menu_order":0,"comment_status":"closed","ping_status":"closed","template":"","meta":{"ngg_post_thumbnail":0,"footnotes":""},"class_list":["post-3119","page","type-page","status-publish","hentry"],"yoast_head":"<!-- This site is optimized with the Yoast SEO plugin v26.6 - https:\/\/yoast.com\/wordpress\/plugins\/seo\/ -->\n<title>Piletiinfo - Pernova Loodusmaja - kogupere k&uuml;lastuskeskus P&auml;rnus<\/title>\n<meta name=\"robots\" content=\"index, follow, max-snippet:-1, max-image-preview:large, max-video-preview:-1\" \/>\n<link rel=\"canonical\" href=\"https:\/\/www.pernova.ee\/loodusmaja\/piletiinfo\/\" \/>\n<meta property=\"og:locale\" content=\"et_EE\" \/>\n<meta property=\"og:type\" content=\"article\" \/>\n<meta property=\"og:title\" content=\"Piletiinfo - Pernova Loodusmaja - kogupere k&uuml;lastuskeskus P&auml;rnus\" \/>\n<meta property=\"og:description\" content=\"Piletiinfo *Suuremad grupid kokkuleppel, giidide olemasolul. Teenuste hinnad sisaldavad k\u00e4ibemaksu. Alla 12a lapsed k\u00fclastavad keskust ainult koos t\u00e4iskasvanuga. Piletite m\u00fc\u00fck keskusesse l\u00f5petatakse 60 min enne maja sulgemist! Muuseumikaardiga sissep\u00e4\u00e4s Pernova [&hellip;]\" \/>\n<meta property=\"og:url\" content=\"https:\/\/www.pernova.ee\/loodusmaja\/piletiinfo\/\" \/>\n<meta property=\"og:site_name\" content=\"Pernova Loodusmaja - kogupere k&uuml;lastuskeskus P&auml;rnus\" \/>\n<meta property=\"article:modified_time\" content=\"2025-06-05T17:30:57+00:00\" \/>\n<meta name=\"twitter:card\" content=\"summary_large_image\" \/>\n<meta name=\"twitter:label1\" content=\"Est. reading time\" \/>\n\t<meta name=\"twitter:data1\" content=\"1 minut\" \/>\n<script type=\"application\/ld+json\" class=\"yoast-schema-graph\">{\"@context\":\"https:\/\/schema.org\",\"@graph\":[{\"@type\":\"WebPage\",\"@id\":\"https:\/\/www.pernova.ee\/loodusmaja\/piletiinfo\/\",\"url\":\"https:\/\/www.pernova.ee\/loodusmaja\/piletiinfo\/\",\"name\":\"Piletiinfo - Pernova Loodusmaja - kogupere k&uuml;lastuskeskus P&auml;rnus\",\"isPartOf\":{\"@id\":\"https:\/\/www.pernova.ee\/loodusmaja\/#website\"},\"datePublished\":\"2020-05-27T08:27:25+00:00\",\"dateModified\":\"2025-06-05T17:30:57+00:00\",\"breadcrumb\":{\"@id\":\"https:\/\/www.pernova.ee\/loodusmaja\/piletiinfo\/#breadcrumb\"},\"inLanguage\":\"et\",\"potentialAction\":[{\"@type\":\"ReadAction\",\"target\":[\"https:\/\/www.pernova.ee\/loodusmaja\/piletiinfo\/\"]}]},{\"@type\":\"BreadcrumbList\",\"@id\":\"https:\/\/www.pernova.ee\/loodusmaja\/piletiinfo\/#breadcrumb\",\"itemListElement\":[{\"@type\":\"ListItem\",\"position\":1,\"name\":\"Home\",\"item\":\"https:\/\/www.pernova.ee\/loodusmaja\/\"},{\"@type\":\"ListItem\",\"position\":2,\"name\":\"Piletiinfo\"}]},{\"@type\":\"WebSite\",\"@id\":\"https:\/\/www.pernova.ee\/loodusmaja\/#website\",\"url\":\"https:\/\/www.pernova.ee\/loodusmaja\/\",\"name\":\"Pernova Loodusmaja - kogupere k&uuml;lastuskeskus P&auml;rnus\",\"description\":\"Pernova Loodusmaja - Kogupere k&uuml;lastuskeskus P&auml;rnu linnas.\",\"publisher\":{\"@id\":\"https:\/\/www.pernova.ee\/loodusmaja\/#organization\"},\"potentialAction\":[{\"@type\":\"SearchAction\",\"target\":{\"@type\":\"EntryPoint\",\"urlTemplate\":\"https:\/\/www.pernova.ee\/loodusmaja\/?s={search_term_string}\"},\"query-input\":{\"@type\":\"PropertyValueSpecification\",\"valueRequired\":true,\"valueName\":\"search_term_string\"}}],\"inLanguage\":\"et\"},{\"@type\":\"Organization\",\"@id\":\"https:\/\/www.pernova.ee\/loodusmaja\/#organization\",\"name\":\"Pernova Loodusmaja - kogupere k&uuml;lastuskeskus P&auml;rnus\",\"url\":\"https:\/\/www.pernova.ee\/loodusmaja\/\",\"logo\":{\"@type\":\"ImageObject\",\"inLanguage\":\"et\",\"@id\":\"https:\/\/www.pernova.ee\/loodusmaja\/#\/schema\/logo\/image\/\",\"url\":\"https:\/\/www.pernova.ee\/loodusmaja\/wp-content\/uploads\/2020\/04\/pernova-loodusmaja-logo.png\",\"contentUrl\":\"https:\/\/www.pernova.ee\/loodusmaja\/wp-content\/uploads\/2020\/04\/pernova-loodusmaja-logo.png\",\"width\":1416,\"height\":677,\"caption\":\"Pernova Loodusmaja - kogupere k&uuml;lastuskeskus P&auml;rnus\"},\"image\":{\"@id\":\"https:\/\/www.pernova.ee\/loodusmaja\/#\/schema\/logo\/image\/\"}}]}<\/script>\n<!-- \/ Yoast SEO plugin. -->","yoast_head_json":{"title":"Piletiinfo - Pernova Loodusmaja - kogupere k&uuml;lastuskeskus P&auml;rnus","robots":{"index":"index","follow":"follow","max-snippet":"max-snippet:-1","max-image-preview":"max-image-preview:large","max-video-preview":"max-video-preview:-1"},"canonical":"https:\/\/www.pernova.ee\/loodusmaja\/piletiinfo\/","og_locale":"et_EE","og_type":"article","og_title":"Piletiinfo - Pernova Loodusmaja - kogupere k&uuml;lastuskeskus P&auml;rnus","og_description":"Piletiinfo *Suuremad grupid kokkuleppel, giidide olemasolul. Teenuste hinnad sisaldavad k\u00e4ibemaksu. Alla 12a lapsed k\u00fclastavad keskust ainult koos t\u00e4iskasvanuga. Piletite m\u00fc\u00fck keskusesse l\u00f5petatakse 60 min enne maja sulgemist! Muuseumikaardiga sissep\u00e4\u00e4s Pernova [&hellip;]","og_url":"https:\/\/www.pernova.ee\/loodusmaja\/piletiinfo\/","og_site_name":"Pernova Loodusmaja - kogupere k&uuml;lastuskeskus P&auml;rnus","article_modified_time":"2025-06-05T17:30:57+00:00","twitter_card":"summary_large_image","twitter_misc":{"Est. reading time":"1 minut"},"schema":{"@context":"https:\/\/schema.org","@graph":[{"@type":"WebPage","@id":"https:\/\/www.pernova.ee\/loodusmaja\/piletiinfo\/","url":"https:\/\/www.pernova.ee\/loodusmaja\/piletiinfo\/","name":"Piletiinfo - Pernova Loodusmaja - kogupere k&uuml;lastuskeskus P&auml;rnus","isPartOf":{"@id":"https:\/\/www.pernova.ee\/loodusmaja\/#website"},"datePublished":"2020-05-27T08:27:25+00:00","dateModified":"2025-06-05T17:30:57+00:00","breadcrumb":{"@id":"https:\/\/www.pernova.ee\/loodusmaja\/piletiinfo\/#breadcrumb"},"inLanguage":"et","potentialAction":[{"@type":"ReadAction","target":["https:\/\/www.pernova.ee\/loodusmaja\/piletiinfo\/"]}]},{"@type":"BreadcrumbList","@id":"https:\/\/www.pernova.ee\/loodusmaja\/piletiinfo\/#breadcrumb","itemListElement":[{"@type":"ListItem","position":1,"name":"Home","item":"https:\/\/www.pernova.ee\/loodusmaja\/"},{"@type":"ListItem","position":2,"name":"Piletiinfo"}]},{"@type":"WebSite","@id":"https:\/\/www.pernova.ee\/loodusmaja\/#website","url":"https:\/\/www.pernova.ee\/loodusmaja\/","name":"Pernova Loodusmaja - kogupere k&uuml;lastuskeskus P&auml;rnus","description":"Pernova Loodusmaja - Kogupere k&uuml;lastuskeskus P&auml;rnu linnas.","publisher":{"@id":"https:\/\/www.pernova.ee\/loodusmaja\/#organization"},"potentialAction":[{"@type":"SearchAction","target":{"@type":"EntryPoint","urlTemplate":"https:\/\/www.pernova.ee\/loodusmaja\/?s={search_term_string}"},"query-input":{"@type":"PropertyValueSpecification","valueRequired":true,"valueName":"search_term_string"}}],"inLanguage":"et"},{"@type":"Organization","@id":"https:\/\/www.pernova.ee\/loodusmaja\/#organization","name":"Pernova Loodusmaja - kogupere k&uuml;lastuskeskus P&auml;rnus","url":"https:\/\/www.pernova.ee\/loodusmaja\/","logo":{"@type":"ImageObject","inLanguage":"et","@id":"https:\/\/www.pernova.ee\/loodusmaja\/#\/schema\/logo\/image\/","url":"https:\/\/www.pernova.ee\/loodusmaja\/wp-content\/uploads\/2020\/04\/pernova-loodusmaja-logo.png","contentUrl":"https:\/\/www.pernova.ee\/loodusmaja\/wp-content\/uploads\/2020\/04\/pernova-loodusmaja-logo.png","width":1416,"height":677,"caption":"Pernova Loodusmaja - kogupere k&uuml;lastuskeskus P&auml;rnus"},"image":{"@id":"https:\/\/www.pernova.ee\/loodusmaja\/#\/schema\/logo\/image\/"}}]}},"_links":{"self":[{"href":"https:\/\/www.pernova.ee\/loodusmaja\/wp-json\/wp\/v2\/pages\/3119","targetHints":{"allow":["GET"]}}],"collection":[{"href":"https:\/\/www.pernova.ee\/loodusmaja\/wp-json\/wp\/v2\/pages"}],"about":[{"href":"https:\/\/www.pernova.ee\/loodusmaja\/wp-json\/wp\/v2\/types\/page"}],"author":[{"embeddable":true,"href":"https:\/\/www.pernova.ee\/loodusmaja\/wp-json\/wp\/v2\/users\/1"}],"replies":[{"embeddable":true,"href":"https:\/\/www.pernova.ee\/loodusmaja\/wp-json\/wp\/v2\/comments?post=3119"}],"version-history":[{"count":27,"href":"https:\/\/www.pernova.ee\/loodusmaja\/wp-json\/wp\/v2\/pages\/3119\/revisions"}],"predecessor-version":[{"id":13455,"href":"https:\/\/www.pernova.ee\/loodusmaja\/wp-json\/wp\/v2\/pages\/3119\/revisions\/13455"}],"wp:attachment":[{"href":"https:\/\/www.pernova.ee\/loodusmaja\/wp-json\/wp\/v2\/media?parent=3119"}],"curies":[{"name":"wp","href":"https:\/\/api.w.org\/{rel}","templated":true}]}}