{"id":3184,"date":"2020-05-28T15:27:13","date_gmt":"2020-05-28T12:27:13","guid":{"rendered":"https:\/\/www.pernova.ee\/loodusmaja\/?page_id=3184"},"modified":"2020-06-01T14:02:06","modified_gmt":"2020-06-01T11:02:06","slug":"eesti-loodusmuuseumi-kulalisnaitus-isad-ja-pojad","status":"publish","type":"page","link":"https:\/\/www.pernova.ee\/loodusmaja\/eesti-loodusmuuseumi-kulalisnaitus-isad-ja-pojad\/","title":{"rendered":"N\u00e4itus \u201cIsad ja pojad\u201d"},"content":{"rendered":"<h4>Alates 17. veebruarist 2020 ootame Pernova Loodusmajja k\u00fclastama Eesti Loodusmuuseumi k\u00fclalisn\u00e4itust \u201cIsad ja pojad\u201d.<\/h4>\n<p>N\u00e4itus keskendub isade hoolele ja selle puudumisele looduses ning seletab nii looma- kui taimeriigi keerukaid arengubioloogilisi k\u00fcsimusi. N\u00e4itus jaguneb mitmeks suuremaks teemaks ning pakub avastamist igas vanuses k\u00fclastajatele.<br \/>\nN\u00e4itus \u201cIsad ja pojad\u201d t\u00f5stab t\u00e4helepanu alla isad looma- ja taimeriigis, nende seotuse oma j\u00e4reltulijatega, sugup\u00f5lvede kestmise ja liikide tuleviku. Isahoolele looduses on v\u00e4ga v\u00e4he t\u00e4helepanu p\u00f6\u00f6ratud ning isade olulisust \u00fcldiselt pigem alahinnatud, ometigi on see liigi j\u00e4tkamise seisukohalt eluoluline.<br \/>\nN\u00e4itusel on v\u00e4lja toodud n\u00e4ited Eesti liikidest, mis t\u00f5estavad, et isahoolt esineb paljudes loomar\u00fchmades. Samas esitletakse ka n\u00e4iteid isastest, kellel isahool puudub. Saab teada, millised isad on n\u00e4iteks hundid, karud v\u00f5i ogalikud \u2013 kas ja millist rolli m\u00e4ngivad nad oma j\u00e4rglaste kasvatamisel? Kes soovib, saab n\u00e4itekirjanik Urmas Lennuki koostatud humoorikatest loomaisade arhet\u00fc\u00fcpidest leida endale k\u00f5ige sarnasema \u2013 kas oled usin pesaehitaja ning t\u00e4ielikult truu ja hoolas pereisa nagu kobras v\u00f5i midagi vastupidist?<br \/>\nLisaks loomariigile tutvustab n\u00e4itus isadust ka taimeriigis. Kui r\u00e4\u00e4gitakse isadest ja nende j\u00e4rglastest, ei m\u00f5elda \u00fcldiselt taimeriigi peale. Aga tegelikult on nii loomadel kui taimedel emad ja isad ning nad saavad j\u00e4rglasi sugurakkude abil. Enamikel \u00f5istaimedel on \u00fcks taim samal ajal ema ja isa, m\u00f5nel taimel aga isa ei olegi.<br \/>\nLoodusmajast leiate temaatilisi topised, mulaa\u017ee ja herbaartaimi. Saab kuulata looma- ja linnuh\u00e4\u00e4li, vaadata filmikoopas filme metsloomadest, panna oma teadmised ja oskused proovile k\u00e4ed-k\u00fclge eksponaatidega. Kes on julge, saab ronida hundikoopasse. Nooremad n\u00e4ituse k\u00fclastajad saavad leida erinevatele linnuliikidele \u00f5iged pesad ning proovida ise pesa ehitada v\u00f5i panna ennast k\u00e4o \u201ekasuisa\u201c rolli.<\/p>\n<p><img fetchpriority=\"high\" decoding=\"async\" class=\"alignnone wp-image-3194\" src=\"https:\/\/www.pernova.ee\/loodusmaja\/wp-content\/uploads\/2020\/05\/Isad-ja-pojad_1-1920x1080-1-300x169.jpg\" alt=\"\" width=\"755\" height=\"425\" \/>\u00a0 <img decoding=\"async\" class=\"alignnone wp-image-3190\" src=\"https:\/\/www.pernova.ee\/loodusmaja\/wp-content\/uploads\/2020\/05\/Isad-ja-pojad_3-1920x1080-1-300x169.jpg\" alt=\"\" width=\"374\" height=\"211\" \/>\u00a0\u00a0<img decoding=\"async\" class=\"alignnone wp-image-3198\" src=\"https:\/\/www.pernova.ee\/loodusmaja\/wp-content\/uploads\/2020\/05\/Isad-ja-pojad_2-1920x1080-1-300x169.jpg\" alt=\"\" width=\"374\" height=\"211\" \/><\/p>\n","protected":false},"excerpt":{"rendered":"<p>Alates 17. veebruarist 2020 ootame Pernova Loodusmajja k\u00fclastama Eesti Loodusmuuseumi k\u00fclalisn\u00e4itust \u201cIsad ja pojad\u201d. N\u00e4itus keskendub isade hoolele ja selle puudumisele looduses ning seletab nii looma- kui taimeriigi keerukaid arengubioloogilisi [&hellip;]<\/p>\n","protected":false},"author":1,"featured_media":720,"parent":0,"menu_order":0,"comment_status":"closed","ping_status":"closed","template":"","meta":{"ngg_post_thumbnail":0,"footnotes":""},"class_list":["post-3184","page","type-page","status-publish","has-post-thumbnail","hentry"],"yoast_head":"<!-- This site is optimized with the Yoast SEO plugin v26.6 - https:\/\/yoast.com\/wordpress\/plugins\/seo\/ -->\n<title>N\u00e4itus \u201cIsad ja pojad\u201d - Pernova Loodusmaja - kogupere k&uuml;lastuskeskus P&auml;rnus<\/title>\n<meta name=\"robots\" content=\"index, follow, max-snippet:-1, max-image-preview:large, max-video-preview:-1\" \/>\n<link rel=\"canonical\" href=\"https:\/\/www.pernova.ee\/loodusmaja\/eesti-loodusmuuseumi-kulalisnaitus-isad-ja-pojad\/\" \/>\n<meta property=\"og:locale\" content=\"et_EE\" \/>\n<meta property=\"og:type\" content=\"article\" \/>\n<meta property=\"og:title\" content=\"N\u00e4itus \u201cIsad ja pojad\u201d - Pernova Loodusmaja - kogupere k&uuml;lastuskeskus P&auml;rnus\" \/>\n<meta property=\"og:description\" content=\"Alates 17. veebruarist 2020 ootame Pernova Loodusmajja k\u00fclastama Eesti Loodusmuuseumi k\u00fclalisn\u00e4itust \u201cIsad ja pojad\u201d. N\u00e4itus keskendub isade hoolele ja selle puudumisele looduses ning seletab nii looma- kui taimeriigi keerukaid arengubioloogilisi [&hellip;]\" \/>\n<meta property=\"og:url\" content=\"https:\/\/www.pernova.ee\/loodusmaja\/eesti-loodusmuuseumi-kulalisnaitus-isad-ja-pojad\/\" \/>\n<meta property=\"og:site_name\" content=\"Pernova Loodusmaja - kogupere k&uuml;lastuskeskus P&auml;rnus\" \/>\n<meta property=\"article:modified_time\" content=\"2020-06-01T11:02:06+00:00\" \/>\n<meta property=\"og:image\" content=\"https:\/\/www.pernova.ee\/loodusmaja\/wp-content\/uploads\/2020\/04\/Reklaamb\u00e4nner-Isad-ja-pojad-1200x628hunt.jpg\" \/>\n\t<meta property=\"og:image:width\" content=\"1200\" \/>\n\t<meta property=\"og:image:height\" content=\"628\" \/>\n\t<meta property=\"og:image:type\" content=\"image\/jpeg\" \/>\n<meta name=\"twitter:card\" content=\"summary_large_image\" \/>\n<meta name=\"twitter:label1\" content=\"Est. reading time\" \/>\n\t<meta name=\"twitter:data1\" content=\"1 minut\" \/>\n<script type=\"application\/ld+json\" class=\"yoast-schema-graph\">{\"@context\":\"https:\/\/schema.org\",\"@graph\":[{\"@type\":\"WebPage\",\"@id\":\"https:\/\/www.pernova.ee\/loodusmaja\/eesti-loodusmuuseumi-kulalisnaitus-isad-ja-pojad\/\",\"url\":\"https:\/\/www.pernova.ee\/loodusmaja\/eesti-loodusmuuseumi-kulalisnaitus-isad-ja-pojad\/\",\"name\":\"N\u00e4itus \u201cIsad ja pojad\u201d - Pernova Loodusmaja - kogupere k&uuml;lastuskeskus P&auml;rnus\",\"isPartOf\":{\"@id\":\"https:\/\/www.pernova.ee\/loodusmaja\/#website\"},\"primaryImageOfPage\":{\"@id\":\"https:\/\/www.pernova.ee\/loodusmaja\/eesti-loodusmuuseumi-kulalisnaitus-isad-ja-pojad\/#primaryimage\"},\"image\":{\"@id\":\"https:\/\/www.pernova.ee\/loodusmaja\/eesti-loodusmuuseumi-kulalisnaitus-isad-ja-pojad\/#primaryimage\"},\"thumbnailUrl\":\"https:\/\/www.pernova.ee\/loodusmaja\/wp-content\/uploads\/2020\/04\/Reklaamb\u00e4nner-Isad-ja-pojad-1200x628hunt.jpg\",\"datePublished\":\"2020-05-28T12:27:13+00:00\",\"dateModified\":\"2020-06-01T11:02:06+00:00\",\"breadcrumb\":{\"@id\":\"https:\/\/www.pernova.ee\/loodusmaja\/eesti-loodusmuuseumi-kulalisnaitus-isad-ja-pojad\/#breadcrumb\"},\"inLanguage\":\"et\",\"potentialAction\":[{\"@type\":\"ReadAction\",\"target\":[\"https:\/\/www.pernova.ee\/loodusmaja\/eesti-loodusmuuseumi-kulalisnaitus-isad-ja-pojad\/\"]}]},{\"@type\":\"ImageObject\",\"inLanguage\":\"et\",\"@id\":\"https:\/\/www.pernova.ee\/loodusmaja\/eesti-loodusmuuseumi-kulalisnaitus-isad-ja-pojad\/#primaryimage\",\"url\":\"https:\/\/www.pernova.ee\/loodusmaja\/wp-content\/uploads\/2020\/04\/Reklaamb\u00e4nner-Isad-ja-pojad-1200x628hunt.jpg\",\"contentUrl\":\"https:\/\/www.pernova.ee\/loodusmaja\/wp-content\/uploads\/2020\/04\/Reklaamb\u00e4nner-Isad-ja-pojad-1200x628hunt.jpg\",\"width\":1200,\"height\":628},{\"@type\":\"BreadcrumbList\",\"@id\":\"https:\/\/www.pernova.ee\/loodusmaja\/eesti-loodusmuuseumi-kulalisnaitus-isad-ja-pojad\/#breadcrumb\",\"itemListElement\":[{\"@type\":\"ListItem\",\"position\":1,\"name\":\"Home\",\"item\":\"https:\/\/www.pernova.ee\/loodusmaja\/\"},{\"@type\":\"ListItem\",\"position\":2,\"name\":\"N\u00e4itus \u201cIsad ja pojad\u201d\"}]},{\"@type\":\"WebSite\",\"@id\":\"https:\/\/www.pernova.ee\/loodusmaja\/#website\",\"url\":\"https:\/\/www.pernova.ee\/loodusmaja\/\",\"name\":\"Pernova Loodusmaja - kogupere k&uuml;lastuskeskus P&auml;rnus\",\"description\":\"Pernova Loodusmaja - Kogupere k&uuml;lastuskeskus P&auml;rnu linnas.\",\"publisher\":{\"@id\":\"https:\/\/www.pernova.ee\/loodusmaja\/#organization\"},\"potentialAction\":[{\"@type\":\"SearchAction\",\"target\":{\"@type\":\"EntryPoint\",\"urlTemplate\":\"https:\/\/www.pernova.ee\/loodusmaja\/?s={search_term_string}\"},\"query-input\":{\"@type\":\"PropertyValueSpecification\",\"valueRequired\":true,\"valueName\":\"search_term_string\"}}],\"inLanguage\":\"et\"},{\"@type\":\"Organization\",\"@id\":\"https:\/\/www.pernova.ee\/loodusmaja\/#organization\",\"name\":\"Pernova Loodusmaja - kogupere k&uuml;lastuskeskus P&auml;rnus\",\"url\":\"https:\/\/www.pernova.ee\/loodusmaja\/\",\"logo\":{\"@type\":\"ImageObject\",\"inLanguage\":\"et\",\"@id\":\"https:\/\/www.pernova.ee\/loodusmaja\/#\/schema\/logo\/image\/\",\"url\":\"https:\/\/www.pernova.ee\/loodusmaja\/wp-content\/uploads\/2020\/04\/pernova-loodusmaja-logo.png\",\"contentUrl\":\"https:\/\/www.pernova.ee\/loodusmaja\/wp-content\/uploads\/2020\/04\/pernova-loodusmaja-logo.png\",\"width\":1416,\"height\":677,\"caption\":\"Pernova Loodusmaja - kogupere k&uuml;lastuskeskus P&auml;rnus\"},\"image\":{\"@id\":\"https:\/\/www.pernova.ee\/loodusmaja\/#\/schema\/logo\/image\/\"}}]}<\/script>\n<!-- \/ Yoast SEO plugin. -->","yoast_head_json":{"title":"N\u00e4itus \u201cIsad ja pojad\u201d - Pernova Loodusmaja - kogupere k&uuml;lastuskeskus P&auml;rnus","robots":{"index":"index","follow":"follow","max-snippet":"max-snippet:-1","max-image-preview":"max-image-preview:large","max-video-preview":"max-video-preview:-1"},"canonical":"https:\/\/www.pernova.ee\/loodusmaja\/eesti-loodusmuuseumi-kulalisnaitus-isad-ja-pojad\/","og_locale":"et_EE","og_type":"article","og_title":"N\u00e4itus \u201cIsad ja pojad\u201d - Pernova Loodusmaja - kogupere k&uuml;lastuskeskus P&auml;rnus","og_description":"Alates 17. veebruarist 2020 ootame Pernova Loodusmajja k\u00fclastama Eesti Loodusmuuseumi k\u00fclalisn\u00e4itust \u201cIsad ja pojad\u201d. N\u00e4itus keskendub isade hoolele ja selle puudumisele looduses ning seletab nii looma- kui taimeriigi keerukaid arengubioloogilisi [&hellip;]","og_url":"https:\/\/www.pernova.ee\/loodusmaja\/eesti-loodusmuuseumi-kulalisnaitus-isad-ja-pojad\/","og_site_name":"Pernova Loodusmaja - kogupere k&uuml;lastuskeskus P&auml;rnus","article_modified_time":"2020-06-01T11:02:06+00:00","og_image":[{"width":1200,"height":628,"url":"https:\/\/www.pernova.ee\/loodusmaja\/wp-content\/uploads\/2020\/04\/Reklaamb\u00e4nner-Isad-ja-pojad-1200x628hunt.jpg","type":"image\/jpeg"}],"twitter_card":"summary_large_image","twitter_misc":{"Est. reading time":"1 minut"},"schema":{"@context":"https:\/\/schema.org","@graph":[{"@type":"WebPage","@id":"https:\/\/www.pernova.ee\/loodusmaja\/eesti-loodusmuuseumi-kulalisnaitus-isad-ja-pojad\/","url":"https:\/\/www.pernova.ee\/loodusmaja\/eesti-loodusmuuseumi-kulalisnaitus-isad-ja-pojad\/","name":"N\u00e4itus \u201cIsad ja pojad\u201d - Pernova Loodusmaja - kogupere k&uuml;lastuskeskus P&auml;rnus","isPartOf":{"@id":"https:\/\/www.pernova.ee\/loodusmaja\/#website"},"primaryImageOfPage":{"@id":"https:\/\/www.pernova.ee\/loodusmaja\/eesti-loodusmuuseumi-kulalisnaitus-isad-ja-pojad\/#primaryimage"},"image":{"@id":"https:\/\/www.pernova.ee\/loodusmaja\/eesti-loodusmuuseumi-kulalisnaitus-isad-ja-pojad\/#primaryimage"},"thumbnailUrl":"https:\/\/www.pernova.ee\/loodusmaja\/wp-content\/uploads\/2020\/04\/Reklaamb\u00e4nner-Isad-ja-pojad-1200x628hunt.jpg","datePublished":"2020-05-28T12:27:13+00:00","dateModified":"2020-06-01T11:02:06+00:00","breadcrumb":{"@id":"https:\/\/www.pernova.ee\/loodusmaja\/eesti-loodusmuuseumi-kulalisnaitus-isad-ja-pojad\/#breadcrumb"},"inLanguage":"et","potentialAction":[{"@type":"ReadAction","target":["https:\/\/www.pernova.ee\/loodusmaja\/eesti-loodusmuuseumi-kulalisnaitus-isad-ja-pojad\/"]}]},{"@type":"ImageObject","inLanguage":"et","@id":"https:\/\/www.pernova.ee\/loodusmaja\/eesti-loodusmuuseumi-kulalisnaitus-isad-ja-pojad\/#primaryimage","url":"https:\/\/www.pernova.ee\/loodusmaja\/wp-content\/uploads\/2020\/04\/Reklaamb\u00e4nner-Isad-ja-pojad-1200x628hunt.jpg","contentUrl":"https:\/\/www.pernova.ee\/loodusmaja\/wp-content\/uploads\/2020\/04\/Reklaamb\u00e4nner-Isad-ja-pojad-1200x628hunt.jpg","width":1200,"height":628},{"@type":"BreadcrumbList","@id":"https:\/\/www.pernova.ee\/loodusmaja\/eesti-loodusmuuseumi-kulalisnaitus-isad-ja-pojad\/#breadcrumb","itemListElement":[{"@type":"ListItem","position":1,"name":"Home","item":"https:\/\/www.pernova.ee\/loodusmaja\/"},{"@type":"ListItem","position":2,"name":"N\u00e4itus \u201cIsad ja pojad\u201d"}]},{"@type":"WebSite","@id":"https:\/\/www.pernova.ee\/loodusmaja\/#website","url":"https:\/\/www.pernova.ee\/loodusmaja\/","name":"Pernova Loodusmaja - kogupere k&uuml;lastuskeskus P&auml;rnus","description":"Pernova Loodusmaja - Kogupere k&uuml;lastuskeskus P&auml;rnu linnas.","publisher":{"@id":"https:\/\/www.pernova.ee\/loodusmaja\/#organization"},"potentialAction":[{"@type":"SearchAction","target":{"@type":"EntryPoint","urlTemplate":"https:\/\/www.pernova.ee\/loodusmaja\/?s={search_term_string}"},"query-input":{"@type":"PropertyValueSpecification","valueRequired":true,"valueName":"search_term_string"}}],"inLanguage":"et"},{"@type":"Organization","@id":"https:\/\/www.pernova.ee\/loodusmaja\/#organization","name":"Pernova Loodusmaja - kogupere k&uuml;lastuskeskus P&auml;rnus","url":"https:\/\/www.pernova.ee\/loodusmaja\/","logo":{"@type":"ImageObject","inLanguage":"et","@id":"https:\/\/www.pernova.ee\/loodusmaja\/#\/schema\/logo\/image\/","url":"https:\/\/www.pernova.ee\/loodusmaja\/wp-content\/uploads\/2020\/04\/pernova-loodusmaja-logo.png","contentUrl":"https:\/\/www.pernova.ee\/loodusmaja\/wp-content\/uploads\/2020\/04\/pernova-loodusmaja-logo.png","width":1416,"height":677,"caption":"Pernova Loodusmaja - kogupere k&uuml;lastuskeskus P&auml;rnus"},"image":{"@id":"https:\/\/www.pernova.ee\/loodusmaja\/#\/schema\/logo\/image\/"}}]}},"_links":{"self":[{"href":"https:\/\/www.pernova.ee\/loodusmaja\/wp-json\/wp\/v2\/pages\/3184","targetHints":{"allow":["GET"]}}],"collection":[{"href":"https:\/\/www.pernova.ee\/loodusmaja\/wp-json\/wp\/v2\/pages"}],"about":[{"href":"https:\/\/www.pernova.ee\/loodusmaja\/wp-json\/wp\/v2\/types\/page"}],"author":[{"embeddable":true,"href":"https:\/\/www.pernova.ee\/loodusmaja\/wp-json\/wp\/v2\/users\/1"}],"replies":[{"embeddable":true,"href":"https:\/\/www.pernova.ee\/loodusmaja\/wp-json\/wp\/v2\/comments?post=3184"}],"version-history":[{"count":13,"href":"https:\/\/www.pernova.ee\/loodusmaja\/wp-json\/wp\/v2\/pages\/3184\/revisions"}],"predecessor-version":[{"id":3256,"href":"https:\/\/www.pernova.ee\/loodusmaja\/wp-json\/wp\/v2\/pages\/3184\/revisions\/3256"}],"wp:featuredmedia":[{"embeddable":true,"href":"https:\/\/www.pernova.ee\/loodusmaja\/wp-json\/wp\/v2\/media\/720"}],"wp:attachment":[{"href":"https:\/\/www.pernova.ee\/loodusmaja\/wp-json\/wp\/v2\/media?parent=3184"}],"curies":[{"name":"wp","href":"https:\/\/api.w.org\/{rel}","templated":true}]}}