{"id":3657,"date":"2020-06-12T00:40:48","date_gmt":"2020-06-11T21:40:48","guid":{"rendered":"https:\/\/www.pernova.ee\/loodusmaja\/?page_id=3657"},"modified":"2020-06-12T00:40:48","modified_gmt":"2020-06-11T21:40:48","slug":"naitused-2017","status":"publish","type":"page","link":"https:\/\/www.pernova.ee\/loodusmaja\/naitused-2017\/","title":{"rendered":"N\u00e4itused 2017"},"content":{"rendered":"<p><a href=\"https:\/\/www.pernova.ee\/loodusmaja\/wp-content\/uploads\/2020\/06\/2017-Etskae.pdf\" target=\"_blank\" rel=\"noopener noreferrer\"><strong>* Etskae<\/strong><\/a><\/p>\n<p><a href=\"https:\/\/www.pernova.ee\/loodusmaja\/wp-content\/uploads\/2020\/06\/2017-Inglimajad.pdf\" target=\"_blank\" rel=\"noopener noreferrer\"><strong>* Inglimajad<\/strong><\/a><\/p>\n<p><a href=\"https:\/\/www.pernova.ee\/loodusmaja\/wp-content\/uploads\/2020\/06\/2017-Katoptromaania.pdf\" target=\"_blank\" rel=\"noopener noreferrer\"><strong>* Katoptromaania<\/strong><\/a><\/p>\n<p><a href=\"https:\/\/www.pernova.ee\/loodusmaja\/wp-content\/uploads\/2020\/06\/2017-KES-TEGI.-Loomade-tegutsemisj\u00e4ljed.pdf\" target=\"_blank\" rel=\"noopener noreferrer\"><strong>* KES TEGI. Loomade tegutsemisj\u00e4ljed<\/strong><\/a><\/p>\n<p><a href=\"https:\/\/www.pernova.ee\/loodusmaja\/wp-content\/uploads\/2020\/06\/2017-Kutsumata-k\u00fclalised.pdf\" target=\"_blank\" rel=\"noopener noreferrer\"><strong>* Kutsumata k\u00fclalised<\/strong><\/a><\/p>\n<p><a href=\"https:\/\/www.pernova.ee\/loodusmaja\/wp-content\/uploads\/2020\/06\/2017-Munad-ja-pesad.pdf\" target=\"_blank\" rel=\"noopener noreferrer\"><strong>* Munad ja pesad<\/strong><\/a><\/p>\n<p><a href=\"https:\/\/www.pernova.ee\/loodusmaja\/wp-content\/uploads\/2020\/06\/2017-Seenen\u00e4itus.pdf\" target=\"_blank\" rel=\"noopener noreferrer\"><strong>* Seenen\u00e4itus<\/strong><\/a><\/p>\n<p><a href=\"https:\/\/www.pernova.ee\/loodusmaja\/wp-content\/uploads\/2020\/06\/2017-S\u00e4\u00e4skedega-s\u00f5jas-ja-rahus.pdf\" target=\"_blank\" rel=\"noopener noreferrer\"><strong>* S\u00e4\u00e4skedega s\u00f5jas ja rahus<\/strong><\/a><\/p>\n<p><a href=\"https:\/\/www.pernova.ee\/loodusmaja\/wp-content\/uploads\/2020\/06\/2017-\u00d6ised-tiivulised-kakud.pdf\" target=\"_blank\" rel=\"noopener noreferrer\"><strong>* \u00d6ised tiivulised &#8211; kakud<\/strong><\/a><\/p>\n","protected":false},"excerpt":{"rendered":"<p>* Etskae * Inglimajad * Katoptromaania * KES TEGI. Loomade tegutsemisj\u00e4ljed * Kutsumata k\u00fclalised * Munad ja pesad * Seenen\u00e4itus * S\u00e4\u00e4skedega s\u00f5jas ja rahus * \u00d6ised tiivulised &#8211; kakud<\/p>\n","protected":false},"author":1,"featured_media":0,"parent":0,"menu_order":0,"comment_status":"closed","ping_status":"closed","template":"","meta":{"ngg_post_thumbnail":0,"footnotes":""},"class_list":["post-3657","page","type-page","status-publish","hentry"],"yoast_head":"<!-- This site is optimized with the Yoast SEO plugin v26.6 - https:\/\/yoast.com\/wordpress\/plugins\/seo\/ -->\n<title>N\u00e4itused 2017 - Pernova Loodusmaja - kogupere k&uuml;lastuskeskus P&auml;rnus<\/title>\n<meta name=\"robots\" content=\"index, follow, max-snippet:-1, max-image-preview:large, max-video-preview:-1\" \/>\n<link rel=\"canonical\" href=\"https:\/\/www.pernova.ee\/loodusmaja\/naitused-2017\/\" \/>\n<meta property=\"og:locale\" content=\"et_EE\" \/>\n<meta property=\"og:type\" content=\"article\" \/>\n<meta property=\"og:title\" content=\"N\u00e4itused 2017 - Pernova Loodusmaja - kogupere k&uuml;lastuskeskus P&auml;rnus\" \/>\n<meta property=\"og:description\" content=\"* Etskae * Inglimajad * Katoptromaania * KES TEGI. Loomade tegutsemisj\u00e4ljed * Kutsumata k\u00fclalised * Munad ja pesad * Seenen\u00e4itus * S\u00e4\u00e4skedega s\u00f5jas ja rahus * \u00d6ised tiivulised &#8211; kakud\" \/>\n<meta property=\"og:url\" content=\"https:\/\/www.pernova.ee\/loodusmaja\/naitused-2017\/\" \/>\n<meta property=\"og:site_name\" content=\"Pernova Loodusmaja - kogupere k&uuml;lastuskeskus P&auml;rnus\" \/>\n<meta name=\"twitter:card\" content=\"summary_large_image\" \/>\n<script type=\"application\/ld+json\" class=\"yoast-schema-graph\">{\"@context\":\"https:\/\/schema.org\",\"@graph\":[{\"@type\":\"WebPage\",\"@id\":\"https:\/\/www.pernova.ee\/loodusmaja\/naitused-2017\/\",\"url\":\"https:\/\/www.pernova.ee\/loodusmaja\/naitused-2017\/\",\"name\":\"N\u00e4itused 2017 - Pernova Loodusmaja - kogupere k&uuml;lastuskeskus P&auml;rnus\",\"isPartOf\":{\"@id\":\"https:\/\/www.pernova.ee\/loodusmaja\/#website\"},\"datePublished\":\"2020-06-11T21:40:48+00:00\",\"breadcrumb\":{\"@id\":\"https:\/\/www.pernova.ee\/loodusmaja\/naitused-2017\/#breadcrumb\"},\"inLanguage\":\"et\",\"potentialAction\":[{\"@type\":\"ReadAction\",\"target\":[\"https:\/\/www.pernova.ee\/loodusmaja\/naitused-2017\/\"]}]},{\"@type\":\"BreadcrumbList\",\"@id\":\"https:\/\/www.pernova.ee\/loodusmaja\/naitused-2017\/#breadcrumb\",\"itemListElement\":[{\"@type\":\"ListItem\",\"position\":1,\"name\":\"Home\",\"item\":\"https:\/\/www.pernova.ee\/loodusmaja\/\"},{\"@type\":\"ListItem\",\"position\":2,\"name\":\"N\u00e4itused 2017\"}]},{\"@type\":\"WebSite\",\"@id\":\"https:\/\/www.pernova.ee\/loodusmaja\/#website\",\"url\":\"https:\/\/www.pernova.ee\/loodusmaja\/\",\"name\":\"Pernova Loodusmaja - kogupere k&uuml;lastuskeskus P&auml;rnus\",\"description\":\"Pernova Loodusmaja - Kogupere k&uuml;lastuskeskus P&auml;rnu linnas.\",\"publisher\":{\"@id\":\"https:\/\/www.pernova.ee\/loodusmaja\/#organization\"},\"potentialAction\":[{\"@type\":\"SearchAction\",\"target\":{\"@type\":\"EntryPoint\",\"urlTemplate\":\"https:\/\/www.pernova.ee\/loodusmaja\/?s={search_term_string}\"},\"query-input\":{\"@type\":\"PropertyValueSpecification\",\"valueRequired\":true,\"valueName\":\"search_term_string\"}}],\"inLanguage\":\"et\"},{\"@type\":\"Organization\",\"@id\":\"https:\/\/www.pernova.ee\/loodusmaja\/#organization\",\"name\":\"Pernova Loodusmaja - kogupere k&uuml;lastuskeskus P&auml;rnus\",\"url\":\"https:\/\/www.pernova.ee\/loodusmaja\/\",\"logo\":{\"@type\":\"ImageObject\",\"inLanguage\":\"et\",\"@id\":\"https:\/\/www.pernova.ee\/loodusmaja\/#\/schema\/logo\/image\/\",\"url\":\"https:\/\/www.pernova.ee\/loodusmaja\/wp-content\/uploads\/2020\/04\/pernova-loodusmaja-logo.png\",\"contentUrl\":\"https:\/\/www.pernova.ee\/loodusmaja\/wp-content\/uploads\/2020\/04\/pernova-loodusmaja-logo.png\",\"width\":1416,\"height\":677,\"caption\":\"Pernova Loodusmaja - kogupere k&uuml;lastuskeskus P&auml;rnus\"},\"image\":{\"@id\":\"https:\/\/www.pernova.ee\/loodusmaja\/#\/schema\/logo\/image\/\"}}]}<\/script>\n<!-- \/ Yoast SEO plugin. -->","yoast_head_json":{"title":"N\u00e4itused 2017 - Pernova Loodusmaja - kogupere k&uuml;lastuskeskus P&auml;rnus","robots":{"index":"index","follow":"follow","max-snippet":"max-snippet:-1","max-image-preview":"max-image-preview:large","max-video-preview":"max-video-preview:-1"},"canonical":"https:\/\/www.pernova.ee\/loodusmaja\/naitused-2017\/","og_locale":"et_EE","og_type":"article","og_title":"N\u00e4itused 2017 - Pernova Loodusmaja - kogupere k&uuml;lastuskeskus P&auml;rnus","og_description":"* Etskae * Inglimajad * Katoptromaania * KES TEGI. Loomade tegutsemisj\u00e4ljed * Kutsumata k\u00fclalised * Munad ja pesad * Seenen\u00e4itus * S\u00e4\u00e4skedega s\u00f5jas ja rahus * \u00d6ised tiivulised &#8211; kakud","og_url":"https:\/\/www.pernova.ee\/loodusmaja\/naitused-2017\/","og_site_name":"Pernova Loodusmaja - kogupere k&uuml;lastuskeskus P&auml;rnus","twitter_card":"summary_large_image","schema":{"@context":"https:\/\/schema.org","@graph":[{"@type":"WebPage","@id":"https:\/\/www.pernova.ee\/loodusmaja\/naitused-2017\/","url":"https:\/\/www.pernova.ee\/loodusmaja\/naitused-2017\/","name":"N\u00e4itused 2017 - Pernova Loodusmaja - kogupere k&uuml;lastuskeskus P&auml;rnus","isPartOf":{"@id":"https:\/\/www.pernova.ee\/loodusmaja\/#website"},"datePublished":"2020-06-11T21:40:48+00:00","breadcrumb":{"@id":"https:\/\/www.pernova.ee\/loodusmaja\/naitused-2017\/#breadcrumb"},"inLanguage":"et","potentialAction":[{"@type":"ReadAction","target":["https:\/\/www.pernova.ee\/loodusmaja\/naitused-2017\/"]}]},{"@type":"BreadcrumbList","@id":"https:\/\/www.pernova.ee\/loodusmaja\/naitused-2017\/#breadcrumb","itemListElement":[{"@type":"ListItem","position":1,"name":"Home","item":"https:\/\/www.pernova.ee\/loodusmaja\/"},{"@type":"ListItem","position":2,"name":"N\u00e4itused 2017"}]},{"@type":"WebSite","@id":"https:\/\/www.pernova.ee\/loodusmaja\/#website","url":"https:\/\/www.pernova.ee\/loodusmaja\/","name":"Pernova Loodusmaja - kogupere k&uuml;lastuskeskus P&auml;rnus","description":"Pernova Loodusmaja - Kogupere k&uuml;lastuskeskus P&auml;rnu linnas.","publisher":{"@id":"https:\/\/www.pernova.ee\/loodusmaja\/#organization"},"potentialAction":[{"@type":"SearchAction","target":{"@type":"EntryPoint","urlTemplate":"https:\/\/www.pernova.ee\/loodusmaja\/?s={search_term_string}"},"query-input":{"@type":"PropertyValueSpecification","valueRequired":true,"valueName":"search_term_string"}}],"inLanguage":"et"},{"@type":"Organization","@id":"https:\/\/www.pernova.ee\/loodusmaja\/#organization","name":"Pernova Loodusmaja - kogupere k&uuml;lastuskeskus P&auml;rnus","url":"https:\/\/www.pernova.ee\/loodusmaja\/","logo":{"@type":"ImageObject","inLanguage":"et","@id":"https:\/\/www.pernova.ee\/loodusmaja\/#\/schema\/logo\/image\/","url":"https:\/\/www.pernova.ee\/loodusmaja\/wp-content\/uploads\/2020\/04\/pernova-loodusmaja-logo.png","contentUrl":"https:\/\/www.pernova.ee\/loodusmaja\/wp-content\/uploads\/2020\/04\/pernova-loodusmaja-logo.png","width":1416,"height":677,"caption":"Pernova Loodusmaja - kogupere k&uuml;lastuskeskus P&auml;rnus"},"image":{"@id":"https:\/\/www.pernova.ee\/loodusmaja\/#\/schema\/logo\/image\/"}}]}},"_links":{"self":[{"href":"https:\/\/www.pernova.ee\/loodusmaja\/wp-json\/wp\/v2\/pages\/3657","targetHints":{"allow":["GET"]}}],"collection":[{"href":"https:\/\/www.pernova.ee\/loodusmaja\/wp-json\/wp\/v2\/pages"}],"about":[{"href":"https:\/\/www.pernova.ee\/loodusmaja\/wp-json\/wp\/v2\/types\/page"}],"author":[{"embeddable":true,"href":"https:\/\/www.pernova.ee\/loodusmaja\/wp-json\/wp\/v2\/users\/1"}],"replies":[{"embeddable":true,"href":"https:\/\/www.pernova.ee\/loodusmaja\/wp-json\/wp\/v2\/comments?post=3657"}],"version-history":[{"count":1,"href":"https:\/\/www.pernova.ee\/loodusmaja\/wp-json\/wp\/v2\/pages\/3657\/revisions"}],"predecessor-version":[{"id":3658,"href":"https:\/\/www.pernova.ee\/loodusmaja\/wp-json\/wp\/v2\/pages\/3657\/revisions\/3658"}],"wp:attachment":[{"href":"https:\/\/www.pernova.ee\/loodusmaja\/wp-json\/wp\/v2\/media?parent=3657"}],"curies":[{"name":"wp","href":"https:\/\/api.w.org\/{rel}","templated":true}]}}