{"id":7636,"date":"2021-06-04T09:24:16","date_gmt":"2021-06-04T06:24:16","guid":{"rendered":"https:\/\/www.pernova.ee\/loodusmaja\/?page_id=7636"},"modified":"2022-06-10T10:53:07","modified_gmt":"2022-06-10T07:53:07","slug":"loodusfestival","status":"publish","type":"page","link":"https:\/\/www.pernova.ee\/loodusmaja\/loodusfestival\/","title":{"rendered":"Loodusfestival"},"content":{"rendered":"<div>\n<h4>T\u00e4histame koos loodust linnas Loodusfestivalil!<br \/>\n10.\u201315. juuni 2022<\/h4>\n<p>Loodusfestival kutsub v\u00e4\u00e4rtustama linnalooduse kui elukeskkonna mitmekesisust, m\u00e4rkama loodust linnas ning edendama j\u00e4tkusuutlikke tarbimis- ja k\u00e4itumisharjumisi. 2022. aasta festival keskendub meid \u00fcmbritsevatele justkui m\u00e4rkamatutele naabritele, kes elavad inimese loodud keskkonnas: parkides, aedades, r\u00f5dudel, ka toas. Festivalil avastame elurikkust enda \u00fcmber, uurime, kuidas kaasnaabreid hoida ja v\u00e4\u00e4rtustada, toimub traditsiooniline fotokonkurss ning loodusvaatluste maraton, lisaks palju p\u00f5nevaid s\u00fcndmuseid \u00fcle Eesti. Loodusfestivali korraldavad Tartu \u00dclikooli loodusmuuseum ja botaanikaaed koost\u00f6\u00f6s partneritega.<\/p>\n<h4><strong><span style=\"color: #008000;\">2022. aasta Loodusfestivali peateemaks on \u201eSinu naabrid toas ja \u00f5ues\u201c.<\/span><\/strong><\/h4>\n<p>Loodusfestivali programm: <a href=\"http:\/\/loodusfestival.ee\/loodusfestivali-programm\">http:\/\/loodusfestival.ee\/loodusfestivali-programm<\/a><\/p>\n<p><span style=\"color: #008000;\"><strong>Pernova Loodusmaja programm:<\/strong><\/span><br \/>\n<img decoding=\"async\" class=\"emoji\" role=\"img\" draggable=\"false\" src=\"https:\/\/s.w.org\/images\/core\/emoji\/14.0.0\/svg\/1f331.svg\" alt=\"\ud83c\udf31\" \/>\u00a0 N\u00e4itus &#8220;Kutsumata k\u00fclalised&#8221; Loodusmajas (sissep\u00e4\u00e4s maja piletiga). N\u00e4itus annab \u00fclevaate meie kodudes enamlevinud kahjuritest ja parasiitidest.<br \/>\n<img decoding=\"async\" class=\"emoji\" role=\"img\" draggable=\"false\" src=\"https:\/\/s.w.org\/images\/core\/emoji\/14.0.0\/svg\/1f331.svg\" alt=\"\ud83c\udf31\" \/>\u00a0 Pange oma teadmised proovile <a href=\"https:\/\/docs.google.com\/forms\/d\/e\/1FAIpQLSeCvWDHsf8XKyYBCjTDbo4Dh-LE-9tiww8pYR0sMwywwMGE-w\/viewform?vc=0&amp;c=0&amp;w=1&amp;flr=0\" target=\"_blank\" rel=\"noopener\"><strong>P\u00e4rnu pargim\u00e4ngus<\/strong><\/a> ja leidke vastused jalutades m\u00f5nusalt kesklinna parkides. Sealne keskkond on rikkalik askeldavate elanike ja kasvava taimestiku ja puude osas.<br \/>\n<img decoding=\"async\" class=\"emoji\" role=\"img\" draggable=\"false\" src=\"https:\/\/s.w.org\/images\/core\/emoji\/14.0.0\/svg\/1f331.svg\" alt=\"\ud83c\udf31\" \/>\u00a0 <a href=\"https:\/\/www.pernova.ee\/loodusmaja\/wp-content\/uploads\/2022\/06\/Linnalooduse-maaraja.pdf\" target=\"_blank\" rel=\"noopener\"><strong>Linnalooduse m\u00e4\u00e4raja<\/strong><\/a> on abiks loodusvaatlustel. V\u00f5ta ette suvine jalutusk\u00e4ik \u2013 saa juurde huvitavaid teadmisi.<\/p>\n<\/div>\n<div>\n<div>\n<div><a href=\"http:\/\/loodusfestival.ee\/loodusfestivali-programm\" target=\"_blank\" rel=\"noopener\"><img fetchpriority=\"high\" decoding=\"async\" class=\"alignleft wp-image-8459\" src=\"https:\/\/www.pernova.ee\/loodusmaja\/wp-content\/uploads\/2022\/06\/Loodusfestival_2022-1024x536.png\" alt=\"\" width=\"750\" height=\"393\" \/><\/a><\/div>\n<\/div>\n<div>\n<div><\/div>\n<\/div>\n<\/div>\n","protected":false},"excerpt":{"rendered":"<p>T\u00e4histame koos loodust linnas Loodusfestivalil! 10.\u201315. juuni 2022 Loodusfestival kutsub v\u00e4\u00e4rtustama linnalooduse kui elukeskkonna mitmekesisust, m\u00e4rkama loodust linnas ning edendama j\u00e4tkusuutlikke tarbimis- ja k\u00e4itumisharjumisi. 2022. aasta festival keskendub meid \u00fcmbritsevatele [&hellip;]<\/p>\n","protected":false},"author":1,"featured_media":8459,"parent":0,"menu_order":0,"comment_status":"closed","ping_status":"closed","template":"","meta":{"ngg_post_thumbnail":0,"footnotes":""},"class_list":["post-7636","page","type-page","status-publish","has-post-thumbnail","hentry"],"yoast_head":"<!-- This site is optimized with the Yoast SEO plugin v26.6 - https:\/\/yoast.com\/wordpress\/plugins\/seo\/ -->\n<title>Loodusfestival - Pernova Loodusmaja - kogupere k&uuml;lastuskeskus P&auml;rnus<\/title>\n<meta name=\"robots\" content=\"index, follow, max-snippet:-1, max-image-preview:large, max-video-preview:-1\" \/>\n<link rel=\"canonical\" href=\"https:\/\/www.pernova.ee\/loodusmaja\/loodusfestival\/\" \/>\n<meta property=\"og:locale\" content=\"et_EE\" \/>\n<meta property=\"og:type\" content=\"article\" \/>\n<meta property=\"og:title\" content=\"Loodusfestival - Pernova Loodusmaja - kogupere k&uuml;lastuskeskus P&auml;rnus\" \/>\n<meta property=\"og:description\" content=\"T\u00e4histame koos loodust linnas Loodusfestivalil! 10.\u201315. juuni 2022 Loodusfestival kutsub v\u00e4\u00e4rtustama linnalooduse kui elukeskkonna mitmekesisust, m\u00e4rkama loodust linnas ning edendama j\u00e4tkusuutlikke tarbimis- ja k\u00e4itumisharjumisi. 2022. aasta festival keskendub meid \u00fcmbritsevatele [&hellip;]\" \/>\n<meta property=\"og:url\" content=\"https:\/\/www.pernova.ee\/loodusmaja\/loodusfestival\/\" \/>\n<meta property=\"og:site_name\" content=\"Pernova Loodusmaja - kogupere k&uuml;lastuskeskus P&auml;rnus\" \/>\n<meta property=\"article:modified_time\" content=\"2022-06-10T07:53:07+00:00\" \/>\n<meta property=\"og:image\" content=\"https:\/\/www.pernova.ee\/loodusmaja\/wp-content\/uploads\/2022\/06\/Loodusfestival_2022.png\" \/>\n\t<meta property=\"og:image:width\" content=\"1200\" \/>\n\t<meta property=\"og:image:height\" content=\"628\" \/>\n\t<meta property=\"og:image:type\" content=\"image\/png\" \/>\n<meta name=\"twitter:card\" content=\"summary_large_image\" \/>\n<meta name=\"twitter:label1\" content=\"Est. reading time\" \/>\n\t<meta name=\"twitter:data1\" content=\"1 minut\" \/>\n<script type=\"application\/ld+json\" class=\"yoast-schema-graph\">{\"@context\":\"https:\/\/schema.org\",\"@graph\":[{\"@type\":\"WebPage\",\"@id\":\"https:\/\/www.pernova.ee\/loodusmaja\/loodusfestival\/\",\"url\":\"https:\/\/www.pernova.ee\/loodusmaja\/loodusfestival\/\",\"name\":\"Loodusfestival - Pernova Loodusmaja - kogupere k&uuml;lastuskeskus P&auml;rnus\",\"isPartOf\":{\"@id\":\"https:\/\/www.pernova.ee\/loodusmaja\/#website\"},\"primaryImageOfPage\":{\"@id\":\"https:\/\/www.pernova.ee\/loodusmaja\/loodusfestival\/#primaryimage\"},\"image\":{\"@id\":\"https:\/\/www.pernova.ee\/loodusmaja\/loodusfestival\/#primaryimage\"},\"thumbnailUrl\":\"https:\/\/www.pernova.ee\/loodusmaja\/wp-content\/uploads\/2022\/06\/Loodusfestival_2022.png\",\"datePublished\":\"2021-06-04T06:24:16+00:00\",\"dateModified\":\"2022-06-10T07:53:07+00:00\",\"breadcrumb\":{\"@id\":\"https:\/\/www.pernova.ee\/loodusmaja\/loodusfestival\/#breadcrumb\"},\"inLanguage\":\"et\",\"potentialAction\":[{\"@type\":\"ReadAction\",\"target\":[\"https:\/\/www.pernova.ee\/loodusmaja\/loodusfestival\/\"]}]},{\"@type\":\"ImageObject\",\"inLanguage\":\"et\",\"@id\":\"https:\/\/www.pernova.ee\/loodusmaja\/loodusfestival\/#primaryimage\",\"url\":\"https:\/\/www.pernova.ee\/loodusmaja\/wp-content\/uploads\/2022\/06\/Loodusfestival_2022.png\",\"contentUrl\":\"https:\/\/www.pernova.ee\/loodusmaja\/wp-content\/uploads\/2022\/06\/Loodusfestival_2022.png\",\"width\":1200,\"height\":628},{\"@type\":\"BreadcrumbList\",\"@id\":\"https:\/\/www.pernova.ee\/loodusmaja\/loodusfestival\/#breadcrumb\",\"itemListElement\":[{\"@type\":\"ListItem\",\"position\":1,\"name\":\"Home\",\"item\":\"https:\/\/www.pernova.ee\/loodusmaja\/en\/\"},{\"@type\":\"ListItem\",\"position\":2,\"name\":\"Loodusfestival\"}]},{\"@type\":\"WebSite\",\"@id\":\"https:\/\/www.pernova.ee\/loodusmaja\/#website\",\"url\":\"https:\/\/www.pernova.ee\/loodusmaja\/\",\"name\":\"Pernova Loodusmaja - kogupere k&uuml;lastuskeskus P&auml;rnus\",\"description\":\"Pernova Loodusmaja - Kogupere k&uuml;lastuskeskus P&auml;rnu linnas.\",\"publisher\":{\"@id\":\"https:\/\/www.pernova.ee\/loodusmaja\/#organization\"},\"potentialAction\":[{\"@type\":\"SearchAction\",\"target\":{\"@type\":\"EntryPoint\",\"urlTemplate\":\"https:\/\/www.pernova.ee\/loodusmaja\/?s={search_term_string}\"},\"query-input\":{\"@type\":\"PropertyValueSpecification\",\"valueRequired\":true,\"valueName\":\"search_term_string\"}}],\"inLanguage\":\"et\"},{\"@type\":\"Organization\",\"@id\":\"https:\/\/www.pernova.ee\/loodusmaja\/#organization\",\"name\":\"Pernova Loodusmaja - kogupere k&uuml;lastuskeskus P&auml;rnus\",\"url\":\"https:\/\/www.pernova.ee\/loodusmaja\/\",\"logo\":{\"@type\":\"ImageObject\",\"inLanguage\":\"et\",\"@id\":\"https:\/\/www.pernova.ee\/loodusmaja\/#\/schema\/logo\/image\/\",\"url\":\"https:\/\/www.pernova.ee\/loodusmaja\/wp-content\/uploads\/2020\/04\/pernova-loodusmaja-logo.png\",\"contentUrl\":\"https:\/\/www.pernova.ee\/loodusmaja\/wp-content\/uploads\/2020\/04\/pernova-loodusmaja-logo.png\",\"width\":1416,\"height\":677,\"caption\":\"Pernova Loodusmaja - kogupere k&uuml;lastuskeskus P&auml;rnus\"},\"image\":{\"@id\":\"https:\/\/www.pernova.ee\/loodusmaja\/#\/schema\/logo\/image\/\"}}]}<\/script>\n<!-- \/ Yoast SEO plugin. -->","yoast_head_json":{"title":"Loodusfestival - Pernova Loodusmaja - kogupere k&uuml;lastuskeskus P&auml;rnus","robots":{"index":"index","follow":"follow","max-snippet":"max-snippet:-1","max-image-preview":"max-image-preview:large","max-video-preview":"max-video-preview:-1"},"canonical":"https:\/\/www.pernova.ee\/loodusmaja\/loodusfestival\/","og_locale":"et_EE","og_type":"article","og_title":"Loodusfestival - Pernova Loodusmaja - kogupere k&uuml;lastuskeskus P&auml;rnus","og_description":"T\u00e4histame koos loodust linnas Loodusfestivalil! 10.\u201315. juuni 2022 Loodusfestival kutsub v\u00e4\u00e4rtustama linnalooduse kui elukeskkonna mitmekesisust, m\u00e4rkama loodust linnas ning edendama j\u00e4tkusuutlikke tarbimis- ja k\u00e4itumisharjumisi. 2022. aasta festival keskendub meid \u00fcmbritsevatele [&hellip;]","og_url":"https:\/\/www.pernova.ee\/loodusmaja\/loodusfestival\/","og_site_name":"Pernova Loodusmaja - kogupere k&uuml;lastuskeskus P&auml;rnus","article_modified_time":"2022-06-10T07:53:07+00:00","og_image":[{"width":1200,"height":628,"url":"https:\/\/www.pernova.ee\/loodusmaja\/wp-content\/uploads\/2022\/06\/Loodusfestival_2022.png","type":"image\/png"}],"twitter_card":"summary_large_image","twitter_misc":{"Est. reading time":"1 minut"},"schema":{"@context":"https:\/\/schema.org","@graph":[{"@type":"WebPage","@id":"https:\/\/www.pernova.ee\/loodusmaja\/loodusfestival\/","url":"https:\/\/www.pernova.ee\/loodusmaja\/loodusfestival\/","name":"Loodusfestival - Pernova Loodusmaja - kogupere k&uuml;lastuskeskus P&auml;rnus","isPartOf":{"@id":"https:\/\/www.pernova.ee\/loodusmaja\/#website"},"primaryImageOfPage":{"@id":"https:\/\/www.pernova.ee\/loodusmaja\/loodusfestival\/#primaryimage"},"image":{"@id":"https:\/\/www.pernova.ee\/loodusmaja\/loodusfestival\/#primaryimage"},"thumbnailUrl":"https:\/\/www.pernova.ee\/loodusmaja\/wp-content\/uploads\/2022\/06\/Loodusfestival_2022.png","datePublished":"2021-06-04T06:24:16+00:00","dateModified":"2022-06-10T07:53:07+00:00","breadcrumb":{"@id":"https:\/\/www.pernova.ee\/loodusmaja\/loodusfestival\/#breadcrumb"},"inLanguage":"et","potentialAction":[{"@type":"ReadAction","target":["https:\/\/www.pernova.ee\/loodusmaja\/loodusfestival\/"]}]},{"@type":"ImageObject","inLanguage":"et","@id":"https:\/\/www.pernova.ee\/loodusmaja\/loodusfestival\/#primaryimage","url":"https:\/\/www.pernova.ee\/loodusmaja\/wp-content\/uploads\/2022\/06\/Loodusfestival_2022.png","contentUrl":"https:\/\/www.pernova.ee\/loodusmaja\/wp-content\/uploads\/2022\/06\/Loodusfestival_2022.png","width":1200,"height":628},{"@type":"BreadcrumbList","@id":"https:\/\/www.pernova.ee\/loodusmaja\/loodusfestival\/#breadcrumb","itemListElement":[{"@type":"ListItem","position":1,"name":"Home","item":"https:\/\/www.pernova.ee\/loodusmaja\/en\/"},{"@type":"ListItem","position":2,"name":"Loodusfestival"}]},{"@type":"WebSite","@id":"https:\/\/www.pernova.ee\/loodusmaja\/#website","url":"https:\/\/www.pernova.ee\/loodusmaja\/","name":"Pernova Loodusmaja - kogupere k&uuml;lastuskeskus P&auml;rnus","description":"Pernova Loodusmaja - Kogupere k&uuml;lastuskeskus P&auml;rnu linnas.","publisher":{"@id":"https:\/\/www.pernova.ee\/loodusmaja\/#organization"},"potentialAction":[{"@type":"SearchAction","target":{"@type":"EntryPoint","urlTemplate":"https:\/\/www.pernova.ee\/loodusmaja\/?s={search_term_string}"},"query-input":{"@type":"PropertyValueSpecification","valueRequired":true,"valueName":"search_term_string"}}],"inLanguage":"et"},{"@type":"Organization","@id":"https:\/\/www.pernova.ee\/loodusmaja\/#organization","name":"Pernova Loodusmaja - kogupere k&uuml;lastuskeskus P&auml;rnus","url":"https:\/\/www.pernova.ee\/loodusmaja\/","logo":{"@type":"ImageObject","inLanguage":"et","@id":"https:\/\/www.pernova.ee\/loodusmaja\/#\/schema\/logo\/image\/","url":"https:\/\/www.pernova.ee\/loodusmaja\/wp-content\/uploads\/2020\/04\/pernova-loodusmaja-logo.png","contentUrl":"https:\/\/www.pernova.ee\/loodusmaja\/wp-content\/uploads\/2020\/04\/pernova-loodusmaja-logo.png","width":1416,"height":677,"caption":"Pernova Loodusmaja - kogupere k&uuml;lastuskeskus P&auml;rnus"},"image":{"@id":"https:\/\/www.pernova.ee\/loodusmaja\/#\/schema\/logo\/image\/"}}]}},"_links":{"self":[{"href":"https:\/\/www.pernova.ee\/loodusmaja\/wp-json\/wp\/v2\/pages\/7636","targetHints":{"allow":["GET"]}}],"collection":[{"href":"https:\/\/www.pernova.ee\/loodusmaja\/wp-json\/wp\/v2\/pages"}],"about":[{"href":"https:\/\/www.pernova.ee\/loodusmaja\/wp-json\/wp\/v2\/types\/page"}],"author":[{"embeddable":true,"href":"https:\/\/www.pernova.ee\/loodusmaja\/wp-json\/wp\/v2\/users\/1"}],"replies":[{"embeddable":true,"href":"https:\/\/www.pernova.ee\/loodusmaja\/wp-json\/wp\/v2\/comments?post=7636"}],"version-history":[{"count":11,"href":"https:\/\/www.pernova.ee\/loodusmaja\/wp-json\/wp\/v2\/pages\/7636\/revisions"}],"predecessor-version":[{"id":8480,"href":"https:\/\/www.pernova.ee\/loodusmaja\/wp-json\/wp\/v2\/pages\/7636\/revisions\/8480"}],"wp:featuredmedia":[{"embeddable":true,"href":"https:\/\/www.pernova.ee\/loodusmaja\/wp-json\/wp\/v2\/media\/8459"}],"wp:attachment":[{"href":"https:\/\/www.pernova.ee\/loodusmaja\/wp-json\/wp\/v2\/media?parent=7636"}],"curies":[{"name":"wp","href":"https:\/\/api.w.org\/{rel}","templated":true}]}}