{"id":7742,"date":"2021-07-08T11:34:42","date_gmt":"2021-07-08T08:34:42","guid":{"rendered":"https:\/\/www.pernova.ee\/loodusmaja\/?page_id=7742"},"modified":"2026-02-12T11:32:16","modified_gmt":"2026-02-12T09:32:16","slug":"suvepiknik-loodusmajas","status":"publish","type":"page","link":"https:\/\/www.pernova.ee\/loodusmaja\/suvepiknik-loodusmajas\/","title":{"rendered":"Suvepiknik Loodusmajas"},"content":{"rendered":"<div class=\"wpb-content-wrapper\"><p>[vc_row][vc_column][vc_column_text css=&#8221;&#8221;]<\/p>\n<h4>Tule korralda m\u00f5nus suvepiknik pere ringis v\u00f5i s\u00f5prade seltsis!<\/h4>\n<div>Pernova Loodusmaja \u00f5ueala rohelus ja rahu pakub m\u00f5nusat suve nautimishetke. Aiaga piiratud \u00f5uealal on v\u00f5imalus maitsta seltskonnaga kaasav\u00f5etud piknkikorvi suupisteid, saateks m\u00f5nus putukasumin ja rahulik ajaveetmiskeskkond.<\/div>\n<div>\u00d5ueala tasu 20\u20ac \/1tund<\/div>\n<div>Broneeri piknikuaeg : <a href=\"mailto:turundus@pernova.ee\">turundus@pernova.ee<\/a><\/div>\n<div>&nbsp;<\/div>\n<div><img fetchpriority=\"high\" decoding=\"async\" class=\"aligncenter wp-image-9653 size-large\" src=\"https:\/\/www.pernova.ee\/loodusmaja\/wp-content\/uploads\/2023\/05\/Perepiknik-1920-1024x576.jpg\" alt=\"\" width=\"1024\" height=\"576\" srcset=\"https:\/\/www.pernova.ee\/loodusmaja\/wp-content\/uploads\/2023\/05\/Perepiknik-1920-1024x576.jpg 1024w, https:\/\/www.pernova.ee\/loodusmaja\/wp-content\/uploads\/2023\/05\/Perepiknik-1920-768x432.jpg 768w, https:\/\/www.pernova.ee\/loodusmaja\/wp-content\/uploads\/2023\/05\/Perepiknik-1920-780x440.jpg 780w, https:\/\/www.pernova.ee\/loodusmaja\/wp-content\/uploads\/2023\/05\/Perepiknik-1920-600x338.jpg 600w\" sizes=\"(max-width: 1024px) 100vw, 1024px\" \/><\/div>\n<p>[\/vc_column_text][\/vc_column][\/vc_row]<\/p>\n<\/div>","protected":false},"excerpt":{"rendered":"<p>[vc_row][vc_column][vc_column_text css=&#8221;&#8221;] Tule korralda m\u00f5nus suvepiknik pere ringis v\u00f5i s\u00f5prade seltsis! Pernova Loodusmaja \u00f5ueala rohelus ja rahu pakub m\u00f5nusat suve nautimishetke. Aiaga piiratud \u00f5uealal on v\u00f5imalus maitsta seltskonnaga kaasav\u00f5etud piknkikorvi [&hellip;]<\/p>\n","protected":false},"author":1,"featured_media":3287,"parent":0,"menu_order":0,"comment_status":"closed","ping_status":"closed","template":"","meta":{"ngg_post_thumbnail":0,"footnotes":""},"class_list":["post-7742","page","type-page","status-publish","has-post-thumbnail","hentry"],"yoast_head":"<!-- This site is optimized with the Yoast SEO plugin v26.6 - https:\/\/yoast.com\/wordpress\/plugins\/seo\/ -->\n<title>Suvepiknik Loodusmajas - Pernova Loodusmaja - kogupere k&uuml;lastuskeskus P&auml;rnus<\/title>\n<meta name=\"robots\" content=\"index, follow, max-snippet:-1, max-image-preview:large, max-video-preview:-1\" \/>\n<link rel=\"canonical\" href=\"https:\/\/www.pernova.ee\/loodusmaja\/suvepiknik-loodusmajas\/\" \/>\n<meta property=\"og:locale\" content=\"et_EE\" \/>\n<meta property=\"og:type\" content=\"article\" \/>\n<meta property=\"og:title\" content=\"Suvepiknik Loodusmajas - Pernova Loodusmaja - kogupere k&uuml;lastuskeskus P&auml;rnus\" \/>\n<meta property=\"og:description\" content=\"[vc_row][vc_column][vc_column_text css=&#8221;&#8221;] Tule korralda m\u00f5nus suvepiknik pere ringis v\u00f5i s\u00f5prade seltsis! Pernova Loodusmaja \u00f5ueala rohelus ja rahu pakub m\u00f5nusat suve nautimishetke. Aiaga piiratud \u00f5uealal on v\u00f5imalus maitsta seltskonnaga kaasav\u00f5etud piknkikorvi [&hellip;]\" \/>\n<meta property=\"og:url\" content=\"https:\/\/www.pernova.ee\/loodusmaja\/suvepiknik-loodusmajas\/\" \/>\n<meta property=\"og:site_name\" content=\"Pernova Loodusmaja - kogupere k&uuml;lastuskeskus P&auml;rnus\" \/>\n<meta property=\"article:modified_time\" content=\"2026-02-12T09:32:16+00:00\" \/>\n<meta property=\"og:image\" content=\"https:\/\/www.pernova.ee\/loodusmaja\/wp-content\/uploads\/2020\/06\/Perepiknik-1024x688.jpg\" \/>\n\t<meta property=\"og:image:width\" content=\"1024\" \/>\n\t<meta property=\"og:image:height\" content=\"688\" \/>\n\t<meta property=\"og:image:type\" content=\"image\/jpeg\" \/>\n<meta name=\"twitter:card\" content=\"summary_large_image\" \/>\n<meta name=\"twitter:label1\" content=\"Est. reading time\" \/>\n\t<meta name=\"twitter:data1\" content=\"1 minut\" \/>\n<script type=\"application\/ld+json\" class=\"yoast-schema-graph\">{\"@context\":\"https:\/\/schema.org\",\"@graph\":[{\"@type\":\"WebPage\",\"@id\":\"https:\/\/www.pernova.ee\/loodusmaja\/suvepiknik-loodusmajas\/\",\"url\":\"https:\/\/www.pernova.ee\/loodusmaja\/suvepiknik-loodusmajas\/\",\"name\":\"Suvepiknik Loodusmajas - Pernova Loodusmaja - kogupere k&uuml;lastuskeskus P&auml;rnus\",\"isPartOf\":{\"@id\":\"https:\/\/www.pernova.ee\/loodusmaja\/#website\"},\"primaryImageOfPage\":{\"@id\":\"https:\/\/www.pernova.ee\/loodusmaja\/suvepiknik-loodusmajas\/#primaryimage\"},\"image\":{\"@id\":\"https:\/\/www.pernova.ee\/loodusmaja\/suvepiknik-loodusmajas\/#primaryimage\"},\"thumbnailUrl\":\"https:\/\/www.pernova.ee\/loodusmaja\/wp-content\/uploads\/2020\/06\/Perepiknik.jpg\",\"datePublished\":\"2021-07-08T08:34:42+00:00\",\"dateModified\":\"2026-02-12T09:32:16+00:00\",\"breadcrumb\":{\"@id\":\"https:\/\/www.pernova.ee\/loodusmaja\/suvepiknik-loodusmajas\/#breadcrumb\"},\"inLanguage\":\"et\",\"potentialAction\":[{\"@type\":\"ReadAction\",\"target\":[\"https:\/\/www.pernova.ee\/loodusmaja\/suvepiknik-loodusmajas\/\"]}]},{\"@type\":\"ImageObject\",\"inLanguage\":\"et\",\"@id\":\"https:\/\/www.pernova.ee\/loodusmaja\/suvepiknik-loodusmajas\/#primaryimage\",\"url\":\"https:\/\/www.pernova.ee\/loodusmaja\/wp-content\/uploads\/2020\/06\/Perepiknik.jpg\",\"contentUrl\":\"https:\/\/www.pernova.ee\/loodusmaja\/wp-content\/uploads\/2020\/06\/Perepiknik.jpg\",\"width\":1787,\"height\":1200},{\"@type\":\"BreadcrumbList\",\"@id\":\"https:\/\/www.pernova.ee\/loodusmaja\/suvepiknik-loodusmajas\/#breadcrumb\",\"itemListElement\":[{\"@type\":\"ListItem\",\"position\":1,\"name\":\"Home\",\"item\":\"https:\/\/www.pernova.ee\/loodusmaja\/en\/\"},{\"@type\":\"ListItem\",\"position\":2,\"name\":\"Suvepiknik Loodusmajas\"}]},{\"@type\":\"WebSite\",\"@id\":\"https:\/\/www.pernova.ee\/loodusmaja\/#website\",\"url\":\"https:\/\/www.pernova.ee\/loodusmaja\/\",\"name\":\"Pernova Loodusmaja - kogupere k&uuml;lastuskeskus P&auml;rnus\",\"description\":\"Pernova Loodusmaja - Kogupere k&uuml;lastuskeskus P&auml;rnu linnas.\",\"publisher\":{\"@id\":\"https:\/\/www.pernova.ee\/loodusmaja\/#organization\"},\"potentialAction\":[{\"@type\":\"SearchAction\",\"target\":{\"@type\":\"EntryPoint\",\"urlTemplate\":\"https:\/\/www.pernova.ee\/loodusmaja\/?s={search_term_string}\"},\"query-input\":{\"@type\":\"PropertyValueSpecification\",\"valueRequired\":true,\"valueName\":\"search_term_string\"}}],\"inLanguage\":\"et\"},{\"@type\":\"Organization\",\"@id\":\"https:\/\/www.pernova.ee\/loodusmaja\/#organization\",\"name\":\"Pernova Loodusmaja - kogupere k&uuml;lastuskeskus P&auml;rnus\",\"url\":\"https:\/\/www.pernova.ee\/loodusmaja\/\",\"logo\":{\"@type\":\"ImageObject\",\"inLanguage\":\"et\",\"@id\":\"https:\/\/www.pernova.ee\/loodusmaja\/#\/schema\/logo\/image\/\",\"url\":\"https:\/\/www.pernova.ee\/loodusmaja\/wp-content\/uploads\/2020\/04\/pernova-loodusmaja-logo.png\",\"contentUrl\":\"https:\/\/www.pernova.ee\/loodusmaja\/wp-content\/uploads\/2020\/04\/pernova-loodusmaja-logo.png\",\"width\":1416,\"height\":677,\"caption\":\"Pernova Loodusmaja - kogupere k&uuml;lastuskeskus P&auml;rnus\"},\"image\":{\"@id\":\"https:\/\/www.pernova.ee\/loodusmaja\/#\/schema\/logo\/image\/\"}}]}<\/script>\n<!-- \/ Yoast SEO plugin. -->","yoast_head_json":{"title":"Suvepiknik Loodusmajas - Pernova Loodusmaja - kogupere k&uuml;lastuskeskus P&auml;rnus","robots":{"index":"index","follow":"follow","max-snippet":"max-snippet:-1","max-image-preview":"max-image-preview:large","max-video-preview":"max-video-preview:-1"},"canonical":"https:\/\/www.pernova.ee\/loodusmaja\/suvepiknik-loodusmajas\/","og_locale":"et_EE","og_type":"article","og_title":"Suvepiknik Loodusmajas - Pernova Loodusmaja - kogupere k&uuml;lastuskeskus P&auml;rnus","og_description":"[vc_row][vc_column][vc_column_text css=&#8221;&#8221;] Tule korralda m\u00f5nus suvepiknik pere ringis v\u00f5i s\u00f5prade seltsis! Pernova Loodusmaja \u00f5ueala rohelus ja rahu pakub m\u00f5nusat suve nautimishetke. Aiaga piiratud \u00f5uealal on v\u00f5imalus maitsta seltskonnaga kaasav\u00f5etud piknkikorvi [&hellip;]","og_url":"https:\/\/www.pernova.ee\/loodusmaja\/suvepiknik-loodusmajas\/","og_site_name":"Pernova Loodusmaja - kogupere k&uuml;lastuskeskus P&auml;rnus","article_modified_time":"2026-02-12T09:32:16+00:00","og_image":[{"width":1024,"height":688,"url":"https:\/\/www.pernova.ee\/loodusmaja\/wp-content\/uploads\/2020\/06\/Perepiknik-1024x688.jpg","type":"image\/jpeg"}],"twitter_card":"summary_large_image","twitter_misc":{"Est. reading time":"1 minut"},"schema":{"@context":"https:\/\/schema.org","@graph":[{"@type":"WebPage","@id":"https:\/\/www.pernova.ee\/loodusmaja\/suvepiknik-loodusmajas\/","url":"https:\/\/www.pernova.ee\/loodusmaja\/suvepiknik-loodusmajas\/","name":"Suvepiknik Loodusmajas - Pernova Loodusmaja - kogupere k&uuml;lastuskeskus P&auml;rnus","isPartOf":{"@id":"https:\/\/www.pernova.ee\/loodusmaja\/#website"},"primaryImageOfPage":{"@id":"https:\/\/www.pernova.ee\/loodusmaja\/suvepiknik-loodusmajas\/#primaryimage"},"image":{"@id":"https:\/\/www.pernova.ee\/loodusmaja\/suvepiknik-loodusmajas\/#primaryimage"},"thumbnailUrl":"https:\/\/www.pernova.ee\/loodusmaja\/wp-content\/uploads\/2020\/06\/Perepiknik.jpg","datePublished":"2021-07-08T08:34:42+00:00","dateModified":"2026-02-12T09:32:16+00:00","breadcrumb":{"@id":"https:\/\/www.pernova.ee\/loodusmaja\/suvepiknik-loodusmajas\/#breadcrumb"},"inLanguage":"et","potentialAction":[{"@type":"ReadAction","target":["https:\/\/www.pernova.ee\/loodusmaja\/suvepiknik-loodusmajas\/"]}]},{"@type":"ImageObject","inLanguage":"et","@id":"https:\/\/www.pernova.ee\/loodusmaja\/suvepiknik-loodusmajas\/#primaryimage","url":"https:\/\/www.pernova.ee\/loodusmaja\/wp-content\/uploads\/2020\/06\/Perepiknik.jpg","contentUrl":"https:\/\/www.pernova.ee\/loodusmaja\/wp-content\/uploads\/2020\/06\/Perepiknik.jpg","width":1787,"height":1200},{"@type":"BreadcrumbList","@id":"https:\/\/www.pernova.ee\/loodusmaja\/suvepiknik-loodusmajas\/#breadcrumb","itemListElement":[{"@type":"ListItem","position":1,"name":"Home","item":"https:\/\/www.pernova.ee\/loodusmaja\/en\/"},{"@type":"ListItem","position":2,"name":"Suvepiknik Loodusmajas"}]},{"@type":"WebSite","@id":"https:\/\/www.pernova.ee\/loodusmaja\/#website","url":"https:\/\/www.pernova.ee\/loodusmaja\/","name":"Pernova Loodusmaja - kogupere k&uuml;lastuskeskus P&auml;rnus","description":"Pernova Loodusmaja - Kogupere k&uuml;lastuskeskus P&auml;rnu linnas.","publisher":{"@id":"https:\/\/www.pernova.ee\/loodusmaja\/#organization"},"potentialAction":[{"@type":"SearchAction","target":{"@type":"EntryPoint","urlTemplate":"https:\/\/www.pernova.ee\/loodusmaja\/?s={search_term_string}"},"query-input":{"@type":"PropertyValueSpecification","valueRequired":true,"valueName":"search_term_string"}}],"inLanguage":"et"},{"@type":"Organization","@id":"https:\/\/www.pernova.ee\/loodusmaja\/#organization","name":"Pernova Loodusmaja - kogupere k&uuml;lastuskeskus P&auml;rnus","url":"https:\/\/www.pernova.ee\/loodusmaja\/","logo":{"@type":"ImageObject","inLanguage":"et","@id":"https:\/\/www.pernova.ee\/loodusmaja\/#\/schema\/logo\/image\/","url":"https:\/\/www.pernova.ee\/loodusmaja\/wp-content\/uploads\/2020\/04\/pernova-loodusmaja-logo.png","contentUrl":"https:\/\/www.pernova.ee\/loodusmaja\/wp-content\/uploads\/2020\/04\/pernova-loodusmaja-logo.png","width":1416,"height":677,"caption":"Pernova Loodusmaja - kogupere k&uuml;lastuskeskus P&auml;rnus"},"image":{"@id":"https:\/\/www.pernova.ee\/loodusmaja\/#\/schema\/logo\/image\/"}}]}},"_links":{"self":[{"href":"https:\/\/www.pernova.ee\/loodusmaja\/wp-json\/wp\/v2\/pages\/7742","targetHints":{"allow":["GET"]}}],"collection":[{"href":"https:\/\/www.pernova.ee\/loodusmaja\/wp-json\/wp\/v2\/pages"}],"about":[{"href":"https:\/\/www.pernova.ee\/loodusmaja\/wp-json\/wp\/v2\/types\/page"}],"author":[{"embeddable":true,"href":"https:\/\/www.pernova.ee\/loodusmaja\/wp-json\/wp\/v2\/users\/1"}],"replies":[{"embeddable":true,"href":"https:\/\/www.pernova.ee\/loodusmaja\/wp-json\/wp\/v2\/comments?post=7742"}],"version-history":[{"count":16,"href":"https:\/\/www.pernova.ee\/loodusmaja\/wp-json\/wp\/v2\/pages\/7742\/revisions"}],"predecessor-version":[{"id":14127,"href":"https:\/\/www.pernova.ee\/loodusmaja\/wp-json\/wp\/v2\/pages\/7742\/revisions\/14127"}],"wp:featuredmedia":[{"embeddable":true,"href":"https:\/\/www.pernova.ee\/loodusmaja\/wp-json\/wp\/v2\/media\/3287"}],"wp:attachment":[{"href":"https:\/\/www.pernova.ee\/loodusmaja\/wp-json\/wp\/v2\/media?parent=7742"}],"curies":[{"name":"wp","href":"https:\/\/api.w.org\/{rel}","templated":true}]}}