{"id":880,"date":"2020-04-03T12:40:03","date_gmt":"2020-04-03T09:40:03","guid":{"rendered":"https:\/\/www.pernova.ee\/loodusmaja\/?page_id=880"},"modified":"2026-02-12T11:35:52","modified_gmt":"2026-02-12T09:35:52","slug":"vastuvotud-tahtpaevad-inspiratsiooniuritused","status":"publish","type":"page","link":"https:\/\/www.pernova.ee\/loodusmaja\/korralda-uritus\/vastuvotud-tahtpaevad-inspiratsiooniuritused\/","title":{"rendered":"Vastuv\u00f5tud, t\u00e4htp\u00e4evad, \u00fcritused"},"content":{"rendered":"<div class=\"wpb-content-wrapper\"><p>[vc_row][vc_column][vc_column_text css=&#8221;&#8221;]Loodusmaja teeb unikaalseks omap\u00e4rase arhitektuuriga murukatusega maja koos avara aiaalaga linnaruumis.<br \/>\nMaja looklevates siseruumides ja \u00f5uealal on leidnud aset&nbsp; s\u00fcnnip\u00e4eva koosviibimised, pidulikud vastuv\u00f5tud, aktused, imelised pulmapeod ja tseremooniad \u00f5uealal.<\/p>\n<p>P\u00f6\u00f6rdu \u00fcrituse soovi ja ideega meie poole, loome koos teiega meeldej\u00e4\u00e4va s\u00fcndmuse ning erilised hetked: <a href=\"mailto:turundus@pernova.ee\">turundus@pernova.ee<\/a><\/p>\n<div id='gallery-1' class='gallery galleryid-880 gallery-columns-3 gallery-size-large'><figure class='gallery-item'>\n\t\t\t<div class='gallery-icon landscape'>\n\t\t\t\t<a href='https:\/\/www.pernova.ee\/loodusmaja\/wp-content\/uploads\/2021\/01\/loodusmaja-from-sky.jpg'><img fetchpriority=\"high\" decoding=\"async\" width=\"1024\" height=\"683\" src=\"https:\/\/www.pernova.ee\/loodusmaja\/wp-content\/uploads\/2021\/01\/loodusmaja-from-sky-1024x683.jpg\" class=\"attachment-large size-large\" alt=\"\" srcset=\"https:\/\/www.pernova.ee\/loodusmaja\/wp-content\/uploads\/2021\/01\/loodusmaja-from-sky-1024x683.jpg 1024w, https:\/\/www.pernova.ee\/loodusmaja\/wp-content\/uploads\/2021\/01\/loodusmaja-from-sky-600x400.jpg 600w, https:\/\/www.pernova.ee\/loodusmaja\/wp-content\/uploads\/2021\/01\/loodusmaja-from-sky-768x512.jpg 768w\" sizes=\"(max-width: 1024px) 100vw, 1024px\" \/><\/a>\n\t\t\t<\/div><\/figure><figure class='gallery-item'>\n\t\t\t<div class='gallery-icon landscape'>\n\t\t\t\t<a href='https:\/\/www.pernova.ee\/loodusmaja\/wp-content\/uploads\/2021\/01\/loodusmaja-2021.jpg'><img decoding=\"async\" width=\"1024\" height=\"683\" src=\"https:\/\/www.pernova.ee\/loodusmaja\/wp-content\/uploads\/2021\/01\/loodusmaja-2021-1024x683.jpg\" class=\"attachment-large size-large\" alt=\"\" srcset=\"https:\/\/www.pernova.ee\/loodusmaja\/wp-content\/uploads\/2021\/01\/loodusmaja-2021-1024x683.jpg 1024w, https:\/\/www.pernova.ee\/loodusmaja\/wp-content\/uploads\/2021\/01\/loodusmaja-2021-600x400.jpg 600w, https:\/\/www.pernova.ee\/loodusmaja\/wp-content\/uploads\/2021\/01\/loodusmaja-2021-768x512.jpg 768w\" sizes=\"(max-width: 1024px) 100vw, 1024px\" \/><\/a>\n\t\t\t<\/div><\/figure><figure class='gallery-item'>\n\t\t\t<div class='gallery-icon landscape'>\n\t\t\t\t<a href='https:\/\/www.pernova.ee\/loodusmaja\/wp-content\/uploads\/2021\/01\/2.Loodusmaja-sisevaade.jpg'><img decoding=\"async\" width=\"1024\" height=\"687\" src=\"https:\/\/www.pernova.ee\/loodusmaja\/wp-content\/uploads\/2021\/01\/2.Loodusmaja-sisevaade-1024x687.jpg\" class=\"attachment-large size-large\" alt=\"\" srcset=\"https:\/\/www.pernova.ee\/loodusmaja\/wp-content\/uploads\/2021\/01\/2.Loodusmaja-sisevaade-1024x687.jpg 1024w, https:\/\/www.pernova.ee\/loodusmaja\/wp-content\/uploads\/2021\/01\/2.Loodusmaja-sisevaade-600x403.jpg 600w, https:\/\/www.pernova.ee\/loodusmaja\/wp-content\/uploads\/2021\/01\/2.Loodusmaja-sisevaade-768x516.jpg 768w\" sizes=\"(max-width: 1024px) 100vw, 1024px\" \/><\/a>\n\t\t\t<\/div><\/figure><figure class='gallery-item'>\n\t\t\t<div class='gallery-icon landscape'>\n\t\t\t\t<a href='https:\/\/www.pernova.ee\/loodusmaja\/wp-content\/uploads\/2020\/04\/seminar-1.jpg'><img loading=\"lazy\" decoding=\"async\" width=\"1024\" height=\"687\" src=\"https:\/\/www.pernova.ee\/loodusmaja\/wp-content\/uploads\/2020\/04\/seminar-1-1024x687.jpg\" class=\"attachment-large size-large\" alt=\"\" aria-describedby=\"gallery-1-1071\" srcset=\"https:\/\/www.pernova.ee\/loodusmaja\/wp-content\/uploads\/2020\/04\/seminar-1-1024x687.jpg 1024w, https:\/\/www.pernova.ee\/loodusmaja\/wp-content\/uploads\/2020\/04\/seminar-1-600x403.jpg 600w, https:\/\/www.pernova.ee\/loodusmaja\/wp-content\/uploads\/2020\/04\/seminar-1-768x516.jpg 768w\" sizes=\"(max-width: 1024px) 100vw, 1024px\" \/><\/a>\n\t\t\t<\/div>\n\t\t\t\t<figcaption class='wp-caption-text gallery-caption' id='gallery-1-1071'>\n\t\t\t\t   PERNOVA SAAL\n\t\t\t\t<\/figcaption><\/figure><figure class='gallery-item'>\n\t\t\t<div class='gallery-icon landscape'>\n\t\t\t\t<a href='https:\/\/www.pernova.ee\/loodusmaja\/wp-content\/uploads\/2020\/04\/seminar-2.jpg'><img loading=\"lazy\" decoding=\"async\" width=\"1024\" height=\"687\" src=\"https:\/\/www.pernova.ee\/loodusmaja\/wp-content\/uploads\/2020\/04\/seminar-2-1024x687.jpg\" class=\"attachment-large size-large\" alt=\"\" aria-describedby=\"gallery-1-1074\" srcset=\"https:\/\/www.pernova.ee\/loodusmaja\/wp-content\/uploads\/2020\/04\/seminar-2-1024x687.jpg 1024w, https:\/\/www.pernova.ee\/loodusmaja\/wp-content\/uploads\/2020\/04\/seminar-2-600x403.jpg 600w, https:\/\/www.pernova.ee\/loodusmaja\/wp-content\/uploads\/2020\/04\/seminar-2-768x516.jpg 768w\" sizes=\"(max-width: 1024px) 100vw, 1024px\" \/><\/a>\n\t\t\t<\/div>\n\t\t\t\t<figcaption class='wp-caption-text gallery-caption' id='gallery-1-1074'>\n\t\t\t\t   PERNOVA SAAL\n\t\t\t\t<\/figcaption><\/figure><figure class='gallery-item'>\n\t\t\t<div class='gallery-icon landscape'>\n\t\t\t\t<a href='https:\/\/www.pernova.ee\/loodusmaja\/wp-content\/uploads\/2020\/04\/seminar2.jpg'><img loading=\"lazy\" decoding=\"async\" width=\"1024\" height=\"687\" src=\"https:\/\/www.pernova.ee\/loodusmaja\/wp-content\/uploads\/2020\/04\/seminar2-1024x687.jpg\" class=\"attachment-large size-large\" alt=\"\" srcset=\"https:\/\/www.pernova.ee\/loodusmaja\/wp-content\/uploads\/2020\/04\/seminar2-1024x687.jpg 1024w, https:\/\/www.pernova.ee\/loodusmaja\/wp-content\/uploads\/2020\/04\/seminar2-600x403.jpg 600w, https:\/\/www.pernova.ee\/loodusmaja\/wp-content\/uploads\/2020\/04\/seminar2-768x516.jpg 768w\" sizes=\"(max-width: 1024px) 100vw, 1024px\" \/><\/a>\n\t\t\t<\/div><\/figure>\n\t\t<\/div>\n\n<p>[\/vc_column_text][\/vc_column][\/vc_row]<\/p>\n<\/div>","protected":false},"excerpt":{"rendered":"<p>[vc_row][vc_column][vc_column_text css=&#8221;&#8221;]Loodusmaja teeb unikaalseks omap\u00e4rase arhitektuuriga murukatusega maja koos avara aiaalaga linnaruumis. Maja looklevates siseruumides ja \u00f5uealal on leidnud aset&nbsp; s\u00fcnnip\u00e4eva koosviibimised, pidulikud vastuv\u00f5tud, aktused, imelised pulmapeod ja tseremooniad \u00f5uealal. [&hellip;]<\/p>\n","protected":false},"author":1,"featured_media":0,"parent":856,"menu_order":0,"comment_status":"closed","ping_status":"closed","template":"","meta":{"ngg_post_thumbnail":0,"footnotes":""},"class_list":["post-880","page","type-page","status-publish","hentry"],"yoast_head":"<!-- This site is optimized with the Yoast SEO plugin v26.6 - https:\/\/yoast.com\/wordpress\/plugins\/seo\/ -->\n<title>Vastuv\u00f5tud, t\u00e4htp\u00e4evad, \u00fcritused - Pernova Loodusmaja - kogupere k&uuml;lastuskeskus P&auml;rnus<\/title>\n<meta name=\"robots\" content=\"index, follow, max-snippet:-1, max-image-preview:large, max-video-preview:-1\" \/>\n<link rel=\"canonical\" href=\"https:\/\/www.pernova.ee\/loodusmaja\/korralda-uritus\/vastuvotud-tahtpaevad-inspiratsiooniuritused\/\" \/>\n<meta property=\"og:locale\" content=\"et_EE\" \/>\n<meta property=\"og:type\" content=\"article\" \/>\n<meta property=\"og:title\" content=\"Vastuv\u00f5tud, t\u00e4htp\u00e4evad, \u00fcritused - Pernova Loodusmaja - kogupere k&uuml;lastuskeskus P&auml;rnus\" \/>\n<meta property=\"og:description\" content=\"[vc_row][vc_column][vc_column_text css=&#8221;&#8221;]Loodusmaja teeb unikaalseks omap\u00e4rase arhitektuuriga murukatusega maja koos avara aiaalaga linnaruumis. Maja looklevates siseruumides ja \u00f5uealal on leidnud aset&nbsp; s\u00fcnnip\u00e4eva koosviibimised, pidulikud vastuv\u00f5tud, aktused, imelised pulmapeod ja tseremooniad \u00f5uealal. [&hellip;]\" \/>\n<meta property=\"og:url\" content=\"https:\/\/www.pernova.ee\/loodusmaja\/korralda-uritus\/vastuvotud-tahtpaevad-inspiratsiooniuritused\/\" \/>\n<meta property=\"og:site_name\" content=\"Pernova Loodusmaja - kogupere k&uuml;lastuskeskus P&auml;rnus\" \/>\n<meta property=\"article:modified_time\" content=\"2026-02-12T09:35:52+00:00\" \/>\n<meta name=\"twitter:card\" content=\"summary_large_image\" \/>\n<meta name=\"twitter:label1\" content=\"Est. reading time\" \/>\n\t<meta name=\"twitter:data1\" content=\"1 minut\" \/>\n<script type=\"application\/ld+json\" class=\"yoast-schema-graph\">{\"@context\":\"https:\/\/schema.org\",\"@graph\":[{\"@type\":\"WebPage\",\"@id\":\"https:\/\/www.pernova.ee\/loodusmaja\/korralda-uritus\/vastuvotud-tahtpaevad-inspiratsiooniuritused\/\",\"url\":\"https:\/\/www.pernova.ee\/loodusmaja\/korralda-uritus\/vastuvotud-tahtpaevad-inspiratsiooniuritused\/\",\"name\":\"Vastuv\u00f5tud, t\u00e4htp\u00e4evad, \u00fcritused - Pernova Loodusmaja - kogupere k&uuml;lastuskeskus P&auml;rnus\",\"isPartOf\":{\"@id\":\"https:\/\/www.pernova.ee\/loodusmaja\/#website\"},\"datePublished\":\"2020-04-03T09:40:03+00:00\",\"dateModified\":\"2026-02-12T09:35:52+00:00\",\"breadcrumb\":{\"@id\":\"https:\/\/www.pernova.ee\/loodusmaja\/korralda-uritus\/vastuvotud-tahtpaevad-inspiratsiooniuritused\/#breadcrumb\"},\"inLanguage\":\"et\",\"potentialAction\":[{\"@type\":\"ReadAction\",\"target\":[\"https:\/\/www.pernova.ee\/loodusmaja\/korralda-uritus\/vastuvotud-tahtpaevad-inspiratsiooniuritused\/\"]}]},{\"@type\":\"BreadcrumbList\",\"@id\":\"https:\/\/www.pernova.ee\/loodusmaja\/korralda-uritus\/vastuvotud-tahtpaevad-inspiratsiooniuritused\/#breadcrumb\",\"itemListElement\":[{\"@type\":\"ListItem\",\"position\":1,\"name\":\"Home\",\"item\":\"https:\/\/www.pernova.ee\/loodusmaja\/\"},{\"@type\":\"ListItem\",\"position\":2,\"name\":\"Korralda \u00fcritus\",\"item\":\"https:\/\/www.pernova.ee\/loodusmaja\/korralda-uritus\/\"},{\"@type\":\"ListItem\",\"position\":3,\"name\":\"Vastuv\u00f5tud, t\u00e4htp\u00e4evad, \u00fcritused\"}]},{\"@type\":\"WebSite\",\"@id\":\"https:\/\/www.pernova.ee\/loodusmaja\/#website\",\"url\":\"https:\/\/www.pernova.ee\/loodusmaja\/\",\"name\":\"Pernova Loodusmaja - kogupere k&uuml;lastuskeskus P&auml;rnus\",\"description\":\"Pernova Loodusmaja - Kogupere k&uuml;lastuskeskus P&auml;rnu linnas.\",\"publisher\":{\"@id\":\"https:\/\/www.pernova.ee\/loodusmaja\/#organization\"},\"potentialAction\":[{\"@type\":\"SearchAction\",\"target\":{\"@type\":\"EntryPoint\",\"urlTemplate\":\"https:\/\/www.pernova.ee\/loodusmaja\/?s={search_term_string}\"},\"query-input\":{\"@type\":\"PropertyValueSpecification\",\"valueRequired\":true,\"valueName\":\"search_term_string\"}}],\"inLanguage\":\"et\"},{\"@type\":\"Organization\",\"@id\":\"https:\/\/www.pernova.ee\/loodusmaja\/#organization\",\"name\":\"Pernova Loodusmaja - kogupere k&uuml;lastuskeskus P&auml;rnus\",\"url\":\"https:\/\/www.pernova.ee\/loodusmaja\/\",\"logo\":{\"@type\":\"ImageObject\",\"inLanguage\":\"et\",\"@id\":\"https:\/\/www.pernova.ee\/loodusmaja\/#\/schema\/logo\/image\/\",\"url\":\"https:\/\/www.pernova.ee\/loodusmaja\/wp-content\/uploads\/2020\/04\/pernova-loodusmaja-logo.png\",\"contentUrl\":\"https:\/\/www.pernova.ee\/loodusmaja\/wp-content\/uploads\/2020\/04\/pernova-loodusmaja-logo.png\",\"width\":1416,\"height\":677,\"caption\":\"Pernova Loodusmaja - kogupere k&uuml;lastuskeskus P&auml;rnus\"},\"image\":{\"@id\":\"https:\/\/www.pernova.ee\/loodusmaja\/#\/schema\/logo\/image\/\"}}]}<\/script>\n<!-- \/ Yoast SEO plugin. -->","yoast_head_json":{"title":"Vastuv\u00f5tud, t\u00e4htp\u00e4evad, \u00fcritused - Pernova Loodusmaja - kogupere k&uuml;lastuskeskus P&auml;rnus","robots":{"index":"index","follow":"follow","max-snippet":"max-snippet:-1","max-image-preview":"max-image-preview:large","max-video-preview":"max-video-preview:-1"},"canonical":"https:\/\/www.pernova.ee\/loodusmaja\/korralda-uritus\/vastuvotud-tahtpaevad-inspiratsiooniuritused\/","og_locale":"et_EE","og_type":"article","og_title":"Vastuv\u00f5tud, t\u00e4htp\u00e4evad, \u00fcritused - Pernova Loodusmaja - kogupere k&uuml;lastuskeskus P&auml;rnus","og_description":"[vc_row][vc_column][vc_column_text css=&#8221;&#8221;]Loodusmaja teeb unikaalseks omap\u00e4rase arhitektuuriga murukatusega maja koos avara aiaalaga linnaruumis. Maja looklevates siseruumides ja \u00f5uealal on leidnud aset&nbsp; s\u00fcnnip\u00e4eva koosviibimised, pidulikud vastuv\u00f5tud, aktused, imelised pulmapeod ja tseremooniad \u00f5uealal. [&hellip;]","og_url":"https:\/\/www.pernova.ee\/loodusmaja\/korralda-uritus\/vastuvotud-tahtpaevad-inspiratsiooniuritused\/","og_site_name":"Pernova Loodusmaja - kogupere k&uuml;lastuskeskus P&auml;rnus","article_modified_time":"2026-02-12T09:35:52+00:00","twitter_card":"summary_large_image","twitter_misc":{"Est. reading time":"1 minut"},"schema":{"@context":"https:\/\/schema.org","@graph":[{"@type":"WebPage","@id":"https:\/\/www.pernova.ee\/loodusmaja\/korralda-uritus\/vastuvotud-tahtpaevad-inspiratsiooniuritused\/","url":"https:\/\/www.pernova.ee\/loodusmaja\/korralda-uritus\/vastuvotud-tahtpaevad-inspiratsiooniuritused\/","name":"Vastuv\u00f5tud, t\u00e4htp\u00e4evad, \u00fcritused - Pernova Loodusmaja - kogupere k&uuml;lastuskeskus P&auml;rnus","isPartOf":{"@id":"https:\/\/www.pernova.ee\/loodusmaja\/#website"},"datePublished":"2020-04-03T09:40:03+00:00","dateModified":"2026-02-12T09:35:52+00:00","breadcrumb":{"@id":"https:\/\/www.pernova.ee\/loodusmaja\/korralda-uritus\/vastuvotud-tahtpaevad-inspiratsiooniuritused\/#breadcrumb"},"inLanguage":"et","potentialAction":[{"@type":"ReadAction","target":["https:\/\/www.pernova.ee\/loodusmaja\/korralda-uritus\/vastuvotud-tahtpaevad-inspiratsiooniuritused\/"]}]},{"@type":"BreadcrumbList","@id":"https:\/\/www.pernova.ee\/loodusmaja\/korralda-uritus\/vastuvotud-tahtpaevad-inspiratsiooniuritused\/#breadcrumb","itemListElement":[{"@type":"ListItem","position":1,"name":"Home","item":"https:\/\/www.pernova.ee\/loodusmaja\/"},{"@type":"ListItem","position":2,"name":"Korralda \u00fcritus","item":"https:\/\/www.pernova.ee\/loodusmaja\/korralda-uritus\/"},{"@type":"ListItem","position":3,"name":"Vastuv\u00f5tud, t\u00e4htp\u00e4evad, \u00fcritused"}]},{"@type":"WebSite","@id":"https:\/\/www.pernova.ee\/loodusmaja\/#website","url":"https:\/\/www.pernova.ee\/loodusmaja\/","name":"Pernova Loodusmaja - kogupere k&uuml;lastuskeskus P&auml;rnus","description":"Pernova Loodusmaja - Kogupere k&uuml;lastuskeskus P&auml;rnu linnas.","publisher":{"@id":"https:\/\/www.pernova.ee\/loodusmaja\/#organization"},"potentialAction":[{"@type":"SearchAction","target":{"@type":"EntryPoint","urlTemplate":"https:\/\/www.pernova.ee\/loodusmaja\/?s={search_term_string}"},"query-input":{"@type":"PropertyValueSpecification","valueRequired":true,"valueName":"search_term_string"}}],"inLanguage":"et"},{"@type":"Organization","@id":"https:\/\/www.pernova.ee\/loodusmaja\/#organization","name":"Pernova Loodusmaja - kogupere k&uuml;lastuskeskus P&auml;rnus","url":"https:\/\/www.pernova.ee\/loodusmaja\/","logo":{"@type":"ImageObject","inLanguage":"et","@id":"https:\/\/www.pernova.ee\/loodusmaja\/#\/schema\/logo\/image\/","url":"https:\/\/www.pernova.ee\/loodusmaja\/wp-content\/uploads\/2020\/04\/pernova-loodusmaja-logo.png","contentUrl":"https:\/\/www.pernova.ee\/loodusmaja\/wp-content\/uploads\/2020\/04\/pernova-loodusmaja-logo.png","width":1416,"height":677,"caption":"Pernova Loodusmaja - kogupere k&uuml;lastuskeskus P&auml;rnus"},"image":{"@id":"https:\/\/www.pernova.ee\/loodusmaja\/#\/schema\/logo\/image\/"}}]}},"_links":{"self":[{"href":"https:\/\/www.pernova.ee\/loodusmaja\/wp-json\/wp\/v2\/pages\/880","targetHints":{"allow":["GET"]}}],"collection":[{"href":"https:\/\/www.pernova.ee\/loodusmaja\/wp-json\/wp\/v2\/pages"}],"about":[{"href":"https:\/\/www.pernova.ee\/loodusmaja\/wp-json\/wp\/v2\/types\/page"}],"author":[{"embeddable":true,"href":"https:\/\/www.pernova.ee\/loodusmaja\/wp-json\/wp\/v2\/users\/1"}],"replies":[{"embeddable":true,"href":"https:\/\/www.pernova.ee\/loodusmaja\/wp-json\/wp\/v2\/comments?post=880"}],"version-history":[{"count":25,"href":"https:\/\/www.pernova.ee\/loodusmaja\/wp-json\/wp\/v2\/pages\/880\/revisions"}],"predecessor-version":[{"id":14128,"href":"https:\/\/www.pernova.ee\/loodusmaja\/wp-json\/wp\/v2\/pages\/880\/revisions\/14128"}],"up":[{"embeddable":true,"href":"https:\/\/www.pernova.ee\/loodusmaja\/wp-json\/wp\/v2\/pages\/856"}],"wp:attachment":[{"href":"https:\/\/www.pernova.ee\/loodusmaja\/wp-json\/wp\/v2\/media?parent=880"}],"curies":[{"name":"wp","href":"https:\/\/api.w.org\/{rel}","templated":true}]}}