{"id":975,"date":"2020-04-03T15:57:12","date_gmt":"2020-04-03T12:57:12","guid":{"rendered":"https:\/\/www.pernova.ee\/loodusmaja\/?page_id=975"},"modified":"2020-05-20T09:32:18","modified_gmt":"2020-05-20T06:32:18","slug":"privaatsuspoliitika","status":"publish","type":"page","link":"https:\/\/www.pernova.ee\/loodusmaja\/privaatsuspoliitika\/","title":{"rendered":"Privaatsuspoliitika"},"content":{"rendered":"<p>Austame k\u00f5igi meie klientide privaatsust. Sellest l\u00e4htuvalt oleme koostanud k\u00e4esolevad privaatsuspoliitika p\u00f5him\u00f5tted, mis k\u00e4sitlevad klientide andmete kogumist, kasutamist, avaldamist, edastamist ja talletamist. Meie tegevus on koosk\u00f5las k\u00f5igi Eesti Vabariigi seadustega.<\/p>\n<h5>Isikuandmete kogumine:<\/h5>\n<p>Isikuandmed on k\u00f5ik andmed, mida te meile esitate v\u00f5i mis saavad meile teatavaks, kui teete broneeringu, k\u00fcsite lisainfot v\u00f5i saadate tagasisidet m\u00f5ne vormi kaudu, ostate tooteid e-poest.<br \/>\nAndmete kogumine v\u00f5ib toimuda meie veebilehel, e-posti teel v\u00f5i telefonitsi.<\/p>\n<h5>Pernova Loodusmaja v\u00f5ib k\u00fcsida Teie kohta andmeid j\u00e4rgmistel juhtudel:<\/h5>\n<p>Pernova Loodusmaja k\u00fcsib Teie isikuandmeid juhul kui liitute meie kodulehe uudiskirjaga, registreerite ennast meie poolt korraldatavale \u00fcritusele v\u00f5i tellite meilt s\u00fcndmuse korraldamise teenuse, teostate ostu e-poe kaudu v\u00f5i osalete sotsiaalmeedia m\u00e4ngudes.<\/p>\n<h5>Isikuandmete kasutamine, s\u00e4ilitamine, avalikustamine ja muutmine:<\/h5>\n<ul>\n<li>Teie isikuandmeid kasutatakse Teie tellimuste t\u00e4itmiseks ja teenuste pakkumiseks.<\/li>\n<li><strong>Tellitud\u00a0 teenustega<\/strong>, sh haridusprogrammide, ekskursioonide, lastelaagrite, ruumide rendi, s\u00fcnnip\u00e4evaprogrammide, j\u00f5ulupidude jms, seoses kasutame meile esitatud andmeid vaid antud \u00fcritusega seotult ning ei jaga neid kolmandate isikutega.<\/li>\n<li><strong>Avalike \u00fcrituste<\/strong>\u00a0raames kogutud andmeid, sh eelregistreerimise ja piletite eelm\u00fc\u00fcgiga seotud andmeid, kasutame samuti \u00fcksnes konkreetse \u00fcritusega seotud personaalteavitusteks, peale \u00fcrituse toimumist andmed kustutakse. Avalikel \u00fcritustel (s.h teema\u00fcritused, laagrid)\u00a0 tehtud fotosid kasutame\u00a0 Pernova Loodusmaja kodulehele ja sotsiaalmeediakanalites.<\/li>\n<li>Pernova Loodusmaja\u00a0\u00a0<strong>kodulehe<\/strong>\u00a0k\u00fclastajate andmeid, sh tagasiside ankeetide t\u00e4itmisi, t\u00f6\u00f6tleme me ainult statistika tegemiseks isikustamata kujul.\u00a0<strong>Telefonik\u00f5nesid<\/strong>\u00a0me ei salvesta. Eraisikutega peetavad\u00a0<strong>kirjavahetusi<\/strong>\u00a0me samuti ei salvesta.<\/li>\n<li><strong>E-poes<\/strong> tellimuse tegemisel ja ostu sooritamisel esitatud isikuandmed (sh nimi ja perekonnanimi, ettev\u00f5tte nimi, aadress, telefoninumber, e-maili aadress) on konfidentsiaalsed ja neid t\u00f6\u00f6deldakse tellimuse jaoks ning kauba ostjale saatmiseks vastavalt isikuandmete seaduse n\u00f5uetele. Pernova Loodusmaja ei avalikusta kliendi isikuandmeid kolmandatele osapooltele ilma kliendi n\u00f5usolekuta.<\/li>\n<li>Pernova Loodusmaja on isikuandmete vastutav t\u00f6\u00f6tleja, meie ettev\u00f5te edastab maksete teostamiseks vajalikud isikuandmed volitatud t\u00f6\u00f6tleja Maksekeskus AS-le.<\/li>\n<li>Kogutud isikuandmete abil teavitame kliente, kes on uudiskirja tellinud tulevastest s\u00fcndmustest. Klient, kes ei soovi olla meie uudiskirjaloendis v\u00f5i saada teavitusi teda huvitada v\u00f5ivatest teenustest, saab end adressaatide sihtr\u00fchmast eemaldada v\u00f5i neid muuta aadressil<\/li>\n<li>Isikuandmeid ei v\u00e4ljastata kolmandatele osapooltele, nendega tegelevad ainult selleks volitatud t\u00f6\u00f6tlejad.<\/li>\n<li>Teil on \u00f5igus seadusega lubatud m\u00e4\u00e4ral teada, milliseid isikuandmeid on Teie kohta kogutud.<\/li>\n<li>Eba\u00f5igete, mitte terviklike v\u00f5i aegunud andmete korral on Teil \u00f5igus taotleda nende parandamist ja t\u00e4iendamist.<\/li>\n<li>Meie isikuandmeid v\u00e4ljastatakse ainult seaduses \u00f5igusaktidega lubatud juhtudel (riigiasutustele).<\/li>\n<\/ul>\n<p><b>Meie veebisaiti kasutades v\u00f5i teenuse broneerimisel kinnitate, et olete meie privaatsuspoliitikaga tutvunud ning sellega n\u00f5ustunud.<\/b><\/p>\n<p>Meil on \u00f5igus privaatsuspoliitikat muuta, teavitame sellest oma veebilehel.<\/p>\n<p>Kui teil tekib lisak\u00fcsimusi privaatsuspoliitika kohta, v\u00f5tke meiega \u00fchendust : <a href=\"mailto:admin@pernova.ee\">admin@pernova.ee<\/a><\/p>\n","protected":false},"excerpt":{"rendered":"<p>Austame k\u00f5igi meie klientide privaatsust. Sellest l\u00e4htuvalt oleme koostanud k\u00e4esolevad privaatsuspoliitika p\u00f5him\u00f5tted, mis k\u00e4sitlevad klientide andmete kogumist, kasutamist, avaldamist, edastamist ja talletamist. Meie tegevus on koosk\u00f5las k\u00f5igi Eesti Vabariigi seadustega. [&hellip;]<\/p>\n","protected":false},"author":1,"featured_media":0,"parent":0,"menu_order":0,"comment_status":"closed","ping_status":"closed","template":"","meta":{"ngg_post_thumbnail":0,"footnotes":""},"class_list":["post-975","page","type-page","status-publish","hentry"],"yoast_head":"<!-- This site is optimized with the Yoast SEO plugin v26.6 - https:\/\/yoast.com\/wordpress\/plugins\/seo\/ -->\n<title>Privaatsuspoliitika - Pernova Loodusmaja - kogupere k&uuml;lastuskeskus P&auml;rnus<\/title>\n<meta name=\"robots\" content=\"index, follow, max-snippet:-1, max-image-preview:large, max-video-preview:-1\" \/>\n<link rel=\"canonical\" href=\"https:\/\/www.pernova.ee\/loodusmaja\/privaatsuspoliitika\/\" \/>\n<meta property=\"og:locale\" content=\"et_EE\" \/>\n<meta property=\"og:type\" content=\"article\" \/>\n<meta property=\"og:title\" content=\"Privaatsuspoliitika - Pernova Loodusmaja - kogupere k&uuml;lastuskeskus P&auml;rnus\" \/>\n<meta property=\"og:description\" content=\"Austame k\u00f5igi meie klientide privaatsust. Sellest l\u00e4htuvalt oleme koostanud k\u00e4esolevad privaatsuspoliitika p\u00f5him\u00f5tted, mis k\u00e4sitlevad klientide andmete kogumist, kasutamist, avaldamist, edastamist ja talletamist. Meie tegevus on koosk\u00f5las k\u00f5igi Eesti Vabariigi seadustega. [&hellip;]\" \/>\n<meta property=\"og:url\" content=\"https:\/\/www.pernova.ee\/loodusmaja\/privaatsuspoliitika\/\" \/>\n<meta property=\"og:site_name\" content=\"Pernova Loodusmaja - kogupere k&uuml;lastuskeskus P&auml;rnus\" \/>\n<meta property=\"article:modified_time\" content=\"2020-05-20T06:32:18+00:00\" \/>\n<meta name=\"twitter:card\" content=\"summary_large_image\" \/>\n<meta name=\"twitter:label1\" content=\"Est. reading time\" \/>\n\t<meta name=\"twitter:data1\" content=\"2 minutit\" \/>\n<script type=\"application\/ld+json\" class=\"yoast-schema-graph\">{\"@context\":\"https:\/\/schema.org\",\"@graph\":[{\"@type\":\"WebPage\",\"@id\":\"https:\/\/www.pernova.ee\/loodusmaja\/privaatsuspoliitika\/\",\"url\":\"https:\/\/www.pernova.ee\/loodusmaja\/privaatsuspoliitika\/\",\"name\":\"Privaatsuspoliitika - Pernova Loodusmaja - kogupere k&uuml;lastuskeskus P&auml;rnus\",\"isPartOf\":{\"@id\":\"https:\/\/www.pernova.ee\/loodusmaja\/#website\"},\"datePublished\":\"2020-04-03T12:57:12+00:00\",\"dateModified\":\"2020-05-20T06:32:18+00:00\",\"breadcrumb\":{\"@id\":\"https:\/\/www.pernova.ee\/loodusmaja\/privaatsuspoliitika\/#breadcrumb\"},\"inLanguage\":\"et\",\"potentialAction\":[{\"@type\":\"ReadAction\",\"target\":[\"https:\/\/www.pernova.ee\/loodusmaja\/privaatsuspoliitika\/\"]}]},{\"@type\":\"BreadcrumbList\",\"@id\":\"https:\/\/www.pernova.ee\/loodusmaja\/privaatsuspoliitika\/#breadcrumb\",\"itemListElement\":[{\"@type\":\"ListItem\",\"position\":1,\"name\":\"Home\",\"item\":\"https:\/\/www.pernova.ee\/loodusmaja\/\"},{\"@type\":\"ListItem\",\"position\":2,\"name\":\"Privaatsuspoliitika\"}]},{\"@type\":\"WebSite\",\"@id\":\"https:\/\/www.pernova.ee\/loodusmaja\/#website\",\"url\":\"https:\/\/www.pernova.ee\/loodusmaja\/\",\"name\":\"Pernova Loodusmaja - kogupere k&uuml;lastuskeskus P&auml;rnus\",\"description\":\"Pernova Loodusmaja - Kogupere k&uuml;lastuskeskus P&auml;rnu linnas.\",\"publisher\":{\"@id\":\"https:\/\/www.pernova.ee\/loodusmaja\/#organization\"},\"potentialAction\":[{\"@type\":\"SearchAction\",\"target\":{\"@type\":\"EntryPoint\",\"urlTemplate\":\"https:\/\/www.pernova.ee\/loodusmaja\/?s={search_term_string}\"},\"query-input\":{\"@type\":\"PropertyValueSpecification\",\"valueRequired\":true,\"valueName\":\"search_term_string\"}}],\"inLanguage\":\"et\"},{\"@type\":\"Organization\",\"@id\":\"https:\/\/www.pernova.ee\/loodusmaja\/#organization\",\"name\":\"Pernova Loodusmaja - kogupere k&uuml;lastuskeskus P&auml;rnus\",\"url\":\"https:\/\/www.pernova.ee\/loodusmaja\/\",\"logo\":{\"@type\":\"ImageObject\",\"inLanguage\":\"et\",\"@id\":\"https:\/\/www.pernova.ee\/loodusmaja\/#\/schema\/logo\/image\/\",\"url\":\"https:\/\/www.pernova.ee\/loodusmaja\/wp-content\/uploads\/2020\/04\/pernova-loodusmaja-logo.png\",\"contentUrl\":\"https:\/\/www.pernova.ee\/loodusmaja\/wp-content\/uploads\/2020\/04\/pernova-loodusmaja-logo.png\",\"width\":1416,\"height\":677,\"caption\":\"Pernova Loodusmaja - kogupere k&uuml;lastuskeskus P&auml;rnus\"},\"image\":{\"@id\":\"https:\/\/www.pernova.ee\/loodusmaja\/#\/schema\/logo\/image\/\"}}]}<\/script>\n<!-- \/ Yoast SEO plugin. -->","yoast_head_json":{"title":"Privaatsuspoliitika - Pernova Loodusmaja - kogupere k&uuml;lastuskeskus P&auml;rnus","robots":{"index":"index","follow":"follow","max-snippet":"max-snippet:-1","max-image-preview":"max-image-preview:large","max-video-preview":"max-video-preview:-1"},"canonical":"https:\/\/www.pernova.ee\/loodusmaja\/privaatsuspoliitika\/","og_locale":"et_EE","og_type":"article","og_title":"Privaatsuspoliitika - Pernova Loodusmaja - kogupere k&uuml;lastuskeskus P&auml;rnus","og_description":"Austame k\u00f5igi meie klientide privaatsust. Sellest l\u00e4htuvalt oleme koostanud k\u00e4esolevad privaatsuspoliitika p\u00f5him\u00f5tted, mis k\u00e4sitlevad klientide andmete kogumist, kasutamist, avaldamist, edastamist ja talletamist. Meie tegevus on koosk\u00f5las k\u00f5igi Eesti Vabariigi seadustega. [&hellip;]","og_url":"https:\/\/www.pernova.ee\/loodusmaja\/privaatsuspoliitika\/","og_site_name":"Pernova Loodusmaja - kogupere k&uuml;lastuskeskus P&auml;rnus","article_modified_time":"2020-05-20T06:32:18+00:00","twitter_card":"summary_large_image","twitter_misc":{"Est. reading time":"2 minutit"},"schema":{"@context":"https:\/\/schema.org","@graph":[{"@type":"WebPage","@id":"https:\/\/www.pernova.ee\/loodusmaja\/privaatsuspoliitika\/","url":"https:\/\/www.pernova.ee\/loodusmaja\/privaatsuspoliitika\/","name":"Privaatsuspoliitika - Pernova Loodusmaja - kogupere k&uuml;lastuskeskus P&auml;rnus","isPartOf":{"@id":"https:\/\/www.pernova.ee\/loodusmaja\/#website"},"datePublished":"2020-04-03T12:57:12+00:00","dateModified":"2020-05-20T06:32:18+00:00","breadcrumb":{"@id":"https:\/\/www.pernova.ee\/loodusmaja\/privaatsuspoliitika\/#breadcrumb"},"inLanguage":"et","potentialAction":[{"@type":"ReadAction","target":["https:\/\/www.pernova.ee\/loodusmaja\/privaatsuspoliitika\/"]}]},{"@type":"BreadcrumbList","@id":"https:\/\/www.pernova.ee\/loodusmaja\/privaatsuspoliitika\/#breadcrumb","itemListElement":[{"@type":"ListItem","position":1,"name":"Home","item":"https:\/\/www.pernova.ee\/loodusmaja\/"},{"@type":"ListItem","position":2,"name":"Privaatsuspoliitika"}]},{"@type":"WebSite","@id":"https:\/\/www.pernova.ee\/loodusmaja\/#website","url":"https:\/\/www.pernova.ee\/loodusmaja\/","name":"Pernova Loodusmaja - kogupere k&uuml;lastuskeskus P&auml;rnus","description":"Pernova Loodusmaja - Kogupere k&uuml;lastuskeskus P&auml;rnu linnas.","publisher":{"@id":"https:\/\/www.pernova.ee\/loodusmaja\/#organization"},"potentialAction":[{"@type":"SearchAction","target":{"@type":"EntryPoint","urlTemplate":"https:\/\/www.pernova.ee\/loodusmaja\/?s={search_term_string}"},"query-input":{"@type":"PropertyValueSpecification","valueRequired":true,"valueName":"search_term_string"}}],"inLanguage":"et"},{"@type":"Organization","@id":"https:\/\/www.pernova.ee\/loodusmaja\/#organization","name":"Pernova Loodusmaja - kogupere k&uuml;lastuskeskus P&auml;rnus","url":"https:\/\/www.pernova.ee\/loodusmaja\/","logo":{"@type":"ImageObject","inLanguage":"et","@id":"https:\/\/www.pernova.ee\/loodusmaja\/#\/schema\/logo\/image\/","url":"https:\/\/www.pernova.ee\/loodusmaja\/wp-content\/uploads\/2020\/04\/pernova-loodusmaja-logo.png","contentUrl":"https:\/\/www.pernova.ee\/loodusmaja\/wp-content\/uploads\/2020\/04\/pernova-loodusmaja-logo.png","width":1416,"height":677,"caption":"Pernova Loodusmaja - kogupere k&uuml;lastuskeskus P&auml;rnus"},"image":{"@id":"https:\/\/www.pernova.ee\/loodusmaja\/#\/schema\/logo\/image\/"}}]}},"_links":{"self":[{"href":"https:\/\/www.pernova.ee\/loodusmaja\/wp-json\/wp\/v2\/pages\/975","targetHints":{"allow":["GET"]}}],"collection":[{"href":"https:\/\/www.pernova.ee\/loodusmaja\/wp-json\/wp\/v2\/pages"}],"about":[{"href":"https:\/\/www.pernova.ee\/loodusmaja\/wp-json\/wp\/v2\/types\/page"}],"author":[{"embeddable":true,"href":"https:\/\/www.pernova.ee\/loodusmaja\/wp-json\/wp\/v2\/users\/1"}],"replies":[{"embeddable":true,"href":"https:\/\/www.pernova.ee\/loodusmaja\/wp-json\/wp\/v2\/comments?post=975"}],"version-history":[{"count":4,"href":"https:\/\/www.pernova.ee\/loodusmaja\/wp-json\/wp\/v2\/pages\/975\/revisions"}],"predecessor-version":[{"id":2704,"href":"https:\/\/www.pernova.ee\/loodusmaja\/wp-json\/wp\/v2\/pages\/975\/revisions\/2704"}],"wp:attachment":[{"href":"https:\/\/www.pernova.ee\/loodusmaja\/wp-json\/wp\/v2\/media?parent=975"}],"curies":[{"name":"wp","href":"https:\/\/api.w.org\/{rel}","templated":true}]}}