{"id":10093,"date":"2023-03-30T13:51:19","date_gmt":"2023-03-30T10:51:19","guid":{"rendered":"https:\/\/www.pernova.ee\/oppe-2023\/?page_id=10093"},"modified":"2024-05-21T10:07:47","modified_gmt":"2024-05-21T07:07:47","slug":"tehnikamaja-oppeprogrammid","status":"publish","type":"page","link":"https:\/\/www.pernova.ee\/oppe\/tehnikamaja-oppeprogrammid\/","title":{"rendered":"Tehnikamaja \u00f5ppeprogrammid"},"content":{"rendered":"\t\t<div data-elementor-type=\"wp-page\" data-elementor-id=\"10093\" class=\"elementor elementor-10093\" data-elementor-post-type=\"page\">\n\t\t\t\t\t\t<section class=\" elementor-section elementor-top-section elementor-element elementor-element-765ca60 elementor-section-boxed elementor-section-height-default elementor-section-height-default smart-sticky-default\" data-id=\"765ca60\" data-element_type=\"section\">\r\n\t\t\t\t\t\t\t\t<div class=\"elementor-container elementor-column-gap-default\">\r\n\t\t\t\t\r\n\t\t\t\t\t\t\t\t<div class=\" elementor-column elementor-col-100 elementor-top-column elementor-element elementor-element-f799291 \" data-id=\"f799291\" data-element_type=\"column\">\r\n\r\n\t\t\t\t\r\n\t\t\t\t<div class=\"elementor-widget-wrap elementor-element-populated\">\r\n\t\t\t\t\t\t\t\t\t\t\r\n\t\t\t\t\t\t<div class=\"elementor-element elementor-element-461784c elementor-widget elementor-widget-image\" data-id=\"461784c\" data-element_type=\"widget\" data-widget_type=\"image.default\">\n\t\t\t\t<div class=\"elementor-widget-container\">\n\t\t\t\t\t\t\t\t\t\t\t\t\t<img fetchpriority=\"high\" decoding=\"async\" width=\"600\" height=\"273\" src=\"https:\/\/www.pernova.ee\/oppe\/wp-content\/uploads\/2023\/04\/tehnikamaja-program-hor600-\u00d7-273-px.png\" class=\"attachment-full size-full wp-image-10183\" alt=\"\" \/>\t\t\t\t\t\t\t\t\t\t\t\t\t<\/div>\n\t\t\t\t<\/div>\n\t\t\t\t\t\t<\/div>\r\n\t\t\t\t<\/div>\r\n\t\t\t\t\t\t\t\t<\/div>\r\n\t\t\t<\/section>\r\n\t\t\t\t\t<section class=\" elementor-section elementor-top-section elementor-element elementor-element-9c07454 elementor-section-boxed elementor-section-height-default elementor-section-height-default smart-sticky-default\" data-id=\"9c07454\" data-element_type=\"section\">\r\n\t\t\t\t\t\t\t\t<div class=\"elementor-container elementor-column-gap-default\">\r\n\t\t\t\t\r\n\t\t\t\t\t\t\t\t<div class=\" elementor-column elementor-col-100 elementor-top-column elementor-element elementor-element-af4da4f \" data-id=\"af4da4f\" data-element_type=\"column\">\r\n\r\n\t\t\t\t\r\n\t\t\t\t<div class=\"elementor-widget-wrap elementor-element-populated\">\r\n\t\t\t\t\t\t\t\t\t\t\r\n\t\t\t\t\t\t<div class=\"elementor-element elementor-element-f5e434e elementor-absolute elementor-widget elementor-widget-image\" data-id=\"f5e434e\" data-element_type=\"widget\" data-settings=\"{&quot;_position&quot;:&quot;absolute&quot;,&quot;sticky&quot;:&quot;top&quot;,&quot;sticky_offset&quot;:200,&quot;sticky_on&quot;:[&quot;desktop&quot;,&quot;tablet&quot;,&quot;mobile&quot;],&quot;sticky_effects_offset&quot;:0,&quot;sticky_anchor_link_offset&quot;:0}\" data-widget_type=\"image.default\">\n\t\t\t\t<div class=\"elementor-widget-container\">\n\t\t\t\t\t\t\t\t\t\t\t\t\t<img decoding=\"async\" width=\"289\" height=\"528\" src=\"https:\/\/www.pernova.ee\/oppe\/wp-content\/uploads\/2023\/04\/tehnikamaja-program-vertik.png\" class=\"attachment-full size-full wp-image-10176\" alt=\"\" \/>\t\t\t\t\t\t\t\t\t\t\t\t\t<\/div>\n\t\t\t\t<\/div>\n\t\t\t\t\t\t<\/div>\r\n\t\t\t\t<\/div>\r\n\t\t\t\t\t\t\t\t<\/div>\r\n\t\t\t<\/section>\r\n\t\t\t\t\t<section class=\" elementor-section elementor-top-section elementor-element elementor-element-31986d6 elementor-section-boxed elementor-section-height-default elementor-section-height-default smart-sticky-default\" data-id=\"31986d6\" data-element_type=\"section\">\r\n\t\t\t\t\t\t\t\t<div class=\"elementor-container elementor-column-gap-default\">\r\n\t\t\t\t\r\n\t\t\t\t\t\t\t\t<div class=\" elementor-column elementor-col-100 elementor-top-column elementor-element elementor-element-0d475b8 \" data-id=\"0d475b8\" data-element_type=\"column\">\r\n\r\n\t\t\t\t\r\n\t\t\t\t<div class=\"elementor-widget-wrap elementor-element-populated\">\r\n\t\t\t\t\t\t\t\t\t\t\r\n\t\t\t\t\t\t<div class=\"elementor-element elementor-element-2b63ade elementor-align-justify elementor-widget elementor-widget-button\" data-id=\"2b63ade\" data-element_type=\"widget\" data-widget_type=\"button.default\">\n\t\t\t\t<div class=\"elementor-widget-container\">\n\t\t\t\t\t\t\t<div class=\"elementor-button-wrapper\">\n\t\t\t\t\t<a class=\"elementor-button elementor-size-md\" role=\"button\">\n\t\t\t\t\t\t<span class=\"elementor-button-content-wrapper\">\n\t\t\t\t\t\t\t\t\t<span class=\"elementor-button-text\">TEHNIKAMAJA<\/span>\n\t\t\t\t\t<\/span>\n\t\t\t\t\t<\/a>\n\t\t\t\t<\/div>\n\t\t\t\t\t\t<\/div>\n\t\t\t\t<\/div>\n\t\t\t\t<section class=\" elementor-section elementor-inner-section elementor-element elementor-element-4674d7c elementor-section-boxed elementor-section-height-default elementor-section-height-default smart-sticky-default\" data-id=\"4674d7c\" data-element_type=\"section\">\r\n\t\t\t\t\t\t\t\t<div class=\"elementor-container elementor-column-gap-default\">\r\n\t\t\t\t\r\n\t\t\t\t\t\t\t\t<div class=\" elementor-column elementor-col-33 elementor-inner-column elementor-element elementor-element-241cef4 \" data-id=\"241cef4\" data-element_type=\"column\">\r\n\r\n\t\t\t\t\r\n\t\t\t\t<div class=\"elementor-widget-wrap elementor-element-populated\">\r\n\t\t\t\t\t\t\t\t\t\t\r\n\t\t\t\t\t\t<div class=\"elementor-element elementor-element-fa1ebf1 elementor-align-justify elementor-widget elementor-widget-button\" data-id=\"fa1ebf1\" data-element_type=\"widget\" data-widget_type=\"button.default\">\n\t\t\t\t<div class=\"elementor-widget-container\">\n\t\t\t\t\t\t\t<div class=\"elementor-button-wrapper\">\n\t\t\t\t\t<a class=\"elementor-button elementor-button-link elementor-size-sm\" href=\"https:\/\/keskkonnaharidus.ee\/et\/oppeprogrammid\/maagiline-magnet\" target=\"_blank\">\n\t\t\t\t\t\t<span class=\"elementor-button-content-wrapper\">\n\t\t\t\t\t\t\t\t\t<span class=\"elementor-button-text\">1. Maagiline magnet<\/span>\n\t\t\t\t\t<\/span>\n\t\t\t\t\t<\/a>\n\t\t\t\t<\/div>\n\t\t\t\t\t\t<\/div>\n\t\t\t\t<\/div>\n\t\t\t\t<div class=\"elementor-element elementor-element-ff47421 elementor-widget elementor-widget-text-editor\" data-id=\"ff47421\" data-element_type=\"widget\" data-widget_type=\"text-editor.default\">\n\t\t\t\t<div class=\"elementor-widget-container\">\n\t\t\t\t\t\t\t<p><span style=\"color: #005c80;\">Eelkool<\/span><br \/><span style=\"color: #005c80;\"><strong>murakam\u00e4rgis<\/strong><\/span><\/p><p>Teeme katseid, et paremini m\u00f5ista magneti toimimise p\u00f5him\u00f5tteid. Lapsed jagatakse 3-4 liikmelistesse gruppidesse, kus igal grupil on oma katsetekohver ja kus k\u00f5ik lapsed l\u00e4bivad lihtsamad magnetkatsed. L\u00f5petuseks meisterdame ise magnetim\u00e4ngu.<\/p><p><a href=\"https:\/\/keskkonnaharidus.ee\/et\/oppeprogrammid\/maagiline-magnet\" target=\"_blank\" rel=\"noopener\">Loe edasi<\/a><\/p>\t\t\t\t\t\t<\/div>\n\t\t\t\t<\/div>\n\t\t\t\t<div class=\"elementor-element elementor-element-cac61af elementor-align-justify elementor-widget elementor-widget-button\" data-id=\"cac61af\" data-element_type=\"widget\" data-widget_type=\"button.default\">\n\t\t\t\t<div class=\"elementor-widget-container\">\n\t\t\t\t\t\t\t<div class=\"elementor-button-wrapper\">\n\t\t\t\t\t<a class=\"elementor-button elementor-button-link elementor-size-sm\" href=\"https:\/\/keskkonnaharidus.ee\/et\/oppeprogrammid\/meie-leib-odrakaraskist-rukkileivani\" target=\"_blank\">\n\t\t\t\t\t\t<span class=\"elementor-button-content-wrapper\">\n\t\t\t\t\t\t\t\t\t<span class=\"elementor-button-text\">2. Meie leib - odrakaraskist rukkileivani<\/span>\n\t\t\t\t\t<\/span>\n\t\t\t\t\t<\/a>\n\t\t\t\t<\/div>\n\t\t\t\t\t\t<\/div>\n\t\t\t\t<\/div>\n\t\t\t\t<div class=\"elementor-element elementor-element-ab323f1 elementor-widget elementor-widget-text-editor\" data-id=\"ab323f1\" data-element_type=\"widget\" data-widget_type=\"text-editor.default\">\n\t\t\t\t<div class=\"elementor-widget-container\">\n\t\t\t\t\t\t\t<p><span style=\"color: #005c80;\">Eelkool, 1.-3. klass<\/span><br \/><span style=\"color: #005c80;\"><strong>murakam\u00e4rgis<\/strong><\/span><\/p><p>\u00d5pime tundma nelja teravilja liiki ja saame teada, kuidas on vilja kasvatatud ning leiba valmistatud l\u00e4bi Eesti rahvuse ajaloo. Tutvume erinevate teraviljatoitudega ja k\u00fcpsetame retsepti j\u00e4rgi odrakaraskit.<\/p><p><a href=\"https:\/\/keskkonnaharidus.ee\/et\/oppeprogrammid\/meie-leib-odrakaraskist-rukkileivani\" target=\"_blank\" rel=\"noopener\">Loe edasi<\/a><\/p>\t\t\t\t\t\t<\/div>\n\t\t\t\t<\/div>\n\t\t\t\t<div class=\"elementor-element elementor-element-68b8efb elementor-align-justify elementor-widget elementor-widget-button\" data-id=\"68b8efb\" data-element_type=\"widget\" data-widget_type=\"button.default\">\n\t\t\t\t<div class=\"elementor-widget-container\">\n\t\t\t\t\t\t\t<div class=\"elementor-button-wrapper\">\n\t\t\t\t\t<a class=\"elementor-button elementor-button-link elementor-size-sm\" href=\"https:\/\/keskkonnaharidus.ee\/et\/oppeprogrammid\/eesti-toidumargised\" target=\"_blank\">\n\t\t\t\t\t\t<span class=\"elementor-button-content-wrapper\">\n\t\t\t\t\t\t\t\t\t<span class=\"elementor-button-text\">3. Eesti toidum\u00e4rgised<\/span>\n\t\t\t\t\t<\/span>\n\t\t\t\t\t<\/a>\n\t\t\t\t<\/div>\n\t\t\t\t\t\t<\/div>\n\t\t\t\t<\/div>\n\t\t\t\t<div class=\"elementor-element elementor-element-6365375 elementor-widget elementor-widget-text-editor\" data-id=\"6365375\" data-element_type=\"widget\" data-widget_type=\"text-editor.default\">\n\t\t\t\t<div class=\"elementor-widget-container\">\n\t\t\t\t\t\t\t<p><span style=\"color: #005c80;\">1.-3. klass 4.-6. klass<\/span><br \/><span style=\"color: #005c80;\"><strong>murakam\u00e4rgis<\/strong><\/span><span style=\"color: #005c80;\"><br \/><\/span><\/p><p>Uurime, mis on Eesti toit ja kus kohast see tuleb. V\u00f5rdleme pakenditel erinevaid toidum\u00e4rgiseid ja selgitame v\u00e4lja, mis on \u201erohepesu\u201c. Grupit\u00f6\u00f6na valmistame Eesti toorainetest, retsepti j\u00e4rgi tervisliku toidu degusteerimine.<\/p><p><a href=\"https:\/\/keskkonnaharidus.ee\/et\/oppeprogrammid\/eesti-toidumargised\" target=\"_blank\" rel=\"noopener\">Loe edasi<\/a><\/p>\t\t\t\t\t\t<\/div>\n\t\t\t\t<\/div>\n\t\t\t\t\t\t<\/div>\r\n\t\t\t\t<\/div>\r\n\t\t\t\t\t\t\t\t\t<div class=\" elementor-column elementor-col-33 elementor-inner-column elementor-element elementor-element-85f4d01 \" data-id=\"85f4d01\" data-element_type=\"column\">\r\n\r\n\t\t\t\t\r\n\t\t\t\t<div class=\"elementor-widget-wrap elementor-element-populated\">\r\n\t\t\t\t\t\t\t\t\t\t\r\n\t\t\t\t\t\t<div class=\"elementor-element elementor-element-bb200a9 elementor-align-justify elementor-widget elementor-widget-button\" data-id=\"bb200a9\" data-element_type=\"widget\" data-widget_type=\"button.default\">\n\t\t\t\t<div class=\"elementor-widget-container\">\n\t\t\t\t\t\t\t<div class=\"elementor-button-wrapper\">\n\t\t\t\t\t<a class=\"elementor-button elementor-button-link elementor-size-sm\" href=\"https:\/\/keskkonnaharidus.ee\/et\/oppeprogrammid\/magnet-ja-energiad\" target=\"_blank\">\n\t\t\t\t\t\t<span class=\"elementor-button-content-wrapper\">\n\t\t\t\t\t\t\t\t\t<span class=\"elementor-button-text\">4. Magent ja energiad<\/span>\n\t\t\t\t\t<\/span>\n\t\t\t\t\t<\/a>\n\t\t\t\t<\/div>\n\t\t\t\t\t\t<\/div>\n\t\t\t\t<\/div>\n\t\t\t\t<div class=\"elementor-element elementor-element-97759b1 elementor-widget elementor-widget-text-editor\" data-id=\"97759b1\" data-element_type=\"widget\" data-widget_type=\"text-editor.default\">\n\t\t\t\t<div class=\"elementor-widget-container\">\n\t\t\t\t\t\t\t<p><span style=\"color: #005c80;\">1.-3. klass<\/span><br \/><span style=\"color: #005c80;\"><strong>murakam\u00e4rgis<\/strong><\/span><\/p><p>L\u00e4bi arutelu, loodusn\u00e4htuste ja katsete tegemise \u00f5pime m\u00f5istma taastuvaid energialiike ja magneti t\u00f6\u00f6tamise p\u00f5him\u00f5tted. Katsed viime l\u00e4bi 3-4 liikmelistesse gruppidesse, kus igal grupil on oma katsetekohver ja kus k\u00f5ik \u00f5pilased l\u00e4bivad magnetkatsed ja teevad j\u00e4reldusi.<\/p><p><a href=\"https:\/\/keskkonnaharidus.ee\/et\/oppeprogrammid\/magnet-ja-energiad\" target=\"_blank\" rel=\"noopener\">Loe edasi<\/a><\/p>\t\t\t\t\t\t<\/div>\n\t\t\t\t<\/div>\n\t\t\t\t<div class=\"elementor-element elementor-element-bcad289 elementor-align-justify elementor-widget elementor-widget-button\" data-id=\"bcad289\" data-element_type=\"widget\" data-widget_type=\"button.default\">\n\t\t\t\t<div class=\"elementor-widget-container\">\n\t\t\t\t\t\t\t<div class=\"elementor-button-wrapper\">\n\t\t\t\t\t<a class=\"elementor-button elementor-button-link elementor-size-sm\" href=\"https:\/\/keskkonnaharidus.ee\/et\/oppeprogrammid\/elektrivool-mis-see-ja-kus-ta\" target=\"_blank\">\n\t\t\t\t\t\t<span class=\"elementor-button-content-wrapper\">\n\t\t\t\t\t\t\t\t\t<span class=\"elementor-button-text\">5. Elektrivool, mis see on ja kus ta on?<\/span>\n\t\t\t\t\t<\/span>\n\t\t\t\t\t<\/a>\n\t\t\t\t<\/div>\n\t\t\t\t\t\t<\/div>\n\t\t\t\t<\/div>\n\t\t\t\t<div class=\"elementor-element elementor-element-9ad089f elementor-widget elementor-widget-text-editor\" data-id=\"9ad089f\" data-element_type=\"widget\" data-widget_type=\"text-editor.default\">\n\t\t\t\t<div class=\"elementor-widget-container\">\n\t\t\t\t\t\t\t<p><span style=\"color: #005c80;\">\u00a03.-4. klass<\/span><br \/><span style=\"color: #005c80;\"><strong>murakam\u00e4rgis<\/strong><\/span><span style=\"color: #005c80;\"><br \/><\/span><\/p><p>Saame teada, mis on elektrivool, kus kohast see tuleb ja kuidas seda saadakse. Uurime multimeetri abil elektrijuhtivust, programmeerime mikrokontrolleriga ja koostame vooluringi.<\/p><p><a href=\"https:\/\/keskkonnaharidus.ee\/et\/oppeprogrammid\/elektrivool-mis-see-ja-kus-ta\" target=\"_blank\" rel=\"noopener\">Loe edasi<\/a><\/p>\t\t\t\t\t\t<\/div>\n\t\t\t\t<\/div>\n\t\t\t\t\t\t<\/div>\r\n\t\t\t\t<\/div>\r\n\t\t\t\t\t\t\t\t\t<div class=\" elementor-column elementor-col-33 elementor-inner-column elementor-element elementor-element-41ffe16 \" data-id=\"41ffe16\" data-element_type=\"column\">\r\n\r\n\t\t\t\t\r\n\t\t\t\t<div class=\"elementor-widget-wrap elementor-element-populated\">\r\n\t\t\t\t\t\t\t\t\t\t\r\n\t\t\t\t\t\t<div class=\"elementor-element elementor-element-574f1b6 elementor-align-justify elementor-widget elementor-widget-button\" data-id=\"574f1b6\" data-element_type=\"widget\" data-widget_type=\"button.default\">\n\t\t\t\t<div class=\"elementor-widget-container\">\n\t\t\t\t\t\t\t<div class=\"elementor-button-wrapper\">\n\t\t\t\t\t<a class=\"elementor-button elementor-button-link elementor-size-sm\" href=\"https:\/\/keskkonnaharidus.ee\/et\/oppeprogrammid\/reis-kosmosesse-0\" target=\"_blank\">\n\t\t\t\t\t\t<span class=\"elementor-button-content-wrapper\">\n\t\t\t\t\t\t\t\t\t<span class=\"elementor-button-text\">6. Reis kosmosesse<\/span>\n\t\t\t\t\t<\/span>\n\t\t\t\t\t<\/a>\n\t\t\t\t<\/div>\n\t\t\t\t\t\t<\/div>\n\t\t\t\t<\/div>\n\t\t\t\t<div class=\"elementor-element elementor-element-9e8f400 elementor-widget elementor-widget-text-editor\" data-id=\"9e8f400\" data-element_type=\"widget\" data-widget_type=\"text-editor.default\">\n\t\t\t\t<div class=\"elementor-widget-container\">\n\t\t\t\t\t\t\t<p><span style=\"color: #005c80;\">6.-9. klass<\/span><br \/><span style=\"color: #005c80;\"><strong>murakam\u00e4rgis<\/strong><\/span><\/p><p>Uurime l\u00e4bi interaktiivse \u00f5ppem\u00e4ngu f\u00fc\u00fcsikalisi j\u00f5ude, lennutame raketi kosmosesse, p\u00fc\u00fcame ta tervelt Maale tagasi tuua ning uurime ja arutleme, millised f\u00fc\u00fcsikalised j\u00f5ud raketti m\u00f5jutavad. \u00d5pilased t\u00f6\u00f6tavad iseseisvalt \u00f5petaja juhendamisel.<\/p><p><a href=\"https:\/\/keskkonnaharidus.ee\/et\/oppeprogrammid\/reis-kosmosesse-0\" target=\"_blank\" rel=\"noopener\">Loe edasi<\/a><\/p>\t\t\t\t\t\t<\/div>\n\t\t\t\t<\/div>\n\t\t\t\t<div class=\"elementor-element elementor-element-7a58eea elementor-align-justify elementor-widget elementor-widget-button\" data-id=\"7a58eea\" data-element_type=\"widget\" data-widget_type=\"button.default\">\n\t\t\t\t<div class=\"elementor-widget-container\">\n\t\t\t\t\t\t\t<div class=\"elementor-button-wrapper\">\n\t\t\t\t\t<a class=\"elementor-button elementor-size-sm\" role=\"button\">\n\t\t\t\t\t\t<span class=\"elementor-button-content-wrapper\">\n\t\t\t\t\t\t\t\t\t<span class=\"elementor-button-text\">7. Valgus ja optika<\/span>\n\t\t\t\t\t<\/span>\n\t\t\t\t\t<\/a>\n\t\t\t\t<\/div>\n\t\t\t\t\t\t<\/div>\n\t\t\t\t<\/div>\n\t\t\t\t<div class=\"elementor-element elementor-element-6b17d3a elementor-widget elementor-widget-text-editor\" data-id=\"6b17d3a\" data-element_type=\"widget\" data-widget_type=\"text-editor.default\">\n\t\t\t\t<div class=\"elementor-widget-container\">\n\t\t\t\t\t\t\t<p><span style=\"color: #005c80;\">7.\u20139. klass<br \/><\/span>Omandame l\u00e4bi p\u00f5nevate eksperimentide f\u00fc\u00fcsikalisi teadmisi teemal \u201eValgus ja v\u00e4rvid\u201c. Saame teadmised valguse peegeldumisest ja kuidas n\u00e4eme v\u00e4rve ning eristame erinevaid kujundeid.<\/p><p><a href=\"#\" target=\"_blank\" rel=\"noopener\">Loe edasi<\/a><\/p>\t\t\t\t\t\t<\/div>\n\t\t\t\t<\/div>\n\t\t\t\t\t\t<\/div>\r\n\t\t\t\t<\/div>\r\n\t\t\t\t\t\t\t\t<\/div>\r\n\t\t\t<\/section>\r\n\t\t\t\t\t\t\t<\/div>\r\n\t\t\t\t<\/div>\r\n\t\t\t\t\t\t\t\t<\/div>\r\n\t\t\t<\/section>\r\n\t\t\t\t\t<\/div>\n\t\t","protected":false},"excerpt":{"rendered":"<p>TEHNIKAMAJA 1. Maagiline magnet Eelkoolmurakam\u00e4rgis Teeme katseid, et paremini m\u00f5ista magneti toimimise p\u00f5him\u00f5tteid. Lapsed jagatakse 3-4 liikmelistesse gruppidesse, kus igal grupil on oma katsetekohver ja kus k\u00f5ik lapsed l\u00e4bivad lihtsamad magnetkatsed. L\u00f5petuseks meisterdame ise magnetim\u00e4ngu. Loe edasi 2. Meie leib &#8211; odrakaraskist rukkileivani Eelkool, 1.-3. klassmurakam\u00e4rgis \u00d5pime tundma nelja teravilja liiki ja saame teada, kuidas [&hellip;]<\/p>\n","protected":false},"author":7,"featured_media":0,"parent":0,"menu_order":0,"comment_status":"closed","ping_status":"closed","template":"","meta":{"footnotes":""},"class_list":["post-10093","page","type-page","status-publish","hentry"],"_links":{"self":[{"href":"https:\/\/www.pernova.ee\/oppe\/wp-json\/wp\/v2\/pages\/10093","targetHints":{"allow":["GET"]}}],"collection":[{"href":"https:\/\/www.pernova.ee\/oppe\/wp-json\/wp\/v2\/pages"}],"about":[{"href":"https:\/\/www.pernova.ee\/oppe\/wp-json\/wp\/v2\/types\/page"}],"author":[{"embeddable":true,"href":"https:\/\/www.pernova.ee\/oppe\/wp-json\/wp\/v2\/users\/7"}],"replies":[{"embeddable":true,"href":"https:\/\/www.pernova.ee\/oppe\/wp-json\/wp\/v2\/comments?post=10093"}],"version-history":[{"count":40,"href":"https:\/\/www.pernova.ee\/oppe\/wp-json\/wp\/v2\/pages\/10093\/revisions"}],"predecessor-version":[{"id":10558,"href":"https:\/\/www.pernova.ee\/oppe\/wp-json\/wp\/v2\/pages\/10093\/revisions\/10558"}],"wp:attachment":[{"href":"https:\/\/www.pernova.ee\/oppe\/wp-json\/wp\/v2\/media?parent=10093"}],"curies":[{"name":"wp","href":"https:\/\/api.w.org\/{rel}","templated":true}]}}