{"id":10591,"date":"2024-12-12T12:04:23","date_gmt":"2024-12-12T10:04:23","guid":{"rendered":"https:\/\/www.pernova.ee\/oppe\/?page_id=10591"},"modified":"2025-03-24T11:28:27","modified_gmt":"2025-03-24T09:28:27","slug":"koolitused","status":"publish","type":"page","link":"https:\/\/www.pernova.ee\/oppe\/koolitused\/","title":{"rendered":"Koolitused"},"content":{"rendered":"\t\t<div data-elementor-type=\"wp-page\" data-elementor-id=\"10591\" class=\"elementor elementor-10591\" data-elementor-post-type=\"page\">\n\t\t\t\t\t\t<section class=\" elementor-section elementor-top-section elementor-element elementor-element-f7a4e04 elementor-section-boxed elementor-section-height-default elementor-section-height-default smart-sticky-default\" data-id=\"f7a4e04\" data-element_type=\"section\">\r\n\t\t\t\t\t\t\t\t<div class=\"elementor-container elementor-column-gap-default\">\r\n\t\t\t\t\r\n\t\t\t\t\t\t\t\t<div class=\" elementor-column elementor-col-100 elementor-top-column elementor-element elementor-element-c1f58fe \" data-id=\"c1f58fe\" data-element_type=\"column\">\r\n\r\n\t\t\t\t\r\n\t\t\t\t<div class=\"elementor-widget-wrap elementor-element-populated\">\r\n\t\t\t\t\t\t\t\t\t\t\r\n\t\t\t\t\t\t<div class=\"elementor-element elementor-element-e617c5e elementor-widget elementor-widget-text-editor\" data-id=\"e617c5e\" data-element_type=\"widget\" data-widget_type=\"text-editor.default\">\n\t\t\t\t<div class=\"elementor-widget-container\">\n\t\t\t\t\t\t\t<p>Siit leiad erinevaid koolitusi ja t\u00f6\u00f6tubasid. Koolitused sobivad ka <a href=\"https:\/\/kik.ee\/et\/toetatavad-tegevused\/opilaste-rohetehnoloogia-teadlikkuse-suurendamine\" target=\"_blank\" rel=\"noopener\">KIK projektidesse<\/a>, saame neid vastavalt vajadusele kombineerida.\u00a0<\/p><p>Tutvu ja K\u00dcSI HINNAPAKKUMIST!\u00a0 Kontakt: <a href=\"mailto:programmijuht@pernova.ee\" target=\"_blank\" rel=\"noopener\">programmijuht@pernova.ee<\/a><\/p>\t\t\t\t\t\t<\/div>\n\t\t\t\t<\/div>\n\t\t\t\t<div class=\"elementor-element elementor-element-df42c22 elementor-align-justify elementor-widget elementor-widget-button\" data-id=\"df42c22\" data-element_type=\"widget\" data-widget_type=\"button.default\">\n\t\t\t\t<div class=\"elementor-widget-container\">\n\t\t\t\t\t\t\t<div class=\"elementor-button-wrapper\">\n\t\t\t\t\t<a class=\"elementor-button elementor-size-md\" role=\"button\">\n\t\t\t\t\t\t<span class=\"elementor-button-content-wrapper\">\n\t\t\t\t\t\t\t\t\t<span class=\"elementor-button-text\">ROHETEHNOLOOGIAD<\/span>\n\t\t\t\t\t<\/span>\n\t\t\t\t\t<\/a>\n\t\t\t\t<\/div>\n\t\t\t\t\t\t<\/div>\n\t\t\t\t<\/div>\n\t\t\t\t<section class=\" elementor-section elementor-inner-section elementor-element elementor-element-c099898 elementor-section-boxed elementor-section-height-default elementor-section-height-default smart-sticky-default\" data-id=\"c099898\" data-element_type=\"section\">\r\n\t\t\t\t\t\t\t\t<div class=\"elementor-container elementor-column-gap-default\">\r\n\t\t\t\t\r\n\t\t\t\t\t\t\t\t<div class=\" elementor-column elementor-col-50 elementor-inner-column elementor-element elementor-element-2178074 \" data-id=\"2178074\" data-element_type=\"column\">\r\n\r\n\t\t\t\t\r\n\t\t\t\t<div class=\"elementor-widget-wrap elementor-element-populated\">\r\n\t\t\t\t\t\t\t\t\t\t\r\n\t\t\t\t\t\t<div class=\"elementor-element elementor-element-33072dd elementor-widget elementor-widget-text-editor\" data-id=\"33072dd\" data-element_type=\"widget\" data-widget_type=\"text-editor.default\">\n\t\t\t\t<div class=\"elementor-widget-container\">\n\t\t\t\t\t\t\t<p>Sihtgrupp:\u00a0 lasteaia viimane r\u00fchm ja 1.-3. klass.<br \/>Koolituse maht: 1 akadeemiline tund.<\/p><p>Rohetehnoloogiaid tutvustav ringk\u00e4ik loodusmajas ja hoovis.<\/p><p>Grupi suurus 24 inimest.<\/p><p>Koolituse tasu 180 \u20ac (V\u00f5imalik l\u00e4bi viia ainult Pernova Loodusmajas).<\/p><p>*Suuremate gruppide puhul erikokkulepped.<\/p>\t\t\t\t\t\t<\/div>\n\t\t\t\t<\/div>\n\t\t\t\t\t\t<\/div>\r\n\t\t\t\t<\/div>\r\n\t\t\t\t\t\t\t\t\t<div class=\" elementor-column elementor-col-50 elementor-inner-column elementor-element elementor-element-6fdfacd \" data-id=\"6fdfacd\" data-element_type=\"column\">\r\n\r\n\t\t\t\t\r\n\t\t\t\t<div class=\"elementor-widget-wrap elementor-element-populated\">\r\n\t\t\t\t\t\t\t\t\t\t\r\n\t\t\t\t\t\t<div class=\"elementor-element elementor-element-d9a8b5e elementor-widget__width-initial elementor-widget elementor-widget-image\" data-id=\"d9a8b5e\" data-element_type=\"widget\" data-widget_type=\"image.default\">\n\t\t\t\t<div class=\"elementor-widget-container\">\n\t\t\t\t\t\t\t\t\t\t\t\t\t<img fetchpriority=\"high\" decoding=\"async\" width=\"2560\" height=\"1440\" src=\"https:\/\/www.pernova.ee\/oppe\/wp-content\/uploads\/2024\/12\/FotograafKarmenKarg-58-scaled.jpg\" class=\"attachment-full size-full wp-image-10609\" alt=\"\" srcset=\"https:\/\/www.pernova.ee\/oppe\/wp-content\/uploads\/2024\/12\/FotograafKarmenKarg-58-scaled.jpg 2560w, https:\/\/www.pernova.ee\/oppe\/wp-content\/uploads\/2024\/12\/FotograafKarmenKarg-58-1024x576.jpg 1024w, https:\/\/www.pernova.ee\/oppe\/wp-content\/uploads\/2024\/12\/FotograafKarmenKarg-58-768x432.jpg 768w, https:\/\/www.pernova.ee\/oppe\/wp-content\/uploads\/2024\/12\/FotograafKarmenKarg-58-1536x864.jpg 1536w, https:\/\/www.pernova.ee\/oppe\/wp-content\/uploads\/2024\/12\/FotograafKarmenKarg-58-2048x1152.jpg 2048w, https:\/\/www.pernova.ee\/oppe\/wp-content\/uploads\/2024\/12\/FotograafKarmenKarg-58-780x440.jpg 780w\" sizes=\"(max-width: 2560px) 100vw, 2560px\" \/>\t\t\t\t\t\t\t\t\t\t\t\t\t<\/div>\n\t\t\t\t<\/div>\n\t\t\t\t\t\t<\/div>\r\n\t\t\t\t<\/div>\r\n\t\t\t\t\t\t\t\t<\/div>\r\n\t\t\t<\/section>\r\n\t\t\t\t\t<section class=\" elementor-section elementor-inner-section elementor-element elementor-element-f787e09 elementor-section-boxed elementor-section-height-default elementor-section-height-default smart-sticky-default\" data-id=\"f787e09\" data-element_type=\"section\">\r\n\t\t\t\t\t\t\t\t<div class=\"elementor-container elementor-column-gap-default\">\r\n\t\t\t\t\r\n\t\t\t\t\t\t\t\t<div class=\" elementor-column elementor-col-100 elementor-inner-column elementor-element elementor-element-90c47b6 \" data-id=\"90c47b6\" data-element_type=\"column\">\r\n\r\n\t\t\t\t\r\n\t\t\t\t<div class=\"elementor-widget-wrap elementor-element-populated\">\r\n\t\t\t\t\t\t\t\t\t\t\r\n\t\t\t\t\t\t<div class=\"elementor-element elementor-element-73132ed elementor-align-justify elementor-widget elementor-widget-button\" data-id=\"73132ed\" data-element_type=\"widget\" data-widget_type=\"button.default\">\n\t\t\t\t<div class=\"elementor-widget-container\">\n\t\t\t\t\t\t\t<div class=\"elementor-button-wrapper\">\n\t\t\t\t\t<a class=\"elementor-button elementor-size-md\" role=\"button\">\n\t\t\t\t\t\t<span class=\"elementor-button-content-wrapper\">\n\t\t\t\t\t\t\t\t\t<span class=\"elementor-button-text\">KESKKONNAS\u00d5BRALIK TOIDULAUD<\/span>\n\t\t\t\t\t<\/span>\n\t\t\t\t\t<\/a>\n\t\t\t\t<\/div>\n\t\t\t\t\t\t<\/div>\n\t\t\t\t<\/div>\n\t\t\t\t\t\t<\/div>\r\n\t\t\t\t<\/div>\r\n\t\t\t\t\t\t\t\t<\/div>\r\n\t\t\t<\/section>\r\n\t\t\t\t\t<section class=\" elementor-section elementor-inner-section elementor-element elementor-element-b19087b elementor-section-boxed elementor-section-height-default elementor-section-height-default smart-sticky-default\" data-id=\"b19087b\" data-element_type=\"section\">\r\n\t\t\t\t\t\t\t\t<div class=\"elementor-container elementor-column-gap-default\">\r\n\t\t\t\t\r\n\t\t\t\t\t\t\t\t<div class=\" elementor-column elementor-col-50 elementor-inner-column elementor-element elementor-element-d330dd1 \" data-id=\"d330dd1\" data-element_type=\"column\">\r\n\r\n\t\t\t\t\r\n\t\t\t\t<div class=\"elementor-widget-wrap elementor-element-populated\">\r\n\t\t\t\t\t\t\t\t\t\t\r\n\t\t\t\t\t\t<div class=\"elementor-element elementor-element-4df1c9f elementor-widget elementor-widget-text-editor\" data-id=\"4df1c9f\" data-element_type=\"widget\" data-widget_type=\"text-editor.default\">\n\t\t\t\t<div class=\"elementor-widget-container\">\n\t\t\t\t\t\t\t<p>Sihtgrupp: 10.- 12. klasside \u00f5pilased<br \/>Koolituse maht: 2 akadeemilist tundi.<\/p><p>Koolituse eesm\u00e4rk: t\u00f5sta osalejate teadlikkust toidu tootmise ja tarbimise seostest kasvuhoonegaaside emissiooni ja kliimamuutustega ning suunata \u00f5pilasi tegema igap\u00e4evases men\u00fc\u00fcs keskkonnahoiu seisukohast j\u00e4tkusuutlikumaid valikuid.<\/p><p>Koolituse tulemusena osalejad:<br \/>saavad \u00fclevaate kliimamuutuse olemusest ning toiduainete tootmise, tarbimise ja raiskamise seostest kasvuhoonegaaside vabanemisega;<br \/>tunnevad toiduainete tootmise p\u00f5hietappe ning m\u00f5istavad nende seoseid energia- ja k\u00fctusek\u00fclu ning s\u00fcsinikujalaj\u00e4ljega;<br \/>anal\u00fc\u00fcsivad oma igap\u00e4evaste toitumisharjumuste m\u00f5ju kliimale ning oskavad teha teadlikke keskkonnas\u00f5bralikke valikuid;<br \/>oskavad v\u00e4\u00e4rtustada kohaliku p\u00e4ritoluga toitu ning omandavad praktilised teadmised idandite ja\/v\u00f5i mikrov\u00f5rsete kasvatamisest.<\/p><p>Koolituse tegevused:<\/p><p>tutvumine kliimamuutuse p\u00f5hjuste ja tagaj\u00e4rgedega ning p\u00f5llumajanduse rolliga selles;<br \/>erinevate toiduainete p\u00e4ritolu ja kasvupiirkondade anal\u00fc\u00fcsimine toidupakendite, infomaterjalide ning geograafiliste kaartide abil;<br \/>s\u00fcsinikujalaj\u00e4lje m\u00f5istega tutvumine ning toiduainete s\u00fcsinikujalaj\u00e4lje kaardim\u00e4ng;<br \/>toidu raiskamise seosed kasvuhoonegaaside tekkega, bioj\u00e4\u00e4tmete sorteerimise ja komposteerimise t\u00e4htsus, vermikompostri vaatlemine;<br \/>Grupi suurus 24 inimest.<\/p><p>Koolituse tasu 180 \u20ac<\/p><p>*Suuremate gruppide puhul erikokkulepped.<\/p>\t\t\t\t\t\t<\/div>\n\t\t\t\t<\/div>\n\t\t\t\t\t\t<\/div>\r\n\t\t\t\t<\/div>\r\n\t\t\t\t\t\t\t\t\t<div class=\" elementor-column elementor-col-50 elementor-inner-column elementor-element elementor-element-4076956 \" data-id=\"4076956\" data-element_type=\"column\">\r\n\r\n\t\t\t\t\r\n\t\t\t\t<div class=\"elementor-widget-wrap elementor-element-populated\">\r\n\t\t\t\t\t\t\t\t\t\t\r\n\t\t\t\t\t\t<div class=\"elementor-element elementor-element-fc8b54b elementor-widget__width-initial elementor-widget elementor-widget-image\" data-id=\"fc8b54b\" data-element_type=\"widget\" data-widget_type=\"image.default\">\n\t\t\t\t<div class=\"elementor-widget-container\">\n\t\t\t\t\t\t\t\t\t\t\t\t\t<img decoding=\"async\" width=\"2560\" height=\"1918\" src=\"https:\/\/www.pernova.ee\/oppe\/wp-content\/uploads\/2024\/12\/pernovaprogramm2-scaled.jpg\" class=\"attachment-full size-full wp-image-10606\" alt=\"\" srcset=\"https:\/\/www.pernova.ee\/oppe\/wp-content\/uploads\/2024\/12\/pernovaprogramm2-scaled.jpg 2560w, https:\/\/www.pernova.ee\/oppe\/wp-content\/uploads\/2024\/12\/pernovaprogramm2-1024x767.jpg 1024w, https:\/\/www.pernova.ee\/oppe\/wp-content\/uploads\/2024\/12\/pernovaprogramm2-768x575.jpg 768w, https:\/\/www.pernova.ee\/oppe\/wp-content\/uploads\/2024\/12\/pernovaprogramm2-1536x1151.jpg 1536w, https:\/\/www.pernova.ee\/oppe\/wp-content\/uploads\/2024\/12\/pernovaprogramm2-2048x1534.jpg 2048w\" sizes=\"(max-width: 2560px) 100vw, 2560px\" \/>\t\t\t\t\t\t\t\t\t\t\t\t\t<\/div>\n\t\t\t\t<\/div>\n\t\t\t\t\t\t<\/div>\r\n\t\t\t\t<\/div>\r\n\t\t\t\t\t\t\t\t<\/div>\r\n\t\t\t<\/section>\r\n\t\t\t\t\t<div class=\"elementor-element elementor-element-f912ae2 elementor-align-justify elementor-widget elementor-widget-button\" data-id=\"f912ae2\" data-element_type=\"widget\" data-widget_type=\"button.default\">\n\t\t\t\t<div class=\"elementor-widget-container\">\n\t\t\t\t\t\t\t<div class=\"elementor-button-wrapper\">\n\t\t\t\t\t<a class=\"elementor-button elementor-size-md\" role=\"button\">\n\t\t\t\t\t\t<span class=\"elementor-button-content-wrapper\">\n\t\t\t\t\t\t\t\t\t<span class=\"elementor-button-text\">TUNNE OMA ELUSTIILI: R\u00d5IVAD<\/span>\n\t\t\t\t\t<\/span>\n\t\t\t\t\t<\/a>\n\t\t\t\t<\/div>\n\t\t\t\t\t\t<\/div>\n\t\t\t\t<\/div>\n\t\t\t\t<section class=\" elementor-section elementor-inner-section elementor-element elementor-element-688d96d elementor-section-boxed elementor-section-height-default elementor-section-height-default smart-sticky-default\" data-id=\"688d96d\" data-element_type=\"section\">\r\n\t\t\t\t\t\t\t\t<div class=\"elementor-container elementor-column-gap-default\">\r\n\t\t\t\t\r\n\t\t\t\t\t\t\t\t<div class=\" elementor-column elementor-col-50 elementor-inner-column elementor-element elementor-element-a2c7552 \" data-id=\"a2c7552\" data-element_type=\"column\">\r\n\r\n\t\t\t\t\r\n\t\t\t\t<div class=\"elementor-widget-wrap elementor-element-populated\">\r\n\t\t\t\t\t\t\t\t\t\t\r\n\t\t\t\t\t\t<div class=\"elementor-element elementor-element-981e4fb elementor-widget elementor-widget-text-editor\" data-id=\"981e4fb\" data-element_type=\"widget\" data-widget_type=\"text-editor.default\">\n\t\t\t\t<div class=\"elementor-widget-container\">\n\t\t\t\t\t\t\t<p>Sihtgrupp: 7.-12. klasside \u00f5pilased ja\/v\u00f5i t\u00e4iskasvanud.<\/p><p>Koolituse maht: 2 akadeemilist tundi.<\/p><p>Koolituse eesm\u00e4rk: suurendada osalejate teadlikkust moet\u00f6\u00f6stuse keskkonnam\u00f5just ning omandada praktilisi teadmisi r\u00f5ivaste tarbimise, materjalide tootmise tehnoloogiate ning ringmajanduse kohta.<\/p><p>Koolitusel saavad osalejad:<br \/>teadmisi globaalse r\u00f5ivat\u00f6\u00f6stuse keskkonnam\u00f5just ning selle seostest kliimamuutustega;<br \/>\u00f5ppida tundma oma igap\u00e4evaste tarbimisharjumuste ja -valikute m\u00f5ju \u2028kliimale;<br \/>saavad\u2028praktilised oskused tekstiilide p\u00f5hiliikide ja nende omaduste m\u00e4\u00e4ramiseks;<br \/>saavad juhised r\u00f5ivaste keskkonnateadlikuks valikuks ja hooldamiseks ning tutvuvad s\u00e4\u00e4stva arengu ning ringmajanduse p\u00f5him\u00f5tetega.<\/p><p>Koolituse tegevused:<\/p><p>tekstiilide ja r\u00f5ivatootmise teemaline miniviktoriin<br \/>esitlus tekstiilit\u00f6\u00f6stuse keskkonnam\u00f5just, sotsiaalse eba\u00f5igluse ja eetika teemadest;<br \/>tutvume br\u00e4ndidega: kuidas eetiliselt riideid toota?<br \/>praktiline tutvumine tekstiilidega: \u00f5pime tundma erinevaid materjale ning nende tootmise erip\u00e4rasid, uurime kiudusid luubi ja mikroskoobi abil;<br \/>minu teksap\u00fckste viimased p\u00e4evad: mida teha tekstiilij\u00e4\u00e4tmetega? Seadusandlus Eestis, \u00fcmbert\u00f6\u00f6tlemise rohetehnoloogiad, ringmajanduse p\u00f5him\u00f5tted.<br \/>Grupi suurus 24 inimest.<\/p><p>Koolituse tasu 180 \u20ac<\/p><p>*Suuremate gruppide puhul erikokkulepped.<\/p>\t\t\t\t\t\t<\/div>\n\t\t\t\t<\/div>\n\t\t\t\t\t\t<\/div>\r\n\t\t\t\t<\/div>\r\n\t\t\t\t\t\t\t\t\t<div class=\" elementor-column elementor-col-50 elementor-inner-column elementor-element elementor-element-870d927 \" data-id=\"870d927\" data-element_type=\"column\">\r\n\r\n\t\t\t\t\r\n\t\t\t\t<div class=\"elementor-widget-wrap elementor-element-populated\">\r\n\t\t\t\t\t\t\t\t\t\t\r\n\t\t\t\t\t\t<div class=\"elementor-element elementor-element-f8daa83 elementor-widget__width-initial elementor-widget elementor-widget-image\" data-id=\"f8daa83\" data-element_type=\"widget\" data-widget_type=\"image.default\">\n\t\t\t\t<div class=\"elementor-widget-container\">\n\t\t\t\t\t\t\t\t\t\t\t\t\t<img decoding=\"async\" width=\"2560\" height=\"1920\" src=\"https:\/\/www.pernova.ee\/oppe\/wp-content\/uploads\/2024\/12\/koolitus-pernova-scaled.jpg\" class=\"attachment-full size-full wp-image-10608\" alt=\"\" srcset=\"https:\/\/www.pernova.ee\/oppe\/wp-content\/uploads\/2024\/12\/koolitus-pernova-scaled.jpg 2560w, https:\/\/www.pernova.ee\/oppe\/wp-content\/uploads\/2024\/12\/koolitus-pernova-1024x768.jpg 1024w, https:\/\/www.pernova.ee\/oppe\/wp-content\/uploads\/2024\/12\/koolitus-pernova-768x576.jpg 768w, https:\/\/www.pernova.ee\/oppe\/wp-content\/uploads\/2024\/12\/koolitus-pernova-1536x1152.jpg 1536w, https:\/\/www.pernova.ee\/oppe\/wp-content\/uploads\/2024\/12\/koolitus-pernova-2048x1536.jpg 2048w\" sizes=\"(max-width: 2560px) 100vw, 2560px\" \/>\t\t\t\t\t\t\t\t\t\t\t\t\t<\/div>\n\t\t\t\t<\/div>\n\t\t\t\t\t\t<\/div>\r\n\t\t\t\t<\/div>\r\n\t\t\t\t\t\t\t\t<\/div>\r\n\t\t\t<\/section>\r\n\t\t\t\t\t\t\t<\/div>\r\n\t\t\t\t<\/div>\r\n\t\t\t\t\t\t\t\t<\/div>\r\n\t\t\t<\/section>\r\n\t\t\t\t\t<section class=\" elementor-section elementor-top-section elementor-element elementor-element-971c7f7 elementor-section-boxed elementor-section-height-default elementor-section-height-default smart-sticky-default\" data-id=\"971c7f7\" data-element_type=\"section\" data-settings=\"{&quot;background_background&quot;:&quot;classic&quot;}\">\r\n\t\t\t\t\t\t\t\t<div class=\"elementor-container elementor-column-gap-default\">\r\n\t\t\t\t\r\n\t\t\t\t\t\t\t\t<div class=\" elementor-column elementor-col-100 elementor-top-column elementor-element elementor-element-c8ce5e4 \" data-id=\"c8ce5e4\" data-element_type=\"column\">\r\n\r\n\t\t\t\t\r\n\t\t\t\t<div class=\"elementor-widget-wrap elementor-element-populated\">\r\n\t\t\t\t\t\t\t\t\t\t\r\n\t\t\t\t\t\t<div class=\"elementor-element elementor-element-705e27f elementor-widget elementor-widget-text-editor\" data-id=\"705e27f\" data-element_type=\"widget\" data-widget_type=\"text-editor.default\">\n\t\t\t\t<div class=\"elementor-widget-container\">\n\t\t\t\t\t\t\t<p>Lisaks on v\u00f5imalik veel <a href=\"https:\/\/www.pernova.ee\/oppe\/loodusmaja-oppeprogrammid\/\">kliimahariduse \u00f5ppeprogrammide<\/a> seast valida sobivaid kliimahariduse \u00f5ppeprogramme, mis on eelk\u00f5ige koosk\u00f5las formaalhariduse ainekavaga.<\/p><p>1. Energia vee abil<\/p><p>Sihtgrupp 2.-3. klass<\/p><p>2. Kliimamuutused ja toit<\/p><p>Sihtgrupp 4.-5. klass<\/p><p>3. STEAM: S\u00fcsinikuringe ja kasvuhooneefekt<\/p><p>Sihtgrupp 7. klass<\/p><p>4. STEAM: Taastuvenergia<\/p><p>Sihtgrupp 9. klass.<\/p>\t\t\t\t\t\t<\/div>\n\t\t\t\t<\/div>\n\t\t\t\t\t\t<\/div>\r\n\t\t\t\t<\/div>\r\n\t\t\t\t\t\t\t\t<\/div>\r\n\t\t\t<\/section>\r\n\t\t\t\t\t<\/div>\n\t\t","protected":false},"excerpt":{"rendered":"<p>Siit leiad erinevaid koolitusi ja t\u00f6\u00f6tubasid. Koolitused sobivad ka KIK projektidesse, saame neid vastavalt vajadusele kombineerida.\u00a0 Tutvu ja K\u00dcSI HINNAPAKKUMIST!\u00a0 Kontakt: programmijuht@pernova.ee ROHETEHNOLOOGIAD Sihtgrupp:\u00a0 lasteaia viimane r\u00fchm ja 1.-3. klass.Koolituse maht: 1 akadeemiline tund. Rohetehnoloogiaid tutvustav ringk\u00e4ik loodusmajas ja hoovis. Grupi suurus 24 inimest. Koolituse tasu 180 \u20ac (V\u00f5imalik l\u00e4bi viia ainult Pernova Loodusmajas). *Suuremate [&hellip;]<\/p>\n","protected":false},"author":1,"featured_media":0,"parent":0,"menu_order":0,"comment_status":"closed","ping_status":"closed","template":"","meta":{"footnotes":""},"class_list":["post-10591","page","type-page","status-publish","hentry"],"_links":{"self":[{"href":"https:\/\/www.pernova.ee\/oppe\/wp-json\/wp\/v2\/pages\/10591","targetHints":{"allow":["GET"]}}],"collection":[{"href":"https:\/\/www.pernova.ee\/oppe\/wp-json\/wp\/v2\/pages"}],"about":[{"href":"https:\/\/www.pernova.ee\/oppe\/wp-json\/wp\/v2\/types\/page"}],"author":[{"embeddable":true,"href":"https:\/\/www.pernova.ee\/oppe\/wp-json\/wp\/v2\/users\/1"}],"replies":[{"embeddable":true,"href":"https:\/\/www.pernova.ee\/oppe\/wp-json\/wp\/v2\/comments?post=10591"}],"version-history":[{"count":25,"href":"https:\/\/www.pernova.ee\/oppe\/wp-json\/wp\/v2\/pages\/10591\/revisions"}],"predecessor-version":[{"id":10664,"href":"https:\/\/www.pernova.ee\/oppe\/wp-json\/wp\/v2\/pages\/10591\/revisions\/10664"}],"wp:attachment":[{"href":"https:\/\/www.pernova.ee\/oppe\/wp-json\/wp\/v2\/media?parent=10591"}],"curies":[{"name":"wp","href":"https:\/\/api.w.org\/{rel}","templated":true}]}}