{"id":7283,"date":"2019-06-22T13:30:49","date_gmt":"2019-06-22T11:30:49","guid":{"rendered":"http:\/\/www.pernova.ee\/oppe-2023\/?page_id=7283"},"modified":"2023-03-31T10:41:27","modified_gmt":"2023-03-31T07:41:27","slug":"teemakastid","status":"publish","type":"page","link":"https:\/\/www.pernova.ee\/oppe\/teemakastid\/","title":{"rendered":"Teemakastid"},"content":{"rendered":"<p><img fetchpriority=\"high\" decoding=\"async\" class=\"aligncenter wp-image-7296 size-full\" src=\"https:\/\/www.pernova.ee\/oppe\/wp-content\/uploads\/2019\/06\/kids_scien.jpg\" alt=\"\" width=\"1222\" height=\"296\" srcset=\"https:\/\/www.pernova.ee\/oppe\/wp-content\/uploads\/2019\/06\/kids_scien.jpg 1222w, https:\/\/www.pernova.ee\/oppe\/wp-content\/uploads\/2019\/06\/kids_scien-768x186.jpg 768w, https:\/\/www.pernova.ee\/oppe\/wp-content\/uploads\/2019\/06\/kids_scien-1024x248.jpg 1024w\" sizes=\"(max-width: 1222px) 100vw, 1222px\" \/><strong>Teemakastid P\u00e4rnu linna lasteaedadele<\/strong><\/p>\n<p>P\u00e4rnu linna lasteaedadel on v\u00f5imalus <strong>tasuta<\/strong> laenutada kolme erineva sisuga teemakaste: \u201eL\u00f5busad l\u00fclijalgsed\u201c, \u201eMeie ilm\u201c, \u201eKalad ja veekogud\u201c.\u00a0 Teemakastides olevate vahenditega saab \u00f5petaja mitmekesistada loodustemaatiliste tundide l\u00e4biviimist. Teemakastid sisaldavad praktilisi ja metoodilisi \u00f5ppevahendeid.<\/p>\n<p>Metoodilise materjali loomisel ning \u00f5ppevahendite soetamisel l\u00e4htuti koolieelse lasteatuse riikliku \u00f5ppekava \u201eMina ja keskkond\u201c valdkonna \u00f5ppe ja kasvatustegevuse eesm\u00e4rkidest. \u00d5pimapid on koostatud Pernova Loodusmaja \u00f5petajate poolt, koost\u00f6\u00f6s P\u00e4rnu linna lasteaedade ja Keskkonnakasvatuse \u00fchendusega. Tutvudes teemakastide sisuga on 3-7 a lastel v\u00f5imalus tundma \u00f5ppida looduskeskkonda l\u00e4bi aktiivtegevuse. Samuti avardub lastel keskkonnas\u00e4\u00e4stlike eluviiside praktiseerimise silmaring. Teemakastide \u00f5ppevahendite soetamist ning metoodilise materjali v\u00e4ljat\u00f6\u00f6tamist rahastas Keskkonnainvesteeringute Keskus.<\/p>\n<p><strong>Laenutamine<\/strong>: laenutusperiood kuni 2 n\u00e4dalat<strong>. <\/strong>Laenutusperioodi v\u00e4ltel on teemakasti sisu kasutamiseks \u00fchele r\u00fchmale.<\/p>\n<p>Teemakastide laenutamine toimub Pernova Loodusmajas aadressil A.H. Tammsaare pst 57, P\u00e4rnu.<br \/>\nVajalik eelnev registreerimine tel: 440 1055 v\u00f5i 5551 0207 v\u00f5i e-post: <a href=\"mailto:admin@pernova.ee\">admin@pernova.ee<\/a><\/p>\n<p>* <a href=\"http:\/\/www.pernova.ee\/oppe\/wp-content\/uploads\/2019\/06\/Teemakast-\u201eL\u00d5BUSAD-L\u00dcLIJALGSED\u201c.pdf\" target=\"_blank\" rel=\"noopener\">Teemakast \u201eL\u00d5BUSAD L\u00dcLIJALGSED\u201c<\/a><\/p>\n<p>* <a href=\"http:\/\/www.pernova.ee\/oppe\/wp-content\/uploads\/2019\/06\/Teemakast-\u201eMEIE-ILM\u201c.pdf\" target=\"_blank\" rel=\"noopener\">Teemakast \u201eMEIE ILM\u201c<\/a><\/p>\n<p>* <a href=\"http:\/\/www.pernova.ee\/oppe\/wp-content\/uploads\/2020\/10\/Teemakast-\u201eKALAD-JA-VEEKOGUD\u201c.pdf\" target=\"_blank\" rel=\"noopener\">Teemakast \u201eKALAD JA VEEKOGUD\u201c<\/a><\/p>\n<div><\/div>\n","protected":false},"excerpt":{"rendered":"<p>Teemakastid P\u00e4rnu linna lasteaedadele P\u00e4rnu linna lasteaedadel on v\u00f5imalus tasuta laenutada kolme erineva sisuga teemakaste: \u201eL\u00f5busad l\u00fclijalgsed\u201c, \u201eMeie ilm\u201c, \u201eKalad ja veekogud\u201c.\u00a0 Teemakastides olevate vahenditega saab \u00f5petaja mitmekesistada loodustemaatiliste tundide l\u00e4biviimist. Teemakastid sisaldavad praktilisi ja metoodilisi \u00f5ppevahendeid. Metoodilise materjali loomisel ning \u00f5ppevahendite soetamisel l\u00e4htuti koolieelse lasteatuse riikliku \u00f5ppekava \u201eMina ja keskkond\u201c valdkonna \u00f5ppe ja kasvatustegevuse [&hellip;]<\/p>\n","protected":false},"author":1,"featured_media":0,"parent":0,"menu_order":0,"comment_status":"closed","ping_status":"closed","template":"","meta":{"footnotes":""},"class_list":["post-7283","page","type-page","status-publish","hentry"],"_links":{"self":[{"href":"https:\/\/www.pernova.ee\/oppe\/wp-json\/wp\/v2\/pages\/7283","targetHints":{"allow":["GET"]}}],"collection":[{"href":"https:\/\/www.pernova.ee\/oppe\/wp-json\/wp\/v2\/pages"}],"about":[{"href":"https:\/\/www.pernova.ee\/oppe\/wp-json\/wp\/v2\/types\/page"}],"author":[{"embeddable":true,"href":"https:\/\/www.pernova.ee\/oppe\/wp-json\/wp\/v2\/users\/1"}],"replies":[{"embeddable":true,"href":"https:\/\/www.pernova.ee\/oppe\/wp-json\/wp\/v2\/comments?post=7283"}],"version-history":[{"count":12,"href":"https:\/\/www.pernova.ee\/oppe\/wp-json\/wp\/v2\/pages\/7283\/revisions"}],"predecessor-version":[{"id":10163,"href":"https:\/\/www.pernova.ee\/oppe\/wp-json\/wp\/v2\/pages\/7283\/revisions\/10163"}],"wp:attachment":[{"href":"https:\/\/www.pernova.ee\/oppe\/wp-json\/wp\/v2\/media?parent=7283"}],"curies":[{"name":"wp","href":"https:\/\/api.w.org\/{rel}","templated":true}]}}