{"id":9185,"date":"2021-03-01T19:03:46","date_gmt":"2021-03-01T17:03:46","guid":{"rendered":"http:\/\/www.pernova.ee\/oppe-2023\/?page_id=9185"},"modified":"2024-12-12T14:22:43","modified_gmt":"2024-12-12T12:22:43","slug":"meie-opetajad","status":"publish","type":"page","link":"https:\/\/www.pernova.ee\/oppe\/meie-opetajad\/","title":{"rendered":"Meie \u00f5petajad"},"content":{"rendered":"\t\t<div data-elementor-type=\"wp-page\" data-elementor-id=\"9185\" class=\"elementor elementor-9185\" data-elementor-post-type=\"page\">\n\t\t\t\t\t\t<section class=\" elementor-section elementor-top-section elementor-element elementor-element-11adb9e5 elementor-section-boxed elementor-section-height-default elementor-section-height-default smart-sticky-default\" data-id=\"11adb9e5\" data-element_type=\"section\">\r\n\t\t\t\t\t\t\t\t<div class=\"elementor-container elementor-column-gap-default\">\r\n\t\t\t\t\r\n\t\t\t\t\t\t\t\t<div class=\" elementor-column elementor-col-100 elementor-top-column elementor-element elementor-element-395a247a \" data-id=\"395a247a\" data-element_type=\"column\">\r\n\r\n\t\t\t\t\r\n\t\t\t\t<div class=\"elementor-widget-wrap elementor-element-populated\">\r\n\t\t\t\t\t\t\t\t\t\t\r\n\t\t\t\t\t\t<div class=\"elementor-element elementor-element-7592c11d elementor-widget elementor-widget-text-editor\" data-id=\"7592c11d\" data-element_type=\"widget\" data-widget_type=\"text-editor.default\">\n\t\t\t\t<div class=\"elementor-widget-container\">\n\t\t\t\t\t\t\t<h4><strong>\u00d5pperogrammide\u00a0 \u00f5petajad:<\/strong><\/h4>\t\t\t\t\t\t<\/div>\n\t\t\t\t<\/div>\n\t\t\t\t\t\t<\/div>\r\n\t\t\t\t<\/div>\r\n\t\t\t\t\t\t\t\t<\/div>\r\n\t\t\t<\/section>\r\n\t\t\t\t\t<section class=\" elementor-section elementor-top-section elementor-element elementor-element-0973feb elementor-section-boxed elementor-section-height-default elementor-section-height-default smart-sticky-default\" data-id=\"0973feb\" data-element_type=\"section\">\r\n\t\t\t\t\t\t\t\t<div class=\"elementor-container elementor-column-gap-default\">\r\n\t\t\t\t\r\n\t\t\t\t\t\t\t\t<div class=\" elementor-column elementor-col-20 elementor-top-column elementor-element elementor-element-85d4908 \" data-id=\"85d4908\" data-element_type=\"column\">\r\n\r\n\t\t\t\t\r\n\t\t\t\t<div class=\"elementor-widget-wrap elementor-element-populated\">\r\n\t\t\t\t\t\t\t\t\t\t\r\n\t\t\t\t\t\t<div class=\"elementor-element elementor-element-9b64e74 elementor-position-top elementor-widget elementor-widget-image-box\" data-id=\"9b64e74\" data-element_type=\"widget\" data-widget_type=\"image-box.default\">\n\t\t\t\t<div class=\"elementor-widget-container\">\n\t\t\t<div class=\"elementor-image-box-wrapper\"><figure class=\"elementor-image-box-img\"><img decoding=\"async\" src=\"https:\/\/www.pernova.ee\/oppe\/wp-content\/uploads\/elementor\/thumbs\/KadriK_cr-q8vdaovuql8xrhsn0j1oph0giktatku3pxxczepmko.jpg\" title=\"KadriK_cr\" alt=\"KadriK_cr\" loading=\"lazy\" \/><\/figure><div class=\"elementor-image-box-content\"><h3 class=\"elementor-image-box-title\">Kadri Kilusk<\/h3><p class=\"elementor-image-box-description\">\u00d5ppeprogrammi \u00f5petaja. Haridus - Bioloogia ja geograafia MSc (Tartu \u00dclikool) spetsialiseerumine - taime \u00f6koloogia. \u00d5petaja kutse\u00f5pe (bioloogia \u00f5petaja). Kogemus: Pernova Hariduskeskuses alates 2012. aastast giidit\u00f6\u00f6 ja \u00f5ppeprogrammide koostamine ja l\u00e4biviimine. Loodus-ja keskkonnahariduse \u00fcritused. \u00d5pilast\u00f6\u00f6de juhendamine  ja ol\u00fcmpiaadide s\u00fcva\u00f5ppe ning bioloogia kursuste l\u00e4biviimine.<\/p><\/div><\/div>\t\t<\/div>\n\t\t\t\t<\/div>\n\t\t\t\t\t\t<\/div>\r\n\t\t\t\t<\/div>\r\n\t\t\t\t\t\t\t\t\t<div class=\" elementor-column elementor-col-20 elementor-top-column elementor-element elementor-element-89dc0e6 \" data-id=\"89dc0e6\" data-element_type=\"column\">\r\n\r\n\t\t\t\t\r\n\t\t\t\t<div class=\"elementor-widget-wrap elementor-element-populated\">\r\n\t\t\t\t\t\t\t\t\t\t\r\n\t\t\t\t\t\t<div class=\"elementor-element elementor-element-8688d7d elementor-position-top elementor-widget elementor-widget-image-box\" data-id=\"8688d7d\" data-element_type=\"widget\" data-widget_type=\"image-box.default\">\n\t\t\t\t<div class=\"elementor-widget-container\">\n\t\t\t<div class=\"elementor-image-box-wrapper\"><figure class=\"elementor-image-box-img\"><img decoding=\"async\" src=\"https:\/\/www.pernova.ee\/oppe\/wp-content\/uploads\/elementor\/thumbs\/KarinK_cr-q8vdaptoxfa833r9v1gb9yrx3yoo19xu22kugoo8eg.jpg\" title=\"KarinK_cr\" alt=\"KarinK_cr\" loading=\"lazy\" \/><\/figure><div class=\"elementor-image-box-content\"><h3 class=\"elementor-image-box-title\">Karin Klaus<\/h3><p class=\"elementor-image-box-description\">\u00d5ppeprogrammi \u00f5petaja ja huviringi \u00f5petaja. Haridus - Bioloogia ja geograafia MSc (Tartu \u00dclikool) spetsialiseerumine - mikrobioloogia. Pedagoogika \u00f5pe (Tartu \u00dclikool). Kogemus \u2013 Pernova Hariduskeskuses alates 2018. aastast giidit\u00f6\u00f6 ja \u00f5ppeprogrammide koostamine ja l\u00e4biviimine. Loodus-ja keskkonnahariduse \u00fcritused.<\/p><\/div><\/div>\t\t<\/div>\n\t\t\t\t<\/div>\n\t\t\t\t\t\t<\/div>\r\n\t\t\t\t<\/div>\r\n\t\t\t\t\t\t\t\t\t<div class=\" elementor-column elementor-col-20 elementor-top-column elementor-element elementor-element-6e9b2ad \" data-id=\"6e9b2ad\" data-element_type=\"column\">\r\n\r\n\t\t\t\t\r\n\t\t\t\t<div class=\"elementor-widget-wrap elementor-element-populated\">\r\n\t\t\t\t\t\t\t\t\t\t\r\n\t\t\t\t\t\t<div class=\"elementor-element elementor-element-9dcaa97 elementor-position-top elementor-widget elementor-widget-image-box\" data-id=\"9dcaa97\" data-element_type=\"widget\" data-widget_type=\"image-box.default\">\n\t\t\t\t<div class=\"elementor-widget-container\">\n\t\t\t<div class=\"elementor-image-box-wrapper\"><figure class=\"elementor-image-box-img\"><img decoding=\"async\" src=\"https:\/\/www.pernova.ee\/oppe\/wp-content\/uploads\/elementor\/thumbs\/CeliaH_cr-q8vdan06cx6d49vdbi8fkhhjbt2ke6mn1ome0usex4.jpg\" title=\"CeliaH_cr\" alt=\"CeliaH_cr\" loading=\"lazy\" \/><\/figure><div class=\"elementor-image-box-content\"><h3 class=\"elementor-image-box-title\">Celia Hirmo<\/h3><p class=\"elementor-image-box-description\">\u00d5ppeprogrammi \u00f5petaja. Haridus - bioloogia didaktika eriala MSc (Tartu \u00dclikool). Botaanikaja \u00f6koloogia eriala Bs (Tartu \u00dclikool 2001). Pernova Hariduskeskuse alates 2022. aastast, giidit\u00f6\u00f6 ja \u00f5ppeprogrammide koostamine ja l\u00e4biviimine. Loodus-ja keskkonnahariduse \u00fcritused.<\/p><\/div><\/div>\t\t<\/div>\n\t\t\t\t<\/div>\n\t\t\t\t\t\t<\/div>\r\n\t\t\t\t<\/div>\r\n\t\t\t\t\t\t\t\t\t<div class=\" elementor-column elementor-col-20 elementor-top-column elementor-element elementor-element-a802300 \" data-id=\"a802300\" data-element_type=\"column\">\r\n\r\n\t\t\t\t\r\n\t\t\t\t<div class=\"elementor-widget-wrap elementor-element-populated\">\r\n\t\t\t\t\t\t\t\t\t\t\r\n\t\t\t\t\t\t<div class=\"elementor-element elementor-element-f6d1fcc elementor-position-top elementor-widget elementor-widget-image-box\" data-id=\"f6d1fcc\" data-element_type=\"widget\" data-widget_type=\"image-box.default\">\n\t\t\t\t<div class=\"elementor-widget-container\">\n\t\t\t<div class=\"elementor-image-box-wrapper\"><figure class=\"elementor-image-box-img\"><img decoding=\"async\" src=\"https:\/\/www.pernova.ee\/oppe\/wp-content\/uploads\/elementor\/thumbs\/LyS_cr-q8vdasn7hxe31xn6eko6zg2aw4arod912gjawik1vs.jpg\" title=\"LyS_cr\" alt=\"LyS_cr\" loading=\"lazy\" \/><\/figure><div class=\"elementor-image-box-content\"><h3 class=\"elementor-image-box-title\">Ly Suursild<\/h3><p class=\"elementor-image-box-description\">\u00d5ppeprogrammi \u00f5petaja, huviringi \u00f5petaja. Haridus -  Keemia MSc (Tartu \u00dclikool) spetsialiseerumine - keskkonnakeemia. \u00d5petaja kutse\u00f5pe (Tallinna \u00dclikool, keemia\u00f5petaja).  Kogemus - Pernova Hariduskeskuses alates 2014. aastast. \u00d5ppeprogrammide koostamine ja l\u00e4biviimine. Loodus-ja keskkonnahariduse \u00fcritused. \u00d5pilast\u00f6\u00f6de juhendamine, \u00f5pilaste s\u00fcvendatud loodusteaduste huvi arendamine ja  ol\u00fcmpiaadide s\u00fcva\u00f5ppe, keemia\u00f5petaja P\u00e4rnu Kuninga T\u00e4nava P\u00f5hikoolis alates 2016.aastast, koolitusprojektide koostamine, juhtimine.<\/p><\/div><\/div>\t\t<\/div>\n\t\t\t\t<\/div>\n\t\t\t\t\t\t<\/div>\r\n\t\t\t\t<\/div>\r\n\t\t\t\t\t\t\t\t\t<div class=\" elementor-column elementor-col-20 elementor-top-column elementor-element elementor-element-61a54fd \" data-id=\"61a54fd\" data-element_type=\"column\">\r\n\r\n\t\t\t\t\r\n\t\t\t\t<div class=\"elementor-widget-wrap elementor-element-populated\">\r\n\t\t\t\t\t\t\t\t\t\t\r\n\t\t\t\t\t\t<div class=\"elementor-element elementor-element-7869741 elementor-position-top elementor-widget elementor-widget-image-box\" data-id=\"7869741\" data-element_type=\"widget\" data-widget_type=\"image-box.default\">\n\t\t\t\t<div class=\"elementor-widget-container\">\n\t\t\t<div class=\"elementor-image-box-wrapper\"><figure class=\"elementor-image-box-img\"><img decoding=\"async\" src=\"https:\/\/www.pernova.ee\/oppe\/wp-content\/uploads\/elementor\/thumbs\/Elisabeth-Loorents-scaled-e1734005459228-qyedd28fp6k761jfj8aot4702ffjaiywn5diic1fgo.jpg\" title=\"Elisabeth Loorents\" alt=\"Elisabeth Loorents\" loading=\"lazy\" \/><\/figure><div class=\"elementor-image-box-content\"><h3 class=\"elementor-image-box-title\">Elisabeth Loorents<\/h3><p class=\"elementor-image-box-description\">\u00d5ppeprogrammi \u00f5petaja, huviringi \u00f5petaja. Haridus - Bioloogia ja geograafia MSc (Tartu \u00dclikool) spetsialiseerumine - f\u00fc\u00fcsiline geograafia. \u00d5petaja kutse\u00f5pe (geograafia \u00f5petaja). Kogemus - Pernova Hariduskeskuse alates 2019. aastast. \u00d5ppeprogrammide koostamine ja l\u00e4biviimine. Loodus-ja keskkonnahariduse \u00fcritused.<\/p><\/div><\/div>\t\t<\/div>\n\t\t\t\t<\/div>\n\t\t\t\t\t\t<\/div>\r\n\t\t\t\t<\/div>\r\n\t\t\t\t\t\t\t\t<\/div>\r\n\t\t\t<\/section>\r\n\t\t\t\t\t<section class=\" elementor-section elementor-top-section elementor-element elementor-element-8daa460 elementor-section-boxed elementor-section-height-default elementor-section-height-default smart-sticky-default\" data-id=\"8daa460\" data-element_type=\"section\">\r\n\t\t\t\t\t\t\t\t<div class=\"elementor-container elementor-column-gap-default\">\r\n\t\t\t\t\r\n\t\t\t\t\t\t\t\t<div class=\" elementor-column elementor-col-20 elementor-top-column elementor-element elementor-element-9863ca7 \" data-id=\"9863ca7\" data-element_type=\"column\">\r\n\r\n\t\t\t\t\r\n\t\t\t\t<div class=\"elementor-widget-wrap elementor-element-populated\">\r\n\t\t\t\t\t\t\t\t\t\t\r\n\t\t\t\t\t\t<div class=\"elementor-element elementor-element-21bd839 elementor-widget__width-initial elementor-position-top elementor-widget elementor-widget-image-box\" data-id=\"21bd839\" data-element_type=\"widget\" data-widget_type=\"image-box.default\">\n\t\t\t\t<div class=\"elementor-widget-container\">\n\t\t\t<div class=\"elementor-image-box-wrapper\"><figure class=\"elementor-image-box-img\"><img decoding=\"async\" src=\"https:\/\/www.pernova.ee\/oppe\/wp-content\/uploads\/elementor\/thumbs\/Teele-Karro-scaled-e1734005566462-qyedfut60gdvobhc7xrrpwtbmnnt6526oz6guxwayw.jpg\" title=\"Teele Karro\" alt=\"Teele Karro\" loading=\"lazy\" \/><\/figure><div class=\"elementor-image-box-content\"><h3 class=\"elementor-image-box-title\">Teele Karro<\/h3><p class=\"elementor-image-box-description\">\u00f5ppeprogrammi \u00f5petaja ja haridustehnoloog. Haridus - Teenuste disain ja juhtimine MSc (Tartu \u00dclikool), rakendusinformaatika BSc (Tartu \u00dclikool), majandusteadus BSc (Tartu \u00dclikool). Kogemus - Pernova Hariduskeskuses alates 2022. aastast. \u00d5ppeprogrammide koostamine ja l\u00e4biviimine.<\/p><\/div><\/div>\t\t<\/div>\n\t\t\t\t<\/div>\n\t\t\t\t\t\t<\/div>\r\n\t\t\t\t<\/div>\r\n\t\t\t\t\t\t\t\t\t<div class=\" elementor-column elementor-col-20 elementor-top-column elementor-element elementor-element-e4fc942 \" data-id=\"e4fc942\" data-element_type=\"column\">\r\n\r\n\t\t\t\t\r\n\t\t\t\t<div class=\"elementor-widget-wrap elementor-element-populated\">\r\n\t\t\t\t\t\t\t\t\t\t\r\n\t\t\t\t\t\t<div class=\"elementor-element elementor-element-ef50491 elementor-position-top elementor-widget elementor-widget-image-box\" data-id=\"ef50491\" data-element_type=\"widget\" data-widget_type=\"image-box.default\">\n\t\t\t\t<div class=\"elementor-widget-container\">\n\t\t\t<div class=\"elementor-image-box-wrapper\"><figure class=\"elementor-image-box-img\"><img decoding=\"async\" src=\"https:\/\/www.pernova.ee\/oppe\/wp-content\/uploads\/elementor\/thumbs\/Aarne-Paul-scaled-e1734005644994-qyedhw4ktj68twiubtgo4eb9ypmfuj58z22caivlhk.jpg\" title=\"Aarne Paul\" alt=\"Aarne Paul\" loading=\"lazy\" \/><\/figure><div class=\"elementor-image-box-content\"><h3 class=\"elementor-image-box-title\">Aarne Paul<\/h3><p class=\"elementor-image-box-description\">\u00d5ppeprogrammi \u00f5petaja, huviringi \u00f5petaja. Haridus - F\u00fc\u00fcsika MSc (Tartu \u00dclikool) spetsialiseerumine \u2013 astrof\u00fc\u00fcsika. Kogemus - Pernova Hariduskeskuse alates 2014. aastast. \u00d5ppeprogrammide koostamine ja l\u00e4biviimine. Astronoomia s\u00fcva\u00f5ppe kursuste l\u00e4biviimine, \u00f5pilast\u00f6\u00f6de juhendamine.<\/p><\/div><\/div>\t\t<\/div>\n\t\t\t\t<\/div>\n\t\t\t\t\t\t<\/div>\r\n\t\t\t\t<\/div>\r\n\t\t\t\t\t\t\t\t\t<div class=\" elementor-column elementor-col-20 elementor-top-column elementor-element elementor-element-799263d \" data-id=\"799263d\" data-element_type=\"column\">\r\n\r\n\t\t\t\t\r\n\t\t\t\t<div class=\"elementor-widget-wrap elementor-element-populated\">\r\n\t\t\t\t\t\t\t\t\t\t\r\n\t\t\t\t\t\t<div class=\"elementor-element elementor-element-de6d4ba elementor-position-top elementor-widget elementor-widget-image-box\" data-id=\"de6d4ba\" data-element_type=\"widget\" data-widget_type=\"image-box.default\">\n\t\t\t\t<div class=\"elementor-widget-container\">\n\t\t\t<div class=\"elementor-image-box-wrapper\"><figure class=\"elementor-image-box-img\"><img decoding=\"async\" src=\"https:\/\/www.pernova.ee\/oppe\/wp-content\/uploads\/elementor\/thumbs\/placeholder-34-q2jf7mzqf8u3uog9sinqnxw5mxpz9sob1e1omdhhmw.png\" title=\"placeholder.png\" alt=\"placeholder.png\" loading=\"lazy\" \/><\/figure><div class=\"elementor-image-box-content\"><h3 class=\"elementor-image-box-title\">Taivi K\u00fcnnap<\/h3><p class=\"elementor-image-box-description\">\u00d5ppeprogrammi \u00f5petaja, huviringi \u00f5petaja, keelek\u00fcmblus \u00f5petaja, riskis laste ja noorte huvihariduse \u00f5petaja. Algklasside \u00f5petaja (Tartu Pedagoogiline Kool) spetsialiseerumine - vanem pioneerijuht. Tehnika\u00f5petaja t\u00e4iend\u00f5pe (Tallina Tehnika\u00fclikool) spetsialiseerumine - STEM valdkonna \u00f5ppeainete \u00f5petamine. LAK- \u00f5pe, keelek\u00fcmbluse \u00f5petaja \u00f5pe. Kogemus - Pernova Hariduskeskuse alates 2015. aastast, giidit\u00f6\u00f6 ja \u00f5ppeprogrammide koostamine ja l\u00e4biviimine. Loodus-ja keskkonnahariduse \u00fcritused.<\/p><\/div><\/div>\t\t<\/div>\n\t\t\t\t<\/div>\n\t\t\t\t\t\t<\/div>\r\n\t\t\t\t<\/div>\r\n\t\t\t\t\t\t\t\t\t<div class=\" elementor-column elementor-col-20 elementor-top-column elementor-element elementor-element-77f090a \" data-id=\"77f090a\" data-element_type=\"column\">\r\n\r\n\t\t\t\t\r\n\t\t\t\t<div class=\"elementor-widget-wrap elementor-element-populated\">\r\n\t\t\t\t\t\t\t\t\t\t\r\n\t\t\t\t\t\t<div class=\"elementor-element elementor-element-49c9b18 elementor-position-top elementor-widget elementor-widget-image-box\" data-id=\"49c9b18\" data-element_type=\"widget\" data-widget_type=\"image-box.default\">\n\t\t\t\t<div class=\"elementor-widget-container\">\n\t\t\t<div class=\"elementor-image-box-wrapper\"><figure class=\"elementor-image-box-img\"><img decoding=\"async\" src=\"https:\/\/www.pernova.ee\/oppe\/wp-content\/uploads\/elementor\/thumbs\/AstridV_cr-q8vdam2c6352snwqgztszzq2qf776hiwpjywjktt3c.jpg\" title=\"AstridV_cr\" alt=\"AstridV_cr\" loading=\"lazy\" \/><\/figure><div class=\"elementor-image-box-content\"><h3 class=\"elementor-image-box-title\">Astrid Viik<\/h3><p class=\"elementor-image-box-description\">\u00d5ppealajuhataja, riskis laste ja noorte huvihariduse \u00f5petaja. Sotsiaalteaduste MA (Tallinna \u00dclikool), Pedagoogika \u00f5pe (Tartu \u00dclikool). \u00d5ppimist toetav \u00f5ppeprotsess ja hindamine (Tartu \u00dclikool). Haridusasutusete  juhtimine (Tartu \u00dclikool).  Kogemus - Pernova Hariduskeskuse alates 2012. aastast, \u00f5ppeprogrammide s\u00fcsteemi loomine, programmide koostamine ja l\u00e4biviimine. Loodus-ja keskkonnahariduse koolitused ja \u00fcritused. \u00d5ppekavade koostamine, keskkonnahariduslike projektide koostamine, juhtimine.<\/p><\/div><\/div>\t\t<\/div>\n\t\t\t\t<\/div>\n\t\t\t\t\t\t<\/div>\r\n\t\t\t\t<\/div>\r\n\t\t\t\t\t\t\t\t\t<div class=\" elementor-column elementor-col-20 elementor-top-column elementor-element elementor-element-1b91368 \" data-id=\"1b91368\" data-element_type=\"column\">\r\n\r\n\t\t\t\t\r\n\t\t\t\t<div class=\"elementor-widget-wrap elementor-element-populated\">\r\n\t\t\t\t\t\t\t\t\t\t\r\n\t\t\t\t\t\t<div class=\"elementor-element elementor-element-0ff7cf9 elementor-position-top elementor-widget elementor-widget-image-box\" data-id=\"0ff7cf9\" data-element_type=\"widget\" data-widget_type=\"image-box.default\">\n\t\t\t\t<div class=\"elementor-widget-container\">\n\t\t\t<div class=\"elementor-image-box-wrapper\"><figure class=\"elementor-image-box-img\"><img decoding=\"async\" src=\"https:\/\/www.pernova.ee\/oppe\/wp-content\/uploads\/elementor\/thumbs\/placeholder-34-q2jf7mzqf8u3uog9sinqnxw5mxpz9sob1e1omdhhmw.png\" title=\"placeholder.png\" alt=\"placeholder.png\" loading=\"lazy\" \/><\/figure><div class=\"elementor-image-box-content\"><h3 class=\"elementor-image-box-title\">Tiina Markus<\/h3><p class=\"elementor-image-box-description\">\u00f5ppeprogrammi \u00f5petaja ja huviringi \u00f5petaja. Haridus - pedagoogika ja alg\u00f5petuse metoodika (PEDA). Kogemus - Pernova Hariduskeskuses alates 2024. aastast.<\/p><\/div><\/div>\t\t<\/div>\n\t\t\t\t<\/div>\n\t\t\t\t\t\t<\/div>\r\n\t\t\t\t<\/div>\r\n\t\t\t\t\t\t\t\t<\/div>\r\n\t\t\t<\/section>\r\n\t\t\t\t\t<section class=\" elementor-section elementor-top-section elementor-element elementor-element-c50de6e elementor-section-boxed elementor-section-height-default elementor-section-height-default smart-sticky-default\" data-id=\"c50de6e\" data-element_type=\"section\">\r\n\t\t\t\t\t\t\t\t<div class=\"elementor-container elementor-column-gap-default\">\r\n\t\t\t\t\r\n\t\t\t\t\t\t\t\t<div class=\" elementor-column elementor-col-20 elementor-top-column elementor-element elementor-element-0a7366e \" data-id=\"0a7366e\" data-element_type=\"column\">\r\n\r\n\t\t\t\t\r\n\t\t\t\t<div class=\"elementor-widget-wrap elementor-element-populated\">\r\n\t\t\t\t\t\t\t\t\t\t\r\n\t\t\t\t\t\t<div class=\"elementor-element elementor-element-346273f elementor-widget__width-initial elementor-position-top elementor-widget elementor-widget-image-box\" data-id=\"346273f\" data-element_type=\"widget\" data-widget_type=\"image-box.default\">\n\t\t\t\t<div class=\"elementor-widget-container\">\n\t\t\t<div class=\"elementor-image-box-wrapper\"><figure class=\"elementor-image-box-img\"><img decoding=\"async\" src=\"https:\/\/www.pernova.ee\/oppe\/wp-content\/uploads\/elementor\/thumbs\/placeholder-27-q2je0w9xngbpx0jcdjjgs86l76e499zphu3u0euyko.png\" title=\"placeholder.png\" alt=\"placeholder.png\" loading=\"lazy\" \/><\/figure><div class=\"elementor-image-box-content\"><h3 class=\"elementor-image-box-title\">Madis Kool<\/h3><p class=\"elementor-image-box-description\">\u00f5ppeprogrammi \u00f5petaja, huviringi \u00f5petaja ja riskis laste ja noorte huvihariduse \u00f5petaja. Tehnika\u00f5petaja t\u00e4iend\u00f5pe (Tallina Tehnika\u00fclikool) spetsialiseerumine - STEM valdkonna \u00f5ppeainete \u00f5petamine. Kogemus Pernova Hariduskeskuse alates 2019. aastast, \u00f5ppeprogrammide koostamine ja l\u00e4biviimine. Loodus-ja keskkonnahariduse \u00fcritused.<\/p><\/div><\/div>\t\t<\/div>\n\t\t\t\t<\/div>\n\t\t\t\t\t\t<\/div>\r\n\t\t\t\t<\/div>\r\n\t\t\t\t\t\t\t\t\t<div class=\" elementor-column elementor-col-20 elementor-top-column elementor-element elementor-element-f22a6d9 \" data-id=\"f22a6d9\" data-element_type=\"column\">\r\n\r\n\t\t\t\t\r\n\t\t\t\t<div class=\"elementor-widget-wrap elementor-element-populated\">\r\n\t\t\t\t\t\t\t\t\t\t\r\n\t\t\t\t\t\t<div class=\"elementor-element elementor-element-f0d8a03 elementor-position-top elementor-widget elementor-widget-image-box\" data-id=\"f0d8a03\" data-element_type=\"widget\" data-widget_type=\"image-box.default\">\n\t\t\t\t<div class=\"elementor-widget-container\">\n\t\t\t<div class=\"elementor-image-box-wrapper\"><figure class=\"elementor-image-box-img\"><img decoding=\"async\" src=\"https:\/\/www.pernova.ee\/oppe\/wp-content\/uploads\/elementor\/thumbs\/placeholder-34-q2jf7mzqf8u3uog9sinqnxw5mxpz9sob1e1omdhhmw.png\" title=\"placeholder.png\" alt=\"placeholder.png\" loading=\"lazy\" \/><\/figure><div class=\"elementor-image-box-content\"><h3 class=\"elementor-image-box-title\">Kaidi Kvat\u0161<\/h3><p class=\"elementor-image-box-description\">ppeprogrammi \u00f5petaja, huviringi \u00f5petaja, keelek\u00fcmblus \u00f5petaja, riskis laste ja noorte huvihariduse \u00f5petaja. Tehnika\u00f5petaja t\u00e4iend\u00f5pe (Tallina Tehnika\u00fclikool) spetsialiseerumine - STEM valdkonna \u00f5ppeainete \u00f5petamine. LAK- \u00f5pe, keelek\u00fcmbluse \u00f5petaja \u00f5pe. Kogemus - Pernova Hariduskeskuse alates 2015. aastast, giidit\u00f6\u00f6 ja \u00f5ppeprogrammide koostamine ja l\u00e4biviimine. Loodus-ja keskkonnahariduse \u00fcritused.<\/p><\/div><\/div>\t\t<\/div>\n\t\t\t\t<\/div>\n\t\t\t\t\t\t<\/div>\r\n\t\t\t\t<\/div>\r\n\t\t\t\t\t\t\t\t\t<div class=\" elementor-column elementor-col-20 elementor-top-column elementor-element elementor-element-775ae83 \" data-id=\"775ae83\" data-element_type=\"column\">\r\n\r\n\t\t\t\t\r\n\t\t\t\t<div class=\"elementor-widget-wrap elementor-element-populated\">\r\n\t\t\t\t\t\t\t\t\t\t\r\n\t\t\t\t\t\t<div class=\"elementor-element elementor-element-b2b8a76 elementor-position-top elementor-widget elementor-widget-image-box\" data-id=\"b2b8a76\" data-element_type=\"widget\" data-widget_type=\"image-box.default\">\n\t\t\t\t<div class=\"elementor-widget-container\">\n\t\t\t<div class=\"elementor-image-box-wrapper\"><figure class=\"elementor-image-box-img\"><img decoding=\"async\" src=\"https:\/\/www.pernova.ee\/oppe\/wp-content\/uploads\/elementor\/thumbs\/Lagle-Suursild-scaled-e1734006155328-qyedv8g3tvfrmn55f3310j3tilv03v4353fgix3f60.jpg\" title=\"Lagle Suursild\" alt=\"Lagle Suursild\" loading=\"lazy\" \/><\/figure><div class=\"elementor-image-box-content\"><h3 class=\"elementor-image-box-title\">Lagle Suursild<\/h3><p class=\"elementor-image-box-description\">\u00f5ppeprogrammi \u00f5petaja ja huviringi \u00f5petaja, maastikuehitus kutseharidus (Luua Metsanduskool). Kogemus - Pernova Hariduskeskuses alates 2023. aastast.<\/p><\/div><\/div>\t\t<\/div>\n\t\t\t\t<\/div>\n\t\t\t\t\t\t<\/div>\r\n\t\t\t\t<\/div>\r\n\t\t\t\t\t\t\t\t\t<div class=\" elementor-column elementor-col-20 elementor-top-column elementor-element elementor-element-f1412ee \" data-id=\"f1412ee\" data-element_type=\"column\">\r\n\r\n\t\t\t\t\r\n\t\t\t\t<div class=\"elementor-widget-wrap elementor-element-populated\">\r\n\t\t\t\t\t\t\t\t\t\t\r\n\t\t\t\t\t\t<div class=\"elementor-element elementor-element-85b184e elementor-position-top elementor-widget elementor-widget-image-box\" data-id=\"85b184e\" data-element_type=\"widget\" data-widget_type=\"image-box.default\">\n\t\t\t\t<div class=\"elementor-widget-container\">\n\t\t\t<div class=\"elementor-image-box-wrapper\"><figure class=\"elementor-image-box-img\"><img decoding=\"async\" src=\"https:\/\/www.pernova.ee\/oppe\/wp-content\/uploads\/elementor\/thumbs\/placeholder-34-q2jf7mzqf8u3uog9sinqnxw5mxpz9sob1e1omdhhmw.png\" title=\"placeholder.png\" alt=\"placeholder.png\" loading=\"lazy\" \/><\/figure><div class=\"elementor-image-box-content\"><h3 class=\"elementor-image-box-title\">Mari Sisask\u200b<\/h3><p class=\"elementor-image-box-description\">(lapsehoolduspuhkusel) \u00d5ppeprogrammi \u00f5petaja. Haridus - Loodusteaduste MSc (Eesti Maa\u00fclikool), spetsialiseerumine  - keskkonnakaitse. Pedagoogika \u00f5pe (Tartu \u00dclikool). Kogemus - Pernova Hariduskeskuses alates 2016. aastast; giidit\u00f6\u00f6 ja \u00f5ppeprogrammide koostamine ja l\u00e4biviimine. Loodus-ja keskkonnahariduse \u00fcrituste  koostamine ja l\u00e4biviimine. Projektit\u00f6\u00f6.<\/p><\/div><\/div>\t\t<\/div>\n\t\t\t\t<\/div>\n\t\t\t\t\t\t<\/div>\r\n\t\t\t\t<\/div>\r\n\t\t\t\t\t\t\t\t\t<div class=\" elementor-column elementor-col-20 elementor-top-column elementor-element elementor-element-46e0660 \" data-id=\"46e0660\" data-element_type=\"column\">\r\n\r\n\t\t\t\t\r\n\t\t\t\t<div class=\"elementor-widget-wrap\">\r\n\t\t\t\t\t\t\t\t\t\t\r\n\t\t\t\t\t\t\t\t<\/div>\r\n\t\t\t\t<\/div>\r\n\t\t\t\t\t\t\t\t<\/div>\r\n\t\t\t<\/section>\r\n\t\t\t\t\t<\/div>\n\t\t","protected":false},"excerpt":{"rendered":"<p>\u00d5pperogrammide\u00a0 \u00f5petajad: Kadri Kilusk \u00d5ppeprogrammi \u00f5petaja. Haridus &#8211; Bioloogia ja geograafia MSc (Tartu \u00dclikool) spetsialiseerumine &#8211; taime \u00f6koloogia. \u00d5petaja kutse\u00f5pe (bioloogia \u00f5petaja). Kogemus: Pernova Hariduskeskuses alates 2012. aastast giidit\u00f6\u00f6 ja \u00f5ppeprogrammide koostamine ja l\u00e4biviimine. Loodus-ja keskkonnahariduse \u00fcritused. \u00d5pilast\u00f6\u00f6de juhendamine ja ol\u00fcmpiaadide s\u00fcva\u00f5ppe ning bioloogia kursuste l\u00e4biviimine. Karin Klaus \u00d5ppeprogrammi \u00f5petaja ja huviringi \u00f5petaja. Haridus &#8211; [&hellip;]<\/p>\n","protected":false},"author":1,"featured_media":0,"parent":0,"menu_order":0,"comment_status":"closed","ping_status":"closed","template":"","meta":{"footnotes":""},"class_list":["post-9185","page","type-page","status-publish","hentry"],"_links":{"self":[{"href":"https:\/\/www.pernova.ee\/oppe\/wp-json\/wp\/v2\/pages\/9185","targetHints":{"allow":["GET"]}}],"collection":[{"href":"https:\/\/www.pernova.ee\/oppe\/wp-json\/wp\/v2\/pages"}],"about":[{"href":"https:\/\/www.pernova.ee\/oppe\/wp-json\/wp\/v2\/types\/page"}],"author":[{"embeddable":true,"href":"https:\/\/www.pernova.ee\/oppe\/wp-json\/wp\/v2\/users\/1"}],"replies":[{"embeddable":true,"href":"https:\/\/www.pernova.ee\/oppe\/wp-json\/wp\/v2\/comments?post=9185"}],"version-history":[{"count":32,"href":"https:\/\/www.pernova.ee\/oppe\/wp-json\/wp\/v2\/pages\/9185\/revisions"}],"predecessor-version":[{"id":10626,"href":"https:\/\/www.pernova.ee\/oppe\/wp-json\/wp\/v2\/pages\/9185\/revisions\/10626"}],"wp:attachment":[{"href":"https:\/\/www.pernova.ee\/oppe\/wp-json\/wp\/v2\/media?parent=9185"}],"curies":[{"name":"wp","href":"https:\/\/api.w.org\/{rel}","templated":true}]}}