{"id":9666,"date":"2023-02-27T09:55:54","date_gmt":"2023-02-27T07:55:54","guid":{"rendered":"https:\/\/www.pernova.ee\/oppe-2023\/?page_id=9666"},"modified":"2026-01-05T14:11:13","modified_gmt":"2026-01-05T12:11:13","slug":"hinnakiri","status":"publish","type":"page","link":"https:\/\/www.pernova.ee\/oppe\/hinnakiri\/","title":{"rendered":"Hinnakiri"},"content":{"rendered":"\t\t<div data-elementor-type=\"wp-page\" data-elementor-id=\"9666\" class=\"elementor elementor-9666\" data-elementor-post-type=\"page\">\n\t\t\t\t\t\t<section class=\" elementor-section elementor-top-section elementor-element elementor-element-9310db6 elementor-section-boxed elementor-section-height-default elementor-section-height-default smart-sticky-default\" data-id=\"9310db6\" data-element_type=\"section\">\r\n\t\t\t\t\t\t\t\t<div class=\"elementor-container elementor-column-gap-default\">\r\n\t\t\t\t\r\n\t\t\t\t\t\t\t\t<div class=\" elementor-column elementor-col-100 elementor-top-column elementor-element elementor-element-e5b54f5 \" data-id=\"e5b54f5\" data-element_type=\"column\">\r\n\r\n\t\t\t\t\r\n\t\t\t\t<div class=\"elementor-widget-wrap elementor-element-populated\">\r\n\t\t\t\t\t\t\t\t\t\t\r\n\t\t\t\t\t\t<div class=\"elementor-element elementor-element-c3fb824 elementor-widget elementor-widget-heading\" data-id=\"c3fb824\" data-element_type=\"widget\" data-widget_type=\"heading.default\">\n\t\t\t\t<div class=\"elementor-widget-container\">\n\t\t\t<h1 class=\"elementor-heading-title elementor-size-default\">\u00d5ppe- ja eriprogrammide HINNAKIRI koolidele ja lasteaedadele<\/h1>\t\t<\/div>\n\t\t\t\t<\/div>\n\t\t\t\t<div class=\"elementor-element elementor-element-e7b3191 elementor-widget elementor-widget-text-editor\" data-id=\"e7b3191\" data-element_type=\"widget\" data-widget_type=\"text-editor.default\">\n\t\t\t\t<div class=\"elementor-widget-container\">\n\t\t\t\t\t\t\t<p><em>Teenuste hinnad on k\u00e4ibemaksuvabad. Gruppi saatev \u00f5petaja tasuta<\/em><br \/><span style=\"text-decoration: underline;\">P\u00e4rnu linna haridusasutustele kehtib soodustus 50% teenuse hinnast.<\/span><\/p>\t\t\t\t\t\t<\/div>\n\t\t\t\t<\/div>\n\t\t\t\t\t\t<\/div>\r\n\t\t\t\t<\/div>\r\n\t\t\t\t\t\t\t\t<\/div>\r\n\t\t\t<\/section>\r\n\t\t\t\t\t<section class=\" elementor-section elementor-top-section elementor-element elementor-element-c9f0d3e elementor-section-boxed elementor-section-height-default elementor-section-height-default smart-sticky-default\" data-id=\"c9f0d3e\" data-element_type=\"section\">\r\n\t\t\t\t\t\t\t\t<div class=\"elementor-container elementor-column-gap-default\">\r\n\t\t\t\t\r\n\t\t\t\t\t\t\t\t<div class=\" elementor-column elementor-col-33 elementor-top-column elementor-element elementor-element-727693f \" data-id=\"727693f\" data-element_type=\"column\">\r\n\r\n\t\t\t\t\r\n\t\t\t\t<div class=\"elementor-widget-wrap elementor-element-populated\">\r\n\t\t\t\t\t\t\t\t\t\t\r\n\t\t\t\t\t\t<div class=\"elementor-element elementor-element-7aa2270 elementor-widget elementor-widget-text-editor\" data-id=\"7aa2270\" data-element_type=\"widget\" data-widget_type=\"text-editor.default\">\n\t\t\t\t<div class=\"elementor-widget-container\">\n\t\t\t\t\t\t\t<p><strong>Teenuse kirjeldus<br \/><\/strong>1.1. \u00d5ppeprogramm kooli klass\/lasteaia \u00f5ppegrupp (kuni 12 \u00f5pilast)<br \/>1.2. \u00d5ppeprogramm kooli klass\/lasteaia \u00f5ppegrupp (kuni 24 \u00f5pilast)<br \/>1.6. STEAM \u00f5ppeprogramm \u00f5ppegrupp (kuni 24 \u00f5pilast)<\/p>\t\t\t\t\t\t<\/div>\n\t\t\t\t<\/div>\n\t\t\t\t\t\t<\/div>\r\n\t\t\t\t<\/div>\r\n\t\t\t\t\t\t\t\t\t<div class=\" elementor-column elementor-col-33 elementor-top-column elementor-element elementor-element-2f52013 \" data-id=\"2f52013\" data-element_type=\"column\">\r\n\r\n\t\t\t\t\r\n\t\t\t\t<div class=\"elementor-widget-wrap elementor-element-populated\">\r\n\t\t\t\t\t\t\t\t\t\t\r\n\t\t\t\t\t\t<div class=\"elementor-element elementor-element-d65c61f elementor-widget elementor-widget-text-editor\" data-id=\"d65c61f\" data-element_type=\"widget\" data-widget_type=\"text-editor.default\">\n\t\t\t\t<div class=\"elementor-widget-container\">\n\t\t\t\t\t\t\t<p><strong>Arvestus\u00fchik<br \/><\/strong>2x45min\/v\u00f5i 3x45min<br \/>2x45min\/v\u00f5i 3x45min<br \/>2x45min<\/p>\t\t\t\t\t\t<\/div>\n\t\t\t\t<\/div>\n\t\t\t\t\t\t<\/div>\r\n\t\t\t\t<\/div>\r\n\t\t\t\t\t\t\t\t\t<div class=\" elementor-column elementor-col-33 elementor-top-column elementor-element elementor-element-ac3b2d4 \" data-id=\"ac3b2d4\" data-element_type=\"column\">\r\n\r\n\t\t\t\t\r\n\t\t\t\t<div class=\"elementor-widget-wrap elementor-element-populated\">\r\n\t\t\t\t\t\t\t\t\t\t\r\n\t\t\t\t\t\t<div class=\"elementor-element elementor-element-6832bba elementor-widget elementor-widget-text-editor\" data-id=\"6832bba\" data-element_type=\"widget\" data-widget_type=\"text-editor.default\">\n\t\t\t\t<div class=\"elementor-widget-container\">\n\t\t\t\t\t\t\t<p><strong>Teenuse hind<br \/><\/strong>1x45min 40 \u20ac<br \/>1x45min 80 \u20ac<br \/>1x45min 100 \u20ac<\/p>\t\t\t\t\t\t<\/div>\n\t\t\t\t<\/div>\n\t\t\t\t\t\t<\/div>\r\n\t\t\t\t<\/div>\r\n\t\t\t\t\t\t\t\t<\/div>\r\n\t\t\t<\/section>\r\n\t\t\t\t\t<section class=\" elementor-section elementor-top-section elementor-element elementor-element-7a244dc elementor-section-boxed elementor-section-height-default elementor-section-height-default smart-sticky-default\" data-id=\"7a244dc\" data-element_type=\"section\">\r\n\t\t\t\t\t\t\t\t<div class=\"elementor-container elementor-column-gap-default\">\r\n\t\t\t\t\r\n\t\t\t\t\t\t\t\t<div class=\" elementor-column elementor-col-100 elementor-top-column elementor-element elementor-element-58a7d45 \" data-id=\"58a7d45\" data-element_type=\"column\">\r\n\r\n\t\t\t\t\r\n\t\t\t\t<div class=\"elementor-widget-wrap elementor-element-populated\">\r\n\t\t\t\t\t\t\t\t\t\t\r\n\t\t\t\t\t\t<div class=\"elementor-element elementor-element-0fac97d elementor-widget elementor-widget-text-editor\" data-id=\"0fac97d\" data-element_type=\"widget\" data-widget_type=\"text-editor.default\">\n\t\t\t\t<div class=\"elementor-widget-container\">\n\t\t\t\t\t\t\t<p><span style=\"text-decoration: underline;\">NB! \u00dche \u00f5ppeprogrammi kestvus on 2x45min\/v\u00f5i 3x45min, ehk kaks v\u00f5i kolm \u00f5ppetundi korraga.<\/span><\/p>\t\t\t\t\t\t<\/div>\n\t\t\t\t<\/div>\n\t\t\t\t\t\t<\/div>\r\n\t\t\t\t<\/div>\r\n\t\t\t\t\t\t\t\t<\/div>\r\n\t\t\t<\/section>\r\n\t\t\t\t\t<section class=\" elementor-section elementor-top-section elementor-element elementor-element-bcc9979 elementor-section-boxed elementor-section-height-default elementor-section-height-default smart-sticky-default\" data-id=\"bcc9979\" data-element_type=\"section\">\r\n\t\t\t\t\t\t\t\t<div class=\"elementor-container elementor-column-gap-default\">\r\n\t\t\t\t\r\n\t\t\t\t\t\t\t\t<div class=\" elementor-column elementor-col-100 elementor-top-column elementor-element elementor-element-1e8221a \" data-id=\"1e8221a\" data-element_type=\"column\">\r\n\r\n\t\t\t\t\r\n\t\t\t\t<div class=\"elementor-widget-wrap elementor-element-populated\">\r\n\t\t\t\t\t\t\t\t\t\t\r\n\t\t\t\t\t\t<section class=\" elementor-section elementor-inner-section elementor-element elementor-element-5d00a4b elementor-section-boxed elementor-section-height-default elementor-section-height-default smart-sticky-default\" data-id=\"5d00a4b\" data-element_type=\"section\">\r\n\t\t\t\t\t\t\t\t<div class=\"elementor-container elementor-column-gap-default\">\r\n\t\t\t\t\r\n\t\t\t\t\t\t\t\t<div class=\" elementor-column elementor-col-100 elementor-inner-column elementor-element elementor-element-0b05738 \" data-id=\"0b05738\" data-element_type=\"column\">\r\n\r\n\t\t\t\t\r\n\t\t\t\t<div class=\"elementor-widget-wrap elementor-element-populated\">\r\n\t\t\t\t\t\t\t\t\t\t\r\n\t\t\t\t\t\t<div class=\"elementor-element elementor-element-51ea1ad elementor-widget elementor-widget-text-editor\" data-id=\"51ea1ad\" data-element_type=\"widget\" data-widget_type=\"text-editor.default\">\n\t\t\t\t<div class=\"elementor-widget-container\">\n\t\t\t\t\t\t\t<p><span style=\"background-color: var(--alpha-page-wrapper-bg-color); color: var(--alpha-body-color); letter-spacing: var(--alpha-body-letter-spacing); text-transform: var(--alpha-body-text-transform);\"><strong>Lisaks \u00f5ppeprogrammidele v\u00f5imalik broneerida:<\/strong><br \/><\/span><em>Teenuste hinnad sisaldavad k\u00e4ibemaksu. Gruppi saatev \u00f5petaja tasuta<\/em><\/p>\t\t\t\t\t\t<\/div>\n\t\t\t\t<\/div>\n\t\t\t\t\t\t<\/div>\r\n\t\t\t\t<\/div>\r\n\t\t\t\t\t\t\t\t<\/div>\r\n\t\t\t<\/section>\r\n\t\t\t\t\t<section class=\" elementor-section elementor-inner-section elementor-element elementor-element-81d0913 elementor-section-boxed elementor-section-height-default elementor-section-height-default smart-sticky-default\" data-id=\"81d0913\" data-element_type=\"section\">\r\n\t\t\t\t\t\t\t\t<div class=\"elementor-container elementor-column-gap-default\">\r\n\t\t\t\t\r\n\t\t\t\t\t\t\t\t<div class=\" elementor-column elementor-col-33 elementor-inner-column elementor-element elementor-element-d4b4a43 \" data-id=\"d4b4a43\" data-element_type=\"column\">\r\n\r\n\t\t\t\t\r\n\t\t\t\t<div class=\"elementor-widget-wrap elementor-element-populated\">\r\n\t\t\t\t\t\t\t\t\t\t\r\n\t\t\t\t\t\t<div class=\"elementor-element elementor-element-8010e11 elementor-widget elementor-widget-text-editor\" data-id=\"8010e11\" data-element_type=\"widget\" data-widget_type=\"text-editor.default\">\n\t\t\t\t<div class=\"elementor-widget-container\">\n\t\t\t\t\t\t\t<p><strong>Teenuse kirjeldus<br \/><\/strong>7.11 Kerakino k\u00fclastamine<br \/>7.12. Eestikeelne giidituur<br \/>7.13. V\u00f5\u00f5rkeelne giidtuur(inglise keel, vene keel, soome keel)<\/p>\t\t\t\t\t\t<\/div>\n\t\t\t\t<\/div>\n\t\t\t\t\t\t<\/div>\r\n\t\t\t\t<\/div>\r\n\t\t\t\t\t\t\t\t\t<div class=\" elementor-column elementor-col-33 elementor-inner-column elementor-element elementor-element-401dfc4 \" data-id=\"401dfc4\" data-element_type=\"column\">\r\n\r\n\t\t\t\t\r\n\t\t\t\t<div class=\"elementor-widget-wrap elementor-element-populated\">\r\n\t\t\t\t\t\t\t\t\t\t\r\n\t\t\t\t\t\t<div class=\"elementor-element elementor-element-a9d0b35 elementor-widget elementor-widget-text-editor\" data-id=\"a9d0b35\" data-element_type=\"widget\" data-widget_type=\"text-editor.default\">\n\t\t\t\t<div class=\"elementor-widget-container\">\n\t\t\t\t\t\t\t<p><strong>Arvestus\u00fchik<br \/><\/strong>1 inimene<br \/>Grupp kuni 12 inimest<br \/>Grupp kuni 15 inimest<\/p>\t\t\t\t\t\t<\/div>\n\t\t\t\t<\/div>\n\t\t\t\t\t\t<\/div>\r\n\t\t\t\t<\/div>\r\n\t\t\t\t\t\t\t\t\t<div class=\" elementor-column elementor-col-33 elementor-inner-column elementor-element elementor-element-4b934c9 \" data-id=\"4b934c9\" data-element_type=\"column\">\r\n\r\n\t\t\t\t\r\n\t\t\t\t<div class=\"elementor-widget-wrap elementor-element-populated\">\r\n\t\t\t\t\t\t\t\t\t\t\r\n\t\t\t\t\t\t<div class=\"elementor-element elementor-element-944727f elementor-widget elementor-widget-text-editor\" data-id=\"944727f\" data-element_type=\"widget\" data-widget_type=\"text-editor.default\">\n\t\t\t\t<div class=\"elementor-widget-container\">\n\t\t\t\t\t\t\t<p><strong>Teenuse hind<br \/><\/strong>4 \u20ac<br \/>Kuni 1 tund 40 \u20ac<br \/>Kuni 1 tund 50 \u20ac<\/p>\t\t\t\t\t\t<\/div>\n\t\t\t\t<\/div>\n\t\t\t\t\t\t<\/div>\r\n\t\t\t\t<\/div>\r\n\t\t\t\t\t\t\t\t<\/div>\r\n\t\t\t<\/section>\r\n\t\t\t\t\t\t\t<\/div>\r\n\t\t\t\t<\/div>\r\n\t\t\t\t\t\t\t\t<\/div>\r\n\t\t\t<\/section>\r\n\t\t\t\t\t<section class=\" elementor-section elementor-top-section elementor-element elementor-element-67798da elementor-section-boxed elementor-section-height-default elementor-section-height-default smart-sticky-default\" data-id=\"67798da\" data-element_type=\"section\">\r\n\t\t\t\t\t\t\t\t<div class=\"elementor-container elementor-column-gap-default\">\r\n\t\t\t\t\r\n\t\t\t\t\t\t\t\t<div class=\" elementor-column elementor-col-100 elementor-top-column elementor-element elementor-element-eda36c4 \" data-id=\"eda36c4\" data-element_type=\"column\">\r\n\r\n\t\t\t\t\r\n\t\t\t\t<div class=\"elementor-widget-wrap elementor-element-populated\">\r\n\t\t\t\t\t\t\t\t\t\t\r\n\t\t\t\t\t\t<div class=\"elementor-element elementor-element-8947571 elementor-widget elementor-widget-heading\" data-id=\"8947571\" data-element_type=\"widget\" data-widget_type=\"heading.default\">\n\t\t\t\t<div class=\"elementor-widget-container\">\n\t\t\t<h1 class=\"elementor-heading-title elementor-size-default\">Paketid \u00f5pilasgruppidele<\/h1>\t\t<\/div>\n\t\t\t\t<\/div>\n\t\t\t\t<div class=\"elementor-element elementor-element-bca95fc elementor-widget elementor-widget-text-editor\" data-id=\"bca95fc\" data-element_type=\"widget\" data-widget_type=\"text-editor.default\">\n\t\t\t\t<div class=\"elementor-widget-container\">\n\t\t\t\t\t\t\t<p>Loodusainete<strong> programmip\u00e4ev<\/strong> \u2013 on suunatud \u00fcldhariduskooli 7-9 klassi \u00f5pilastele, kus \u00fche koolip\u00e4eva v\u00e4ltel on v\u00f5imalik kombineerida erinevaid \u00f5ppeprogramme vastavalt \u00f5ppeprogrammide hinnakirjale.<\/p><p><strong>M\u00f5nusalt ja tegusalt<\/strong> &#8211; on suunatud igas vanuses \u00f5pilasgruppidele, koost\u00f6\u00f6pakett Tervise Paradiisiga, mis sisaldab Pernova Loodusmaja k\u00fclastust + kerakinos seikluslikku filmikogemust ning Eesti suurima veepargi k\u00fclastust Tervise Paradiisis koos toitlustusega,<strong> 29 \u20ac \/in<\/strong>.<\/p><p><strong>Seltsis segasem<\/strong> &#8211; on suunatud \u00fcldhariduskooli 1.-5. klassi \u00f5pilastele, koost\u00f6\u00f6pakett P\u00e4rnu Minizooga, mis sisaldab Pernova Loodusmaja k\u00fclastust + kerakinos seikluslikku filmikogemust ning MiniZoo k\u00fclastust, kus on \u00fcle 50 liigi erinevaid roomajaid, <strong>15 \u20ac \/in<\/strong>.<\/p><p><strong>Ekstreemspordi pakett<\/strong>\u00a0&#8211; on suunatud \u00fcldhariduskooli noortele, kellele meeldib kiirus, t\u00e4psus ja vastupidavus.\u00a0 <strong>11 \u20ac \/in<\/strong>. Hind ei sisalda treenerit, v\u00f5imalik lisaks tellida (hind 70 eurot).<\/p><p><strong>P\u00f5nevuspakett<\/strong> &#8211; on suunatud alates 4. klassi \u00f5pilastele, kellele meeldivad nii uued teadmised kui p\u00f5nev seiklus. <strong>28-32\u20ac\/in<\/strong><\/p>\t\t\t\t\t\t<\/div>\n\t\t\t\t<\/div>\n\t\t\t\t\t\t<\/div>\r\n\t\t\t\t<\/div>\r\n\t\t\t\t\t\t\t\t<\/div>\r\n\t\t\t<\/section>\r\n\t\t\t\t\t<section class=\" elementor-section elementor-top-section elementor-element elementor-element-38a81fd elementor-section-boxed elementor-section-height-default elementor-section-height-default smart-sticky-default\" data-id=\"38a81fd\" data-element_type=\"section\">\r\n\t\t\t\t\t\t\t\t<div class=\"elementor-container elementor-column-gap-default\">\r\n\t\t\t\t\r\n\t\t\t\t\t\t\t\t<div class=\" elementor-column elementor-col-100 elementor-top-column elementor-element elementor-element-0321ecd \" data-id=\"0321ecd\" data-element_type=\"column\">\r\n\r\n\t\t\t\t\r\n\t\t\t\t<div class=\"elementor-widget-wrap elementor-element-populated\">\r\n\t\t\t\t\t\t\t\t\t\t\r\n\t\t\t\t\t\t<div class=\"elementor-element elementor-element-d5aae96 elementor-widget elementor-widget-heading\" data-id=\"d5aae96\" data-element_type=\"widget\" data-widget_type=\"heading.default\">\n\t\t\t\t<div class=\"elementor-widget-container\">\n\t\t\t<h1 class=\"elementor-heading-title elementor-size-default\">Pernova Loodusmaja k\u00fclastuskeskus teenuste HINNAKIRI<\/h1>\t\t<\/div>\n\t\t\t\t<\/div>\n\t\t\t\t<div class=\"elementor-element elementor-element-ff9e023 elementor-widget elementor-widget-text-editor\" data-id=\"ff9e023\" data-element_type=\"widget\" data-widget_type=\"text-editor.default\">\n\t\t\t\t<div class=\"elementor-widget-container\">\n\t\t\t\t\t\t\t<p>Teenuste hinnad sisaldavad k\u00e4ibemaksu<br \/>N\u00e4ituste piletiga saab k\u00fclastada talveaeda, veemaailma, helikoobast, tegeluslaudu, p\u00fcsi- ning ajutisi n\u00e4itusi.<br \/>P\u00e4evapiletiga saab k\u00fclastada kogu loodusmaja ekspositsiooni, sh. planetaariumi seansse k\u00fclastuse ajal.<\/p>\t\t\t\t\t\t<\/div>\n\t\t\t\t<\/div>\n\t\t\t\t<section class=\" elementor-section elementor-inner-section elementor-element elementor-element-1002c6f elementor-section-boxed elementor-section-height-default elementor-section-height-default smart-sticky-default\" data-id=\"1002c6f\" data-element_type=\"section\">\r\n\t\t\t\t\t\t\t\t<div class=\"elementor-container elementor-column-gap-default\">\r\n\t\t\t\t\r\n\t\t\t\t\t\t\t\t<div class=\" elementor-column elementor-col-20 elementor-inner-column elementor-element elementor-element-9c899fd \" data-id=\"9c899fd\" data-element_type=\"column\">\r\n\r\n\t\t\t\t\r\n\t\t\t\t<div class=\"elementor-widget-wrap elementor-element-populated\">\r\n\t\t\t\t\t\t\t\t\t\t\r\n\t\t\t\t\t\t<div class=\"elementor-element elementor-element-1304f9a elementor-widget elementor-widget-text-editor\" data-id=\"1304f9a\" data-element_type=\"widget\" data-widget_type=\"text-editor.default\">\n\t\t\t\t<div class=\"elementor-widget-container\">\n\t\t\t\t\t\t\t<p><strong>\u00dcksikpilet<br \/><\/strong>7.1. Laps kuni 3 a (k.a)<br \/>7.2. Laps 4-7a (k.a)<br \/>7.3. S\u00fcgava puudega isik (koos saatjaga)<br \/>7.4. \u00d5pilane, \u00fcli\u00f5pilane, \u00f5petaja, pension\u00e4r<br \/>7.5. T\u00e4iskasvanu<br \/>7.6. Perepilet (kuni 2 t\u00e4iskasvanut koos pere alaealiste lastega)<\/p>\t\t\t\t\t\t<\/div>\n\t\t\t\t<\/div>\n\t\t\t\t\t\t<\/div>\r\n\t\t\t\t<\/div>\r\n\t\t\t\t\t\t\t\t\t<div class=\" elementor-column elementor-col-20 elementor-inner-column elementor-element elementor-element-61bbcbb \" data-id=\"61bbcbb\" data-element_type=\"column\">\r\n\r\n\t\t\t\t\r\n\t\t\t\t<div class=\"elementor-widget-wrap elementor-element-populated\">\r\n\t\t\t\t\t\t\t\t\t\t\r\n\t\t\t\t\t\t<div class=\"elementor-element elementor-element-f030211 elementor-widget elementor-widget-text-editor\" data-id=\"f030211\" data-element_type=\"widget\" data-widget_type=\"text-editor.default\">\n\t\t\t\t<div class=\"elementor-widget-container\">\n\t\t\t\t\t\t\t<p><strong>Arvestus\u00fchik<br \/><\/strong>1 laps<br \/>1 laps<br \/>2 inimest<br \/>1 inimene<br \/>1 inimene<br \/>1 pere<\/p>\t\t\t\t\t\t<\/div>\n\t\t\t\t<\/div>\n\t\t\t\t\t\t<\/div>\r\n\t\t\t\t<\/div>\r\n\t\t\t\t\t\t\t\t\t<div class=\" elementor-column elementor-col-20 elementor-inner-column elementor-element elementor-element-accaaea \" data-id=\"accaaea\" data-element_type=\"column\">\r\n\r\n\t\t\t\t\r\n\t\t\t\t<div class=\"elementor-widget-wrap\">\r\n\t\t\t\t\t\t\t\t\t\t\r\n\t\t\t\t\t\t\t\t<\/div>\r\n\t\t\t\t<\/div>\r\n\t\t\t\t\t\t\t\t\t<div class=\" elementor-column elementor-col-20 elementor-inner-column elementor-element elementor-element-fe1909b \" data-id=\"fe1909b\" data-element_type=\"column\">\r\n\r\n\t\t\t\t\r\n\t\t\t\t<div class=\"elementor-widget-wrap elementor-element-populated\">\r\n\t\t\t\t\t\t\t\t\t\t\r\n\t\t\t\t\t\t<div class=\"elementor-element elementor-element-4e38422 elementor-widget elementor-widget-text-editor\" data-id=\"4e38422\" data-element_type=\"widget\" data-widget_type=\"text-editor.default\">\n\t\t\t\t<div class=\"elementor-widget-container\">\n\t\t\t\t\t\t\t<p><strong>P\u00e4evapilet (kogu maja)<br \/><\/strong>tasuta<br \/>4 \u20ac<br \/>tasuta<br \/>8 \u20ac<br \/>11 \u20ac<br \/>30 \u20ac<\/p>\t\t\t\t\t\t<\/div>\n\t\t\t\t<\/div>\n\t\t\t\t\t\t<\/div>\r\n\t\t\t\t<\/div>\r\n\t\t\t\t\t\t\t\t\t<div class=\" elementor-column elementor-col-20 elementor-inner-column elementor-element elementor-element-3d0666e \" data-id=\"3d0666e\" data-element_type=\"column\">\r\n\r\n\t\t\t\t\r\n\t\t\t\t<div class=\"elementor-widget-wrap\">\r\n\t\t\t\t\t\t\t\t\t\t\r\n\t\t\t\t\t\t\t\t<\/div>\r\n\t\t\t\t<\/div>\r\n\t\t\t\t\t\t\t\t<\/div>\r\n\t\t\t<\/section>\r\n\t\t\t\t\t<section class=\" elementor-section elementor-inner-section elementor-element elementor-element-40d980a elementor-section-boxed elementor-section-height-default elementor-section-height-default smart-sticky-default\" data-id=\"40d980a\" data-element_type=\"section\">\r\n\t\t\t\t\t\t\t\t<div class=\"elementor-container elementor-column-gap-default\">\r\n\t\t\t\t\r\n\t\t\t\t\t\t\t\t<div class=\" elementor-column elementor-col-20 elementor-inner-column elementor-element elementor-element-d4515d3 \" data-id=\"d4515d3\" data-element_type=\"column\">\r\n\r\n\t\t\t\t\r\n\t\t\t\t<div class=\"elementor-widget-wrap elementor-element-populated\">\r\n\t\t\t\t\t\t\t\t\t\t\r\n\t\t\t\t\t\t<div class=\"elementor-element elementor-element-e62928a elementor-widget elementor-widget-text-editor\" data-id=\"e62928a\" data-element_type=\"widget\" data-widget_type=\"text-editor.default\">\n\t\t\t\t<div class=\"elementor-widget-container\">\n\t\t\t\t\t\t\t<p><strong>Grupipilet\u00a0<\/strong>(alates 10-st inimesest)<br \/>7.7. Laps 3-7 a (k.a.)<br \/>7.8. \u00d5pilane, \u00fcli\u00f5pilane, \u00f5petaja, pension\u00e4r<br \/>7.9. T\u00e4iskasvanu<br \/>7.10. Gruppi saatev isik<\/p><p>7.11 Eritellimusel planetaariumi\/kerakino k\u00fclastus (\u00fcksikpilet)<\/p>\t\t\t\t\t\t<\/div>\n\t\t\t\t<\/div>\n\t\t\t\t\t\t<\/div>\r\n\t\t\t\t<\/div>\r\n\t\t\t\t\t\t\t\t\t<div class=\" elementor-column elementor-col-20 elementor-inner-column elementor-element elementor-element-b2b7995 \" data-id=\"b2b7995\" data-element_type=\"column\">\r\n\r\n\t\t\t\t\r\n\t\t\t\t<div class=\"elementor-widget-wrap elementor-element-populated\">\r\n\t\t\t\t\t\t\t\t\t\t\r\n\t\t\t\t\t\t<div class=\"elementor-element elementor-element-1753965 elementor-widget elementor-widget-text-editor\" data-id=\"1753965\" data-element_type=\"widget\" data-widget_type=\"text-editor.default\">\n\t\t\t\t<div class=\"elementor-widget-container\">\n\t\t\t\t\t\t\t<p><strong>Arvestus\u00fchik<br \/><\/strong>1 laps<br \/>1 inimene<br \/>1 inimene<br \/>1 inimene<\/p><p>1 inimene<\/p>\t\t\t\t\t\t<\/div>\n\t\t\t\t<\/div>\n\t\t\t\t\t\t<\/div>\r\n\t\t\t\t<\/div>\r\n\t\t\t\t\t\t\t\t\t<div class=\" elementor-column elementor-col-20 elementor-inner-column elementor-element elementor-element-d78e81f \" data-id=\"d78e81f\" data-element_type=\"column\">\r\n\r\n\t\t\t\t\r\n\t\t\t\t<div class=\"elementor-widget-wrap\">\r\n\t\t\t\t\t\t\t\t\t\t\r\n\t\t\t\t\t\t\t\t<\/div>\r\n\t\t\t\t<\/div>\r\n\t\t\t\t\t\t\t\t\t<div class=\" elementor-column elementor-col-20 elementor-inner-column elementor-element elementor-element-c51215e \" data-id=\"c51215e\" data-element_type=\"column\">\r\n\r\n\t\t\t\t\r\n\t\t\t\t<div class=\"elementor-widget-wrap elementor-element-populated\">\r\n\t\t\t\t\t\t\t\t\t\t\r\n\t\t\t\t\t\t<div class=\"elementor-element elementor-element-c5fb855 elementor-widget elementor-widget-text-editor\" data-id=\"c5fb855\" data-element_type=\"widget\" data-widget_type=\"text-editor.default\">\n\t\t\t\t<div class=\"elementor-widget-container\">\n\t\t\t\t\t\t\t<p><strong>P\u00e4evapilet (kogu maja)<br \/><\/strong>3 \u20ac<br \/>6 \u20ac<br \/>9 \u20ac<br \/>tasuta<\/p><p>4 \u20ac<\/p>\t\t\t\t\t\t<\/div>\n\t\t\t\t<\/div>\n\t\t\t\t\t\t<\/div>\r\n\t\t\t\t<\/div>\r\n\t\t\t\t\t\t\t\t\t<div class=\" elementor-column elementor-col-20 elementor-inner-column elementor-element elementor-element-f8d96df \" data-id=\"f8d96df\" data-element_type=\"column\">\r\n\r\n\t\t\t\t\r\n\t\t\t\t<div class=\"elementor-widget-wrap\">\r\n\t\t\t\t\t\t\t\t\t\t\r\n\t\t\t\t\t\t\t\t<\/div>\r\n\t\t\t\t<\/div>\r\n\t\t\t\t\t\t\t\t<\/div>\r\n\t\t\t<\/section>\r\n\t\t\t\t\t\t\t<\/div>\r\n\t\t\t\t<\/div>\r\n\t\t\t\t\t\t\t\t<\/div>\r\n\t\t\t<\/section>\r\n\t\t\t\t\t<section class=\" elementor-section elementor-top-section elementor-element elementor-element-e1ab3be elementor-section-boxed elementor-section-height-default elementor-section-height-default smart-sticky-default\" data-id=\"e1ab3be\" data-element_type=\"section\">\r\n\t\t\t\t\t\t\t\t<div class=\"elementor-container elementor-column-gap-default\">\r\n\t\t\t\t\r\n\t\t\t\t\t\t\t\t<div class=\" elementor-column elementor-col-100 elementor-top-column elementor-element elementor-element-fd55091 \" data-id=\"fd55091\" data-element_type=\"column\">\r\n\r\n\t\t\t\t\r\n\t\t\t\t<div class=\"elementor-widget-wrap elementor-element-populated\">\r\n\t\t\t\t\t\t\t\t\t\t\r\n\t\t\t\t\t\t<div class=\"elementor-element elementor-element-0e5833c elementor-widget elementor-widget-text-editor\" data-id=\"0e5833c\" data-element_type=\"widget\" data-widget_type=\"text-editor.default\">\n\t\t\t\t<div class=\"elementor-widget-container\">\n\t\t\t\t\t\t\t<p>Hinnakiri on kinnitatud 30.06.2025 P\u00e4rnu Linnavalitsuse korraldusega nr 434.<\/p>\t\t\t\t\t\t<\/div>\n\t\t\t\t<\/div>\n\t\t\t\t\t\t<\/div>\r\n\t\t\t\t<\/div>\r\n\t\t\t\t\t\t\t\t<\/div>\r\n\t\t\t<\/section>\r\n\t\t\t\t\t<\/div>\n\t\t","protected":false},"excerpt":{"rendered":"<p>\u00d5ppe- ja eriprogrammide HINNAKIRI koolidele ja lasteaedadele Teenuste hinnad on k\u00e4ibemaksuvabad. Gruppi saatev \u00f5petaja tasutaP\u00e4rnu linna haridusasutustele kehtib soodustus 50% teenuse hinnast. Teenuse kirjeldus1.1. \u00d5ppeprogramm kooli klass\/lasteaia \u00f5ppegrupp (kuni 12 \u00f5pilast)1.2. \u00d5ppeprogramm kooli klass\/lasteaia \u00f5ppegrupp (kuni 24 \u00f5pilast)1.6. STEAM \u00f5ppeprogramm \u00f5ppegrupp (kuni 24 \u00f5pilast) Arvestus\u00fchik2x45min\/v\u00f5i 3x45min2x45min\/v\u00f5i 3x45min2x45min Teenuse hind1x45min 40 \u20ac1x45min 80 \u20ac1x45min 100 \u20ac [&hellip;]<\/p>\n","protected":false},"author":1,"featured_media":0,"parent":0,"menu_order":0,"comment_status":"closed","ping_status":"closed","template":"","meta":{"footnotes":""},"class_list":["post-9666","page","type-page","status-publish","hentry"],"_links":{"self":[{"href":"https:\/\/www.pernova.ee\/oppe\/wp-json\/wp\/v2\/pages\/9666","targetHints":{"allow":["GET"]}}],"collection":[{"href":"https:\/\/www.pernova.ee\/oppe\/wp-json\/wp\/v2\/pages"}],"about":[{"href":"https:\/\/www.pernova.ee\/oppe\/wp-json\/wp\/v2\/types\/page"}],"author":[{"embeddable":true,"href":"https:\/\/www.pernova.ee\/oppe\/wp-json\/wp\/v2\/users\/1"}],"replies":[{"embeddable":true,"href":"https:\/\/www.pernova.ee\/oppe\/wp-json\/wp\/v2\/comments?post=9666"}],"version-history":[{"count":49,"href":"https:\/\/www.pernova.ee\/oppe\/wp-json\/wp\/v2\/pages\/9666\/revisions"}],"predecessor-version":[{"id":10761,"href":"https:\/\/www.pernova.ee\/oppe\/wp-json\/wp\/v2\/pages\/9666\/revisions\/10761"}],"wp:attachment":[{"href":"https:\/\/www.pernova.ee\/oppe\/wp-json\/wp\/v2\/media?parent=9666"}],"curies":[{"name":"wp","href":"https:\/\/api.w.org\/{rel}","templated":true}]}}