{"id":9673,"date":"2023-02-27T09:58:55","date_gmt":"2023-02-27T07:58:55","guid":{"rendered":"https:\/\/www.pernova.ee\/oppe-2023\/?page_id=9673"},"modified":"2023-03-30T14:24:05","modified_gmt":"2023-03-30T11:24:05","slug":"murakamark","status":"publish","type":"page","link":"https:\/\/www.pernova.ee\/oppe\/murakamark\/","title":{"rendered":"Murakam\u00e4rk"},"content":{"rendered":"\t\t<div data-elementor-type=\"wp-page\" data-elementor-id=\"9673\" class=\"elementor elementor-9673\" data-elementor-post-type=\"page\">\n\t\t\t\t\t\t<section class=\" elementor-section elementor-top-section elementor-element elementor-element-779208e elementor-section-boxed elementor-section-height-default elementor-section-height-default smart-sticky-default\" data-id=\"779208e\" data-element_type=\"section\">\r\n\t\t\t\t\t\t\t\t<div class=\"elementor-container elementor-column-gap-default\">\r\n\t\t\t\t\r\n\t\t\t\t\t\t\t\t<div class=\" elementor-column elementor-col-50 elementor-top-column elementor-element elementor-element-13d04e03 \" data-id=\"13d04e03\" data-element_type=\"column\">\r\n\r\n\t\t\t\t\r\n\t\t\t\t<div class=\"elementor-widget-wrap elementor-element-populated\">\r\n\t\t\t\t\t\t\t\t\t\t\r\n\t\t\t\t\t\t<div class=\"elementor-element elementor-element-74758b2 elementor-widget elementor-widget-image\" data-id=\"74758b2\" data-element_type=\"widget\" data-widget_type=\"image.default\">\n\t\t\t\t<div class=\"elementor-widget-container\">\n\t\t\t\t\t\t\t\t\t\t\t\t\t<img fetchpriority=\"high\" decoding=\"async\" width=\"400\" height=\"400\" src=\"https:\/\/www.pernova.ee\/oppe\/wp-content\/uploads\/2021\/01\/murakas_400px.png\" class=\"attachment-full size-full wp-image-9140\" alt=\"\" \/>\t\t\t\t\t\t\t\t\t\t\t\t\t<\/div>\n\t\t\t\t<\/div>\n\t\t\t\t\t\t<\/div>\r\n\t\t\t\t<\/div>\r\n\t\t\t\t\t\t\t\t\t<div class=\" elementor-column elementor-col-50 elementor-top-column elementor-element elementor-element-153c2c6 \" data-id=\"153c2c6\" data-element_type=\"column\">\r\n\r\n\t\t\t\t\r\n\t\t\t\t<div class=\"elementor-widget-wrap elementor-element-populated\">\r\n\t\t\t\t\t\t\t\t\t\t\r\n\t\t\t\t\t\t<div class=\"elementor-element elementor-element-661f1567 elementor-widget elementor-widget-text-editor\" data-id=\"661f1567\" data-element_type=\"widget\" data-widget_type=\"text-editor.default\">\n\t\t\t\t<div class=\"elementor-widget-container\">\n\t\t\t\t\t\t\t<p><!-- wp:heading {\"level\":4} --><\/p>\n<h4>Alates aastast 2019 annab Eesti Keskkonnahariduse \u00dching v\u00e4lja kvaliteedi m\u00e4rki MURAKAS<\/h4>\n<p><!-- \/wp:heading --><\/p>\n<p><!-- wp:paragraph --><\/p>\n<p>Pernova&nbsp;keskkonnahariduslike \u00f5ppeprogrammide valik on lai ja mitmekesine, n\u00fc\u00fcd aitab programmide seast teadlikumaid valikuid teha&nbsp;Eesti Keskkonnahariduse ekspertide hinnatud programmide Muraka m\u00e4rgistus.&nbsp;See on l\u00e4bim\u00f5eldud programm &#8211; selline m\u00e4rgis n\u00e4itab, et programm on igak\u00fclgselt l\u00e4bi m\u00f5eldud ning \u00f5pilaste \u00f5ppek\u00e4iguks&nbsp;h\u00e4sti ette valmistatud.&nbsp;<\/p>\n<p><!-- \/wp:paragraph --><\/p>\n<p><!-- wp:paragraph --><\/p>\n<p>\u00d5ppeprogrammide kirjelduste kvaliteedi hindamine viiakse l\u00e4bi Eesti keskkonnahariduse ekspertide koost\u00f6\u00f6s valminud juhendi alusel. Hindamise viivad l\u00e4bi Eesti Keskkonnahariduse \u00dchingu vastava koolituse l\u00e4binud eksperdid.&nbsp;<\/p>\n<p><!-- \/wp:paragraph --><\/p>\n<p><!-- wp:paragraph --><\/p>\n<p>M\u00e4rgis on v\u00e4lja t\u00f6\u00f6tatud koost\u00f6\u00f6s EV Keskkonnaministeeriumi ja EV Haridus- ja Teadusministeeriumiga vastavalt Eesti keskkonnahariduse ja \u2013teadlikkuse tegevuskavale 2018-2022. M\u00e4rgise tutvustuse leiab aadressilt:&nbsp; <a href=\"https:\/\/www.ekhyhing.ee\/tegevused\/kvaliteedi-tagamine\/kvaliteedimargis\">https:\/\/www.ekhyhing.ee\/tegevused\/kvaliteedi-tagamine\/kvaliteedimargis<\/a><\/p>\n<p><!-- \/wp:paragraph --><\/p>\n<p><!-- wp:paragraph --><\/p>\n<p>Eesti Keskkonnahariduse \u00dching t\u00f5endab, et Pernova Hariduskeskuse 67-le \u00f5ppeprogrammile on&nbsp; v\u00e4lja antud keskkonnaharidusliku \u00f5ppeprogrammi kirjelduse kvaliteeti t\u00f5endavat m\u00e4rgist \u201eL\u00e4bim\u00f5eldud programm\u201c.<\/p>\n<p><!-- \/wp:paragraph --><\/p>\n<p><!-- wp:paragraph --><\/p>\n<p>Dokumentidega tutvuda saab <a href=\"http:\/\/www.pernova.ee\/oppe-2023\/wp-content\/uploads\/2021\/04\/Pernova-Hariduskeskus_murakas.pdf\" target=\"_blank\" rel=\"noreferrer noopener\"><strong>siin.<\/strong><\/a><\/p>\n<p><!-- \/wp:paragraph --><\/p>\n<p><!-- wp:paragraph --><\/p>\n<p>Lisame muraka kujutise ka \u00f5ppeprogrammide nimekirjadele, et need programmid oleksid h\u00f5lpsasti leitavad.<\/p>\n<p><!-- \/wp:paragraph --><\/p>\t\t\t\t\t\t<\/div>\n\t\t\t\t<\/div>\n\t\t\t\t\t\t<\/div>\r\n\t\t\t\t<\/div>\r\n\t\t\t\t\t\t\t\t<\/div>\r\n\t\t\t<\/section>\r\n\t\t\t\t\t<\/div>\n\t\t","protected":false},"excerpt":{"rendered":"<p>Alates aastast 2019 annab Eesti Keskkonnahariduse \u00dching v\u00e4lja kvaliteedi m\u00e4rki MURAKAS Pernova&nbsp;keskkonnahariduslike \u00f5ppeprogrammide valik on lai ja mitmekesine, n\u00fc\u00fcd aitab programmide seast teadlikumaid valikuid teha&nbsp;Eesti Keskkonnahariduse ekspertide hinnatud programmide Muraka m\u00e4rgistus.&nbsp;See on l\u00e4bim\u00f5eldud programm &#8211; selline m\u00e4rgis n\u00e4itab, et programm on igak\u00fclgselt l\u00e4bi m\u00f5eldud ning \u00f5pilaste \u00f5ppek\u00e4iguks&nbsp;h\u00e4sti ette valmistatud.&nbsp; \u00d5ppeprogrammide kirjelduste kvaliteedi hindamine viiakse l\u00e4bi [&hellip;]<\/p>\n","protected":false},"author":1,"featured_media":0,"parent":0,"menu_order":0,"comment_status":"closed","ping_status":"closed","template":"","meta":{"footnotes":""},"class_list":["post-9673","page","type-page","status-publish","hentry"],"_links":{"self":[{"href":"https:\/\/www.pernova.ee\/oppe\/wp-json\/wp\/v2\/pages\/9673","targetHints":{"allow":["GET"]}}],"collection":[{"href":"https:\/\/www.pernova.ee\/oppe\/wp-json\/wp\/v2\/pages"}],"about":[{"href":"https:\/\/www.pernova.ee\/oppe\/wp-json\/wp\/v2\/types\/page"}],"author":[{"embeddable":true,"href":"https:\/\/www.pernova.ee\/oppe\/wp-json\/wp\/v2\/users\/1"}],"replies":[{"embeddable":true,"href":"https:\/\/www.pernova.ee\/oppe\/wp-json\/wp\/v2\/comments?post=9673"}],"version-history":[{"count":7,"href":"https:\/\/www.pernova.ee\/oppe\/wp-json\/wp\/v2\/pages\/9673\/revisions"}],"predecessor-version":[{"id":10138,"href":"https:\/\/www.pernova.ee\/oppe\/wp-json\/wp\/v2\/pages\/9673\/revisions\/10138"}],"wp:attachment":[{"href":"https:\/\/www.pernova.ee\/oppe\/wp-json\/wp\/v2\/media?parent=9673"}],"curies":[{"name":"wp","href":"https:\/\/api.w.org\/{rel}","templated":true}]}}