{"id":9733,"date":"2023-02-27T10:40:19","date_gmt":"2023-02-27T08:40:19","guid":{"rendered":"https:\/\/www.pernova.ee\/oppe-2023\/?page_id=9733"},"modified":"2023-08-21T14:32:34","modified_gmt":"2023-08-21T11:32:34","slug":"oppeprogrammid","status":"publish","type":"page","link":"https:\/\/www.pernova.ee\/oppe\/oppeprogrammid\/","title":{"rendered":"\u00d5ppeprogrammid"},"content":{"rendered":"\t\t<div data-elementor-type=\"wp-page\" data-elementor-id=\"9733\" class=\"elementor elementor-9733\" data-elementor-post-type=\"page\">\n\t\t\t\t\t\t<section class=\" elementor-section elementor-top-section elementor-element elementor-element-767e7bc elementor-section-boxed elementor-section-height-default elementor-section-height-default smart-sticky-default\" data-id=\"767e7bc\" data-element_type=\"section\">\r\n\t\t\t\t\t\t\t\t<div class=\"elementor-container elementor-column-gap-default\">\r\n\t\t\t\t\r\n\t\t\t\t\t\t\t\t<div class=\" elementor-column elementor-col-100 elementor-top-column elementor-element elementor-element-e40ffcb \" data-id=\"e40ffcb\" data-element_type=\"column\">\r\n\r\n\t\t\t\t\r\n\t\t\t\t<div class=\"elementor-widget-wrap elementor-element-populated\">\r\n\t\t\t\t\t\t\t\t\t\t\r\n\t\t\t\t\t\t<div class=\"elementor-element elementor-element-a93c93b elementor-widget elementor-widget-text-editor\" data-id=\"a93c93b\" data-element_type=\"widget\" data-widget_type=\"text-editor.default\">\n\t\t\t\t<div class=\"elementor-widget-container\">\n\t\t\t\t\t\t\t<p>\u00d5ppeprogramme pakume kolmes erinevas asukohas: Pernova Loodusmajas, Pernova Tehnikamajas ning Pernova Skatepargis.<\/p>\t\t\t\t\t\t<\/div>\n\t\t\t\t<\/div>\n\t\t\t\t\t\t<\/div>\r\n\t\t\t\t<\/div>\r\n\t\t\t\t\t\t\t\t<\/div>\r\n\t\t\t<\/section>\r\n\t\t\t\t\t<section class=\" elementor-section elementor-top-section elementor-element elementor-element-8ebe86c elementor-section-boxed elementor-section-height-default elementor-section-height-default smart-sticky-default\" data-id=\"8ebe86c\" data-element_type=\"section\">\r\n\t\t\t\t\t\t\t\t<div class=\"elementor-container elementor-column-gap-default\">\r\n\t\t\t\t\r\n\t\t\t\t\t\t\t\t<div class=\" elementor-column elementor-col-33 elementor-top-column elementor-element elementor-element-eab5c65 \" data-id=\"eab5c65\" data-element_type=\"column\">\r\n\r\n\t\t\t\t\r\n\t\t\t\t<div class=\"elementor-widget-wrap elementor-element-populated\">\r\n\t\t\t\t\t\t\t\t\t\t\r\n\t\t\t\t\t\t<div class=\"elementor-element elementor-element-4f87d08 elementor-widget elementor-widget-image\" data-id=\"4f87d08\" data-element_type=\"widget\" data-widget_type=\"image.default\">\n\t\t\t\t<div class=\"elementor-widget-container\">\n\t\t\t\t\t\t\t\t\t\t\t\t\t\t<a href=\"https:\/\/www.pernova.ee\/oppe\/loodusmaja-oppeprogrammid\/\">\n\t\t\t\t\t\t\t<img fetchpriority=\"high\" decoding=\"async\" width=\"600\" height=\"400\" src=\"https:\/\/www.pernova.ee\/oppe\/wp-content\/uploads\/2023\/02\/pernova-loodusmaja-kast.png\" class=\"attachment-full size-full wp-image-9717\" alt=\"\" \/>\t\t\t\t\t\t\t\t<\/a>\n\t\t\t\t\t\t\t\t\t\t\t\t\t<\/div>\n\t\t\t\t<\/div>\n\t\t\t\t\t\t<\/div>\r\n\t\t\t\t<\/div>\r\n\t\t\t\t\t\t\t\t\t<div class=\" elementor-column elementor-col-33 elementor-top-column elementor-element elementor-element-aa03b42 \" data-id=\"aa03b42\" data-element_type=\"column\">\r\n\r\n\t\t\t\t\r\n\t\t\t\t<div class=\"elementor-widget-wrap elementor-element-populated\">\r\n\t\t\t\t\t\t\t\t\t\t\r\n\t\t\t\t\t\t<div class=\"elementor-element elementor-element-0cb7c1e elementor-widget elementor-widget-image\" data-id=\"0cb7c1e\" data-element_type=\"widget\" data-widget_type=\"image.default\">\n\t\t\t\t<div class=\"elementor-widget-container\">\n\t\t\t\t\t\t\t\t\t\t\t\t\t\t<a href=\"https:\/\/www.pernova.ee\/oppe\/tehnikamaja-oppeprogrammid\/\">\n\t\t\t\t\t\t\t<img decoding=\"async\" width=\"600\" height=\"400\" src=\"https:\/\/www.pernova.ee\/oppe\/wp-content\/uploads\/2023\/02\/pernova-tehnikamaja-kast.png\" class=\"attachment-full size-full wp-image-9721\" alt=\"\" \/>\t\t\t\t\t\t\t\t<\/a>\n\t\t\t\t\t\t\t\t\t\t\t\t\t<\/div>\n\t\t\t\t<\/div>\n\t\t\t\t\t\t<\/div>\r\n\t\t\t\t<\/div>\r\n\t\t\t\t\t\t\t\t\t<div class=\" elementor-column elementor-col-33 elementor-top-column elementor-element elementor-element-25d5ca6 \" data-id=\"25d5ca6\" data-element_type=\"column\">\r\n\r\n\t\t\t\t\r\n\t\t\t\t<div class=\"elementor-widget-wrap elementor-element-populated\">\r\n\t\t\t\t\t\t\t\t\t\t\r\n\t\t\t\t\t\t<div class=\"elementor-element elementor-element-6e445a0 elementor-widget elementor-widget-image\" data-id=\"6e445a0\" data-element_type=\"widget\" data-widget_type=\"image.default\">\n\t\t\t\t<div class=\"elementor-widget-container\">\n\t\t\t\t\t\t\t\t\t\t\t\t\t\t<a href=\"https:\/\/www.pernova.ee\/oppe\/skateparki-oppeprogrammid\/\">\n\t\t\t\t\t\t\t<img decoding=\"async\" width=\"602\" height=\"400\" src=\"https:\/\/www.pernova.ee\/oppe\/wp-content\/uploads\/2023\/03\/skatepark-kast.jpg\" class=\"attachment-full size-full wp-image-9882\" alt=\"\" srcset=\"https:\/\/www.pernova.ee\/oppe\/wp-content\/uploads\/2023\/03\/skatepark-kast.jpg 602w, https:\/\/www.pernova.ee\/oppe\/wp-content\/uploads\/2023\/03\/skatepark-kast-600x400.jpg 600w\" sizes=\"(max-width: 602px) 100vw, 602px\" \/>\t\t\t\t\t\t\t\t<\/a>\n\t\t\t\t\t\t\t\t\t\t\t\t\t<\/div>\n\t\t\t\t<\/div>\n\t\t\t\t\t\t<\/div>\r\n\t\t\t\t<\/div>\r\n\t\t\t\t\t\t\t\t<\/div>\r\n\t\t\t<\/section>\r\n\t\t\t\t\t<section class=\" elementor-section elementor-top-section elementor-element elementor-element-8db4821 elementor-section-boxed elementor-section-height-default elementor-section-height-default smart-sticky-default\" data-id=\"8db4821\" data-element_type=\"section\">\r\n\t\t\t\t\t\t\t\t<div class=\"elementor-container elementor-column-gap-default\">\r\n\t\t\t\t\r\n\t\t\t\t\t\t\t\t<div class=\" elementor-column elementor-col-100 elementor-top-column elementor-element elementor-element-b834693 \" data-id=\"b834693\" data-element_type=\"column\">\r\n\r\n\t\t\t\t\r\n\t\t\t\t<div class=\"elementor-widget-wrap elementor-element-populated\">\r\n\t\t\t\t\t\t\t\t\t\t\r\n\t\t\t\t\t\t<div class=\"elementor-element elementor-element-c7c091d elementor-widget elementor-widget-spacer\" data-id=\"c7c091d\" data-element_type=\"widget\" data-widget_type=\"spacer.default\">\n\t\t\t\t<div class=\"elementor-widget-container\">\n\t\t\t\t\t<div class=\"elementor-spacer\">\n\t\t\t<div class=\"elementor-spacer-inner\"><\/div>\n\t\t<\/div>\n\t\t\t\t<\/div>\n\t\t\t\t<\/div>\n\t\t\t\t<div class=\"elementor-element elementor-element-df3c900 elementor-widget elementor-widget-toggle\" data-id=\"df3c900\" data-element_type=\"widget\" data-widget_type=\"toggle.default\">\n\t\t\t\t<div class=\"elementor-widget-container\">\n\t\t\t\t\t<div class=\"elementor-toggle\">\n\t\t\t\t\t\t\t<div class=\"elementor-toggle-item\">\n\t\t\t\t\t<div id=\"elementor-tab-title-2341\" class=\"elementor-tab-title\" data-tab=\"1\" role=\"button\" aria-controls=\"elementor-tab-content-2341\" aria-expanded=\"false\">\n\t\t\t\t\t\t\t\t\t\t\t\t<span class=\"elementor-toggle-icon elementor-toggle-icon-left\" aria-hidden=\"true\">\n\t\t\t\t\t\t\t\t\t\t\t\t\t\t\t<span class=\"elementor-toggle-icon-closed\"><i class=\"fas fa-caret-right\"><\/i><\/span>\n\t\t\t\t\t\t\t\t<span class=\"elementor-toggle-icon-opened\"><i class=\"elementor-toggle-icon-opened fas fa-caret-up\"><\/i><\/span>\n\t\t\t\t\t\t\t\t\t\t\t\t\t<\/span>\n\t\t\t\t\t\t\t\t\t\t\t\t<a class=\"elementor-toggle-title\" tabindex=\"0\">P\u00d5K - P\u00e4rnu linn kui \u00f5pikeskus, P\u00e4rnu linna rahastatud \u00f5ppeprogrammid<\/a>\n\t\t\t\t\t<\/div>\n\n\t\t\t\t\t<div id=\"elementor-tab-content-2341\" class=\"elementor-tab-content elementor-clearfix\" data-tab=\"1\" role=\"region\" aria-labelledby=\"elementor-tab-title-2341\"><p>P\u00d5K- programm on \u00fclelinnaline huvikoolide, \u00fcldhariduskoolide ja linna territooriumil tegutsevate asutuste koost\u00f6\u00f6programm, mille eesm\u00e4rgiks on l\u00f5imida formaalset ja mitteformaalset \u00f5pet, kaasates sellesse protsessi erinevaid koost\u00f6\u00f6partnereid, kes soovivad kaasa l\u00fc\u00fca kooli\u00f5ppekava rikastamisel ja aitavad luua mitmek\u00fclgseid v\u00f5imalusi \u00f5ppimiseks. Selle abil saavad P\u00e4rnu linna \u00f5pilased omavalitsuse rahastuse abil k\u00e4ia erinevates \u00f5ppekeskustes \u00fcle P\u00e4rnu, kus viiakse l\u00e4bi erinevaid tegevusi, erinevates keskkondades ja \u00f5pitakse erinevate oma ala asjatundjate k\u00e4e all.<\/p><p><iframe title=\"Minu koolimaja on terve linn: P\u00e4rnu inspiratsioonilugu\" width=\"500\" height=\"281\" src=\"https:\/\/www.youtube.com\/embed\/8pUsLLELEcQ?feature=oembed\" frameborder=\"0\" allow=\"accelerometer; autoplay; clipboard-write; encrypted-media; gyroscope; picture-in-picture; web-share\" referrerpolicy=\"strict-origin-when-cross-origin\" allowfullscreen><\/iframe><\/p><p><a href=\"https:\/\/www.pernova.ee\/loodusmaja\/uudised\/koostoo-keskkonnakapp-2023\/\" target=\"_blank\" rel=\"noopener\">Pernova Hariduskeskust tunnustati Koost\u00f6\u00f6 Keskkonnak\u00e4pp 2023 auhinnaga<\/a><\/p><\/div>\n\t\t\t\t<\/div>\n\t\t\t\t\t\t\t<div class=\"elementor-toggle-item\">\n\t\t\t\t\t<div id=\"elementor-tab-title-2342\" class=\"elementor-tab-title\" data-tab=\"2\" role=\"button\" aria-controls=\"elementor-tab-content-2342\" aria-expanded=\"false\">\n\t\t\t\t\t\t\t\t\t\t\t\t<span class=\"elementor-toggle-icon elementor-toggle-icon-left\" aria-hidden=\"true\">\n\t\t\t\t\t\t\t\t\t\t\t\t\t\t\t<span class=\"elementor-toggle-icon-closed\"><i class=\"fas fa-caret-right\"><\/i><\/span>\n\t\t\t\t\t\t\t\t<span class=\"elementor-toggle-icon-opened\"><i class=\"elementor-toggle-icon-opened fas fa-caret-up\"><\/i><\/span>\n\t\t\t\t\t\t\t\t\t\t\t\t\t<\/span>\n\t\t\t\t\t\t\t\t\t\t\t\t<a class=\"elementor-toggle-title\" tabindex=\"0\">KIK- Keskkonnainvesteeringute Keskuse toetuste abil l\u00e4biviidavad \u00f5ppeprogrammid<\/a>\n\t\t\t\t\t<\/div>\n\n\t\t\t\t\t<div id=\"elementor-tab-content-2342\" class=\"elementor-tab-content elementor-clearfix\" data-tab=\"2\" role=\"region\" aria-labelledby=\"elementor-tab-title-2342\"><p>KIK toetab p\u00f5hikooli klassi ja lasteaia koolieelikute r\u00fchma \u00f5pilaste osalemist aktiiv\u00f5ppeprogrammides. Keskkonnateadlikkuse programmi eesm\u00e4rk on kujundada arusaama, et inimene on osa loodusest, meie majandustegevuse ja kultuuri j\u00e4tkusuutlikkus s\u00f5ltub loodusest ning keskkonnakaitse ja -kasutuse vahel peab valitsema tasakaal. Programmist toetatakse tegevusi, mille teemaks on s\u00e4\u00e4stva keskkonnakasutuse p\u00f5him\u00f5tete, looduse ja inim\u00fchiskonna seoste, looduses toimuvate protsesside ja elurikkuse tundma\u00f5ppimine.<\/p><\/div>\n\t\t\t\t<\/div>\n\t\t\t\t\t\t\t<div class=\"elementor-toggle-item\">\n\t\t\t\t\t<div id=\"elementor-tab-title-2343\" class=\"elementor-tab-title\" data-tab=\"3\" role=\"button\" aria-controls=\"elementor-tab-content-2343\" aria-expanded=\"false\">\n\t\t\t\t\t\t\t\t\t\t\t\t<span class=\"elementor-toggle-icon elementor-toggle-icon-left\" aria-hidden=\"true\">\n\t\t\t\t\t\t\t\t\t\t\t\t\t\t\t<span class=\"elementor-toggle-icon-closed\"><i class=\"fas fa-caret-right\"><\/i><\/span>\n\t\t\t\t\t\t\t\t<span class=\"elementor-toggle-icon-opened\"><i class=\"elementor-toggle-icon-opened fas fa-caret-up\"><\/i><\/span>\n\t\t\t\t\t\t\t\t\t\t\t\t\t<\/span>\n\t\t\t\t\t\t\t\t\t\t\t\t<a class=\"elementor-toggle-title\" tabindex=\"0\">MURAKAM\u00c4RK<\/a>\n\t\t\t\t\t<\/div>\n\n\t\t\t\t\t<div id=\"elementor-tab-content-2343\" class=\"elementor-tab-content elementor-clearfix\" data-tab=\"3\" role=\"region\" aria-labelledby=\"elementor-tab-title-2343\"><h4><img loading=\"lazy\" decoding=\"async\" class=\"wp-image-9149 size-full alignnone\" src=\"https:\/\/www.pernova.ee\/oppe\/wp-content\/uploads\/2021\/01\/murakas_25px.png\" alt=\"\" width=\"25\" height=\"25\" \/><\/h4><h4>Alates aastast 2019 annab Eesti Keskkonnahariduse \u00dching v\u00e4lja kvaliteedi m\u00e4rki MURAKAS<\/h4><p>Pernova\u00a0keskkonnahariduslike \u00f5ppeprogrammide valik on lai ja mitmekesine, n\u00fc\u00fcd aitab programmide seast teadlikumaid valikuid teha\u00a0Eesti Keskkonnahariduse ekspertide hinnatud programmide Muraka m\u00e4rgistus.\u00a0See on l\u00e4bim\u00f5eldud programm \u2013 selline m\u00e4rgis n\u00e4itab, et programm on igak\u00fclgselt l\u00e4bi m\u00f5eldud ning \u00f5pilaste \u00f5ppek\u00e4iguks\u00a0h\u00e4sti ette valmistatud.\u00a0<\/p><p>\u00d5ppeprogrammide kirjelduste kvaliteedi hindamine viiakse l\u00e4bi Eesti keskkonnahariduse ekspertide koost\u00f6\u00f6s valminud juhendi alusel. Hindamise viivad l\u00e4bi Eesti Keskkonnahariduse \u00dchingu vastava koolituse l\u00e4binud eksperdid.\u00a0<\/p><p>M\u00e4rgis on v\u00e4lja t\u00f6\u00f6tatud koost\u00f6\u00f6s EV Keskkonnaministeeriumi ja EV Haridus- ja Teadusministeeriumiga vastavalt Eesti keskkonnahariduse ja \u2013teadlikkuse tegevuskavale 2018-2022. M\u00e4rgise tutvustuse leiab aadressilt:\u00a0\u00a0<a href=\"https:\/\/www.ekhyhing.ee\/tegevused\/kvaliteedi-tagamine\/kvaliteedimargis\">https:\/\/www.ekhyhing.ee\/tegevused\/kvaliteedi-tagamine\/kvaliteedimargis<\/a><\/p><p>Eesti Keskkonnahariduse \u00dching t\u00f5endab, et Pernova Hariduskeskuse 67-le \u00f5ppeprogrammile on\u00a0 v\u00e4lja antud keskkonnaharidusliku \u00f5ppeprogrammi kirjelduse kvaliteeti t\u00f5endavat m\u00e4rgist \u201eL\u00e4bim\u00f5eldud programm\u201c.<\/p><p>Dokumentidega tutvuda saab\u00a0<a href=\"http:\/\/www.pernova.ee\/oppe-2023\/wp-content\/uploads\/2021\/04\/Pernova-Hariduskeskus_murakas.pdf\" target=\"_blank\" rel=\"noreferrer noopener\" data-wplink-edit=\"true\"><strong>siin.<\/strong><\/a><\/p><\/div>\n\t\t\t\t<\/div>\n\t\t\t\t\t\t\t\t<\/div>\n\t\t\t\t<\/div>\n\t\t\t\t<\/div>\n\t\t\t\t\t\t<\/div>\r\n\t\t\t\t<\/div>\r\n\t\t\t\t\t\t\t\t<\/div>\r\n\t\t\t<\/section>\r\n\t\t\t\t\t<\/div>\n\t\t","protected":false},"excerpt":{"rendered":"<p>\u00d5ppeprogramme pakume kolmes erinevas asukohas: Pernova Loodusmajas, Pernova Tehnikamajas ning Pernova Skatepargis. P\u00d5K &#8211; P\u00e4rnu linn kui \u00f5pikeskus, P\u00e4rnu linna rahastatud \u00f5ppeprogrammid P\u00d5K- programm on \u00fclelinnaline huvikoolide, \u00fcldhariduskoolide ja linna territooriumil tegutsevate asutuste koost\u00f6\u00f6programm, mille eesm\u00e4rgiks on l\u00f5imida formaalset ja mitteformaalset \u00f5pet, kaasates sellesse protsessi erinevaid koost\u00f6\u00f6partnereid, kes soovivad kaasa l\u00fc\u00fca kooli\u00f5ppekava rikastamisel ja aitavad [&hellip;]<\/p>\n","protected":false},"author":1,"featured_media":0,"parent":0,"menu_order":0,"comment_status":"closed","ping_status":"closed","template":"","meta":{"footnotes":""},"class_list":["post-9733","page","type-page","status-publish","hentry"],"_links":{"self":[{"href":"https:\/\/www.pernova.ee\/oppe\/wp-json\/wp\/v2\/pages\/9733","targetHints":{"allow":["GET"]}}],"collection":[{"href":"https:\/\/www.pernova.ee\/oppe\/wp-json\/wp\/v2\/pages"}],"about":[{"href":"https:\/\/www.pernova.ee\/oppe\/wp-json\/wp\/v2\/types\/page"}],"author":[{"embeddable":true,"href":"https:\/\/www.pernova.ee\/oppe\/wp-json\/wp\/v2\/users\/1"}],"replies":[{"embeddable":true,"href":"https:\/\/www.pernova.ee\/oppe\/wp-json\/wp\/v2\/comments?post=9733"}],"version-history":[{"count":31,"href":"https:\/\/www.pernova.ee\/oppe\/wp-json\/wp\/v2\/pages\/9733\/revisions"}],"predecessor-version":[{"id":10357,"href":"https:\/\/www.pernova.ee\/oppe\/wp-json\/wp\/v2\/pages\/9733\/revisions\/10357"}],"wp:attachment":[{"href":"https:\/\/www.pernova.ee\/oppe\/wp-json\/wp\/v2\/media?parent=9733"}],"curies":[{"name":"wp","href":"https:\/\/api.w.org\/{rel}","templated":true}]}}