{"id":9817,"date":"2023-03-09T10:59:17","date_gmt":"2023-03-09T08:59:17","guid":{"rendered":"https:\/\/www.pernova.ee\/oppe-2023\/?page_id=9817"},"modified":"2023-08-21T14:34:43","modified_gmt":"2023-08-21T11:34:43","slug":"kkk","status":"publish","type":"page","link":"https:\/\/www.pernova.ee\/oppe\/kkk\/","title":{"rendered":"KKK"},"content":{"rendered":"\t\t<div data-elementor-type=\"wp-page\" data-elementor-id=\"9817\" class=\"elementor elementor-9817\" data-elementor-post-type=\"page\">\n\t\t\t\t\t\t<section class=\" elementor-section elementor-top-section elementor-element elementor-element-47d9058 elementor-section-boxed elementor-section-height-default elementor-section-height-default smart-sticky-default\" data-id=\"47d9058\" data-element_type=\"section\">\r\n\t\t\t\t\t\t\t\t<div class=\"elementor-container elementor-column-gap-default\">\r\n\t\t\t\t\r\n\t\t\t\t\t\t\t\t<div class=\" elementor-column elementor-col-100 elementor-top-column elementor-element elementor-element-6f024fc \" data-id=\"6f024fc\" data-element_type=\"column\">\r\n\r\n\t\t\t\t\r\n\t\t\t\t<div class=\"elementor-widget-wrap elementor-element-populated\">\r\n\t\t\t\t\t\t\t\t\t\t\r\n\t\t\t\t\t\t<div class=\"elementor-element elementor-element-9283f7b elementor-widget elementor-widget-text-editor\" data-id=\"9283f7b\" data-element_type=\"widget\" data-widget_type=\"text-editor.default\">\n\t\t\t\t<div class=\"elementor-widget-container\">\n\t\t\t\t\t\t\t<p>Siia on v\u00e4lja toodud enim k\u00fcsitud k\u00fcsimused \u00f5ppeprogrammide kohta kui antud k\u00fcsimuste loetelu sobivaid vastuseid ei anna siis v\u00f5ib julgelt oma soovi ja k\u00fcsimusega p\u00f6\u00f6rduda Pernova Hariduskeskuse programmijuhi poole, v\u00f5ta \u00fchendust <a href=\"https:\/\/www.pernova.ee\/oppe\/kontakt\/\">siit<\/a>.<\/p>\t\t\t\t\t\t<\/div>\n\t\t\t\t<\/div>\n\t\t\t\t<div class=\"elementor-element elementor-element-1570b18 elementor-widget elementor-widget-accordion\" data-id=\"1570b18\" data-element_type=\"widget\" data-widget_type=\"accordion.default\">\n\t\t\t\t<div class=\"elementor-widget-container\">\n\t\t\t\t\t<div class=\"elementor-accordion\">\n\t\t\t\t\t\t\t<div class=\"elementor-accordion-item\">\n\t\t\t\t\t<div id=\"elementor-tab-title-2241\" class=\"elementor-tab-title\" data-tab=\"1\" role=\"button\" aria-controls=\"elementor-tab-content-2241\" aria-expanded=\"false\">\n\t\t\t\t\t\t\t\t\t\t\t\t\t<span class=\"elementor-accordion-icon elementor-accordion-icon-left\" aria-hidden=\"true\">\n\t\t\t\t\t\t\t\t\t\t\t\t\t\t\t<span class=\"elementor-accordion-icon-closed\"><i class=\"fas fa-plus\"><\/i><\/span>\n\t\t\t\t\t\t\t\t<span class=\"elementor-accordion-icon-opened\"><i class=\"fas fa-minus\"><\/i><\/span>\n\t\t\t\t\t\t\t\t\t\t\t\t\t\t<\/span>\n\t\t\t\t\t\t\t\t\t\t\t\t<a class=\"elementor-accordion-title\" tabindex=\"0\">1. Mitu \u00f5pilast v\u00f5ib \u00fchele programmile korraga tulla?<\/a>\n\t\t\t\t\t<\/div>\n\t\t\t\t\t<div id=\"elementor-tab-content-2241\" class=\"elementor-tab-content elementor-clearfix\" data-tab=\"1\" role=\"region\" aria-labelledby=\"elementor-tab-title-2241\">Grupi suurus v\u00f5ib olla 12- 24 \u00f5pilast (m\u00f5ned programmid kuni 26-le \u00f5pilasele). Labori \u00f5ppeprogrammidesse mahub korraga 12 \u00f5pilast.<\/div>\n\t\t\t\t<\/div>\n\t\t\t\t\t\t\t<div class=\"elementor-accordion-item\">\n\t\t\t\t\t<div id=\"elementor-tab-title-2242\" class=\"elementor-tab-title\" data-tab=\"2\" role=\"button\" aria-controls=\"elementor-tab-content-2242\" aria-expanded=\"false\">\n\t\t\t\t\t\t\t\t\t\t\t\t\t<span class=\"elementor-accordion-icon elementor-accordion-icon-left\" aria-hidden=\"true\">\n\t\t\t\t\t\t\t\t\t\t\t\t\t\t\t<span class=\"elementor-accordion-icon-closed\"><i class=\"fas fa-plus\"><\/i><\/span>\n\t\t\t\t\t\t\t\t<span class=\"elementor-accordion-icon-opened\"><i class=\"fas fa-minus\"><\/i><\/span>\n\t\t\t\t\t\t\t\t\t\t\t\t\t\t<\/span>\n\t\t\t\t\t\t\t\t\t\t\t\t<a class=\"elementor-accordion-title\" tabindex=\"0\">2. Kas peale eesti keele viite l\u00e4bi ka teistes keeltes \u00f5ppeprogramme?<\/a>\n\t\t\t\t\t<\/div>\n\t\t\t\t\t<div id=\"elementor-tab-content-2242\" class=\"elementor-tab-content elementor-clearfix\" data-tab=\"2\" role=\"region\" aria-labelledby=\"elementor-tab-title-2242\">\u00d5ppekeel Pernova \u00f5ppeprogrammides on eesti keel.<\/div>\n\t\t\t\t<\/div>\n\t\t\t\t\t\t\t<div class=\"elementor-accordion-item\">\n\t\t\t\t\t<div id=\"elementor-tab-title-2243\" class=\"elementor-tab-title\" data-tab=\"3\" role=\"button\" aria-controls=\"elementor-tab-content-2243\" aria-expanded=\"false\">\n\t\t\t\t\t\t\t\t\t\t\t\t\t<span class=\"elementor-accordion-icon elementor-accordion-icon-left\" aria-hidden=\"true\">\n\t\t\t\t\t\t\t\t\t\t\t\t\t\t\t<span class=\"elementor-accordion-icon-closed\"><i class=\"fas fa-plus\"><\/i><\/span>\n\t\t\t\t\t\t\t\t<span class=\"elementor-accordion-icon-opened\"><i class=\"fas fa-minus\"><\/i><\/span>\n\t\t\t\t\t\t\t\t\t\t\t\t\t\t<\/span>\n\t\t\t\t\t\t\t\t\t\t\t\t<a class=\"elementor-accordion-title\" tabindex=\"0\">3. Kui pikk on \u00f5ppeprogramm ajaliselt?<\/a>\n\t\t\t\t\t<\/div>\n\t\t\t\t\t<div id=\"elementor-tab-content-2243\" class=\"elementor-tab-content elementor-clearfix\" data-tab=\"3\" role=\"region\" aria-labelledby=\"elementor-tab-title-2243\">Enamus \u00f5ppeprogrammide kestvus on 2 akadeemilist tundi, ehk 2&#215;45 minutit, \u00f5ppeprogrammid, mida viiakse l\u00e4bi majast v\u00e4ljaspool v\u00f5ivad kesta ka 3&#215;45 minutit. Lasteaedade \u00f5ppeprogrammid v\u00f5ivad olla kokkuleppel ajaliselt l\u00fchemad.<\/div>\n\t\t\t\t<\/div>\n\t\t\t\t\t\t\t<div class=\"elementor-accordion-item\">\n\t\t\t\t\t<div id=\"elementor-tab-title-2244\" class=\"elementor-tab-title\" data-tab=\"4\" role=\"button\" aria-controls=\"elementor-tab-content-2244\" aria-expanded=\"false\">\n\t\t\t\t\t\t\t\t\t\t\t\t\t<span class=\"elementor-accordion-icon elementor-accordion-icon-left\" aria-hidden=\"true\">\n\t\t\t\t\t\t\t\t\t\t\t\t\t\t\t<span class=\"elementor-accordion-icon-closed\"><i class=\"fas fa-plus\"><\/i><\/span>\n\t\t\t\t\t\t\t\t<span class=\"elementor-accordion-icon-opened\"><i class=\"fas fa-minus\"><\/i><\/span>\n\t\t\t\t\t\t\t\t\t\t\t\t\t\t<\/span>\n\t\t\t\t\t\t\t\t\t\t\t\t<a class=\"elementor-accordion-title\" tabindex=\"0\">4. Kui palju maksab \u00f5ppeprogramm?<\/a>\n\t\t\t\t\t<\/div>\n\t\t\t\t\t<div id=\"elementor-tab-content-2244\" class=\"elementor-tab-content elementor-clearfix\" data-tab=\"4\" role=\"region\" aria-labelledby=\"elementor-tab-title-2244\"><p>\u00d5ppeprogrammide hinnakiri on k\u00e4ttesaadav <a href=\"https:\/\/www.pernova.ee\/oppe\/hinnakiri\/\">siit<\/a>.<\/p><\/div>\n\t\t\t\t<\/div>\n\t\t\t\t\t\t\t<div class=\"elementor-accordion-item\">\n\t\t\t\t\t<div id=\"elementor-tab-title-2245\" class=\"elementor-tab-title\" data-tab=\"5\" role=\"button\" aria-controls=\"elementor-tab-content-2245\" aria-expanded=\"false\">\n\t\t\t\t\t\t\t\t\t\t\t\t\t<span class=\"elementor-accordion-icon elementor-accordion-icon-left\" aria-hidden=\"true\">\n\t\t\t\t\t\t\t\t\t\t\t\t\t\t\t<span class=\"elementor-accordion-icon-closed\"><i class=\"fas fa-plus\"><\/i><\/span>\n\t\t\t\t\t\t\t\t<span class=\"elementor-accordion-icon-opened\"><i class=\"fas fa-minus\"><\/i><\/span>\n\t\t\t\t\t\t\t\t\t\t\t\t\t\t<\/span>\n\t\t\t\t\t\t\t\t\t\t\t\t<a class=\"elementor-accordion-title\" tabindex=\"0\">5. Kas erinevaid \u00f5ppeprogramme samal ajal on v\u00f5imalik l\u00e4bi viia?<\/a>\n\t\t\t\t\t<\/div>\n\t\t\t\t\t<div id=\"elementor-tab-content-2245\" class=\"elementor-tab-content elementor-clearfix\" data-tab=\"5\" role=\"region\" aria-labelledby=\"elementor-tab-title-2245\"><p>Mitmeid erinevaid \u00f5ppeprogramme on v\u00f5imalik komplekteerida selliselt, et saame samaaegselt kahte programmi l\u00e4bi viia, soovi korral erikokkulepped ja hinnapakkumised, kontakti leiad <a href=\"https:\/\/www.pernova.ee\/oppe\/kontakt\/\">siit<\/a>.<\/p><\/div>\n\t\t\t\t<\/div>\n\t\t\t\t\t\t\t<div class=\"elementor-accordion-item\">\n\t\t\t\t\t<div id=\"elementor-tab-title-2246\" class=\"elementor-tab-title\" data-tab=\"6\" role=\"button\" aria-controls=\"elementor-tab-content-2246\" aria-expanded=\"false\">\n\t\t\t\t\t\t\t\t\t\t\t\t\t<span class=\"elementor-accordion-icon elementor-accordion-icon-left\" aria-hidden=\"true\">\n\t\t\t\t\t\t\t\t\t\t\t\t\t\t\t<span class=\"elementor-accordion-icon-closed\"><i class=\"fas fa-plus\"><\/i><\/span>\n\t\t\t\t\t\t\t\t<span class=\"elementor-accordion-icon-opened\"><i class=\"fas fa-minus\"><\/i><\/span>\n\t\t\t\t\t\t\t\t\t\t\t\t\t\t<\/span>\n\t\t\t\t\t\t\t\t\t\t\t\t<a class=\"elementor-accordion-title\" tabindex=\"0\">6. Kas enne \u00f5ppeprogrammil osalemist on vaja edastada garantiikiri?<\/a>\n\t\t\t\t\t<\/div>\n\t\t\t\t\t<div id=\"elementor-tab-content-2246\" class=\"elementor-tab-content elementor-clearfix\" data-tab=\"6\" role=\"region\" aria-labelledby=\"elementor-tab-title-2246\">Garantiikirju ei ole vaja saata kuid enne \u00f5ppeprogrammil osalemist palume edastada arveldamiseks andmed.<\/div>\n\t\t\t\t<\/div>\n\t\t\t\t\t\t\t<div class=\"elementor-accordion-item\">\n\t\t\t\t\t<div id=\"elementor-tab-title-2247\" class=\"elementor-tab-title\" data-tab=\"7\" role=\"button\" aria-controls=\"elementor-tab-content-2247\" aria-expanded=\"false\">\n\t\t\t\t\t\t\t\t\t\t\t\t\t<span class=\"elementor-accordion-icon elementor-accordion-icon-left\" aria-hidden=\"true\">\n\t\t\t\t\t\t\t\t\t\t\t\t\t\t\t<span class=\"elementor-accordion-icon-closed\"><i class=\"fas fa-plus\"><\/i><\/span>\n\t\t\t\t\t\t\t\t<span class=\"elementor-accordion-icon-opened\"><i class=\"fas fa-minus\"><\/i><\/span>\n\t\t\t\t\t\t\t\t\t\t\t\t\t\t<\/span>\n\t\t\t\t\t\t\t\t\t\t\t\t<a class=\"elementor-accordion-title\" tabindex=\"0\">7. Kui pikalt peab \u00f5ppeprogramme ette broneerima?<\/a>\n\t\t\t\t\t<\/div>\n\t\t\t\t\t<div id=\"elementor-tab-content-2247\" class=\"elementor-tab-content elementor-clearfix\" data-tab=\"7\" role=\"region\" aria-labelledby=\"elementor-tab-title-2247\">T\u00e4pne kuup\u00e4ev registreerida v\u00e4hemalt 2 kuud enne planeeritavat \u00f5ppeprogrammi algust, siis on v\u00f5imalik leida m\u00f5lemale poolele sobiv kuup\u00e4ev ja kellaaeg. \n<\/div>\n\t\t\t\t<\/div>\n\t\t\t\t\t\t\t<div class=\"elementor-accordion-item\">\n\t\t\t\t\t<div id=\"elementor-tab-title-2248\" class=\"elementor-tab-title\" data-tab=\"8\" role=\"button\" aria-controls=\"elementor-tab-content-2248\" aria-expanded=\"false\">\n\t\t\t\t\t\t\t\t\t\t\t\t\t<span class=\"elementor-accordion-icon elementor-accordion-icon-left\" aria-hidden=\"true\">\n\t\t\t\t\t\t\t\t\t\t\t\t\t\t\t<span class=\"elementor-accordion-icon-closed\"><i class=\"fas fa-plus\"><\/i><\/span>\n\t\t\t\t\t\t\t\t<span class=\"elementor-accordion-icon-opened\"><i class=\"fas fa-minus\"><\/i><\/span>\n\t\t\t\t\t\t\t\t\t\t\t\t\t\t<\/span>\n\t\t\t\t\t\t\t\t\t\t\t\t<a class=\"elementor-accordion-title\" tabindex=\"0\">8. Kui vanad lapsed on oodatud lasteaedade \u00f5ppeprogrammidele?<\/a>\n\t\t\t\t\t<\/div>\n\t\t\t\t\t<div id=\"elementor-tab-content-2248\" class=\"elementor-tab-content elementor-clearfix\" data-tab=\"8\" role=\"region\" aria-labelledby=\"elementor-tab-title-2248\">Lasteaedade \u00f5ppeprogrammide sisu on loodud kooli minevate laste vanusele, ehk laps tunneb juba veidi t\u00e4hti, suudab keskenduda ja juhiseid kuulata. Pisemate lastega soovitame tulla kerakinno filme vaatama. <\/div>\n\t\t\t\t<\/div>\n\t\t\t\t\t\t\t<div class=\"elementor-accordion-item\">\n\t\t\t\t\t<div id=\"elementor-tab-title-2249\" class=\"elementor-tab-title\" data-tab=\"9\" role=\"button\" aria-controls=\"elementor-tab-content-2249\" aria-expanded=\"false\">\n\t\t\t\t\t\t\t\t\t\t\t\t\t<span class=\"elementor-accordion-icon elementor-accordion-icon-left\" aria-hidden=\"true\">\n\t\t\t\t\t\t\t\t\t\t\t\t\t\t\t<span class=\"elementor-accordion-icon-closed\"><i class=\"fas fa-plus\"><\/i><\/span>\n\t\t\t\t\t\t\t\t<span class=\"elementor-accordion-icon-opened\"><i class=\"fas fa-minus\"><\/i><\/span>\n\t\t\t\t\t\t\t\t\t\t\t\t\t\t<\/span>\n\t\t\t\t\t\t\t\t\t\t\t\t<a class=\"elementor-accordion-title\" tabindex=\"0\">9. Mida peab \u00f5ppeprogrammile kaasa v\u00f5tma?<\/a>\n\t\t\t\t\t<\/div>\n\t\t\t\t\t<div id=\"elementor-tab-content-2249\" class=\"elementor-tab-content elementor-clearfix\" data-tab=\"9\" role=\"region\" aria-labelledby=\"elementor-tab-title-2249\">K\u00f5igilt gruppidelt ootame, et oleks kaasas nii \u00f5petajal kui \u00f5pilastel vahetusjalatsid.<\/div>\n\t\t\t\t<\/div>\n\t\t\t\t\t\t\t<div class=\"elementor-accordion-item\">\n\t\t\t\t\t<div id=\"elementor-tab-title-22410\" class=\"elementor-tab-title\" data-tab=\"10\" role=\"button\" aria-controls=\"elementor-tab-content-22410\" aria-expanded=\"false\">\n\t\t\t\t\t\t\t\t\t\t\t\t\t<span class=\"elementor-accordion-icon elementor-accordion-icon-left\" aria-hidden=\"true\">\n\t\t\t\t\t\t\t\t\t\t\t\t\t\t\t<span class=\"elementor-accordion-icon-closed\"><i class=\"fas fa-plus\"><\/i><\/span>\n\t\t\t\t\t\t\t\t<span class=\"elementor-accordion-icon-opened\"><i class=\"fas fa-minus\"><\/i><\/span>\n\t\t\t\t\t\t\t\t\t\t\t\t\t\t<\/span>\n\t\t\t\t\t\t\t\t\t\t\t\t<a class=\"elementor-accordion-title\" tabindex=\"0\">10. Kas \u00f5ppeprogrammi eest saab kohapeal tasuda v\u00f5i hiljem arvega?<\/a>\n\t\t\t\t\t<\/div>\n\t\t\t\t\t<div id=\"elementor-tab-content-22410\" class=\"elementor-tab-content elementor-clearfix\" data-tab=\"10\" role=\"region\" aria-labelledby=\"elementor-tab-title-22410\">\u00d5ppeprogrammi eest on v\u00f5imalik tasuda kohapeal nii kaardiga kui sularahas v\u00f5i soovi korral ka arvega peale \u00f5ppeprogrammi toimumist.<\/div>\n\t\t\t\t<\/div>\n\t\t\t\t\t\t\t\t\t\t<script type=\"application\/ld+json\">{\"@context\":\"https:\\\/\\\/schema.org\",\"@type\":\"FAQPage\",\"mainEntity\":[{\"@type\":\"Question\",\"name\":\"1. Mitu \\u00f5pilast v\\u00f5ib \\u00fchele programmile korraga tulla?\",\"acceptedAnswer\":{\"@type\":\"Answer\",\"text\":\"Grupi suurus v\\u00f5ib olla 12- 24 \\u00f5pilast (m\\u00f5ned programmid kuni 26-le \\u00f5pilasele). Labori \\u00f5ppeprogrammidesse mahub korraga 12 \\u00f5pilast.\"}},{\"@type\":\"Question\",\"name\":\"2. Kas peale eesti keele viite l\\u00e4bi ka teistes keeltes \\u00f5ppeprogramme?\",\"acceptedAnswer\":{\"@type\":\"Answer\",\"text\":\"\\u00d5ppekeel Pernova \\u00f5ppeprogrammides on eesti keel.\"}},{\"@type\":\"Question\",\"name\":\"3. Kui pikk on \\u00f5ppeprogramm ajaliselt?\",\"acceptedAnswer\":{\"@type\":\"Answer\",\"text\":\"Enamus \\u00f5ppeprogrammide kestvus on 2 akadeemilist tundi, ehk 2&#215;45 minutit, \\u00f5ppeprogrammid, mida viiakse l\\u00e4bi majast v\\u00e4ljaspool v\\u00f5ivad kesta ka 3&#215;45 minutit. Lasteaedade \\u00f5ppeprogrammid v\\u00f5ivad olla kokkuleppel ajaliselt l\\u00fchemad.\"}},{\"@type\":\"Question\",\"name\":\"4. Kui palju maksab \\u00f5ppeprogramm?\",\"acceptedAnswer\":{\"@type\":\"Answer\",\"text\":\"<p>\\u00d5ppeprogrammide hinnakiri on k\\u00e4ttesaadav <a href=\\\"https:\\\/\\\/www.pernova.ee\\\/oppe\\\/hinnakiri\\\/\\\">siit<\\\/a>.<\\\/p>\"}},{\"@type\":\"Question\",\"name\":\"5. Kas erinevaid \\u00f5ppeprogramme samal ajal on v\\u00f5imalik l\\u00e4bi viia?\",\"acceptedAnswer\":{\"@type\":\"Answer\",\"text\":\"<p>Mitmeid erinevaid \\u00f5ppeprogramme on v\\u00f5imalik komplekteerida selliselt, et saame samaaegselt kahte programmi l\\u00e4bi viia, soovi korral erikokkulepped ja hinnapakkumised, kontakti leiad <a href=\\\"https:\\\/\\\/www.pernova.ee\\\/oppe\\\/kontakt\\\/\\\">siit<\\\/a>.<\\\/p>\"}},{\"@type\":\"Question\",\"name\":\"6. Kas enne \\u00f5ppeprogrammil osalemist on vaja edastada garantiikiri?\",\"acceptedAnswer\":{\"@type\":\"Answer\",\"text\":\"Garantiikirju ei ole vaja saata kuid enne \\u00f5ppeprogrammil osalemist palume edastada arveldamiseks andmed.\"}},{\"@type\":\"Question\",\"name\":\"7. Kui pikalt peab \\u00f5ppeprogramme ette broneerima?\",\"acceptedAnswer\":{\"@type\":\"Answer\",\"text\":\"T\\u00e4pne kuup\\u00e4ev registreerida v\\u00e4hemalt 2 kuud enne planeeritavat \\u00f5ppeprogrammi algust, siis on v\\u00f5imalik leida m\\u00f5lemale poolele sobiv kuup\\u00e4ev ja kellaaeg. \\n\"}},{\"@type\":\"Question\",\"name\":\"8. Kui vanad lapsed on oodatud lasteaedade \\u00f5ppeprogrammidele?\",\"acceptedAnswer\":{\"@type\":\"Answer\",\"text\":\"Lasteaedade \\u00f5ppeprogrammide sisu on loodud kooli minevate laste vanusele, ehk laps tunneb juba veidi t\\u00e4hti, suudab keskenduda ja juhiseid kuulata. Pisemate lastega soovitame tulla kerakinno filme vaatama. \"}},{\"@type\":\"Question\",\"name\":\"9. Mida peab \\u00f5ppeprogrammile kaasa v\\u00f5tma?\",\"acceptedAnswer\":{\"@type\":\"Answer\",\"text\":\"K\\u00f5igilt gruppidelt ootame, et oleks kaasas nii \\u00f5petajal kui \\u00f5pilastel vahetusjalatsid.\"}},{\"@type\":\"Question\",\"name\":\"10. Kas \\u00f5ppeprogrammi eest saab kohapeal tasuda v\\u00f5i hiljem arvega?\",\"acceptedAnswer\":{\"@type\":\"Answer\",\"text\":\"\\u00d5ppeprogrammi eest on v\\u00f5imalik tasuda kohapeal nii kaardiga kui sularahas v\\u00f5i soovi korral ka arvega peale \\u00f5ppeprogrammi toimumist.\"}}]}<\/script>\n\t\t\t\t\t<\/div>\n\t\t\t\t<\/div>\n\t\t\t\t<\/div>\n\t\t\t\t\t\t<\/div>\r\n\t\t\t\t<\/div>\r\n\t\t\t\t\t\t\t\t<\/div>\r\n\t\t\t<\/section>\r\n\t\t\t\t\t<\/div>\n\t\t","protected":false},"excerpt":{"rendered":"<p>Siia on v\u00e4lja toodud enim k\u00fcsitud k\u00fcsimused \u00f5ppeprogrammide kohta kui antud k\u00fcsimuste loetelu sobivaid vastuseid ei anna siis v\u00f5ib julgelt oma soovi ja k\u00fcsimusega p\u00f6\u00f6rduda Pernova Hariduskeskuse programmijuhi poole, v\u00f5ta \u00fchendust siit. 1. Mitu \u00f5pilast v\u00f5ib \u00fchele programmile korraga tulla? Grupi suurus v\u00f5ib olla 12- 24 \u00f5pilast (m\u00f5ned programmid kuni 26-le \u00f5pilasele). Labori \u00f5ppeprogrammidesse mahub [&hellip;]<\/p>\n","protected":false},"author":1,"featured_media":0,"parent":0,"menu_order":0,"comment_status":"closed","ping_status":"closed","template":"","meta":{"footnotes":""},"class_list":["post-9817","page","type-page","status-publish","hentry"],"_links":{"self":[{"href":"https:\/\/www.pernova.ee\/oppe\/wp-json\/wp\/v2\/pages\/9817","targetHints":{"allow":["GET"]}}],"collection":[{"href":"https:\/\/www.pernova.ee\/oppe\/wp-json\/wp\/v2\/pages"}],"about":[{"href":"https:\/\/www.pernova.ee\/oppe\/wp-json\/wp\/v2\/types\/page"}],"author":[{"embeddable":true,"href":"https:\/\/www.pernova.ee\/oppe\/wp-json\/wp\/v2\/users\/1"}],"replies":[{"embeddable":true,"href":"https:\/\/www.pernova.ee\/oppe\/wp-json\/wp\/v2\/comments?post=9817"}],"version-history":[{"count":19,"href":"https:\/\/www.pernova.ee\/oppe\/wp-json\/wp\/v2\/pages\/9817\/revisions"}],"predecessor-version":[{"id":10360,"href":"https:\/\/www.pernova.ee\/oppe\/wp-json\/wp\/v2\/pages\/9817\/revisions\/10360"}],"wp:attachment":[{"href":"https:\/\/www.pernova.ee\/oppe\/wp-json\/wp\/v2\/media?parent=9817"}],"curies":[{"name":"wp","href":"https:\/\/api.w.org\/{rel}","templated":true}]}}