{"id":9994,"date":"2023-03-27T11:47:38","date_gmt":"2023-03-27T08:47:38","guid":{"rendered":"https:\/\/www.pernova.ee\/oppe-2023\/?page_id=9994"},"modified":"2024-12-12T14:44:45","modified_gmt":"2024-12-12T12:44:45","slug":"programmide-toimumise-ajad","status":"publish","type":"page","link":"https:\/\/www.pernova.ee\/oppe\/programmide-toimumise-ajad\/","title":{"rendered":"Programmide toimumise ajad"},"content":{"rendered":"\t\t<div data-elementor-type=\"wp-page\" data-elementor-id=\"9994\" class=\"elementor elementor-9994\" data-elementor-post-type=\"page\">\n\t\t\t\t\t\t<section class=\" elementor-section elementor-top-section elementor-element elementor-element-4142519 elementor-section-boxed elementor-section-height-default elementor-section-height-default smart-sticky-default\" data-id=\"4142519\" data-element_type=\"section\">\r\n\t\t\t\t\t\t\t\t<div class=\"elementor-container elementor-column-gap-default\">\r\n\t\t\t\t\r\n\t\t\t\t\t\t\t\t<div class=\" elementor-column elementor-col-100 elementor-top-column elementor-element elementor-element-ca45f54 \" data-id=\"ca45f54\" data-element_type=\"column\">\r\n\r\n\t\t\t\t\r\n\t\t\t\t<div class=\"elementor-widget-wrap elementor-element-populated\">\r\n\t\t\t\t\t\t\t\t\t\t\r\n\t\t\t\t\t\t<div class=\"elementor-element elementor-element-bb63c7c elementor-widget elementor-widget-text-editor\" data-id=\"bb63c7c\" data-element_type=\"widget\" data-widget_type=\"text-editor.default\">\n\t\t\t\t<div class=\"elementor-widget-container\">\n\t\t\t\t\t\t\t<p>\u00d5ppeprogrammide toimumise kellaajad on j\u00e4rgmised:<\/p><ul><li>08.30- 10.00<\/li><\/ul><ul><li>11.00- 12.30<\/li><\/ul><ul><li>13.30- 15.00<\/li><\/ul><p>Palume \u00f5ppeprogrammide broneerimisel arvestada, et:<\/p><ul><li>keemia \u00f5ppeprogramme saame pakkuda esmasp\u00e4eviti ja reedeti<\/li><\/ul><ul><li>astronoomia \u00f5ppeprogramme saame pakkuda kolmap\u00e4evast reedeni<\/li><\/ul>\t\t\t\t\t\t<\/div>\n\t\t\t\t<\/div>\n\t\t\t\t\t\t<\/div>\r\n\t\t\t\t<\/div>\r\n\t\t\t\t\t\t\t\t<\/div>\r\n\t\t\t<\/section>\r\n\t\t\t\t\t<\/div>\n\t\t","protected":false},"excerpt":{"rendered":"<p>\u00d5ppeprogrammide toimumise kellaajad on j\u00e4rgmised: 08.30- 10.00 11.00- 12.30 13.30- 15.00 Palume \u00f5ppeprogrammide broneerimisel arvestada, et: keemia \u00f5ppeprogramme saame pakkuda esmasp\u00e4eviti ja reedeti astronoomia \u00f5ppeprogramme saame pakkuda kolmap\u00e4evast reedeni<\/p>\n","protected":false},"author":7,"featured_media":0,"parent":0,"menu_order":0,"comment_status":"closed","ping_status":"closed","template":"","meta":{"footnotes":""},"class_list":["post-9994","page","type-page","status-publish","hentry"],"_links":{"self":[{"href":"https:\/\/www.pernova.ee\/oppe\/wp-json\/wp\/v2\/pages\/9994","targetHints":{"allow":["GET"]}}],"collection":[{"href":"https:\/\/www.pernova.ee\/oppe\/wp-json\/wp\/v2\/pages"}],"about":[{"href":"https:\/\/www.pernova.ee\/oppe\/wp-json\/wp\/v2\/types\/page"}],"author":[{"embeddable":true,"href":"https:\/\/www.pernova.ee\/oppe\/wp-json\/wp\/v2\/users\/7"}],"replies":[{"embeddable":true,"href":"https:\/\/www.pernova.ee\/oppe\/wp-json\/wp\/v2\/comments?post=9994"}],"version-history":[{"count":7,"href":"https:\/\/www.pernova.ee\/oppe\/wp-json\/wp\/v2\/pages\/9994\/revisions"}],"predecessor-version":[{"id":10639,"href":"https:\/\/www.pernova.ee\/oppe\/wp-json\/wp\/v2\/pages\/9994\/revisions\/10639"}],"wp:attachment":[{"href":"https:\/\/www.pernova.ee\/oppe\/wp-json\/wp\/v2\/media?parent=9994"}],"curies":[{"name":"wp","href":"https:\/\/api.w.org\/{rel}","templated":true}]}}