{"id":172,"date":"2023-02-14T15:49:28","date_gmt":"2023-02-14T13:49:28","guid":{"rendered":"https:\/\/www.pernova.ee\/smartpark\/?page_id=172"},"modified":"2024-04-08T13:33:01","modified_gmt":"2024-04-08T11:33:01","slug":"materjalid","status":"publish","type":"page","link":"https:\/\/www.pernova.ee\/smartpark\/materjalid\/","title":{"rendered":"Materjalid"},"content":{"rendered":"\t\t<div data-elementor-type=\"wp-page\" data-elementor-id=\"172\" class=\"elementor elementor-172\">\n\t\t\t\t\t\t<section class=\"elementor-section elementor-top-section elementor-element elementor-element-32f8271b elementor-section-content-middle elementor-section-full_width elementor-reverse-mobile elementor-section-height-default elementor-section-height-default\" data-id=\"32f8271b\" data-element_type=\"section\" data-e-type=\"section\">\n\t\t\t\t\t\t<div class=\"elementor-container elementor-column-gap-no\">\n\t\t\t\t\t<div class=\"elementor-column elementor-col-50 elementor-top-column elementor-element elementor-element-5fe7935b\" data-id=\"5fe7935b\" data-element_type=\"column\" data-e-type=\"column\">\n\t\t\t<div class=\"elementor-widget-wrap elementor-element-populated\">\n\t\t\t\t\t\t<div class=\"elementor-element elementor-element-37b1d5f3 elementor-widget elementor-widget-image\" data-id=\"37b1d5f3\" data-element_type=\"widget\" data-e-type=\"widget\" data-widget_type=\"image.default\">\n\t\t\t\t<div class=\"elementor-widget-container\">\n\t\t\t\t\t\t\t\t\t\t\t\t\t\t\t<img decoding=\"async\" src=\"https:\/\/www.pernova.ee\/smartpark\/wp-content\/uploads\/elementor\/thumbs\/Screenshot-2024-04-08-at-13.55.34-qmelg7yjg9d58c3b18v66gz5tudry317yxkbk2lx80.png\" title=\"pernova-kliimaraamat\" alt=\"pernova-kliimaraamat\" loading=\"lazy\" \/>\t\t\t\t\t\t\t\t\t\t\t\t\t\t\t<\/div>\n\t\t\t\t<\/div>\n\t\t\t\t\t<\/div>\n\t\t<\/div>\n\t\t\t\t<div class=\"elementor-column elementor-col-50 elementor-top-column elementor-element elementor-element-6404ca85\" data-id=\"6404ca85\" data-element_type=\"column\" data-e-type=\"column\">\n\t\t\t<div class=\"elementor-widget-wrap elementor-element-populated\">\n\t\t\t\t\t\t<div class=\"elementor-element elementor-element-4a9daf5e elementor-widget__width-initial elementor-widget elementor-widget-heading\" data-id=\"4a9daf5e\" data-element_type=\"widget\" data-e-type=\"widget\" data-widget_type=\"heading.default\">\n\t\t\t\t<div class=\"elementor-widget-container\">\n\t\t\t\t\t<h2 class=\"elementor-heading-title elementor-size-default\">Teadusp\u00f5hine \u00f5ppematerjal<\/h2>\t\t\t\t<\/div>\n\t\t\t\t<\/div>\n\t\t\t\t<div class=\"elementor-element elementor-element-4b996ec1 elementor-widget elementor-widget-text-editor\" data-id=\"4b996ec1\" data-element_type=\"widget\" data-e-type=\"widget\" data-widget_type=\"text-editor.default\">\n\t\t\t\t<div class=\"elementor-widget-container\">\n\t\t\t\t\t\t\t\t\t<p>&#8220;KLIIMA MEIE K\u00c4TES: KLIIMAMUUTUSED JA MAA&#8221;<\/p><p>\u00d5petajate k\u00e4siraamat on koostatud OCE (Office for Climate Education) meeskond ning OCE teadus- ja hariduspartnerite uurimist\u00f6\u00f6 tulemusena ja on suunatud \u00f5petajatele, kellel on kliimahariduse edasiandmisel v\u00f5tmeroll. K\u00e4siraamatu eesm\u00e4rk on toetada \u00f5petajaid kliimamuutuste \u00f5petamisel aktiiv\u00f5ppe abil, et noorematel p\u00f5lvkondadel oleksid vajalikud teadmised ja oskused kliimamuutustega seotud probleemide m\u00f5istmiseks ja nendega toimetulemisel.<\/p>\t\t\t\t\t\t\t\t<\/div>\n\t\t\t\t<\/div>\n\t\t\t\t<div class=\"elementor-element elementor-element-b244ce0 elementor-button-info elementor-widget elementor-widget-button\" data-id=\"b244ce0\" data-element_type=\"widget\" data-e-type=\"widget\" data-widget_type=\"button.default\">\n\t\t\t\t<div class=\"elementor-widget-container\">\n\t\t\t\t\t\t\t\t\t<div class=\"elementor-button-wrapper\">\n\t\t\t\t\t<a class=\"elementor-button elementor-button-link elementor-size-sm\" href=\"https:\/\/www.pernova.ee\/smartpark\/raamat\/\">\n\t\t\t\t\t\t<span class=\"elementor-button-content-wrapper\">\n\t\t\t\t\t\t\t\t\t<span class=\"elementor-button-text\">Uuri l\u00e4hemalt<\/span>\n\t\t\t\t\t<\/span>\n\t\t\t\t\t<\/a>\n\t\t\t\t<\/div>\n\t\t\t\t\t\t\t\t<\/div>\n\t\t\t\t<\/div>\n\t\t\t\t\t<\/div>\n\t\t<\/div>\n\t\t\t\t\t<\/div>\n\t\t<\/section>\n\t\t\t\t<section class=\"elementor-section elementor-top-section elementor-element elementor-element-51a035fd elementor-section-boxed elementor-section-height-default elementor-section-height-default\" data-id=\"51a035fd\" data-element_type=\"section\" data-e-type=\"section\">\n\t\t\t\t\t\t<div class=\"elementor-container elementor-column-gap-default\">\n\t\t\t\t\t<div class=\"elementor-column elementor-col-100 elementor-top-column elementor-element elementor-element-4edf9fa\" data-id=\"4edf9fa\" data-element_type=\"column\" data-e-type=\"column\">\n\t\t\t<div class=\"elementor-widget-wrap elementor-element-populated\">\n\t\t\t\t\t\t<div class=\"elementor-element elementor-element-f0cf4e9 elementor-widget elementor-widget-spacer\" data-id=\"f0cf4e9\" data-element_type=\"widget\" data-e-type=\"widget\" data-widget_type=\"spacer.default\">\n\t\t\t\t<div class=\"elementor-widget-container\">\n\t\t\t\t\t\t\t<div class=\"elementor-spacer\">\n\t\t\t<div class=\"elementor-spacer-inner\"><\/div>\n\t\t<\/div>\n\t\t\t\t\t\t<\/div>\n\t\t\t\t<\/div>\n\t\t\t\t<div class=\"elementor-element elementor-element-71aeea1b elementor-widget elementor-widget-text-editor\" data-id=\"71aeea1b\" data-element_type=\"widget\" data-e-type=\"widget\" data-widget_type=\"text-editor.default\">\n\t\t\t\t<div class=\"elementor-widget-container\">\n\t\t\t\t\t\t\t\t\t\n<h3 class=\"wp-block-heading\">TULEMUSED<\/h3>\n\n<p>\u00a0<\/p>\n<p><strong><em>V\u00e4li\u00f5ppeklassi rajamine ja kliima\u00f5ppekavade v\u00e4ljat\u00f6\u00f6tamine<\/em> <\/strong><\/p>\n<p><u>\u00d5ppeklassi hoonel<\/u> on valatud vundament ja seinad. Hetkel on k\u00e4sil lae armatuuri paigaldamine ja algamas betoonivalu. 22.12.2023 toimus pidulik nurgakivi panek. Lume, vihma ja tuule vastu on paigaldatud objekti kohale telk. K\u00fclmaga betoonit\u00f6\u00f6de kvaliteedi tagamiseks v\u00f5ttis t\u00f6\u00f6v\u00f5tja kasutusele vastavad t\u00f6\u00f6v\u00f5tted ja tegevused. Valatud osa kaeti eraldi ja hoiti selle \u00fcmbruses diiselpuhuriga pluss temperatuuri. T\u00f6\u00f6v\u00f5tja on t\u00f6\u00f6dega graafikus.<\/p>\n<p>23.05-24.05.2023 toimus <u>kliima\u00f5ppe k\u00e4siraamatu \u201cKLIIMA MEIE K\u00c4TES \u2013 kliimamuutused ja maa\u201d tutvustav koolitus <\/u>Pernova Loodusmajas. Koolitajaks oli Simon Klein (Office for Climate Education). \u00d5ppekavad on valmimisel, raamat &#8220;Maa meie k\u00e4tes&#8221; t\u00f5lgitud, hetkel k\u00e4ib t\u00e4iendav korrektuur ja peatselt l\u00e4heb tr\u00fckki.<\/p>\n<p>\u00a0<\/p>\n<p><em><strong>P\u00e4ikese- ja tuuleenergia kombineeritud kasutuselev\u00f5tt, CO2 emissiooni v\u00e4hendamine<\/strong><\/em><\/p>\n<p><u>P\u00e4ikesejaam <\/u>on valminud, paigaldatud Loodusmaja katusele 16 tk 650W p\u00e4ikesepaneeli, koos lisaseadmete ja salvestusakuga. P\u00e4ikesejaam on andmas toodangut, talvised p\u00e4ikesepaistelised ilmad on maiuspalaks.<\/p>\n<p>Soetatud on p\u00e4ikesepaneelidel t\u00f6\u00f6tavad <u>nutiseadmete laadimisjaamad<\/u> 3 tk, mis ootavad lahti pakkimiseks kevadet.<\/p>\n<p>Pernova Loodusmaja k\u00f5nnitee ja parkla<u> v\u00e4lisvalgustus <\/u>on \u00fcle viidud s\u00e4\u00e4stlike LED tehnoloogiale ja need hakkavad tarbima p\u00e4ikesejaama akusse laetavat p\u00e4ikeseenergiat.<\/p>\n<p>\u00a0<\/p>\n<p><em><strong>Soojussaare piiri v\u00e4hendav haljastustegevus<\/strong><\/em><\/p>\n<p><u>T\u00e4iendav haljastusv\u00f6\u00f6nd<\/u> on rajatud. Istutatud on 14 erinevat puu- ja p\u00f5\u00f5sa liiki.<\/p>\n<p>\u00a0<\/p>\n<p><em><strong>Sademevee kogumiss\u00fcsteemi, imb- ja kastmiss\u00fcsteemide rajamine<\/strong><\/em><\/p>\n<p><u>Sadevee kogumiss\u00fcsteem<\/u> on valminud. Imbv\u00e4ljakut ei rajanud, j\u00f5udsime t\u00f5demuseni, et selle j\u00e4rel puudub vajadus. Tegevuse t\u00e4iustamiseks viisime sadevee toru mahutist majja, et saaks hakata ka kasvuhoone taimi kastma vihmaveega. K\u00fcll oleme j\u00e4tnud v\u00f5imaluse p\u00f5uaperioodideks. Kastmiseks pargialal on kolm v\u00e4ljav\u00f5tukohta, osaliselt saime kasutada vana trassi, sest \u00f5ppehoone vundamendi rajamisele see ette ei j\u00e4\u00e4nud, mida algul oli teostusjooniste j\u00e4rgi arvata. Pump on automaatne ja see k\u00e4ivitub kastmiskraanile vajutades. Eeloleval kastmishooajal joogivett kastmiseks ei kasuta. T\u00e4iendava tegevus on joogivee kraani jaoks \u00f5uealale toru\u00fchenduse valmiduse loomine.<\/p>\n<p>\u00a0<\/p>\n<p><em><strong>Projekti administreerimine<\/strong><\/em><\/p>\n<p>Projekti meeskond on tegutsenud p\u00e4devalt ja suutnud \u00fcletada esilekerkinud probleemid, n\u00e4iteks kordushangete teostamise vajadusega.<\/p>\n<h3 class=\"wp-block-heading\">\u00a0<\/h3>\n<h3 class=\"wp-block-heading\">KLIIMA\u00d5PPEKAVAD<\/h3>\n\n<p><img fetchpriority=\"high\" decoding=\"async\" class=\"alignleft wp-image-599 size-medium\" src=\"https:\/\/www.pernova.ee\/smartpark\/wp-content\/uploads\/2023\/11\/Kliima-raamat-211x300.png\" alt=\"\" width=\"211\" height=\"300\" srcset=\"https:\/\/www.pernova.ee\/smartpark\/wp-content\/uploads\/2023\/11\/Kliima-raamat-211x300.png 211w, https:\/\/www.pernova.ee\/smartpark\/wp-content\/uploads\/2023\/11\/Kliima-raamat-722x1024.png 722w, https:\/\/www.pernova.ee\/smartpark\/wp-content\/uploads\/2023\/11\/Kliima-raamat-768x1090.png 768w, https:\/\/www.pernova.ee\/smartpark\/wp-content\/uploads\/2023\/11\/Kliima-raamat-1082x1536.png 1082w, https:\/\/www.pernova.ee\/smartpark\/wp-content\/uploads\/2023\/11\/Kliima-raamat-1443x2048.png 1443w\" sizes=\"(max-width: 211px) 100vw, 211px\" \/><\/p>\n<p>Kliima\u00f5ppekavad t\u00f6\u00f6tatakse v\u00e4lja P\u00e4rnu linna koolidele, v\u00f5ttes aluseks Office for Climate Education (OCE) poolt v\u00e4lja t\u00f6\u00f6tatud teadusp\u00f5hise juhendmaterjali koolidele (Pariis, aprill 2022). See \u00f5petaja k\u00e4siraamat pakub ainete sidusat \u00f5pikeskkonda, mille eesm\u00e4rk on julgustada temaatilist ja projektip\u00f5hist l\u00e4henemist ning koost\u00f6\u00f6d erinevate erialade \u00f5petajate vahel.<\/p>\n<p>\u00a0<\/p>\n\n<p>Kuigi &#8220;traditsioonilised&#8221; teadusharud (f\u00fc\u00fcsika, keemia, bioloogia ja geoloogia) on kliimamuutuste mehhanismide ja selle tagaj\u00e4rgede m\u00f5istmiseks h\u00e4davajalikud, v\u00f5imaldavad humanitaar- ja sotsiaalteadused (ajalugu, geograafia, majandus jne) \u00f5pilastel m\u00f5ista s\u00e4\u00e4stva arengu ja kliima\u00f5igluse k\u00fcsimusi.<\/p>\n<p>\u00a0<\/p>\n<p>Kunsti- ja keeleteadused on samuti v\u00e4\u00e4rtuslikud, et julgustada \u00f5pilasi v\u00e4ljendama oma tundeid ja tegelema teatud tegevusvormidega (n\u00e4iteks \u00fcldsuse teadlikkus). Lahenduste v\u00e4ljat\u00f6\u00f6tamisel on kasutusel inseneri- ja praktilised erialad (p\u00f5llumajandus, tehnoloogia jne).<\/p>\n\n<p>\u00a0<\/p>\n\n<p>\u00a0<\/p>\n\n<h2 class=\"wp-block-heading\">SMARTPARK TEGEVUSED<\/h2>\n\n<p>\u00a0<\/p>\n\n<figure class=\"wp-block-image size-large\"><a href=\"https:\/\/www.pernova.ee\/smartpark\/wp-content\/uploads\/2023\/05\/SMARTPARK-tutvustus.png\" target=\"_blank\" rel=\"noreferrer noopener\"><img decoding=\"async\" width=\"1024\" height=\"577\" class=\"wp-image-292\" src=\"https:\/\/www.pernova.ee\/smartpark\/wp-content\/uploads\/2023\/05\/SMARTPARK-tutvustus-1024x577.png\" alt=\"\" srcset=\"https:\/\/www.pernova.ee\/smartpark\/wp-content\/uploads\/2023\/05\/SMARTPARK-tutvustus-1024x577.png 1024w, https:\/\/www.pernova.ee\/smartpark\/wp-content\/uploads\/2023\/05\/SMARTPARK-tutvustus-300x169.png 300w, https:\/\/www.pernova.ee\/smartpark\/wp-content\/uploads\/2023\/05\/SMARTPARK-tutvustus-768x433.png 768w, https:\/\/www.pernova.ee\/smartpark\/wp-content\/uploads\/2023\/05\/SMARTPARK-tutvustus-1536x865.png 1536w, https:\/\/www.pernova.ee\/smartpark\/wp-content\/uploads\/2023\/05\/SMARTPARK-tutvustus.png 1640w\" sizes=\"(max-width: 1024px) 100vw, 1024px\" \/><\/a><\/figure>\n\n<p>\u00a0<\/p>\n\n<p>\u00a0<\/p>\n\n<h2 class=\"wp-block-heading\">TAASTUVENERGIA LAHENDUSED<\/h2>\n\n<p>\u00a0<\/p>\n\n<p><em><strong>P\u00c4IKESE- JA TUULEENERGIA<\/strong><\/em><\/p>\n\n<p>Oleme valinud p\u00e4ikese ja tuuleenergia kasutuselev\u00f5tuks uue tehnoloogia, mida Eestis terviklahendusena veel ei kasutata. Lisaks p\u00e4ikesepaneelidele soetame linnakeskkonda sobivad tulbikujulised vertikaaltuulikud. P\u00e4ikese- ja tuuleenergia toodete kombinatsioon tagab pideva energiatootmise 24\/7 aastaringselt. Toimub ka energia salvestamine ja taaskasutamine ebasobivate ilmastikuoludel. Kogu energia tootmine, tarbimine,\u00a0 sh. v\u00f5rgust, monitooritakse ja andmeid saab kasutada \u00f5ppeotstarbel. \u00d5ppeklass koos taastuvenergia tootmisega integreeritakse Loodusmaja automaatikaga.<\/p>\n\n<p><strong><em>LAADIMISJAAM\u00a0<\/em><\/strong><\/p>\n\n<p>Laadimisjaam (<em>sun ja wind<\/em> mudel) on iseseisev seade, mis t\u00e4hendab, et seda ei pea v\u00f5rku \u00fchendama. Laadimisjaam toodab energiat s\u00f5ltumata mis tahes ilmast. Elektrit toodavad p\u00e4ikesepaneel ja vertikaalne tuuleturbiin ning see salvestatakse seej\u00e4rel seadmes asuvasse akusse, mis on valmis elektrijalgratta, t\u00f5ukeratta, mobiiltelefonide, s\u00fcle -ja tahvelarvutite v\u00f5i muude v\u00e4ikeste elektris\u00f5idukite ning nutiseadmete laadimiseks. See lahendus v\u00f5imaldab pakkuda laadimislahendusi, edendades s\u00e4\u00e4stvaid tavasid ja v\u00f5imaldades kasutajaile mobiilsust.<\/p>\n\n<p><strong><em>V\u00c4LISVALGUSTUS<\/em><\/strong><\/p>\n\n<p>Vahetatakse v\u00e4lja Pernova Loodusmaja \u00f5ue ja k\u00f5nniteede valgustid p\u00e4ikesepaneelidel lampide vastu.\u00a0<\/p>\n\n<p><strong><em>MONITOORING<\/em><\/strong><\/p>\n\n<p>T\u00f6\u00f6tame v\u00e4lja monitoorimiss\u00fcsteemi, mis annab v\u00f5imaluse monitoorida energia tootmise ja tarbimisega seotud k\u00e4ttesaadavaid andmeid. Projekti k\u00e4igus piiritletakse monitooringu ulatus ja sisu.\u00a0<\/p>\n\t\t\t\t\t\t\t\t<\/div>\n\t\t\t\t<\/div>\n\t\t\t\t\t<\/div>\n\t\t<\/div>\n\t\t\t\t\t<\/div>\n\t\t<\/section>\n\t\t\t\t<\/div>\n\t\t","protected":false},"excerpt":{"rendered":"<p>Teadusp\u00f5hine \u00f5ppematerjal &#8220;KLIIMA MEIE K\u00c4TES: KLIIMAMUUTUSED JA MAA&#8221; \u00d5petajate k\u00e4siraamat on koostatud OCE (Office for Climate Education) meeskond ning OCE teadus- ja hariduspartnerite uurimist\u00f6\u00f6 tulemusena ja on suunatud \u00f5petajatele, kellel [&hellip;]<\/p>\n","protected":false},"author":1,"featured_media":0,"parent":0,"menu_order":0,"comment_status":"closed","ping_status":"closed","template":"","meta":{"tpgb_global_settings":"","ngg_post_thumbnail":0,"footnotes":""},"class_list":["post-172","page","type-page","status-publish","hentry"],"tpgb_featured_images":null,"tpgb_post_meta_info":{"get_date":"14\/02\/2023","get_modified_date":"08\/04\/2024","author_name":"admin","author_url":"https:\/\/www.pernova.ee\/smartpark\/author\/admin\/","author_email":"it@pernova.ee","author_website":"https:\/\/www.pernova.ee\/smartpark","author_description":"","author_facebook":"","author_twitter":"","author_instagram":"","author_role":["administrator"],"author_firstname":"","author_lastname":"","user_login":"admin","comment_count":0,"post_likes":0,"post_views":0},"tpgb_post_category":[],"_links":{"self":[{"href":"https:\/\/www.pernova.ee\/smartpark\/wp-json\/wp\/v2\/pages\/172","targetHints":{"allow":["GET"]}}],"collection":[{"href":"https:\/\/www.pernova.ee\/smartpark\/wp-json\/wp\/v2\/pages"}],"about":[{"href":"https:\/\/www.pernova.ee\/smartpark\/wp-json\/wp\/v2\/types\/page"}],"author":[{"embeddable":true,"href":"https:\/\/www.pernova.ee\/smartpark\/wp-json\/wp\/v2\/users\/1"}],"replies":[{"embeddable":true,"href":"https:\/\/www.pernova.ee\/smartpark\/wp-json\/wp\/v2\/comments?post=172"}],"version-history":[{"count":25,"href":"https:\/\/www.pernova.ee\/smartpark\/wp-json\/wp\/v2\/pages\/172\/revisions"}],"predecessor-version":[{"id":899,"href":"https:\/\/www.pernova.ee\/smartpark\/wp-json\/wp\/v2\/pages\/172\/revisions\/899"}],"wp:attachment":[{"href":"https:\/\/www.pernova.ee\/smartpark\/wp-json\/wp\/v2\/media?parent=172"}],"curies":[{"name":"wp","href":"https:\/\/api.w.org\/{rel}","templated":true}]}}