{"id":368,"date":"2023-07-12T10:51:50","date_gmt":"2023-07-12T08:51:50","guid":{"rendered":"https:\/\/www.pernova.ee\/smartpark\/?page_id=368"},"modified":"2024-06-27T10:21:38","modified_gmt":"2024-06-27T08:21:38","slug":"hanked","status":"publish","type":"page","link":"https:\/\/www.pernova.ee\/smartpark\/hanked\/","title":{"rendered":"Hanked"},"content":{"rendered":"\t\t<div data-elementor-type=\"wp-page\" data-elementor-id=\"368\" class=\"elementor elementor-368\">\n\t\t\t\t\t\t<section class=\"elementor-section elementor-top-section elementor-element elementor-element-4537c3f7 elementor-section-boxed elementor-section-height-default elementor-section-height-default\" data-id=\"4537c3f7\" data-element_type=\"section\" data-e-type=\"section\">\n\t\t\t\t\t\t<div class=\"elementor-container elementor-column-gap-default\">\n\t\t\t\t\t<div class=\"elementor-column elementor-col-100 elementor-top-column elementor-element elementor-element-637e8279\" data-id=\"637e8279\" data-element_type=\"column\" data-e-type=\"column\">\n\t\t\t<div class=\"elementor-widget-wrap elementor-element-populated\">\n\t\t\t\t\t\t<div class=\"elementor-element elementor-element-1f882e07 elementor-widget elementor-widget-text-editor\" data-id=\"1f882e07\" data-element_type=\"widget\" data-e-type=\"widget\" data-widget_type=\"text-editor.default\">\n\t\t\t\t<div class=\"elementor-widget-container\">\n\t\t\t\t\t\t\t\t\t<p><\/p>\n<h3 style=\"text-align: left;\"><span style=\"color: #3366ff;\"><strong>Arhiiv<\/strong><\/span><\/h3><div><h5><strong>* HANGE &#8220;Pernova SMARTPARK v\u00e4liklassi m\u00f6\u00f6bel&#8221;<\/strong><\/h5>\n<div>Vaadata saab <a href=\"https:\/\/www.pernova.ee\/smartpark\/wp-content\/uploads\/2024\/04\/Hinnaparing-09.04.2024-moobel.pdf\" target=\"_blank\" rel=\"noopener\"><strong>siin.<\/strong><\/a><\/div><\/div>\n<p><\/p>\n<h5 class=\"wp-block-heading\"><strong>* HANGE &#8220;Pernova SMARTPARK \u00f5ppeklassi ehitust\u00f6\u00f6de omanikuj\u00e4relevalve&#8221;<\/strong><\/h5>\n<p>Kutset saab vaadata <strong><a href=\"https:\/\/www.pernova.ee\/smartpark\/wp-content\/uploads\/2023\/11\/Jarelvalve_hankekutse.pdf\" target=\"_blank\" rel=\"noopener\">siin.<\/a><\/strong><\/p>\n<h5><strong>* Riigihange 270654 &#8211; &#8220;Pernova SMARTPARK \u00f5ppeklassi ehitust\u00f6\u00f6d&#8221; <br><\/strong><\/h5>\n<p>Vaadata saab <a href=\"https:\/\/riigihanked.riik.ee\/rhr-web\/#\/procurement\/6458148\/general-info\" target=\"_blank\" rel=\"noopener\"><strong>siin.<\/strong><\/a><\/p>\n<h5><strong>* HANGE &#8220;Pernova SMARTPARK sadevees\u00fcsteemi ehitamine ja tiigiala rekonstrueerimine&#8221;<\/strong><\/h5>\n<h5><\/h5>\n<p><a href=\"https:\/\/www.pernova.ee\/smartpark\/wp-content\/uploads\/2023\/07\/Kutse-ja-TK-sade_tiik_31072023.pdf\" target=\"_blank\" rel=\"noreferrer noopener\" data-type=\"URL\" data-id=\"https:\/\/www.pernova.ee\/smartpark\/wp-content\/uploads\/2023\/07\/Kutse-ja-TK-sade_tiik_31072023.pdf\">Kutse<\/a> &#8211; <a href=\"https:\/\/www.pernova.ee\/smartpark\/wp-content\/uploads\/2023\/07\/Mahutabel-SADETIIK.xlsx\" target=\"_blank\" rel=\"noreferrer noopener\" data-type=\"URL\" data-id=\"https:\/\/www.pernova.ee\/smartpark\/wp-content\/uploads\/2023\/07\/Mahutabel-SADETIIK.xlsx\">Lisa<\/a><\/p>\n<h5><strong>* Hange \u201ePernova SMARTPARK p\u00e4ikesejaama ehitust\u00f6\u00f6d\u201c<\/strong><\/h5>\n<p><\/p>\n<p><a href=\"https:\/\/www.pernova.ee\/smartpark\/wp-content\/uploads\/2023\/07\/Kutse-HD-paike-11072023.pdf\" target=\"_blank\" rel=\"noreferrer noopener\" data-type=\"URL\" data-id=\"https:\/\/www.pernova.ee\/smartpark\/wp-content\/uploads\/2023\/07\/Kutse-HD-paike-11072023.pdf\">Kutse<\/a> &#8211; <a href=\"https:\/\/www.pernova.ee\/smartpark\/wp-content\/uploads\/2023\/07\/111_EP_AA-1-01_ProjektTammsaare57paikeseelektrijaam_asendiplaan.pdf\" target=\"_blank\" rel=\"noreferrer noopener\" data-type=\"URL\" data-id=\"https:\/\/www.pernova.ee\/hanked\/wp-content\/uploads\/2023\/07\/111_EP_AA-1-01_ProjektTammsaare57paikeseelektrijaam_asendiplaan.pdf\">Asendiplaan<\/a> &#8211; <a href=\"https:\/\/www.pernova.ee\/smartpark\/wp-content\/uploads\/2023\/07\/111_EP_AA-1-01_ProjektTammsaare57paikeseelektrijaam_seletuskiri.pdf\" target=\"_blank\" rel=\"noreferrer noopener\" data-type=\"URL\" data-id=\"https:\/\/www.pernova.ee\/hanked\/wp-content\/uploads\/2023\/07\/111_EP_AA-1-01_ProjektTammsaare57paikeseelektrijaam_seletuskiri.pdf\">Seletuskiri<\/a> &#8211; <a href=\"https:\/\/www.pernova.ee\/smartpark\/wp-content\/uploads\/2023\/07\/Hinnatabel-paike.xlsx\" target=\"_blank\" rel=\"noreferrer noopener\" data-type=\"URL\" data-id=\"https:\/\/www.pernova.ee\/hanked\/wp-content\/uploads\/2023\/07\/Hinnatabel-paike.xlsx\">Hinnatabel<\/a> &#8211; <a href=\"https:\/\/www.pernova.ee\/smartpark\/wp-content\/uploads\/2023\/07\/Samavaarsus.pdf\" target=\"_blank\" rel=\"noreferrer noopener\" data-type=\"URL\" data-id=\"https:\/\/www.pernova.ee\/hanked\/wp-content\/uploads\/2023\/07\/Samavaarsus.pdf\">Samav\u00e4\u00e4rsus <\/a>&#8211; <a href=\"https:\/\/www.pernova.ee\/smartpark\/wp-content\/uploads\/2023\/07\/PKHK-ET-Plaanid.zip\" target=\"_blank\" rel=\"noreferrer noopener\" data-type=\"URL\" data-id=\"https:\/\/www.pernova.ee\/hanked\/wp-content\/uploads\/2023\/07\/PKHK-ET-Plaanid.zip\">Plaanid<\/a> (.zip &#8211; .dwg)<\/p>\n<p><\/p>\n<h5 class=\"wp-block-heading\"><strong>* Elektriprojekti hange \u201cSMART\u201d<\/strong><\/h5>\n<p><\/p>\n<p><a href=\"https:\/\/www.pernova.ee\/smartpark\/wp-content\/uploads\/2023\/07\/SMART-Hinnaparing-ja-TK-elekter-1603.pdf\" target=\"_blank\" rel=\"noreferrer noopener\" data-type=\"URL\" data-id=\"https:\/\/www.pernova.ee\/smartpark\/wp-content\/uploads\/2023\/07\/SMART-Hinnaparing-ja-TK-elekter-1603.pdf\">SMART Hinnap\u00e4ring ja TK elekter 1603<\/a> \u2013&nbsp;<a href=\"https:\/\/www.pernova.ee\/smartpark\/wp-content\/uploads\/2023\/07\/Joonis-tegevused.png\" target=\"_blank\" rel=\"noreferrer noopener\" data-type=\"URL\" data-id=\"https:\/\/www.pernova.ee\/smartpark\/wp-content\/uploads\/2023\/07\/Joonis-tegevused.png\">Joonis tegevused<\/a> \u2013 <a href=\"https:\/\/www.pernova.ee\/smartpark\/wp-content\/uploads\/2023\/07\/Lisad.zip\" target=\"_blank\" rel=\"noreferrer noopener\" data-type=\"URL\" data-id=\"https:\/\/www.pernova.ee\/smartpark\/wp-content\/uploads\/2023\/07\/Lisad.zip\">Lisad <\/a>(.zip)<\/p>\n<p><\/p>\t\t\t\t\t\t\t\t<\/div>\n\t\t\t\t<\/div>\n\t\t\t\t\t<\/div>\n\t\t<\/div>\n\t\t\t\t\t<\/div>\n\t\t<\/section>\n\t\t\t\t<\/div>\n\t\t","protected":false},"excerpt":{"rendered":"<p>Arhiiv * HANGE &#8220;Pernova SMARTPARK v\u00e4liklassi m\u00f6\u00f6bel&#8221; Vaadata saab siin. * HANGE &#8220;Pernova SMARTPARK \u00f5ppeklassi ehitust\u00f6\u00f6de omanikuj\u00e4relevalve&#8221; Kutset saab vaadata siin. * Riigihange 270654 &#8211; &#8220;Pernova SMARTPARK \u00f5ppeklassi ehitust\u00f6\u00f6d&#8221; Vaadata [&hellip;]<\/p>\n","protected":false},"author":1,"featured_media":0,"parent":0,"menu_order":0,"comment_status":"closed","ping_status":"closed","template":"","meta":{"tpgb_global_settings":"","ngg_post_thumbnail":0,"footnotes":""},"class_list":["post-368","page","type-page","status-publish","hentry"],"tpgb_featured_images":null,"tpgb_post_meta_info":{"get_date":"12\/07\/2023","get_modified_date":"27\/06\/2024","author_name":"admin","author_url":"https:\/\/www.pernova.ee\/smartpark\/author\/admin\/","author_email":"it@pernova.ee","author_website":"https:\/\/www.pernova.ee\/smartpark","author_description":"","author_facebook":"","author_twitter":"","author_instagram":"","author_role":["administrator"],"author_firstname":"","author_lastname":"","user_login":"admin","comment_count":0,"post_likes":0,"post_views":0},"tpgb_post_category":[],"_links":{"self":[{"href":"https:\/\/www.pernova.ee\/smartpark\/wp-json\/wp\/v2\/pages\/368","targetHints":{"allow":["GET"]}}],"collection":[{"href":"https:\/\/www.pernova.ee\/smartpark\/wp-json\/wp\/v2\/pages"}],"about":[{"href":"https:\/\/www.pernova.ee\/smartpark\/wp-json\/wp\/v2\/types\/page"}],"author":[{"embeddable":true,"href":"https:\/\/www.pernova.ee\/smartpark\/wp-json\/wp\/v2\/users\/1"}],"replies":[{"embeddable":true,"href":"https:\/\/www.pernova.ee\/smartpark\/wp-json\/wp\/v2\/comments?post=368"}],"version-history":[{"count":48,"href":"https:\/\/www.pernova.ee\/smartpark\/wp-json\/wp\/v2\/pages\/368\/revisions"}],"predecessor-version":[{"id":1023,"href":"https:\/\/www.pernova.ee\/smartpark\/wp-json\/wp\/v2\/pages\/368\/revisions\/1023"}],"wp:attachment":[{"href":"https:\/\/www.pernova.ee\/smartpark\/wp-json\/wp\/v2\/media?parent=368"}],"curies":[{"name":"wp","href":"https:\/\/api.w.org\/{rel}","templated":true}]}}