{"id":68,"date":"2023-02-06T22:37:47","date_gmt":"2023-02-06T20:37:47","guid":{"rendered":"https:\/\/www.pernova.ee\/smartpark\/?page_id=68"},"modified":"2024-06-06T21:59:39","modified_gmt":"2024-06-06T19:59:39","slug":"tutvustus","status":"publish","type":"page","link":"https:\/\/www.pernova.ee\/smartpark\/","title":{"rendered":"Tutvustus"},"content":{"rendered":"\t\t<div data-elementor-type=\"wp-page\" data-elementor-id=\"68\" class=\"elementor elementor-68\">\n\t\t\t\t\t\t<section class=\"elementor-section elementor-top-section elementor-element elementor-element-7cbf4d1d elementor-section-boxed elementor-section-height-default elementor-section-height-default\" data-id=\"7cbf4d1d\" data-element_type=\"section\" data-e-type=\"section\">\n\t\t\t\t\t\t<div class=\"elementor-container elementor-column-gap-default\">\n\t\t\t\t\t<div class=\"elementor-column elementor-col-100 elementor-top-column elementor-element elementor-element-94d4fd9\" data-id=\"94d4fd9\" data-element_type=\"column\" data-e-type=\"column\">\n\t\t\t<div class=\"elementor-widget-wrap elementor-element-populated\">\n\t\t\t\t\t\t<div class=\"elementor-element elementor-element-44825d46 elementor-widget elementor-widget-text-editor\" data-id=\"44825d46\" data-element_type=\"widget\" data-e-type=\"widget\" data-widget_type=\"text-editor.default\">\n\t\t\t\t<div class=\"elementor-widget-container\">\n\t\t\t\t\t\t\t\t\t<h3><img fetchpriority=\"high\" decoding=\"async\" class=\"aligncenter size-full wp-image-281\" src=\"https:\/\/www.pernova.ee\/smartpark\/wp-content\/uploads\/2023\/05\/SmartPark_sr.png\" alt=\"\" width=\"900\" height=\"499\" srcset=\"https:\/\/www.pernova.ee\/smartpark\/wp-content\/uploads\/2023\/05\/SmartPark_sr.png 900w, https:\/\/www.pernova.ee\/smartpark\/wp-content\/uploads\/2023\/05\/SmartPark_sr-300x166.png 300w, https:\/\/www.pernova.ee\/smartpark\/wp-content\/uploads\/2023\/05\/SmartPark_sr-768x426.png 768w\" sizes=\"(max-width: 900px) 100vw, 900px\" \/><\/h3>\n<h3 style=\"text-align: center;\"><em>\u201c<\/em><em>Maa p\u00e4\u00e4stmiseks on k<\/em><em>\u00f5<\/em><em>ige olulisem kohustus harida\u201d<\/em>\u00a0 Sir Peter Scott, WWF asutaja<\/h3>\n<p>\u00a0<\/p>\n<p>Pernova Hariduskeskus rajab \u201eSMARTPARK\u201c kliimahariduse n\u00e4idisala, taastuvenergial (p\u00e4ike ja tuul) t\u00f6\u00f6tava \u00f5ues\u00f5ppe klassi ja t\u00f6\u00f6tab v\u00e4lja kliimamuutuste \u00f5ppeprogrammid koolidele ja teistele sihtgruppidele. Paigaldab side- ja liikuvate nutiseadmete ning e-tehnika laadimisjaama. Rajab soojussaare m\u00f5ju v\u00e4hendamiseks haljastust ja suurendab liigirikkust \u00f5uealal koos sadevee kogumiss\u00fcsteemiga. Viib v\u00e4lisvalgustuse \u00fcle p\u00e4ikeseenergiale.<\/p>\n<p>\u00a0<\/p>\n<p><strong>Projekti<\/strong> <strong>&#8220;Pernova kliimahariduse n\u00e4idisala SMARTPARK loomine&#8221; rahastab Euroopa Majanduspiirkonna finantsmehhanism 2014-2021 programm \u201eKliimamuutuste leevendamine ja nendega kohanemine<\/strong>.<\/p>\n<p>\u00a0<\/p>\n<p><strong>PROJEKTI EESM<\/strong><strong>\u00c4<\/strong><strong>RK<\/strong><\/p>\n<p>\u00a0<\/p>\n<p><strong>\u00d6KO HARIDUSRUUMI RAJAMINE JA TEADLIKKUSE T\u00d5STMINE<\/strong><\/p>\n<p>Eesm\u00e4rk on luua taristu ja t\u00e4iendada Pernova Hariduskeskuse keskkonna valdkonna v\u00f5imekust kliimamuutuste alase \u00f5ppe pakkumisega \u00fcldhariduskoolide \u00f5pilastele, omavalitsusametnikele ja Loodusmaja k\u00fclastajatele. \u00d5ppeprogrammide rakendamine vajab taristu kaasajastamist, investeeringuid kasutajas\u00f5bralikesse lahendustesse. Keskuse eesm\u00e4rk on olla P\u00e4rnu linnas k\u00f5igile suunatud keskkonnahariduse suunamudija ning valdkondlike arengute ja arenduste toetaja. Antud projekti raames oleme valmis tegema uut arenguh\u00fcpet teadlikuma uue p\u00f5lvkonna suunas. Seda k\u00e4sik\u00e4es loodava P\u00e4rnu linna kliima- ja arengukava ning Pernova arengusuundade valguses.<\/p>\n<p>\u00a0<\/p>\n<p><strong>TEADUSP\u00d5HINE \u00d5PPEMATERJAL<\/strong><\/p>\n<p>Kliimamuutuste \u00f5ppeprogrammide elluviimiseks on vaja kasutusele v\u00f5tta Euroopa Liidus koostatud juhendmaterjale, n\u00e4iteks v\u00e4rske, 2022 aasta aprillis ilmunud juhendmaterjal koolidele. Nimeks on t\u00f5lkes &#8220;Kliimamuutused ja maa&#8221;: Koostaja Office for Climate Education {OCE), Pariis, aprill 2022. Autorid tulevad kevadel koolitama ja on andnud loa t\u00f5lkimiseks.<\/p>\n<p>\u00a0<\/p>\n<p><strong>KASVUHOONEGAASIDE HEITKOGUSTE V\u00c4HENDAMINE<\/strong><\/p>\n<p>Eesm\u00e4rk on v\u00e4hendada kasvuhoonegaaside heitkoguseid, et kaasa aidata globaalne soojenemise pidurdumisele.<\/p>\n<p>\u00a0<\/p>\n<p><strong>ELUKESKKONNA PARANDAMINE<\/strong><\/p>\n<p>Soojussaared m\u00f5ju v\u00e4hendamisega saab parandada inimeste elukeskkonda, kasutades loodusp\u00f5hised lahendusi haljastuse rajamise n\u00e4ol. Pernova Loodusmaja \u00f5ueala uuendamine juhindudes Tervendava Aia p\u00f5him\u00f5tetest ja Pernova Hariduskeskuse eesm\u00e4rkidest.<\/p>\n<p>\u00a0<\/p>\n<p><strong>TULEMUSED<\/strong><\/p>\n<ul>\n<li>Pernova Loodusmaja hoovialal on valminud kliimahariduse n\u00e4idisala &#8211; SMARTPARK ja taastuvenergia taristul keskkonna ja kliimamuutuste v\u00e4li\u00f5ppeklass. Vertikaaltuulikuid ja salvestusseadmetega p\u00e4ikesepaneele reaalajas monitoorimise v\u00f5imalusega.<\/li>\n<li>Paigaldatud on seadmed nutiseadmete- ja elektri liikumisvahendite laadimiseks.<\/li>\n<li>Loodusmaja \u00fcmbruse valgustus on \u00fcle viidud p\u00e4ikeseenergiale.<\/li>\n<li>V\u00e4lja on t\u00f6\u00f6tatud kliimamuutuste \u00f5ppeprogrammid. Pernova Hariduskeskusel on v\u00f5imekus koolitada \u00fcldhariduskoolide \u00f5pilasi, \u00f5petajaid ja omavalitsuste ametnikke.<\/li>\n<li>Pernova Loodusmaja juures on rajatud soojasaare piiride v\u00e4hendamiseks k\u00f5rghaljastuse v\u00f6\u00f6nd puude s\u00f5bralikke istutamise meetodeid kasutades.<\/li>\n<li>V\u00e4lja on ehitatud sadevee koondamise lahendused ja l\u00f5petatud joogivee kasutamine kastmiseks.<\/li>\n<\/ul>\n\n<p>\u00a0<\/p>\n\n<p>\u00a0<\/p>\n\n<p><strong>VIITED<\/strong><\/p>\n\n<p>\u00a0<\/p>\n\n<p>\u00a0<\/p>\n\n<ul class=\"wp-block-list\">\n<li>Pernova kliimahariduse n\u00e4idisala SMARTPARK loomine, projektikirjeldus <a href=\"https:\/\/kik.ee\/et\/projektid\/pernova-kliimahariduse-naidisala-smart-park-loomine\" data-type=\"URL\" data-id=\"https:\/\/kik.ee\/et\/projektid\/pernova-kliimahariduse-naidisala-smart-park-loomine\">Keskkonnainvesteeringute Keskuse lehek\u00fcljel<\/a><\/li>\n\n<li><a href=\"https:\/\/eeagrants.org\/archive\/2014-2021\/projects\/EE-CLIMATE-0025\" target=\"_blank\" rel=\"noreferrer noopener\">Creating a Pernova Climate Education demonstration area &#8220;Smart Park&#8221;<\/a><\/li>\n\n<li><a href=\"https:\/\/pol.parnumaa.ee\/content\/editor\/files\/Arengustrateegia%20P%C3%A4rnumaa%202035+%20eeln%C3%B5u%20(09.11.22).pdf\" target=\"_blank\" rel=\"noreferrer noopener\">Arengustrateegia P\u00e4rnumaa 2035+<\/a><\/li>\n<\/ul>\n\n<p>\u00a0<\/p>\n\n<p>\u00a0<\/p>\n\t\t\t\t\t\t\t\t<\/div>\n\t\t\t\t<\/div>\n\t\t\t\t\t<\/div>\n\t\t<\/div>\n\t\t\t\t\t<\/div>\n\t\t<\/section>\n\t\t\t\t<\/div>\n\t\t","protected":false},"excerpt":{"rendered":"<p>\u201cMaa p\u00e4\u00e4stmiseks on k\u00f5ige olulisem kohustus harida\u201d\u00a0 Sir Peter Scott, WWF asutaja \u00a0 Pernova Hariduskeskus rajab \u201eSMARTPARK\u201c kliimahariduse n\u00e4idisala, taastuvenergial (p\u00e4ike ja tuul) t\u00f6\u00f6tava \u00f5ues\u00f5ppe klassi ja t\u00f6\u00f6tab v\u00e4lja kliimamuutuste [&hellip;]<\/p>\n","protected":false},"author":1,"featured_media":0,"parent":0,"menu_order":0,"comment_status":"closed","ping_status":"closed","template":"","meta":{"tpgb_global_settings":"","ngg_post_thumbnail":0,"footnotes":""},"class_list":["post-68","page","type-page","status-publish","hentry"],"tpgb_featured_images":null,"tpgb_post_meta_info":{"get_date":"06\/02\/2023","get_modified_date":"06\/06\/2024","author_name":"admin","author_url":"https:\/\/www.pernova.ee\/smartpark\/author\/admin\/","author_email":"it@pernova.ee","author_website":"https:\/\/www.pernova.ee\/smartpark","author_description":"","author_facebook":"","author_twitter":"","author_instagram":"","author_role":["administrator"],"author_firstname":"","author_lastname":"","user_login":"admin","comment_count":0,"post_likes":0,"post_views":0},"tpgb_post_category":[],"_links":{"self":[{"href":"https:\/\/www.pernova.ee\/smartpark\/wp-json\/wp\/v2\/pages\/68","targetHints":{"allow":["GET"]}}],"collection":[{"href":"https:\/\/www.pernova.ee\/smartpark\/wp-json\/wp\/v2\/pages"}],"about":[{"href":"https:\/\/www.pernova.ee\/smartpark\/wp-json\/wp\/v2\/types\/page"}],"author":[{"embeddable":true,"href":"https:\/\/www.pernova.ee\/smartpark\/wp-json\/wp\/v2\/users\/1"}],"replies":[{"embeddable":true,"href":"https:\/\/www.pernova.ee\/smartpark\/wp-json\/wp\/v2\/comments?post=68"}],"version-history":[{"count":42,"href":"https:\/\/www.pernova.ee\/smartpark\/wp-json\/wp\/v2\/pages\/68\/revisions"}],"predecessor-version":[{"id":998,"href":"https:\/\/www.pernova.ee\/smartpark\/wp-json\/wp\/v2\/pages\/68\/revisions\/998"}],"wp:attachment":[{"href":"https:\/\/www.pernova.ee\/smartpark\/wp-json\/wp\/v2\/media?parent=68"}],"curies":[{"name":"wp","href":"https:\/\/api.w.org\/{rel}","templated":true}]}}